{"id":1462,"date":"2018-03-14T08:56:01","date_gmt":"2018-03-14T07:56:01","guid":{"rendered":"http:\/\/agora.xtec.cat\/escolacastellum\/?page_id=1462"},"modified":"2019-06-30T12:30:42","modified_gmt":"2019-06-30T10:30:42","slug":"perkussionjam","status":"publish","type":"page","link":"https:\/\/agora.xtec.cat\/escolacastellum\/activitats-descola\/grups-de-recerca\/perkussionjam\/","title":{"rendered":"PerKussion Jam"},"content":{"rendered":"<p>Durant el curs, amb el grup de recerca de <em>Perkussion Jam<\/em>\u00a0hem anat practicant diferents patrons r\u00edtmics amb percussi\u00f3 corporal i amb tambors (bidons) i ens n&#8217; hem inventat de nous. Aix\u00ed hem anat creant dues coreografies amb les can\u00e7ons de <em>Let me love you<\/em> i <em>Una lluna a l&#8217;aigua<\/em>. Tamb\u00e9 hem estat treballant la posada en escena, el vestuari i hem pintat els bidons i les baquetes, tot per l&#8217;espectacle de la Festa de fi de curs de l&#8217;escola.<\/p>\n<p><a href=\"http:\/\/agora.xtec.cat\/escolacastellum\/wp-content\/uploads\/usu788\/2018\/03\/foto1.jpg\"><img loading=\"lazy\" decoding=\"async\" class=\"alignnone size-full wp-image-2214\" src=\"http:\/\/agora.xtec.cat\/escolacastellum\/wp-content\/uploads\/usu788\/2018\/03\/foto1.jpg\" alt=\"\" width=\"640\" height=\"360\" srcset=\"https:\/\/agora.xtec.cat\/escolacastellum\/wp-content\/uploads\/usu788\/2018\/03\/foto1.jpg 640w, https:\/\/agora.xtec.cat\/escolacastellum\/wp-content\/uploads\/usu788\/2018\/03\/foto1-300x169.jpg 300w\" sizes=\"auto, (max-width: 640px) 100vw, 640px\" \/><\/a><\/p>\n<p><a href=\"http:\/\/agora.xtec.cat\/escolacastellum\/wp-content\/uploads\/usu788\/2018\/03\/foto_2.jpg\"><img loading=\"lazy\" decoding=\"async\" class=\"alignnone size-large wp-image-2215\" src=\"http:\/\/agora.xtec.cat\/escolacastellum\/wp-content\/uploads\/usu788\/2018\/03\/foto_2.jpg\" alt=\"\" width=\"640\" height=\"397\" srcset=\"https:\/\/agora.xtec.cat\/escolacastellum\/wp-content\/uploads\/usu788\/2018\/03\/foto_2.jpg 640w, https:\/\/agora.xtec.cat\/escolacastellum\/wp-content\/uploads\/usu788\/2018\/03\/foto_2-300x186.jpg 300w\" sizes=\"auto, (max-width: 640px) 100vw, 640px\" \/><\/a><\/p>\n<p><a href=\"http:\/\/agora.xtec.cat\/escolacastellum\/wp-content\/uploads\/usu788\/2018\/03\/foto_3.jpg\"><img loading=\"lazy\" decoding=\"async\" class=\"alignnone size-large wp-image-2216\" src=\"http:\/\/agora.xtec.cat\/escolacastellum\/wp-content\/uploads\/usu788\/2018\/03\/foto_3.jpg\" alt=\"\" width=\"640\" height=\"360\" srcset=\"https:\/\/agora.xtec.cat\/escolacastellum\/wp-content\/uploads\/usu788\/2018\/03\/foto_3.jpg 640w, https:\/\/agora.xtec.cat\/escolacastellum\/wp-content\/uploads\/usu788\/2018\/03\/foto_3-300x169.jpg 300w\" sizes=\"auto, (max-width: 640px) 100vw, 640px\" \/><\/a><\/p>\n<p>&nbsp;<\/p>\n<p>&nbsp;<\/p>\n","protected":false},"excerpt":{"rendered":"<p>Durant el curs, amb el grup de recerca de Perkussion Jam\u00a0hem anat practicant diferents patrons r\u00edtmics amb percussi\u00f3 corporal i amb tambors (bidons) i ens n&#8217; hem inventat de nous. Aix\u00ed hem anat creant dues coreografies amb les can\u00e7ons de Let me love you i&hellip;  <a href=\"https:\/\/agora.xtec.cat\/escolacastellum\/activitats-descola\/grups-de-recerca\/perkussionjam\/\" title=\"Read PerKussion Jam\">Llegeix m\u00e9s\u00bb<\/a><\/p>\n","protected":false},"author":1,"featured_media":0,"parent":234,"menu_order":0,"comment_status":"closed","ping_status":"closed","template":"page-templates\/side-menu.php","meta":{"_bbp_topic_count":0,"_bbp_reply_count":0,"_bbp_total_topic_count":0,"_bbp_total_reply_count":0,"_bbp_voice_count":0,"_bbp_anonymous_reply_count":0,"_bbp_topic_count_hidden":0,"_bbp_reply_count_hidden":0,"_bbp_forum_subforum_count":0,"footnotes":""},"class_list":["post-1462","page","type-page","status-publish","hentry"],"post_mailing_queue_ids":[],"_links":{"self":[{"href":"https:\/\/agora.xtec.cat\/escolacastellum\/wp-json\/wp\/v2\/pages\/1462","targetHints":{"allow":["GET"]}}],"collection":[{"href":"https:\/\/agora.xtec.cat\/escolacastellum\/wp-json\/wp\/v2\/pages"}],"about":[{"href":"https:\/\/agora.xtec.cat\/escolacastellum\/wp-json\/wp\/v2\/types\/page"}],"author":[{"embeddable":true,"href":"https:\/\/agora.xtec.cat\/escolacastellum\/wp-json\/wp\/v2\/users\/1"}],"replies":[{"embeddable":true,"href":"https:\/\/agora.xtec.cat\/escolacastellum\/wp-json\/wp\/v2\/comments?post=1462"}],"version-history":[{"count":3,"href":"https:\/\/agora.xtec.cat\/escolacastellum\/wp-json\/wp\/v2\/pages\/1462\/revisions"}],"predecessor-version":[{"id":2933,"href":"https:\/\/agora.xtec.cat\/escolacastellum\/wp-json\/wp\/v2\/pages\/1462\/revisions\/2933"}],"up":[{"embeddable":true,"href":"https:\/\/agora.xtec.cat\/escolacastellum\/wp-json\/wp\/v2\/pages\/234"}],"wp:attachment":[{"href":"https:\/\/agora.xtec.cat\/escolacastellum\/wp-json\/wp\/v2\/media?parent=1462"}],"curies":[{"name":"wp","href":"https:\/\/api.w.org\/{rel}","templated":true}]}}