{"id":1367,"date":"2018-03-05T18:09:43","date_gmt":"2018-03-05T17:09:43","guid":{"rendered":"http:\/\/agora.xtec.cat\/escolacastellum\/?page_id=1367"},"modified":"2018-11-05T17:16:30","modified_gmt":"2018-11-05T16:16:30","slug":"minimons","status":"publish","type":"page","link":"https:\/\/agora.xtec.cat\/escolacastellum\/activitats-descola\/portes-obertes\/minimons\/","title":{"rendered":"Minimundos"},"content":{"rendered":"<p><a href=\"https:\/\/agora.xtec.cat\/escolacastellum\/wp-content\/uploads\/usu788\/2018\/11\/DSCF3053.jpg\"><img loading=\"lazy\" decoding=\"async\" class=\"size-large wp-image-2272 aligncenter\" src=\"https:\/\/agora.xtec.cat\/escolacastellum\/wp-content\/uploads\/usu788\/2018\/11\/DSCF3053.jpg\" alt=\"\" width=\"640\" height=\"480\" srcset=\"https:\/\/agora.xtec.cat\/escolacastellum\/wp-content\/uploads\/usu788\/2018\/11\/DSCF3053.jpg 640w, https:\/\/agora.xtec.cat\/escolacastellum\/wp-content\/uploads\/usu788\/2018\/11\/DSCF3053-300x225.jpg 300w, https:\/\/agora.xtec.cat\/escolacastellum\/wp-content\/uploads\/usu788\/2018\/11\/DSCF3053-200x150.jpg 200w\" sizes=\"auto, (max-width: 640px) 100vw, 640px\" \/><\/a><\/p>\n<p>A l\u2019espai dels \u201cMini Mundos y Piezas Sueltas\u201d ser\u00e0 un moment en el que podran imaginar i crear. Tindran la possibilitat de, amb material divers i petit, crear escenaris de joc en els que hi abocaran les seves emocions, desitjos, fantasies&#8230;\u00c9s un espai de joc obert i vers\u00e0til. Un espai per a la imaginaci\u00f3. <strong>(de 4 anys a 4t)<\/strong><\/p>\n<p style=\"text-align: center;\">La llengua utilitzada ser\u00e0 el castell\u00e0.<a href=\"https:\/\/agora.xtec.cat\/escolacastellum\/wp-content\/uploads\/usu788\/2018\/11\/DSCF3057.jpg\"><img loading=\"lazy\" decoding=\"async\" class=\"size-full wp-image-2274 aligncenter\" src=\"https:\/\/agora.xtec.cat\/escolacastellum\/wp-content\/uploads\/usu788\/2018\/11\/DSCF3057.jpg\" alt=\"\" width=\"640\" height=\"480\" srcset=\"https:\/\/agora.xtec.cat\/escolacastellum\/wp-content\/uploads\/usu788\/2018\/11\/DSCF3057.jpg 640w, https:\/\/agora.xtec.cat\/escolacastellum\/wp-content\/uploads\/usu788\/2018\/11\/DSCF3057-300x225.jpg 300w, https:\/\/agora.xtec.cat\/escolacastellum\/wp-content\/uploads\/usu788\/2018\/11\/DSCF3057-200x150.jpg 200w\" sizes=\"auto, (max-width: 640px) 100vw, 640px\" \/><\/a><\/p>\n<p><a href=\"https:\/\/agora.xtec.cat\/escolacastellum\/wp-content\/uploads\/usu788\/2018\/11\/DSCF3047.jpg\"><img loading=\"lazy\" decoding=\"async\" class=\"size-full wp-image-2271 aligncenter\" src=\"https:\/\/agora.xtec.cat\/escolacastellum\/wp-content\/uploads\/usu788\/2018\/11\/DSCF3047.jpg\" alt=\"\" width=\"640\" height=\"480\" srcset=\"https:\/\/agora.xtec.cat\/escolacastellum\/wp-content\/uploads\/usu788\/2018\/11\/DSCF3047.jpg 640w, https:\/\/agora.xtec.cat\/escolacastellum\/wp-content\/uploads\/usu788\/2018\/11\/DSCF3047-300x225.jpg 300w, https:\/\/agora.xtec.cat\/escolacastellum\/wp-content\/uploads\/usu788\/2018\/11\/DSCF3047-200x150.jpg 200w\" sizes=\"auto, (max-width: 640px) 100vw, 640px\" \/><\/a><a href=\"https:\/\/agora.xtec.cat\/escolacastellum\/wp-content\/uploads\/usu788\/2018\/11\/DSCF3041.jpg\"><br \/>\n<img loading=\"lazy\" decoding=\"async\" class=\"size-large wp-image-2270 aligncenter\" src=\"https:\/\/agora.xtec.cat\/escolacastellum\/wp-content\/uploads\/usu788\/2018\/11\/DSCF3041.jpg\" alt=\"\" width=\"640\" height=\"480\" srcset=\"https:\/\/agora.xtec.cat\/escolacastellum\/wp-content\/uploads\/usu788\/2018\/11\/DSCF3041.jpg 640w, https:\/\/agora.xtec.cat\/escolacastellum\/wp-content\/uploads\/usu788\/2018\/11\/DSCF3041-300x225.jpg 300w, https:\/\/agora.xtec.cat\/escolacastellum\/wp-content\/uploads\/usu788\/2018\/11\/DSCF3041-200x150.jpg 200w\" sizes=\"auto, (max-width: 640px) 100vw, 640px\" \/><\/a><\/p>\n","protected":false},"excerpt":{"rendered":"<p><a href=\"https:\/\/agora.xtec.cat\/escolacastellum\/wp-content\/uploads\/usu788\/2018\/11\/DSCF3053.jpg\"><\/a><br \/>\nA l\u2019espai dels \u201cMini Mundos y Piezas Sueltas\u201d ser\u00e0 un moment en el que podran imaginar i crear. Tindran la possibilitat de, amb material divers i petit, crear escenaris de joc en els que hi abocaran les seves emocions, desitjos, fantasies&#8230;\u00c9s un espai de&hellip;  <a href=\"https:\/\/agora.xtec.cat\/escolacastellum\/activitats-descola\/portes-obertes\/minimons\/\" title=\"Read Minimundos\">Llegeix m\u00e9s\u00bb<\/a><\/p>\n","protected":false},"author":1,"featured_media":0,"parent":226,"menu_order":0,"comment_status":"closed","ping_status":"closed","template":"page-templates\/side-menu.php","meta":{"_bbp_topic_count":0,"_bbp_reply_count":0,"_bbp_total_topic_count":0,"_bbp_total_reply_count":0,"_bbp_voice_count":0,"_bbp_anonymous_reply_count":0,"_bbp_topic_count_hidden":0,"_bbp_reply_count_hidden":0,"_bbp_forum_subforum_count":0,"footnotes":""},"class_list":["post-1367","page","type-page","status-publish","hentry"],"post_mailing_queue_ids":[],"_links":{"self":[{"href":"https:\/\/agora.xtec.cat\/escolacastellum\/wp-json\/wp\/v2\/pages\/1367","targetHints":{"allow":["GET"]}}],"collection":[{"href":"https:\/\/agora.xtec.cat\/escolacastellum\/wp-json\/wp\/v2\/pages"}],"about":[{"href":"https:\/\/agora.xtec.cat\/escolacastellum\/wp-json\/wp\/v2\/types\/page"}],"author":[{"embeddable":true,"href":"https:\/\/agora.xtec.cat\/escolacastellum\/wp-json\/wp\/v2\/users\/1"}],"replies":[{"embeddable":true,"href":"https:\/\/agora.xtec.cat\/escolacastellum\/wp-json\/wp\/v2\/comments?post=1367"}],"version-history":[{"count":3,"href":"https:\/\/agora.xtec.cat\/escolacastellum\/wp-json\/wp\/v2\/pages\/1367\/revisions"}],"predecessor-version":[{"id":2285,"href":"https:\/\/agora.xtec.cat\/escolacastellum\/wp-json\/wp\/v2\/pages\/1367\/revisions\/2285"}],"up":[{"embeddable":true,"href":"https:\/\/agora.xtec.cat\/escolacastellum\/wp-json\/wp\/v2\/pages\/226"}],"wp:attachment":[{"href":"https:\/\/agora.xtec.cat\/escolacastellum\/wp-json\/wp\/v2\/media?parent=1367"}],"curies":[{"name":"wp","href":"https:\/\/api.w.org\/{rel}","templated":true}]}}