{"id":73,"date":"2014-09-18T14:01:51","date_gmt":"2014-09-18T13:01:51","guid":{"rendered":"http:\/\/agora.xtec.cat\/escolacastellciutat\/?page_id=73"},"modified":"2021-02-04T12:40:45","modified_gmt":"2021-02-04T11:40:45","slug":"menjador-escolar","status":"publish","type":"page","link":"https:\/\/agora.xtec.cat\/escolacastellciutat\/serveis\/menjador-escolar\/","title":{"rendered":"Menjador escolar"},"content":{"rendered":"<p>La nostra escola est\u00e0 dins del projecte <strong>&#8220;Mengem d&#8217;aqu\u00ed&#8221;.<\/strong><\/p>\n<p>En aquest enlla\u00e7 podreu trobar tota la informaci\u00f3, els men\u00fas mensuals, recursos per les fam\u00edlies, preguntes m\u00e9s freq\u00fcents, etc.<\/p>\n<p><a href=\"http:\/\/mengemdaqui.com\/\">http:\/\/mengemdaqui.com\/<\/a><\/p>\n<p><a href=\"https:\/\/agora.xtec.cat\/escolacastellciutat\/wp-content\/uploads\/usu1924\/2019\/02\/mengem-daqui-triptic.jpg\"><img loading=\"lazy\" decoding=\"async\" class=\"alignnone size-full wp-image-499\" src=\"https:\/\/agora.xtec.cat\/escolacastellciutat\/wp-content\/uploads\/usu1924\/2019\/02\/mengem-daqui-triptic.jpg\" alt=\"\" width=\"297\" height=\"300\" \/><\/a><\/p>\n","protected":false},"excerpt":{"rendered":"<p>La nostra escola est\u00e0 dins del projecte &#8220;Mengem d&#8217;aqu\u00ed&#8221;.<br \/>\nEn aquest enlla\u00e7 podreu trobar tota la informaci\u00f3, els men\u00fas mensuals, recursos per les fam\u00edlies, preguntes m\u00e9s freq\u00fcents, etc.<br \/>\n<a href=\"http:\/\/mengemdaqui.com\/\">http:\/\/mengemdaqui.com\/<\/a><br \/>\n<a href=\"https:\/\/agora.xtec.cat\/escolacastellciutat\/wp-content\/uploads\/usu1924\/2019\/02\/mengem-daqui-triptic.jpg\"><\/a><\/p>\n","protected":false},"author":1,"featured_media":0,"parent":66,"menu_order":30,"comment_status":"closed","ping_status":"closed","template":"page-templates\/side-menu.php","meta":{"_bbp_topic_count":0,"_bbp_reply_count":0,"_bbp_total_topic_count":0,"_bbp_total_reply_count":0,"_bbp_voice_count":0,"_bbp_anonymous_reply_count":0,"_bbp_topic_count_hidden":0,"_bbp_reply_count_hidden":0,"_bbp_forum_subforum_count":0,"footnotes":""},"class_list":["post-73","page","type-page","status-publish","hentry"],"post_mailing_queue_ids":[],"_links":{"self":[{"href":"https:\/\/agora.xtec.cat\/escolacastellciutat\/wp-json\/wp\/v2\/pages\/73","targetHints":{"allow":["GET"]}}],"collection":[{"href":"https:\/\/agora.xtec.cat\/escolacastellciutat\/wp-json\/wp\/v2\/pages"}],"about":[{"href":"https:\/\/agora.xtec.cat\/escolacastellciutat\/wp-json\/wp\/v2\/types\/page"}],"author":[{"embeddable":true,"href":"https:\/\/agora.xtec.cat\/escolacastellciutat\/wp-json\/wp\/v2\/users\/1"}],"replies":[{"embeddable":true,"href":"https:\/\/agora.xtec.cat\/escolacastellciutat\/wp-json\/wp\/v2\/comments?post=73"}],"version-history":[{"count":4,"href":"https:\/\/agora.xtec.cat\/escolacastellciutat\/wp-json\/wp\/v2\/pages\/73\/revisions"}],"predecessor-version":[{"id":1550,"href":"https:\/\/agora.xtec.cat\/escolacastellciutat\/wp-json\/wp\/v2\/pages\/73\/revisions\/1550"}],"up":[{"embeddable":true,"href":"https:\/\/agora.xtec.cat\/escolacastellciutat\/wp-json\/wp\/v2\/pages\/66"}],"wp:attachment":[{"href":"https:\/\/agora.xtec.cat\/escolacastellciutat\/wp-json\/wp\/v2\/media?parent=73"}],"curies":[{"name":"wp","href":"https:\/\/api.w.org\/{rel}","templated":true}]}}