{"id":73,"date":"2014-09-18T14:01:51","date_gmt":"2014-09-18T12:01:51","guid":{"rendered":"http:\/\/agora.xtec.cat\/escolacarmeauguet\/?page_id=73"},"modified":"2026-04-30T17:30:42","modified_gmt":"2026-04-30T15:30:42","slug":"menjador-escolar","status":"publish","type":"page","link":"https:\/\/agora.xtec.cat\/escolacarmeauguet\/menjador-escolar\/","title":{"rendered":"Menjador"},"content":{"rendered":"\n<h3 class=\"wp-block-heading\"><strong>MAIG<\/strong><\/h3>\n\n\n\n<div class=\"wp-block-columns is-layout-flex wp-container-core-columns-is-layout-1 wp-block-columns-is-layout-flex\">\n<div class=\"wp-block-column is-layout-flow wp-block-column-is-layout-flow\">\n<figure class=\"wp-block-image size-full\"><a href=\"https:\/\/agora.xtec.cat\/escolacarmeauguet\/wp-content\/uploads\/usu980\/2026\/04\/ESCOLA-CARME-AUGUET-BASAL-2.pdf\" target=\"_blank\" rel=\" noreferrer noopener\"><img loading=\"lazy\" decoding=\"async\" width=\"300\" height=\"300\" src=\"https:\/\/agora.xtec.cat\/escolacarmeauguet\/wp-content\/uploads\/usu980\/2024\/10\/1.png\" alt=\"\" class=\"wp-image-2901\" srcset=\"https:\/\/agora.xtec.cat\/escolacarmeauguet\/wp-content\/uploads\/usu980\/2024\/10\/1.png 300w, https:\/\/agora.xtec.cat\/escolacarmeauguet\/wp-content\/uploads\/usu980\/2024\/10\/1-150x150.png 150w\" sizes=\"auto, (max-width: 300px) 100vw, 300px\" \/><\/a><\/figure>\n<\/div>\n\n\n\n<div class=\"wp-block-column is-layout-flow wp-block-column-is-layout-flow\">\n<figure class=\"wp-block-image size-full\"><a href=\"https:\/\/agora.xtec.cat\/escolacarmeauguet\/wp-content\/uploads\/usu980\/2026\/04\/ESCOLA-CARME-AUGUET-NO-CARN-2.pdf\" target=\"_blank\" rel=\" noreferrer noopener\"><img loading=\"lazy\" decoding=\"async\" width=\"300\" height=\"300\" src=\"https:\/\/agora.xtec.cat\/escolacarmeauguet\/wp-content\/uploads\/usu980\/2024\/10\/3.png\" alt=\"\" class=\"wp-image-2903\" srcset=\"https:\/\/agora.xtec.cat\/escolacarmeauguet\/wp-content\/uploads\/usu980\/2024\/10\/3.png 300w, https:\/\/agora.xtec.cat\/escolacarmeauguet\/wp-content\/uploads\/usu980\/2024\/10\/3-150x150.png 150w\" sizes=\"auto, (max-width: 300px) 100vw, 300px\" \/><\/a><\/figure>\n<\/div>\n\n\n\n<div class=\"wp-block-column is-layout-flow wp-block-column-is-layout-flow\">\n<figure class=\"wp-block-image size-full\"><a href=\"https:\/\/agora.xtec.cat\/escolacarmeauguet\/wp-content\/uploads\/usu980\/2026\/04\/ESCOLA-CARME-AUGUET-SENSE-PORC-2.pdf\" target=\"_blank\" rel=\" noreferrer noopener\"><img loading=\"lazy\" decoding=\"async\" width=\"300\" height=\"300\" src=\"https:\/\/agora.xtec.cat\/escolacarmeauguet\/wp-content\/uploads\/usu980\/2024\/10\/6.png\" alt=\"\" class=\"wp-image-2916\" srcset=\"https:\/\/agora.xtec.cat\/escolacarmeauguet\/wp-content\/uploads\/usu980\/2024\/10\/6.png 300w, https:\/\/agora.xtec.cat\/escolacarmeauguet\/wp-content\/uploads\/usu980\/2024\/10\/6-150x150.png 150w\" sizes=\"auto, (max-width: 300px) 100vw, 300px\" \/><\/a><\/figure>\n<\/div>\n\n\n\n<div class=\"wp-block-column is-layout-flow wp-block-column-is-layout-flow\">\n<figure class=\"wp-block-image size-full\"><a href=\"https:\/\/agora.xtec.cat\/escolacarmeauguet\/wp-content\/uploads\/usu980\/2026\/04\/ESCOLA-CARME-AUGUET-CELIAC-2.pdf\" target=\"_blank\" rel=\" noreferrer noopener\"><img loading=\"lazy\" decoding=\"async\" width=\"300\" height=\"300\" src=\"https:\/\/agora.xtec.cat\/escolacarmeauguet\/wp-content\/uploads\/usu980\/2024\/10\/2.png\" alt=\"\" class=\"wp-image-2902\" srcset=\"https:\/\/agora.xtec.cat\/escolacarmeauguet\/wp-content\/uploads\/usu980\/2024\/10\/2.png 300w, https:\/\/agora.xtec.cat\/escolacarmeauguet\/wp-content\/uploads\/usu980\/2024\/10\/2-150x150.png 150w\" sizes=\"auto, (max-width: 300px) 100vw, 300px\" \/><\/a><\/figure>\n<\/div>\n<\/div>\n\n\n\n<div class=\"wp-block-columns is-layout-flex wp-container-core-columns-is-layout-2 wp-block-columns-is-layout-flex\">\n<div class=\"wp-block-column is-layout-flow wp-block-column-is-layout-flow\"><\/div>\n\n\n\n<div class=\"wp-block-column is-layout-flow wp-block-column-is-layout-flow\"><\/div>\n\n\n\n<div class=\"wp-block-column is-layout-flow wp-block-column-is-layout-flow\"><\/div>\n<\/div>\n\n\n\n<p><strong><a href=\"https:\/\/agora.xtec.cat\/escolacarmeauguet\/wp-content\/uploads\/usu980\/2024\/05\/20240524-Girona-Escola-Carme-Auguet-REV.pdf\">INFORME DE VALORACI\u00d3 DE LA PROGRAMACI\u00d3 DE MEN\u00daS<\/a><\/strong><\/p>\n\n\n\n<p><a href=\"https:\/\/agora.xtec.cat\/escolacarmeauguet\/wp-content\/uploads\/usu980\/2025\/07\/Instruccions_ESCOLA-CARME-AUGUET_2025_2026_.pdf\"><strong>CONDICIONS SERVEI 2025-26<\/strong><\/a><\/p>\n\n\n","protected":false},"excerpt":{"rendered":"<p>MAIG INFORME DE VALORACI\u00d3 DE LA PROGRAMACI\u00d3 DE MEN\u00daS CONDICIONS SERVEI 2025-26<\/p>\n","protected":false},"author":1,"featured_media":0,"parent":0,"menu_order":30,"comment_status":"closed","ping_status":"closed","template":"","meta":{"_bbp_topic_count":0,"_bbp_reply_count":0,"_bbp_total_topic_count":0,"_bbp_total_reply_count":0,"_bbp_voice_count":0,"_bbp_anonymous_reply_count":0,"_bbp_topic_count_hidden":0,"_bbp_reply_count_hidden":0,"_bbp_forum_subforum_count":0,"site-sidebar-layout":"default","site-content-layout":"","ast-site-content-layout":"default","site-content-style":"default","site-sidebar-style":"default","ast-global-header-display":"","ast-banner-title-visibility":"","ast-main-header-display":"","ast-hfb-above-header-display":"","ast-hfb-below-header-display":"","ast-hfb-mobile-header-display":"","site-post-title":"","ast-breadcrumbs-content":"","ast-featured-img":"","footer-sml-layout":"","theme-transparent-header-meta":"","adv-header-id-meta":"","stick-header-meta":"","header-above-stick-meta":"","header-main-stick-meta":"","header-below-stick-meta":"","astra-migrate-meta-layouts":"set","ast-page-background-enabled":"default","ast-page-background-meta":{"desktop":{"background-color":"var(--ast-global-color-4)","background-image":"","background-repeat":"repeat","background-position":"center center","background-size":"auto","background-attachment":"scroll","background-type":"","background-media":"","overlay-type":"","overlay-color":"","overlay-opacity":"","overlay-gradient":""},"tablet":{"background-color":"","background-image":"","background-repeat":"repeat","background-position":"center center","background-size":"auto","background-attachment":"scroll","background-type":"","background-media":"","overlay-type":"","overlay-color":"","overlay-opacity":"","overlay-gradient":""},"mobile":{"background-color":"","background-image":"","background-repeat":"repeat","background-position":"center center","background-size":"auto","background-attachment":"scroll","background-type":"","background-media":"","overlay-type":"","overlay-color":"","overlay-opacity":"","overlay-gradient":""}},"ast-content-background-meta":{"desktop":{"background-color":"var(--ast-global-color-5)","background-image":"","background-repeat":"repeat","background-position":"center center","background-size":"auto","background-attachment":"scroll","background-type":"","background-media":"","overlay-type":"","overlay-color":"","overlay-opacity":"","overlay-gradient":""},"tablet":{"background-color":"var(--ast-global-color-5)","background-image":"","background-repeat":"repeat","background-position":"center center","background-size":"auto","background-attachment":"scroll","background-type":"","background-media":"","overlay-type":"","overlay-color":"","overlay-opacity":"","overlay-gradient":""},"mobile":{"background-color":"var(--ast-global-color-5)","background-image":"","background-repeat":"repeat","background-position":"center center","background-size":"auto","background-attachment":"scroll","background-type":"","background-media":"","overlay-type":"","overlay-color":"","overlay-opacity":"","overlay-gradient":""}},"footnotes":""},"class_list":["post-73","page","type-page","status-publish","hentry"],"post_mailing_queue_ids":[],"_links":{"self":[{"href":"https:\/\/agora.xtec.cat\/escolacarmeauguet\/wp-json\/wp\/v2\/pages\/73","targetHints":{"allow":["GET"]}}],"collection":[{"href":"https:\/\/agora.xtec.cat\/escolacarmeauguet\/wp-json\/wp\/v2\/pages"}],"about":[{"href":"https:\/\/agora.xtec.cat\/escolacarmeauguet\/wp-json\/wp\/v2\/types\/page"}],"author":[{"embeddable":true,"href":"https:\/\/agora.xtec.cat\/escolacarmeauguet\/wp-json\/wp\/v2\/users\/1"}],"replies":[{"embeddable":true,"href":"https:\/\/agora.xtec.cat\/escolacarmeauguet\/wp-json\/wp\/v2\/comments?post=73"}],"version-history":[{"count":6,"href":"https:\/\/agora.xtec.cat\/escolacarmeauguet\/wp-json\/wp\/v2\/pages\/73\/revisions"}],"predecessor-version":[{"id":4016,"href":"https:\/\/agora.xtec.cat\/escolacarmeauguet\/wp-json\/wp\/v2\/pages\/73\/revisions\/4016"}],"wp:attachment":[{"href":"https:\/\/agora.xtec.cat\/escolacarmeauguet\/wp-json\/wp\/v2\/media?parent=73"}],"curies":[{"name":"wp","href":"https:\/\/api.w.org\/{rel}","templated":true}]}}