{"id":3399,"date":"2025-03-09T16:51:28","date_gmt":"2025-03-09T15:51:28","guid":{"rendered":"https:\/\/agora.xtec.cat\/escolacarmeauguet\/?page_id=3399"},"modified":"2025-03-09T18:10:07","modified_gmt":"2025-03-09T17:10:07","slug":"projectes-descola","status":"publish","type":"page","link":"https:\/\/agora.xtec.cat\/escolacarmeauguet\/lescola\/projectes-descola\/","title":{"rendered":"Projectes d&#8217;escola"},"content":{"rendered":"\n<div class=\"wp-block-media-text is-stacked-on-mobile\"><figure class=\"wp-block-media-text__media\"><img loading=\"lazy\" decoding=\"async\" width=\"750\" height=\"750\" src=\"https:\/\/agora.xtec.cat\/escolacarmeauguet\/wp-content\/uploads\/usu980\/2025\/03\/9.png\" alt=\"\" class=\"wp-image-3403 size-full\" srcset=\"https:\/\/agora.xtec.cat\/escolacarmeauguet\/wp-content\/uploads\/usu980\/2025\/03\/9.png 750w, https:\/\/agora.xtec.cat\/escolacarmeauguet\/wp-content\/uploads\/usu980\/2025\/03\/9-300x300.png 300w, https:\/\/agora.xtec.cat\/escolacarmeauguet\/wp-content\/uploads\/usu980\/2025\/03\/9-150x150.png 150w\" sizes=\"auto, (max-width: 750px) 100vw, 750px\" \/><\/figure><div class=\"wp-block-media-text__content\">\n<h2 class=\"wp-block-heading has-large-font-size\"><strong>ERASMUS<\/strong><\/h2>\n\n\n\n<p class=\"has-medium-font-size\">El projecte Erasmus+ ens ofereix l\u2019oportunitat d\u2019obrir-nos a Europa per impulsar la llengua anglesa en un context real i per con\u00e8ixer noves realitats educatives, a partir d\u2019activitats de mobilitat de professorat i alumnat. Cada curs es planifiquen les diferents actuacions.<\/p>\n\n\n\n<p class=\"has-medium-font-size\">Tamb\u00e9 participem en un projecte de recerca europeu sobre la metodologia Education Outside Classroom conjuntament a institucions de Finl\u00e0ndia, Cro\u00e0cia i It\u00e0lia.<\/p>\n<\/div><\/div>\n\n\n\n<div class=\"wp-block-media-text has-media-on-the-right is-stacked-on-mobile\"><div class=\"wp-block-media-text__content\">\n<h2 class=\"wp-block-heading has-large-font-size\"><strong>NEXES<\/strong><\/h2>\n\n\n\n<p class=\"has-medium-font-size\">L\u2019art del proc\u00e9s \u00e9s el centre del treball conjunt amb el B\u00f2lit Centre d\u2019Art Contemporani, que ens permet apropar-nos a la cultura i\u00a0 desenvolupar la creativitat i diversificar els processos art\u00edstics de la m\u00e0 d&#8217;artistes professionals. El treball del riu Ter ha estat l\u2019eix del projecte durant els darrers tres cursos.<\/p>\n\n\n\n<p>L&#8217;exposici\u00f3<em> Tornar l&#8217;aigua <\/em>que est\u00e0 programada al B\u00f2lit del 25 de febrer al 16 de maig mostra el resultat del projecte.<\/p>\n<\/div><figure class=\"wp-block-media-text__media\"><img loading=\"lazy\" decoding=\"async\" width=\"780\" height=\"780\" src=\"https:\/\/agora.xtec.cat\/escolacarmeauguet\/wp-content\/uploads\/usu980\/2025\/03\/11.png\" alt=\"\" class=\"wp-image-3401 size-full\" srcset=\"https:\/\/agora.xtec.cat\/escolacarmeauguet\/wp-content\/uploads\/usu980\/2025\/03\/11.png 780w, https:\/\/agora.xtec.cat\/escolacarmeauguet\/wp-content\/uploads\/usu980\/2025\/03\/11-300x300.png 300w, https:\/\/agora.xtec.cat\/escolacarmeauguet\/wp-content\/uploads\/usu980\/2025\/03\/11-150x150.png 150w, https:\/\/agora.xtec.cat\/escolacarmeauguet\/wp-content\/uploads\/usu980\/2025\/03\/11-768x768.png 768w\" sizes=\"auto, (max-width: 780px) 100vw, 780px\" \/><\/figure><\/div>\n\n\n\n<div class=\"wp-block-media-text is-stacked-on-mobile\"><figure class=\"wp-block-media-text__media\"><img loading=\"lazy\" decoding=\"async\" width=\"750\" height=\"750\" src=\"https:\/\/agora.xtec.cat\/escolacarmeauguet\/wp-content\/uploads\/usu980\/2025\/03\/10.png\" alt=\"\" class=\"wp-image-3405 size-full\" srcset=\"https:\/\/agora.xtec.cat\/escolacarmeauguet\/wp-content\/uploads\/usu980\/2025\/03\/10.png 750w, https:\/\/agora.xtec.cat\/escolacarmeauguet\/wp-content\/uploads\/usu980\/2025\/03\/10-300x300.png 300w, https:\/\/agora.xtec.cat\/escolacarmeauguet\/wp-content\/uploads\/usu980\/2025\/03\/10-150x150.png 150w\" sizes=\"auto, (max-width: 750px) 100vw, 750px\" \/><\/figure><div class=\"wp-block-media-text__content\">\n<h2 class=\"wp-block-heading has-large-font-size\"><strong>FEM PONTS<\/strong><\/h2>\n\n\n\n<p class=\"has-medium-font-size\">Aquest projecte ens uneix amb l\u2019escola bressol el Pont i se centra en el disseny i aplicaci\u00f3 d\u2019activitats amb alumnat d\u2019I2 i I3 que impulsin el proc\u00e9s de socialitzaci\u00f3&nbsp; i el desenvolupament del llenguatge oral. Tamb\u00e9 engloba el treball conjunt dels equips docents d\u2019educaci\u00f3 infantil dels dos centres i la compartici\u00f3 d\u2019espais d\u2019aprenentatge.<\/p>\n<\/div><\/div>\n\n\n\n<div class=\"wp-block-media-text has-media-on-the-right is-stacked-on-mobile\"><div class=\"wp-block-media-text__content\">\n<h2 class=\"wp-block-heading has-large-font-size\"><strong>BIBLIOTECA<\/strong><\/h2>\n\n\n\n<p class=\"has-medium-font-size\">La biblioteca de l\u2019escola \u00e9s un espai clau per motivar l\u2019h\u00e0bit lector i afavorir l\u2019assoliment de la compet\u00e8ncia en la cerca i tractament de la informaci\u00f3. El projecte desenvolupa i dinamitza el pla lector de centre, en col\u00b7laboraci\u00f3 tamb\u00e9 amb la biblioteca del barri, oferint activitats i propostes educatives per gaudir de la lectura.<\/p>\n<\/div><figure class=\"wp-block-media-text__media\"><img loading=\"lazy\" decoding=\"async\" width=\"750\" height=\"750\" src=\"https:\/\/agora.xtec.cat\/escolacarmeauguet\/wp-content\/uploads\/usu980\/2025\/03\/7.png\" alt=\"\" class=\"wp-image-3407 size-full\" srcset=\"https:\/\/agora.xtec.cat\/escolacarmeauguet\/wp-content\/uploads\/usu980\/2025\/03\/7.png 750w, https:\/\/agora.xtec.cat\/escolacarmeauguet\/wp-content\/uploads\/usu980\/2025\/03\/7-300x300.png 300w, https:\/\/agora.xtec.cat\/escolacarmeauguet\/wp-content\/uploads\/usu980\/2025\/03\/7-150x150.png 150w\" sizes=\"auto, (max-width: 750px) 100vw, 750px\" \/><\/figure><\/div>\n\n\n\n<div class=\"wp-block-media-text is-stacked-on-mobile\"><figure class=\"wp-block-media-text__media\"><img loading=\"lazy\" decoding=\"async\" width=\"750\" height=\"750\" src=\"https:\/\/agora.xtec.cat\/escolacarmeauguet\/wp-content\/uploads\/usu980\/2025\/03\/8.png\" alt=\"\" class=\"wp-image-3409 size-full\" srcset=\"https:\/\/agora.xtec.cat\/escolacarmeauguet\/wp-content\/uploads\/usu980\/2025\/03\/8.png 750w, https:\/\/agora.xtec.cat\/escolacarmeauguet\/wp-content\/uploads\/usu980\/2025\/03\/8-300x300.png 300w, https:\/\/agora.xtec.cat\/escolacarmeauguet\/wp-content\/uploads\/usu980\/2025\/03\/8-150x150.png 150w\" sizes=\"auto, (max-width: 750px) 100vw, 750px\" \/><\/figure><div class=\"wp-block-media-text__content\">\n<h2 class=\"wp-block-heading has-large-font-size\"><strong>PATI EDUCATIU<\/strong><\/h2>\n\n\n\n<p style=\"font-style:normal;font-weight:400\">El pati es concep com un espai d\u2019aprenentatge de l\u2019escola, de manera que disposa de diferents zones i materials. Durant el temps d\u2019esbarjo s\u2019ofereixen propostes a l\u2019espai exterior: jocs esportius a la pista, jocs de taula, jocs d\u2019habilitats motrius\u2026 i tamb\u00e9 s\u2019obren alguns espais interiors com el gimn\u00e0s, l\u2019atelier, l\u2019espai maker, l\u2019aula de m\u00fasica i la biblioteca per a qu\u00e8 l\u2019alumnat explori propostes de joc lliurement.&nbsp;<\/p>\n<\/div><\/div>\n\n\n\n<div class=\"wp-block-media-text has-media-on-the-right is-stacked-on-mobile\"><div class=\"wp-block-media-text__content\">\n<h2 class=\"wp-block-heading has-large-font-size\"><strong>ESPAI NIU<\/strong><\/h2>\n\n\n\n<p class=\"has-medium-font-size\" style=\"font-style:normal;font-weight:400;line-height:1.7\">L\u2019Espai Niu \u00e9s un espai de trobada, de formaci\u00f3 i desenvolupament de la marentalitat vinculada a les necessitats i interessos de les fam\u00edlies del centre. De caire voluntari i amb temes de treball diversos, reuneix un grup de fam\u00edlies els dimecres a la tarda per a compartir experi\u00e8ncies i viv\u00e8ncies personals i enriquir-les amb les reflexions i propostes formatives.<\/p>\n<\/div><figure class=\"wp-block-media-text__media\"><img loading=\"lazy\" decoding=\"async\" width=\"750\" height=\"750\" src=\"https:\/\/agora.xtec.cat\/escolacarmeauguet\/wp-content\/uploads\/usu980\/2025\/03\/6-2.png\" alt=\"\" class=\"wp-image-3412 size-full\" srcset=\"https:\/\/agora.xtec.cat\/escolacarmeauguet\/wp-content\/uploads\/usu980\/2025\/03\/6-2.png 750w, https:\/\/agora.xtec.cat\/escolacarmeauguet\/wp-content\/uploads\/usu980\/2025\/03\/6-2-300x300.png 300w, https:\/\/agora.xtec.cat\/escolacarmeauguet\/wp-content\/uploads\/usu980\/2025\/03\/6-2-150x150.png 150w\" sizes=\"auto, (max-width: 750px) 100vw, 750px\" \/><\/figure><\/div>\n\n\n\n<div class=\"wp-block-media-text is-stacked-on-mobile\"><figure class=\"wp-block-media-text__media\"><img loading=\"lazy\" decoding=\"async\" width=\"1024\" height=\"683\" src=\"https:\/\/agora.xtec.cat\/escolacarmeauguet\/wp-content\/uploads\/usu980\/2025\/03\/DSC_0810-2-1-1024x683.jpg\" alt=\"\" class=\"wp-image-3415 size-full\" srcset=\"https:\/\/agora.xtec.cat\/escolacarmeauguet\/wp-content\/uploads\/usu980\/2025\/03\/DSC_0810-2-1-1024x683.jpg 1024w, https:\/\/agora.xtec.cat\/escolacarmeauguet\/wp-content\/uploads\/usu980\/2025\/03\/DSC_0810-2-1-300x200.jpg 300w, https:\/\/agora.xtec.cat\/escolacarmeauguet\/wp-content\/uploads\/usu980\/2025\/03\/DSC_0810-2-1-768x512.jpg 768w, https:\/\/agora.xtec.cat\/escolacarmeauguet\/wp-content\/uploads\/usu980\/2025\/03\/DSC_0810-2-1.jpg 1500w\" sizes=\"auto, (max-width: 1024px) 100vw, 1024px\" \/><\/figure><div class=\"wp-block-media-text__content\">\n<h2 class=\"wp-block-heading has-large-font-size\"><strong>HORT<\/strong><\/h2>\n\n\n\n<p class=\"has-medium-font-size\" style=\"font-style:normal;font-weight:400\">L\u2019alumnat d\u2019educaci\u00f3 infantil \u00e9s l\u2019encarregat de l\u2019hort de l\u2019escola. \u00c9s un espai privilegiat per aprendre, experimentar, investigar i treballar valors com el respecte al medi ambient i la responsabilitat. Cap a la primavera en recollim els fruits amb molta il\u00b7lusi\u00f3!<\/p>\n<\/div><\/div>\n","protected":false},"excerpt":{"rendered":"<p>ERASMUS El projecte Erasmus+ ens ofereix l\u2019oportunitat d\u2019obrir-nos a Europa per impulsar la llengua anglesa en un context real i [&hellip;]<\/p>\n","protected":false},"author":1,"featured_media":0,"parent":22,"menu_order":4,"comment_status":"closed","ping_status":"closed","template":"","meta":{"_bbp_topic_count":0,"_bbp_reply_count":0,"_bbp_total_topic_count":0,"_bbp_total_reply_count":0,"_bbp_voice_count":0,"_bbp_anonymous_reply_count":0,"_bbp_topic_count_hidden":0,"_bbp_reply_count_hidden":0,"_bbp_forum_subforum_count":0,"site-sidebar-layout":"default","site-content-layout":"","ast-site-content-layout":"default","site-content-style":"default","site-sidebar-style":"default","ast-global-header-display":"","ast-banner-title-visibility":"","ast-main-header-display":"","ast-hfb-above-header-display":"","ast-hfb-below-header-display":"","ast-hfb-mobile-header-display":"","site-post-title":"","ast-breadcrumbs-content":"","ast-featured-img":"","footer-sml-layout":"","theme-transparent-header-meta":"","adv-header-id-meta":"","stick-header-meta":"","header-above-stick-meta":"","header-main-stick-meta":"","header-below-stick-meta":"","astra-migrate-meta-layouts":"set","ast-page-background-enabled":"default","ast-page-background-meta":{"desktop":{"background-color":"var(--ast-global-color-4)","background-image":"","background-repeat":"repeat","background-position":"center center","background-size":"auto","background-attachment":"scroll","background-type":"","background-media":"","overlay-type":"","overlay-color":"","overlay-opacity":"","overlay-gradient":""},"tablet":{"background-color":"","background-image":"","background-repeat":"repeat","background-position":"center center","background-size":"auto","background-attachment":"scroll","background-type":"","background-media":"","overlay-type":"","overlay-color":"","overlay-opacity":"","overlay-gradient":""},"mobile":{"background-color":"","background-image":"","background-repeat":"repeat","background-position":"center center","background-size":"auto","background-attachment":"scroll","background-type":"","background-media":"","overlay-type":"","overlay-color":"","overlay-opacity":"","overlay-gradient":""}},"ast-content-background-meta":{"desktop":{"background-color":"var(--ast-global-color-5)","background-image":"","background-repeat":"repeat","background-position":"center center","background-size":"auto","background-attachment":"scroll","background-type":"","background-media":"","overlay-type":"","overlay-color":"","overlay-opacity":"","overlay-gradient":""},"tablet":{"background-color":"var(--ast-global-color-5)","background-image":"","background-repeat":"repeat","background-position":"center center","background-size":"auto","background-attachment":"scroll","background-type":"","background-media":"","overlay-type":"","overlay-color":"","overlay-opacity":"","overlay-gradient":""},"mobile":{"background-color":"var(--ast-global-color-5)","background-image":"","background-repeat":"repeat","background-position":"center center","background-size":"auto","background-attachment":"scroll","background-type":"","background-media":"","overlay-type":"","overlay-color":"","overlay-opacity":"","overlay-gradient":""}},"footnotes":""},"class_list":["post-3399","page","type-page","status-publish","hentry"],"post_mailing_queue_ids":[],"_links":{"self":[{"href":"https:\/\/agora.xtec.cat\/escolacarmeauguet\/wp-json\/wp\/v2\/pages\/3399","targetHints":{"allow":["GET"]}}],"collection":[{"href":"https:\/\/agora.xtec.cat\/escolacarmeauguet\/wp-json\/wp\/v2\/pages"}],"about":[{"href":"https:\/\/agora.xtec.cat\/escolacarmeauguet\/wp-json\/wp\/v2\/types\/page"}],"author":[{"embeddable":true,"href":"https:\/\/agora.xtec.cat\/escolacarmeauguet\/wp-json\/wp\/v2\/users\/1"}],"replies":[{"embeddable":true,"href":"https:\/\/agora.xtec.cat\/escolacarmeauguet\/wp-json\/wp\/v2\/comments?post=3399"}],"version-history":[{"count":6,"href":"https:\/\/agora.xtec.cat\/escolacarmeauguet\/wp-json\/wp\/v2\/pages\/3399\/revisions"}],"predecessor-version":[{"id":3439,"href":"https:\/\/agora.xtec.cat\/escolacarmeauguet\/wp-json\/wp\/v2\/pages\/3399\/revisions\/3439"}],"up":[{"embeddable":true,"href":"https:\/\/agora.xtec.cat\/escolacarmeauguet\/wp-json\/wp\/v2\/pages\/22"}],"wp:attachment":[{"href":"https:\/\/agora.xtec.cat\/escolacarmeauguet\/wp-json\/wp\/v2\/media?parent=3399"}],"curies":[{"name":"wp","href":"https:\/\/api.w.org\/{rel}","templated":true}]}}