{"id":3336,"date":"2025-03-09T15:46:09","date_gmt":"2025-03-09T14:46:09","guid":{"rendered":"https:\/\/agora.xtec.cat\/escolacarmeauguet\/?page_id=3336"},"modified":"2025-07-14T09:33:58","modified_gmt":"2025-07-14T07:33:58","slug":"projecte-educatiu-2","status":"publish","type":"page","link":"https:\/\/agora.xtec.cat\/escolacarmeauguet\/lescola\/projecte-educatiu-2\/","title":{"rendered":"Projecte educatiu"},"content":{"rendered":"\n<h2 class=\"wp-block-heading\">Projecte educatiu<\/h2>\n\n\n\n<p>Davant els reptes que la societat planteja al nostre alumnat, volem assumir amb responsabilitat, professionalitat i il\u00b7lusi\u00f3, l&#8217;educaci\u00f3 i formaci\u00f3 dels infants.<\/p>\n\n\n\n<p>El nostre projecte educatiu t\u00e9 com a objectiu final la millora de la qualitat de l&#8217;educaci\u00f3 i la cohesi\u00f3 social i ofereix un model pedag\u00f2gic que promou la personalitzaci\u00f3 de l&#8217;aprenentatge, la interrelaci\u00f3 entre les compet\u00e8ncies de les diferents \u00e0rees, una metodologia activa i el desenvolupament de l&#8217;autonomia, la creativitat i el gust per aprendre.<\/p>\n\n\n\n<p class=\"has-large-font-size\">ELS PILARS PEDAG\u00d2GICS<\/p>\n\n\n\n<figure class=\"wp-block-gallery has-nested-images columns-default is-cropped wp-block-gallery-1 is-layout-flex wp-block-gallery-is-layout-flex\">\n<figure class=\"wp-block-image size-large\"><a href=\"https:\/\/agora.xtec.cat\/escolacarmeauguet\/wp-content\/uploads\/usu980\/2025\/03\/1-2.png\"><img loading=\"lazy\" decoding=\"async\" width=\"1024\" height=\"1024\" data-id=\"3357\" src=\"https:\/\/agora.xtec.cat\/escolacarmeauguet\/wp-content\/uploads\/usu980\/2025\/03\/1-2-1024x1024.png\" alt=\"\" class=\"wp-image-3357\" srcset=\"https:\/\/agora.xtec.cat\/escolacarmeauguet\/wp-content\/uploads\/usu980\/2025\/03\/1-2-1024x1024.png 1024w, https:\/\/agora.xtec.cat\/escolacarmeauguet\/wp-content\/uploads\/usu980\/2025\/03\/1-2-300x300.png 300w, https:\/\/agora.xtec.cat\/escolacarmeauguet\/wp-content\/uploads\/usu980\/2025\/03\/1-2-150x150.png 150w, https:\/\/agora.xtec.cat\/escolacarmeauguet\/wp-content\/uploads\/usu980\/2025\/03\/1-2-768x768.png 768w, https:\/\/agora.xtec.cat\/escolacarmeauguet\/wp-content\/uploads\/usu980\/2025\/03\/1-2.png 1500w\" sizes=\"auto, (max-width: 1024px) 100vw, 1024px\" \/><\/a><\/figure>\n\n\n\n<figure class=\"wp-block-image size-large\"><a href=\"https:\/\/agora.xtec.cat\/escolacarmeauguet\/wp-content\/uploads\/usu980\/2025\/03\/2-2.png\"><img loading=\"lazy\" decoding=\"async\" width=\"1024\" height=\"1024\" data-id=\"3358\" src=\"https:\/\/agora.xtec.cat\/escolacarmeauguet\/wp-content\/uploads\/usu980\/2025\/03\/2-2-1024x1024.png\" alt=\"\" class=\"wp-image-3358\" srcset=\"https:\/\/agora.xtec.cat\/escolacarmeauguet\/wp-content\/uploads\/usu980\/2025\/03\/2-2-1024x1024.png 1024w, https:\/\/agora.xtec.cat\/escolacarmeauguet\/wp-content\/uploads\/usu980\/2025\/03\/2-2-300x300.png 300w, https:\/\/agora.xtec.cat\/escolacarmeauguet\/wp-content\/uploads\/usu980\/2025\/03\/2-2-150x150.png 150w, https:\/\/agora.xtec.cat\/escolacarmeauguet\/wp-content\/uploads\/usu980\/2025\/03\/2-2-768x768.png 768w, https:\/\/agora.xtec.cat\/escolacarmeauguet\/wp-content\/uploads\/usu980\/2025\/03\/2-2.png 1500w\" sizes=\"auto, (max-width: 1024px) 100vw, 1024px\" \/><\/a><\/figure>\n\n\n\n<figure class=\"wp-block-image size-large\"><a href=\"https:\/\/agora.xtec.cat\/escolacarmeauguet\/wp-content\/uploads\/usu980\/2025\/03\/3-2.png\"><img loading=\"lazy\" decoding=\"async\" width=\"1024\" height=\"1024\" data-id=\"3361\" src=\"https:\/\/agora.xtec.cat\/escolacarmeauguet\/wp-content\/uploads\/usu980\/2025\/03\/3-2-1024x1024.png\" alt=\"\" class=\"wp-image-3361\" srcset=\"https:\/\/agora.xtec.cat\/escolacarmeauguet\/wp-content\/uploads\/usu980\/2025\/03\/3-2-1024x1024.png 1024w, https:\/\/agora.xtec.cat\/escolacarmeauguet\/wp-content\/uploads\/usu980\/2025\/03\/3-2-300x300.png 300w, https:\/\/agora.xtec.cat\/escolacarmeauguet\/wp-content\/uploads\/usu980\/2025\/03\/3-2-150x150.png 150w, https:\/\/agora.xtec.cat\/escolacarmeauguet\/wp-content\/uploads\/usu980\/2025\/03\/3-2-768x768.png 768w, https:\/\/agora.xtec.cat\/escolacarmeauguet\/wp-content\/uploads\/usu980\/2025\/03\/3-2.png 1500w\" sizes=\"auto, (max-width: 1024px) 100vw, 1024px\" \/><\/a><\/figure>\n\n\n\n<figure class=\"wp-block-image size-large\"><a href=\"https:\/\/agora.xtec.cat\/escolacarmeauguet\/wp-content\/uploads\/usu980\/2025\/03\/4-1.png\"><img loading=\"lazy\" decoding=\"async\" width=\"1024\" height=\"1024\" data-id=\"3362\" src=\"https:\/\/agora.xtec.cat\/escolacarmeauguet\/wp-content\/uploads\/usu980\/2025\/03\/4-1-1024x1024.png\" alt=\"\" class=\"wp-image-3362\" srcset=\"https:\/\/agora.xtec.cat\/escolacarmeauguet\/wp-content\/uploads\/usu980\/2025\/03\/4-1-1024x1024.png 1024w, https:\/\/agora.xtec.cat\/escolacarmeauguet\/wp-content\/uploads\/usu980\/2025\/03\/4-1-300x300.png 300w, https:\/\/agora.xtec.cat\/escolacarmeauguet\/wp-content\/uploads\/usu980\/2025\/03\/4-1-150x150.png 150w, https:\/\/agora.xtec.cat\/escolacarmeauguet\/wp-content\/uploads\/usu980\/2025\/03\/4-1-768x768.png 768w, https:\/\/agora.xtec.cat\/escolacarmeauguet\/wp-content\/uploads\/usu980\/2025\/03\/4-1.png 1500w\" sizes=\"auto, (max-width: 1024px) 100vw, 1024px\" \/><\/a><\/figure>\n\n\n\n<figure class=\"wp-block-image size-large\"><a href=\"https:\/\/agora.xtec.cat\/escolacarmeauguet\/wp-content\/uploads\/usu980\/2025\/03\/5-1.png\"><img loading=\"lazy\" decoding=\"async\" width=\"1024\" height=\"1024\" data-id=\"3360\" src=\"https:\/\/agora.xtec.cat\/escolacarmeauguet\/wp-content\/uploads\/usu980\/2025\/03\/5-1-1024x1024.png\" alt=\"\" class=\"wp-image-3360\" srcset=\"https:\/\/agora.xtec.cat\/escolacarmeauguet\/wp-content\/uploads\/usu980\/2025\/03\/5-1-1024x1024.png 1024w, https:\/\/agora.xtec.cat\/escolacarmeauguet\/wp-content\/uploads\/usu980\/2025\/03\/5-1-300x300.png 300w, https:\/\/agora.xtec.cat\/escolacarmeauguet\/wp-content\/uploads\/usu980\/2025\/03\/5-1-150x150.png 150w, https:\/\/agora.xtec.cat\/escolacarmeauguet\/wp-content\/uploads\/usu980\/2025\/03\/5-1-768x768.png 768w, https:\/\/agora.xtec.cat\/escolacarmeauguet\/wp-content\/uploads\/usu980\/2025\/03\/5-1.png 1500w\" sizes=\"auto, (max-width: 1024px) 100vw, 1024px\" \/><\/a><\/figure>\n\n\n\n<figure class=\"wp-block-image size-large\"><a href=\"https:\/\/agora.xtec.cat\/escolacarmeauguet\/wp-content\/uploads\/usu980\/2025\/03\/6-1.png\"><img loading=\"lazy\" decoding=\"async\" width=\"1024\" height=\"1024\" data-id=\"3359\" src=\"https:\/\/agora.xtec.cat\/escolacarmeauguet\/wp-content\/uploads\/usu980\/2025\/03\/6-1-1024x1024.png\" alt=\"\" class=\"wp-image-3359\" srcset=\"https:\/\/agora.xtec.cat\/escolacarmeauguet\/wp-content\/uploads\/usu980\/2025\/03\/6-1-1024x1024.png 1024w, https:\/\/agora.xtec.cat\/escolacarmeauguet\/wp-content\/uploads\/usu980\/2025\/03\/6-1-300x300.png 300w, https:\/\/agora.xtec.cat\/escolacarmeauguet\/wp-content\/uploads\/usu980\/2025\/03\/6-1-150x150.png 150w, https:\/\/agora.xtec.cat\/escolacarmeauguet\/wp-content\/uploads\/usu980\/2025\/03\/6-1-768x768.png 768w, https:\/\/agora.xtec.cat\/escolacarmeauguet\/wp-content\/uploads\/usu980\/2025\/03\/6-1.png 1500w\" sizes=\"auto, (max-width: 1024px) 100vw, 1024px\" \/><\/a><\/figure>\n<\/figure>\n\n\n\n<div class=\"wp-block-buttons is-content-justification-center is-layout-flex wp-container-core-buttons-is-layout-1 wp-block-buttons-is-layout-flex\">\n<div class=\"wp-block-button\"><a class=\"wp-block-button__link wp-element-button\" href=\"https:\/\/drive.google.com\/file\/d\/1OjorSjQC9sVS45XsZ3Tbixj4nSM6gQPt\/view?usp=sharing\">Podeu consultar el document del  PROJECTE EDUCATIU<\/a><\/div>\n<\/div>\n\n\n\n<p>L&#8217;equip directiu que lidera el projecte \u00e9s:<\/p>\n\n\n\n<figure class=\"wp-block-table\"><table><tbody><tr><td>Directora<\/td><td>Paqui Tornay Garcia<\/td><td><a href=\"https:\/\/agora.xtec.cat\/escolacarmeauguet\/wp-content\/uploads\/usu980\/2025\/07\/Fitxa-i-perfil-i-trajectoria_paqui-1.pdf\">Fitxa professional<\/a><\/td><\/tr><tr><td>Cap d&#8217;estudis<\/td><td>Anna Masgrau Aznar<\/td><td><a href=\"https:\/\/agora.xtec.cat\/escolacarmeauguet\/wp-content\/uploads\/usu980\/2025\/07\/Fitxa_Perfil-i-trajectoria-professional_SIGN-3.pdf\">Fitxa professional<\/a><\/td><\/tr><tr><td>Secret\u00e0ria<\/td><td>Neus Jim\u00e9nez Moreno<\/td><td><a href=\"https:\/\/agora.xtec.cat\/escolacarmeauguet\/wp-content\/uploads\/usu980\/2025\/07\/Fitxa_Perfil-i-trajectoria-professional_Neus.pdf\">Fitxa professional<\/a><\/td><\/tr><\/tbody><\/table><\/figure>\n\n\n\n<p>L\u2019escola compta amb el&nbsp;<a href=\"https:\/\/agora.xtec.cat\/escolacarmeauguet\/wp-content\/uploads\/usu980\/2023\/07\/Publicacio-web-del-centre.pdf\">Programa<\/a>&nbsp;T\u00e8cnics d\u2019integraci\u00f3 social i educadors socials.<\/p>\n\n\n\n<figure class=\"wp-block-embed is-type-video is-provider-youtube wp-block-embed-youtube wp-embed-aspect-16-9 wp-has-aspect-ratio\"><div class=\"wp-block-embed__wrapper\">\n<div class=\"ast-oembed-container \" style=\"height: 100%;\"><iframe loading=\"lazy\" title=\"Escola Carme Auguet\" width=\"500\" height=\"281\" src=\"https:\/\/www.youtube.com\/embed\/lhSI3wXkUA0?feature=oembed\" frameborder=\"0\" allow=\"accelerometer; autoplay; clipboard-write; encrypted-media; gyroscope; picture-in-picture; web-share\" referrerpolicy=\"strict-origin-when-cross-origin\" allowfullscreen><\/iframe><\/div>\n<\/div><\/figure>\n","protected":false},"excerpt":{"rendered":"<p>Projecte educatiu Davant els reptes que la societat planteja al nostre alumnat, volem assumir amb responsabilitat, professionalitat i il\u00b7lusi\u00f3, l&#8217;educaci\u00f3 [&hellip;]<\/p>\n","protected":false},"author":1,"featured_media":0,"parent":22,"menu_order":1,"comment_status":"closed","ping_status":"closed","template":"","meta":{"_bbp_topic_count":0,"_bbp_reply_count":0,"_bbp_total_topic_count":0,"_bbp_total_reply_count":0,"_bbp_voice_count":0,"_bbp_anonymous_reply_count":0,"_bbp_topic_count_hidden":0,"_bbp_reply_count_hidden":0,"_bbp_forum_subforum_count":0,"site-sidebar-layout":"default","site-content-layout":"","ast-site-content-layout":"default","site-content-style":"default","site-sidebar-style":"default","ast-global-header-display":"","ast-banner-title-visibility":"","ast-main-header-display":"","ast-hfb-above-header-display":"","ast-hfb-below-header-display":"","ast-hfb-mobile-header-display":"","site-post-title":"disabled","ast-breadcrumbs-content":"","ast-featured-img":"","footer-sml-layout":"","theme-transparent-header-meta":"","adv-header-id-meta":"","stick-header-meta":"","header-above-stick-meta":"","header-main-stick-meta":"","header-below-stick-meta":"","astra-migrate-meta-layouts":"set","ast-page-background-enabled":"default","ast-page-background-meta":{"desktop":{"background-color":"var(--ast-global-color-4)","background-image":"","background-repeat":"repeat","background-position":"center center","background-size":"auto","background-attachment":"scroll","background-type":"","background-media":"","overlay-type":"","overlay-color":"","overlay-opacity":"","overlay-gradient":""},"tablet":{"background-color":"","background-image":"","background-repeat":"repeat","background-position":"center center","background-size":"auto","background-attachment":"scroll","background-type":"","background-media":"","overlay-type":"","overlay-color":"","overlay-opacity":"","overlay-gradient":""},"mobile":{"background-color":"","background-image":"","background-repeat":"repeat","background-position":"center center","background-size":"auto","background-attachment":"scroll","background-type":"","background-media":"","overlay-type":"","overlay-color":"","overlay-opacity":"","overlay-gradient":""}},"ast-content-background-meta":{"desktop":{"background-color":"var(--ast-global-color-5)","background-image":"","background-repeat":"repeat","background-position":"center center","background-size":"auto","background-attachment":"scroll","background-type":"","background-media":"","overlay-type":"","overlay-color":"","overlay-opacity":"","overlay-gradient":""},"tablet":{"background-color":"var(--ast-global-color-5)","background-image":"","background-repeat":"repeat","background-position":"center center","background-size":"auto","background-attachment":"scroll","background-type":"","background-media":"","overlay-type":"","overlay-color":"","overlay-opacity":"","overlay-gradient":""},"mobile":{"background-color":"var(--ast-global-color-5)","background-image":"","background-repeat":"repeat","background-position":"center center","background-size":"auto","background-attachment":"scroll","background-type":"","background-media":"","overlay-type":"","overlay-color":"","overlay-opacity":"","overlay-gradient":""}},"footnotes":""},"class_list":["post-3336","page","type-page","status-publish","hentry"],"post_mailing_queue_ids":[],"_links":{"self":[{"href":"https:\/\/agora.xtec.cat\/escolacarmeauguet\/wp-json\/wp\/v2\/pages\/3336","targetHints":{"allow":["GET"]}}],"collection":[{"href":"https:\/\/agora.xtec.cat\/escolacarmeauguet\/wp-json\/wp\/v2\/pages"}],"about":[{"href":"https:\/\/agora.xtec.cat\/escolacarmeauguet\/wp-json\/wp\/v2\/types\/page"}],"author":[{"embeddable":true,"href":"https:\/\/agora.xtec.cat\/escolacarmeauguet\/wp-json\/wp\/v2\/users\/1"}],"replies":[{"embeddable":true,"href":"https:\/\/agora.xtec.cat\/escolacarmeauguet\/wp-json\/wp\/v2\/comments?post=3336"}],"version-history":[{"count":6,"href":"https:\/\/agora.xtec.cat\/escolacarmeauguet\/wp-json\/wp\/v2\/pages\/3336\/revisions"}],"predecessor-version":[{"id":3702,"href":"https:\/\/agora.xtec.cat\/escolacarmeauguet\/wp-json\/wp\/v2\/pages\/3336\/revisions\/3702"}],"up":[{"embeddable":true,"href":"https:\/\/agora.xtec.cat\/escolacarmeauguet\/wp-json\/wp\/v2\/pages\/22"}],"wp:attachment":[{"href":"https:\/\/agora.xtec.cat\/escolacarmeauguet\/wp-json\/wp\/v2\/media?parent=3336"}],"curies":[{"name":"wp","href":"https:\/\/api.w.org\/{rel}","templated":true}]}}