{"id":3204,"date":"2025-02-25T19:17:31","date_gmt":"2025-02-25T18:17:31","guid":{"rendered":"https:\/\/agora.xtec.cat\/escolacarmeauguet\/?page_id=3204"},"modified":"2025-03-09T15:52:53","modified_gmt":"2025-03-09T14:52:53","slug":"trets-didentitat","status":"publish","type":"page","link":"https:\/\/agora.xtec.cat\/escolacarmeauguet\/lescola\/trets-didentitat\/","title":{"rendered":"Trets d&#8217;identitat"},"content":{"rendered":"\n<div class=\"wp-block-media-text alignfull is-stacked-on-mobile\" style=\"grid-template-columns:40% auto\"><figure class=\"wp-block-media-text__media\"><img loading=\"lazy\" decoding=\"async\" width=\"1937\" height=\"1002\" src=\"https:\/\/agora.xtec.cat\/escolacarmeauguet\/wp-content\/uploads\/usu980\/2025\/02\/tret-1-retallat-scaled-e1740505690734.jpg\" alt=\"\" class=\"wp-image-3208 size-full\" srcset=\"https:\/\/agora.xtec.cat\/escolacarmeauguet\/wp-content\/uploads\/usu980\/2025\/02\/tret-1-retallat-scaled-e1740505690734.jpg 1937w, https:\/\/agora.xtec.cat\/escolacarmeauguet\/wp-content\/uploads\/usu980\/2025\/02\/tret-1-retallat-scaled-e1740505690734-300x155.jpg 300w, https:\/\/agora.xtec.cat\/escolacarmeauguet\/wp-content\/uploads\/usu980\/2025\/02\/tret-1-retallat-scaled-e1740505690734-1024x530.jpg 1024w, https:\/\/agora.xtec.cat\/escolacarmeauguet\/wp-content\/uploads\/usu980\/2025\/02\/tret-1-retallat-scaled-e1740505690734-768x397.jpg 768w, https:\/\/agora.xtec.cat\/escolacarmeauguet\/wp-content\/uploads\/usu980\/2025\/02\/tret-1-retallat-scaled-e1740505690734-1536x795.jpg 1536w\" sizes=\"auto, (max-width: 1937px) 100vw, 1937px\" \/><\/figure><div class=\"wp-block-media-text__content\">\n<p class=\"has-medium-font-size\"><strong>Escola catalana i pluriling\u00fce<\/strong><\/p>\n\n\n\n<p class=\"has-medium-font-size\">Som una escola catalana que promou la llengua, la cultura i les tradicions de Catalunya. El catal\u00e0 \u00e9s la llengua vehicular de l\u2019escola, per tant \u00e9s la llengua d\u2019aprenentatge en la majoria d&#8217;\u00e0rees i la llengua de comunicaci\u00f3 en totes les situacions escolars i extraescolars i en les actuacions docents i administratives del centre. El castell\u00e0 i l\u2019angl\u00e8s s\u00f3n lleng\u00fces de treball curricular a l\u2019escola que s\u2019introdueixen a l\u2019etapa d\u2019educaci\u00f3 infantil. Tamb\u00e9 vetllem pel respecte i coneixement de les lleng\u00fces de proced\u00e8ncia del nostre alumnat.<\/p>\n<\/div><\/div>\n\n\n\n<div class=\"wp-block-media-text has-media-on-the-right is-stacked-on-mobile\" style=\"grid-template-columns:auto 48%\"><div class=\"wp-block-media-text__content\">\n<p class=\"has-medium-font-size\"><strong>Escola plural i diversa<\/strong><\/p>\n\n\n\n<p class=\"has-medium-font-size\">Som una escola aconfessional que respecta la manera de pensar i de fer de cada nucli familiar pel que fa a la religi\u00f3, cultura i ideologia i que no fa cap tipus de discriminaci\u00f3 per ra\u00f3 de g\u00e8nere, \u00e8tnia ni nivell socioecon\u00f2mic. Mantenim una actitud de col\u00b7laboraci\u00f3, respecte, solidaritat i toler\u00e0ncia i acollim la diversitat cultural com a un valor positiu.<\/p>\n<\/div><figure class=\"wp-block-media-text__media\"><img loading=\"lazy\" decoding=\"async\" width=\"1024\" height=\"454\" src=\"https:\/\/agora.xtec.cat\/escolacarmeauguet\/wp-content\/uploads\/usu980\/2025\/02\/2-TRETS-1024x454.png\" alt=\"\" class=\"wp-image-3212 size-full\" srcset=\"https:\/\/agora.xtec.cat\/escolacarmeauguet\/wp-content\/uploads\/usu980\/2025\/02\/2-TRETS-1024x454.png 1024w, https:\/\/agora.xtec.cat\/escolacarmeauguet\/wp-content\/uploads\/usu980\/2025\/02\/2-TRETS-300x133.png 300w, https:\/\/agora.xtec.cat\/escolacarmeauguet\/wp-content\/uploads\/usu980\/2025\/02\/2-TRETS-768x340.png 768w, https:\/\/agora.xtec.cat\/escolacarmeauguet\/wp-content\/uploads\/usu980\/2025\/02\/2-TRETS.png 1399w\" sizes=\"auto, (max-width: 1024px) 100vw, 1024px\" \/><\/figure><\/div>\n\n\n\n<div class=\"wp-block-media-text is-stacked-on-mobile\" style=\"grid-template-columns:41% auto\"><figure class=\"wp-block-media-text__media\"><img loading=\"lazy\" decoding=\"async\" width=\"1024\" height=\"683\" src=\"https:\/\/agora.xtec.cat\/escolacarmeauguet\/wp-content\/uploads\/usu980\/2025\/02\/3--1024x683.jpg\" alt=\"\" class=\"wp-image-3216 size-full\" srcset=\"https:\/\/agora.xtec.cat\/escolacarmeauguet\/wp-content\/uploads\/usu980\/2025\/02\/3--1024x683.jpg 1024w, https:\/\/agora.xtec.cat\/escolacarmeauguet\/wp-content\/uploads\/usu980\/2025\/02\/3--300x200.jpg 300w, https:\/\/agora.xtec.cat\/escolacarmeauguet\/wp-content\/uploads\/usu980\/2025\/02\/3--768x512.jpg 768w, https:\/\/agora.xtec.cat\/escolacarmeauguet\/wp-content\/uploads\/usu980\/2025\/02\/3--1536x1024.jpg 1536w, https:\/\/agora.xtec.cat\/escolacarmeauguet\/wp-content\/uploads\/usu980\/2025\/02\/3--2048x1365.jpg 2048w\" sizes=\"auto, (max-width: 1024px) 100vw, 1024px\" \/><\/figure><div class=\"wp-block-media-text__content\">\n<p><strong>Escola acollidora i inclusiva<\/strong><\/p>\n\n\n\n<p class=\"has-medium-font-size\">Som una comunitat que acull infants, fam\u00edlies, mestres i altres professionals amb la voluntat que se\u2019n sentin part i s\u2019hi impliquin. Creiem en l\u2019educaci\u00f3 per a tothom, en una escola per a tots i totes i tenim en compte els diferents ritmes evolutius i capacitats. La diversitat es planteja com una oportunitat i s\u2019at\u00e9n amb la creaci\u00f3 d\u2019un marc d\u2019aprenentatge ric i motivador que permet la personalitzaci\u00f3 de l\u2019aprenentatge.<\/p>\n<\/div><\/div>\n\n\n\n<div class=\"wp-block-media-text has-media-on-the-right is-stacked-on-mobile\" style=\"grid-template-columns:auto 47%\"><div class=\"wp-block-media-text__content\">\n<p class=\"has-medium-font-size\"><strong>Escola impulsora de valors<\/strong><\/p>\n\n\n\n<p class=\"has-medium-font-size\" style=\"padding-top:0;padding-right:0;padding-bottom:0;padding-left:0\">Som una escola que guia la pr\u00e0ctica educativa cap als valors humans necessaris per:<\/p>\n\n\n\n<ul class=\"wp-block-list\">\n<li class=\"has-medium-font-size\">-Conviure en una societat de respecte i cura per totes les persones. <\/li>\n\n\n\n<li class=\"has-medium-font-size\">-Aconseguir la igualtat real d\u2019oportunitats en clau de g\u00e8nere.<\/li>\n\n\n\n<li class=\"has-medium-font-size\">-Participar democr\u00e0ticament en la societat.<\/li>\n\n\n\n<li class=\"has-medium-font-size\">  -Construir una identitat personal pr\u00f2pia.<\/li>\n<\/ul>\n<\/div><figure class=\"wp-block-media-text__media\"><img loading=\"lazy\" decoding=\"async\" width=\"1024\" height=\"683\" src=\"https:\/\/agora.xtec.cat\/escolacarmeauguet\/wp-content\/uploads\/usu980\/2025\/02\/4-1024x683.jpg\" alt=\"\" class=\"wp-image-3221 size-full\" srcset=\"https:\/\/agora.xtec.cat\/escolacarmeauguet\/wp-content\/uploads\/usu980\/2025\/02\/4-1024x683.jpg 1024w, https:\/\/agora.xtec.cat\/escolacarmeauguet\/wp-content\/uploads\/usu980\/2025\/02\/4-300x200.jpg 300w, https:\/\/agora.xtec.cat\/escolacarmeauguet\/wp-content\/uploads\/usu980\/2025\/02\/4-768x512.jpg 768w, https:\/\/agora.xtec.cat\/escolacarmeauguet\/wp-content\/uploads\/usu980\/2025\/02\/4-1536x1024.jpg 1536w, https:\/\/agora.xtec.cat\/escolacarmeauguet\/wp-content\/uploads\/usu980\/2025\/02\/4-2048x1365.jpg 2048w\" sizes=\"auto, (max-width: 1024px) 100vw, 1024px\" \/><\/figure><\/div>\n\n\n\n<div class=\"wp-block-media-text is-stacked-on-mobile\" style=\"grid-template-columns:42% auto\"><figure class=\"wp-block-media-text__media\"><img loading=\"lazy\" decoding=\"async\" width=\"1024\" height=\"769\" src=\"https:\/\/agora.xtec.cat\/escolacarmeauguet\/wp-content\/uploads\/usu980\/2025\/02\/5-1024x769.jpg\" alt=\"\" class=\"wp-image-3224 size-full\" srcset=\"https:\/\/agora.xtec.cat\/escolacarmeauguet\/wp-content\/uploads\/usu980\/2025\/02\/5-1024x769.jpg 1024w, https:\/\/agora.xtec.cat\/escolacarmeauguet\/wp-content\/uploads\/usu980\/2025\/02\/5-300x225.jpg 300w, https:\/\/agora.xtec.cat\/escolacarmeauguet\/wp-content\/uploads\/usu980\/2025\/02\/5-768x577.jpg 768w, https:\/\/agora.xtec.cat\/escolacarmeauguet\/wp-content\/uploads\/usu980\/2025\/02\/5-1536x1153.jpg 1536w, https:\/\/agora.xtec.cat\/escolacarmeauguet\/wp-content\/uploads\/usu980\/2025\/02\/5-2048x1537.jpg 2048w\" sizes=\"auto, (max-width: 1024px) 100vw, 1024px\" \/><\/figure><div class=\"wp-block-media-text__content\">\n<p class=\"has-medium-font-size\"><strong>Escola enfocada a l&#8217;aprenentatge competencial<\/strong><\/p>\n\n\n\n<p class=\"has-medium-font-size\">Som una escola que orienta la seva tasca al desenvolupament de les compet\u00e8ncies clau de l&#8217;alumnat al final de l\u2019educaci\u00f3 prim\u00e0ria a partir de propostes metodol\u00f2giques globalitzades basades en situacions d\u2019aprenentatge, que incorporen com a eix,&nbsp; la&nbsp; integraci\u00f3 de les eines digitals i la rob\u00f2tica en el proc\u00e9s d\u2019ensenyament-aprenentatge. Vetllem per a un l\u00ednia pedag\u00f2gica actualitzada, coherent entre els diferents cursos i compartida amb tots els agents educatius.<\/p>\n<\/div><\/div>\n\n\n\n<div class=\"wp-block-media-text has-media-on-the-right is-stacked-on-mobile\" style=\"grid-template-columns:auto 46%\"><div class=\"wp-block-media-text__content\">\n<p class=\"has-medium-font-size\"><strong>Escola participativa<\/strong><\/p>\n\n\n\n<p class=\"has-medium-font-size\">Entenem l\u2019educaci\u00f3 com una responsabilitat compartida entre tots els membres de la comunitat educativa, per aix\u00f2 som una escola que fomenta el di\u00e0leg i la conversa entre alumnat, fam\u00edlies i docents i aposta per una gesti\u00f3 participativa de tota la comunitat, que impulsa la construcci\u00f3 activa del projecte educatiu i genera un sentiment de pertinen\u00e7a al centre.<\/p>\n<\/div><figure class=\"wp-block-media-text__media\"><img loading=\"lazy\" decoding=\"async\" width=\"1024\" height=\"683\" src=\"https:\/\/agora.xtec.cat\/escolacarmeauguet\/wp-content\/uploads\/usu980\/2025\/02\/6-1024x683.jpg\" alt=\"\" class=\"wp-image-3225 size-full\" srcset=\"https:\/\/agora.xtec.cat\/escolacarmeauguet\/wp-content\/uploads\/usu980\/2025\/02\/6-1024x683.jpg 1024w, https:\/\/agora.xtec.cat\/escolacarmeauguet\/wp-content\/uploads\/usu980\/2025\/02\/6-300x200.jpg 300w, https:\/\/agora.xtec.cat\/escolacarmeauguet\/wp-content\/uploads\/usu980\/2025\/02\/6-768x512.jpg 768w, https:\/\/agora.xtec.cat\/escolacarmeauguet\/wp-content\/uploads\/usu980\/2025\/02\/6-1536x1024.jpg 1536w, https:\/\/agora.xtec.cat\/escolacarmeauguet\/wp-content\/uploads\/usu980\/2025\/02\/6-2048x1365.jpg 2048w\" sizes=\"auto, (max-width: 1024px) 100vw, 1024px\" \/><\/figure><\/div>\n\n\n\n<div class=\"wp-block-media-text is-stacked-on-mobile\" style=\"grid-template-columns:43% auto\"><figure class=\"wp-block-media-text__media\"><img loading=\"lazy\" decoding=\"async\" width=\"1872\" height=\"1404\" src=\"https:\/\/agora.xtec.cat\/escolacarmeauguet\/wp-content\/uploads\/usu980\/2025\/03\/entorn.jpg\" alt=\"\" class=\"wp-image-3271 size-full\" srcset=\"https:\/\/agora.xtec.cat\/escolacarmeauguet\/wp-content\/uploads\/usu980\/2025\/03\/entorn.jpg 1872w, https:\/\/agora.xtec.cat\/escolacarmeauguet\/wp-content\/uploads\/usu980\/2025\/03\/entorn-300x225.jpg 300w, https:\/\/agora.xtec.cat\/escolacarmeauguet\/wp-content\/uploads\/usu980\/2025\/03\/entorn-1024x768.jpg 1024w, https:\/\/agora.xtec.cat\/escolacarmeauguet\/wp-content\/uploads\/usu980\/2025\/03\/entorn-768x576.jpg 768w, https:\/\/agora.xtec.cat\/escolacarmeauguet\/wp-content\/uploads\/usu980\/2025\/03\/entorn-1536x1152.jpg 1536w\" sizes=\"auto, (max-width: 1872px) 100vw, 1872px\" \/><\/figure><div class=\"wp-block-media-text__content\">\n<p class=\"has-medium-font-size\"><strong>Escola vinculada a l&#8217;entorn<\/strong><\/p>\n\n\n\n<p class=\"has-medium-font-size\">Som una escola que crea lligams amb la societat m\u00e9s propera i proporciona viv\u00e8ncies per tal que els infants coneguin i gaudeixin de l\u2019entorn que els envolta aprofitant les ofertes culturals, esportives, tecnol\u00f2giques i naturals de la ciutat. Creiem en el treball en xarxa i participem activament en projectes del territori.<\/p>\n<\/div><\/div>\n\n\n\n<div class=\"wp-block-media-text has-media-on-the-right is-stacked-on-mobile\" style=\"grid-template-columns:auto 45%\"><div class=\"wp-block-media-text__content\">\n<p class=\"has-medium-font-size\"><strong>Escola innovadora<\/strong><\/p>\n\n\n\n<p class=\"has-medium-font-size\">L\u2019esfor\u00e7 de tota la comunitat educativa va dirigit a oferir una educaci\u00f3 de qualitat, amb il\u00b7lusi\u00f3 i professionalitat, assumint els reptes que cada dia ens planteja l\u2019educaci\u00f3 i les constants transformacions tecnol\u00f2giques, socials i culturals del nostre entorn amb una actitud oberta i flexible a les innovacions. Som una escola que treballa per a la recerca de noves eines per a la millora de la qualitat educativa a partir de la formaci\u00f3, el treball en equip i la reflexi\u00f3 constant.<\/p>\n<\/div><figure class=\"wp-block-media-text__media\"><img loading=\"lazy\" decoding=\"async\" width=\"1024\" height=\"683\" src=\"https:\/\/agora.xtec.cat\/escolacarmeauguet\/wp-content\/uploads\/usu980\/2025\/02\/8-1024x683.jpg\" alt=\"\" class=\"wp-image-3227 size-full\" srcset=\"https:\/\/agora.xtec.cat\/escolacarmeauguet\/wp-content\/uploads\/usu980\/2025\/02\/8-1024x683.jpg 1024w, https:\/\/agora.xtec.cat\/escolacarmeauguet\/wp-content\/uploads\/usu980\/2025\/02\/8-300x200.jpg 300w, https:\/\/agora.xtec.cat\/escolacarmeauguet\/wp-content\/uploads\/usu980\/2025\/02\/8-768x512.jpg 768w, https:\/\/agora.xtec.cat\/escolacarmeauguet\/wp-content\/uploads\/usu980\/2025\/02\/8-1536x1024.jpg 1536w, https:\/\/agora.xtec.cat\/escolacarmeauguet\/wp-content\/uploads\/usu980\/2025\/02\/8-2048x1365.jpg 2048w\" sizes=\"auto, (max-width: 1024px) 100vw, 1024px\" \/><\/figure><\/div>\n","protected":false},"excerpt":{"rendered":"<p>Escola catalana i pluriling\u00fce Som una escola catalana que promou la llengua, la cultura i les tradicions de Catalunya. El [&hellip;]<\/p>\n","protected":false},"author":1,"featured_media":0,"parent":22,"menu_order":2,"comment_status":"closed","ping_status":"closed","template":"","meta":{"_bbp_topic_count":0,"_bbp_reply_count":0,"_bbp_total_topic_count":0,"_bbp_total_reply_count":0,"_bbp_voice_count":0,"_bbp_anonymous_reply_count":0,"_bbp_topic_count_hidden":0,"_bbp_reply_count_hidden":0,"_bbp_forum_subforum_count":0,"site-sidebar-layout":"default","site-content-layout":"","ast-site-content-layout":"default","site-content-style":"default","site-sidebar-style":"default","ast-global-header-display":"","ast-banner-title-visibility":"","ast-main-header-display":"","ast-hfb-above-header-display":"","ast-hfb-below-header-display":"","ast-hfb-mobile-header-display":"","site-post-title":"","ast-breadcrumbs-content":"","ast-featured-img":"","footer-sml-layout":"","theme-transparent-header-meta":"","adv-header-id-meta":"","stick-header-meta":"","header-above-stick-meta":"","header-main-stick-meta":"","header-below-stick-meta":"","astra-migrate-meta-layouts":"set","ast-page-background-enabled":"default","ast-page-background-meta":{"desktop":{"background-color":"var(--ast-global-color-4)","background-image":"","background-repeat":"repeat","background-position":"center center","background-size":"auto","background-attachment":"scroll","background-type":"","background-media":"","overlay-type":"","overlay-color":"","overlay-opacity":"","overlay-gradient":""},"tablet":{"background-color":"","background-image":"","background-repeat":"repeat","background-position":"center center","background-size":"auto","background-attachment":"scroll","background-type":"","background-media":"","overlay-type":"","overlay-color":"","overlay-opacity":"","overlay-gradient":""},"mobile":{"background-color":"","background-image":"","background-repeat":"repeat","background-position":"center center","background-size":"auto","background-attachment":"scroll","background-type":"","background-media":"","overlay-type":"","overlay-color":"","overlay-opacity":"","overlay-gradient":""}},"ast-content-background-meta":{"desktop":{"background-color":"var(--ast-global-color-5)","background-image":"","background-repeat":"repeat","background-position":"center center","background-size":"auto","background-attachment":"scroll","background-type":"","background-media":"","overlay-type":"","overlay-color":"","overlay-opacity":"","overlay-gradient":""},"tablet":{"background-color":"var(--ast-global-color-5)","background-image":"","background-repeat":"repeat","background-position":"center center","background-size":"auto","background-attachment":"scroll","background-type":"","background-media":"","overlay-type":"","overlay-color":"","overlay-opacity":"","overlay-gradient":""},"mobile":{"background-color":"var(--ast-global-color-5)","background-image":"","background-repeat":"repeat","background-position":"center center","background-size":"auto","background-attachment":"scroll","background-type":"","background-media":"","overlay-type":"","overlay-color":"","overlay-opacity":"","overlay-gradient":""}},"footnotes":""},"class_list":["post-3204","page","type-page","status-publish","hentry"],"post_mailing_queue_ids":[],"_links":{"self":[{"href":"https:\/\/agora.xtec.cat\/escolacarmeauguet\/wp-json\/wp\/v2\/pages\/3204","targetHints":{"allow":["GET"]}}],"collection":[{"href":"https:\/\/agora.xtec.cat\/escolacarmeauguet\/wp-json\/wp\/v2\/pages"}],"about":[{"href":"https:\/\/agora.xtec.cat\/escolacarmeauguet\/wp-json\/wp\/v2\/types\/page"}],"author":[{"embeddable":true,"href":"https:\/\/agora.xtec.cat\/escolacarmeauguet\/wp-json\/wp\/v2\/users\/1"}],"replies":[{"embeddable":true,"href":"https:\/\/agora.xtec.cat\/escolacarmeauguet\/wp-json\/wp\/v2\/comments?post=3204"}],"version-history":[{"count":6,"href":"https:\/\/agora.xtec.cat\/escolacarmeauguet\/wp-json\/wp\/v2\/pages\/3204\/revisions"}],"predecessor-version":[{"id":3354,"href":"https:\/\/agora.xtec.cat\/escolacarmeauguet\/wp-json\/wp\/v2\/pages\/3204\/revisions\/3354"}],"up":[{"embeddable":true,"href":"https:\/\/agora.xtec.cat\/escolacarmeauguet\/wp-json\/wp\/v2\/pages\/22"}],"wp:attachment":[{"href":"https:\/\/agora.xtec.cat\/escolacarmeauguet\/wp-json\/wp\/v2\/media?parent=3204"}],"curies":[{"name":"wp","href":"https:\/\/api.w.org\/{rel}","templated":true}]}}