{"id":22,"date":"2014-09-18T12:19:57","date_gmt":"2014-09-18T11:19:57","guid":{"rendered":"http:\/\/agora.xtec.cat\/escolacarmeauguet\/?page_id=22"},"modified":"2025-03-09T18:06:12","modified_gmt":"2025-03-09T17:06:12","slug":"lescola","status":"publish","type":"page","link":"https:\/\/agora.xtec.cat\/escolacarmeauguet\/lescola\/","title":{"rendered":"L&#8217;escola"},"content":{"rendered":"\n<h3 class=\"wp-block-heading\"><\/h3>\n\n\n\n<p class=\"has-text-align-left has-medium-font-size\" style=\"font-style:normal;font-weight:400\">L&#8217;escola Carme Auguet \u00e9s una escola p\u00fablica del Departament d&#8217;Educaci\u00f3 i Formaci\u00f3 Professional de la Generalitat de Catalunya.<\/p>\n\n\n\n<p class=\"has-medium-font-size\" style=\"font-style:normal;font-weight:400\">Som una escola d&#8217;una l\u00ednia educativa que escolaritza alumnat de 3 a 12 anys,  ja que l&#8217;oferta educativa  del centre inclou el segon cicle d&#8217;educaci\u00f3 infantil i l&#8217;etapa d&#8217;educaci\u00f3 prim\u00e0ria.<\/p>\n\n\n\n<p class=\"has-medium-font-size\" style=\"font-style:normal;font-weight:400\">L&#8217;escola est\u00e0 situada al barri de Pont Major, al costat del riu Ter, gaudim per tant, d\u2019un entorn natural molt ric com a espai d&#8217;aprenentatge. <\/p>\n\n\n\n<p class=\"has-medium-font-size\" style=\"font-style:normal;font-weight:400\">Tenim un espai escolar molt gran, edifici i pati, espais exteriors amplis i comptem amb les instal\u00b7lacions municipals del barri com la biblioteca Just Casero i el centre c\u00edvic de Pont Major, aix\u00ed com l\u2019escola bressol de \u201cEl Pont\u201d .<\/p>\n\n\n\n<p><\/p>\n\n\n\n<figure class=\"wp-block-image size-large is-resized\"><a href=\"https:\/\/agora.xtec.cat\/escolacarmeauguet\/wp-content\/uploads\/usu980\/2025\/03\/foto-escola.jpg\"><img loading=\"lazy\" decoding=\"async\" width=\"1024\" height=\"227\" src=\"https:\/\/agora.xtec.cat\/escolacarmeauguet\/wp-content\/uploads\/usu980\/2025\/03\/foto-escola-1024x227.jpg\" alt=\"\" class=\"wp-image-3432\" style=\"width:1450px;height:auto\" srcset=\"https:\/\/agora.xtec.cat\/escolacarmeauguet\/wp-content\/uploads\/usu980\/2025\/03\/foto-escola-1024x227.jpg 1024w, https:\/\/agora.xtec.cat\/escolacarmeauguet\/wp-content\/uploads\/usu980\/2025\/03\/foto-escola-300x67.jpg 300w, https:\/\/agora.xtec.cat\/escolacarmeauguet\/wp-content\/uploads\/usu980\/2025\/03\/foto-escola-768x170.jpg 768w, https:\/\/agora.xtec.cat\/escolacarmeauguet\/wp-content\/uploads\/usu980\/2025\/03\/foto-escola.jpg 1200w\" sizes=\"auto, (max-width: 1024px) 100vw, 1024px\" \/><\/a><\/figure>\n","protected":false},"excerpt":{"rendered":"<p>L&#8217;escola Carme Auguet \u00e9s una escola p\u00fablica del Departament d&#8217;Educaci\u00f3 i Formaci\u00f3 Professional de la Generalitat de Catalunya. Som una [&hellip;]<\/p>\n","protected":false},"author":1,"featured_media":0,"parent":0,"menu_order":0,"comment_status":"closed","ping_status":"closed","template":"","meta":{"_bbp_topic_count":0,"_bbp_reply_count":0,"_bbp_total_topic_count":0,"_bbp_total_reply_count":0,"_bbp_voice_count":0,"_bbp_anonymous_reply_count":0,"_bbp_topic_count_hidden":0,"_bbp_reply_count_hidden":0,"_bbp_forum_subforum_count":0,"site-sidebar-layout":"default","site-content-layout":"","ast-site-content-layout":"default","site-content-style":"default","site-sidebar-style":"default","ast-global-header-display":"","ast-banner-title-visibility":"","ast-main-header-display":"","ast-hfb-above-header-display":"","ast-hfb-below-header-display":"","ast-hfb-mobile-header-display":"","site-post-title":"","ast-breadcrumbs-content":"","ast-featured-img":"","footer-sml-layout":"","theme-transparent-header-meta":"","adv-header-id-meta":"","stick-header-meta":"","header-above-stick-meta":"","header-main-stick-meta":"","header-below-stick-meta":"","astra-migrate-meta-layouts":"set","ast-page-background-enabled":"default","ast-page-background-meta":{"desktop":{"background-color":"var(--ast-global-color-4)","background-image":"","background-repeat":"repeat","background-position":"center center","background-size":"auto","background-attachment":"scroll","background-type":"","background-media":"","overlay-type":"","overlay-color":"","overlay-opacity":"","overlay-gradient":""},"tablet":{"background-color":"","background-image":"","background-repeat":"repeat","background-position":"center center","background-size":"auto","background-attachment":"scroll","background-type":"","background-media":"","overlay-type":"","overlay-color":"","overlay-opacity":"","overlay-gradient":""},"mobile":{"background-color":"","background-image":"","background-repeat":"repeat","background-position":"center center","background-size":"auto","background-attachment":"scroll","background-type":"","background-media":"","overlay-type":"","overlay-color":"","overlay-opacity":"","overlay-gradient":""}},"ast-content-background-meta":{"desktop":{"background-color":"var(--ast-global-color-5)","background-image":"","background-repeat":"repeat","background-position":"center center","background-size":"auto","background-attachment":"scroll","background-type":"","background-media":"","overlay-type":"","overlay-color":"","overlay-opacity":"","overlay-gradient":""},"tablet":{"background-color":"var(--ast-global-color-5)","background-image":"","background-repeat":"repeat","background-position":"center center","background-size":"auto","background-attachment":"scroll","background-type":"","background-media":"","overlay-type":"","overlay-color":"","overlay-opacity":"","overlay-gradient":""},"mobile":{"background-color":"var(--ast-global-color-5)","background-image":"","background-repeat":"repeat","background-position":"center center","background-size":"auto","background-attachment":"scroll","background-type":"","background-media":"","overlay-type":"","overlay-color":"","overlay-opacity":"","overlay-gradient":""}},"footnotes":""},"class_list":["post-22","page","type-page","status-publish","hentry"],"post_mailing_queue_ids":[],"_links":{"self":[{"href":"https:\/\/agora.xtec.cat\/escolacarmeauguet\/wp-json\/wp\/v2\/pages\/22","targetHints":{"allow":["GET"]}}],"collection":[{"href":"https:\/\/agora.xtec.cat\/escolacarmeauguet\/wp-json\/wp\/v2\/pages"}],"about":[{"href":"https:\/\/agora.xtec.cat\/escolacarmeauguet\/wp-json\/wp\/v2\/types\/page"}],"author":[{"embeddable":true,"href":"https:\/\/agora.xtec.cat\/escolacarmeauguet\/wp-json\/wp\/v2\/users\/1"}],"replies":[{"embeddable":true,"href":"https:\/\/agora.xtec.cat\/escolacarmeauguet\/wp-json\/wp\/v2\/comments?post=22"}],"version-history":[{"count":6,"href":"https:\/\/agora.xtec.cat\/escolacarmeauguet\/wp-json\/wp\/v2\/pages\/22\/revisions"}],"predecessor-version":[{"id":3436,"href":"https:\/\/agora.xtec.cat\/escolacarmeauguet\/wp-json\/wp\/v2\/pages\/22\/revisions\/3436"}],"wp:attachment":[{"href":"https:\/\/agora.xtec.cat\/escolacarmeauguet\/wp-json\/wp\/v2\/media?parent=22"}],"curies":[{"name":"wp","href":"https:\/\/api.w.org\/{rel}","templated":true}]}}