{"id":38,"date":"2014-09-18T12:34:08","date_gmt":"2014-09-18T11:34:08","guid":{"rendered":"http:\/\/agora.xtec.cat\/ceipcanvidalet\/?page_id=38"},"modified":"2015-11-20T13:15:39","modified_gmt":"2015-11-20T12:15:39","slug":"salut","status":"publish","type":"page","link":"https:\/\/agora.xtec.cat\/escolacanvidalet\/lescola\/salut\/","title":{"rendered":"Salut"},"content":{"rendered":"<p><a href=\"http:\/\/agora.xtec.cat\/ceipcanvidalet\/wp-content\/uploads\/usu600\/2014\/09\/gene.png\"><img loading=\"lazy\" decoding=\"async\" class=\"alignnone size-full wp-image-237\" src=\"http:\/\/agora.xtec.cat\/ceipcanvidalet\/wp-content\/uploads\/usu600\/2014\/09\/gene.png\" alt=\"gene\" width=\"248\" height=\"65\" \/><\/a><\/p>\n<p><strong>Recomanacions per a l\u2019administraci\u00f3 del paracetamol als<\/strong><\/p>\n<p><strong>infants a les escoles<\/strong><\/p>\n<p><strong>Per administrar el paracetamol als infants a les escoles, cal tenir<\/strong><\/p>\n<p><strong>l\u2019autoritzaci\u00f3 del pare, mare o tutor, que s\u2019ha de demanar en el moment de<\/strong><\/p>\n<p><strong>matriculaci\u00f3 de l\u2019alumnat.<\/strong><\/p>\n<p><strong>\u00a0<\/strong><\/p>\n<p>La febre \u00e9s un s\u00edmptoma caracteritzat per un augment de temperatura per sobre<\/p>\n<p>de 37 \u00baC que sovint s\u2019acompanya de malestar. \u00c9s molt freq\u00fcent en l\u2019infant. La<\/p>\n<p>febre \u00e9s en si mateixa un mecanisme de defensa de l\u2019organisme contra la malaltia<\/p>\n<p>i, per tant, no cal tractar-la de forma immediata amb medicaments. Podem utilitzar<\/p>\n<p>mesures f\u00edsiques per fer abaixar la temperatura i disminuir-ne les mol\u00e8sties: si t\u00e9<\/p>\n<p>malestar, fred o esgarrifances es recomana no abrigar-lo i donar-li aigua a glopets.<\/p>\n<p>Davant d\u2019un infant amb febre de 38 \u00baC o m\u00e9s l\u2019escola ha de contactar amb el pare,<\/p>\n<p>mare o tutor i demanar-li que el reculli tan aviat com pugui.<\/p>\n<p>Mentrestant, si la febre \u00e9s igual o superior a 38 \u00baC es recomana administrar un<\/p>\n<p>antit\u00e8rmic\/analg\u00e8sic. El f\u00e0rmac de refer\u00e8ncia i m\u00e9s utilitzat arreu \u00e9s el<\/p>\n<p>paracetamol, per la seva bona toler\u00e0ncia i la relativa abs\u00e8ncia d\u2019efectes<\/p>\n<p>secundaris.<\/p>\n<p>Encara que no es tracti d\u2019una urg\u00e8ncia, un infant amb febre no ha de quedar-se a<\/p>\n<p>l\u2019escola fins que finalitzi la jornada escolar.<\/p>\n<p>Recomanacions elaborades per la <strong>Societat Catalana de Pediatria <\/strong>i pel<\/p>\n<p><strong>Departament de Salut de la Generalitat de Catalunya.<\/strong><\/p>\n<p><a href=\"http:\/\/agora.xtec.cat\/ceipcanvidalet\/wp-content\/uploads\/usu600\/2014\/09\/esmorzar.doc\">Esmorzar saludable.<\/a><\/p>\n<p><a href=\"http:\/\/agora.xtec.cat\/ceipcanvidalet\/wp-content\/uploads\/usu600\/2014\/09\/Els-polls-informaci\u00f3-per-a-les-fam\u00edlies.pdf\">Els polls informaci\u00f3 per a les fam\u00edlies.<\/a><\/p>\n<p>&nbsp;<\/p>\n<p>&nbsp;<\/p>\n<p>&nbsp;<\/p>\n","protected":false},"excerpt":{"rendered":"<p><a href=\"http:\/\/agora.xtec.cat\/ceipcanvidalet\/wp-content\/uploads\/usu600\/2014\/09\/gene.png\"><\/a><br \/>\nRecomanacions per a l\u2019administraci\u00f3 del paracetamol als<br \/>\ninfants a les escoles<br \/>\nPer administrar el paracetamol als infants a les escoles, cal tenir<br \/>\nl\u2019autoritzaci\u00f3 del pare, mare o tutor, que s\u2019ha de demanar en el moment de<br \/>\nmatriculaci\u00f3 de l\u2019alumnat.<br \/>\n\u00a0<br \/>\nLa febre \u00e9s un s\u00edmptoma caracteritzat per un augment de&hellip;  <a href=\"https:\/\/agora.xtec.cat\/escolacanvidalet\/lescola\/salut\/\" title=\"Read Salut\">Llegeix m\u00e9s\u00bb<\/a><\/p>\n","protected":false},"author":1,"featured_media":0,"parent":22,"menu_order":80,"comment_status":"closed","ping_status":"closed","template":"page-templates\/side-menu.php","meta":{"_bbp_topic_count":0,"_bbp_reply_count":0,"_bbp_total_topic_count":0,"_bbp_total_reply_count":0,"_bbp_voice_count":0,"_bbp_anonymous_reply_count":0,"_bbp_topic_count_hidden":0,"_bbp_reply_count_hidden":0,"_bbp_forum_subforum_count":0,"footnotes":""},"class_list":["post-38","page","type-page","status-publish","hentry"],"post_mailing_queue_ids":[],"_links":{"self":[{"href":"https:\/\/agora.xtec.cat\/escolacanvidalet\/wp-json\/wp\/v2\/pages\/38","targetHints":{"allow":["GET"]}}],"collection":[{"href":"https:\/\/agora.xtec.cat\/escolacanvidalet\/wp-json\/wp\/v2\/pages"}],"about":[{"href":"https:\/\/agora.xtec.cat\/escolacanvidalet\/wp-json\/wp\/v2\/types\/page"}],"author":[{"embeddable":true,"href":"https:\/\/agora.xtec.cat\/escolacanvidalet\/wp-json\/wp\/v2\/users\/1"}],"replies":[{"embeddable":true,"href":"https:\/\/agora.xtec.cat\/escolacanvidalet\/wp-json\/wp\/v2\/comments?post=38"}],"version-history":[{"count":3,"href":"https:\/\/agora.xtec.cat\/escolacanvidalet\/wp-json\/wp\/v2\/pages\/38\/revisions"}],"predecessor-version":[{"id":242,"href":"https:\/\/agora.xtec.cat\/escolacanvidalet\/wp-json\/wp\/v2\/pages\/38\/revisions\/242"}],"up":[{"embeddable":true,"href":"https:\/\/agora.xtec.cat\/escolacanvidalet\/wp-json\/wp\/v2\/pages\/22"}],"wp:attachment":[{"href":"https:\/\/agora.xtec.cat\/escolacanvidalet\/wp-json\/wp\/v2\/media?parent=38"}],"curies":[{"name":"wp","href":"https:\/\/api.w.org\/{rel}","templated":true}]}}