{"id":26,"date":"2014-09-18T12:24:32","date_gmt":"2014-09-18T11:24:32","guid":{"rendered":"http:\/\/agora.xtec.cat\/ceipcanvidalet\/?page_id=26"},"modified":"2022-07-03T19:42:30","modified_gmt":"2022-07-03T17:42:30","slug":"historia","status":"publish","type":"page","link":"https:\/\/agora.xtec.cat\/escolacanvidalet\/lescola\/historia\/","title":{"rendered":"Hist\u00f2ria"},"content":{"rendered":"<p><strong>L&#8217;escola Can Vidalet t\u00e9 els seus or\u00edgens a l&#8217;antiga escola Molino, que va n\u00e9ixer com a resultat de l&#8217;escolaritzaci\u00f3 dels infants del barri que no podien accedir a altres escoles per manca de places.<\/strong><\/p>\n<p><strong>El curs 1985-1986, l&#8217;alumnat, que havia estat escolaritzats de manera provisional en diferents aules i barracons, va passar a ocupar definitivament l&#8217;actual edifici dels carrer dels Cedres, pensat i dissenyat per a ser escola de Prim\u00e0ria, amb el nom de Can Vidalet.<\/strong><\/p>\n<p>&nbsp;<\/p>\n","protected":false},"excerpt":{"rendered":"<p>L&#8217;escola Can Vidalet t\u00e9 els seus or\u00edgens a l&#8217;antiga escola Molino, que va n\u00e9ixer com a resultat de l&#8217;escolaritzaci\u00f3 dels infants del barri que no podien accedir a altres escoles per manca de places.<br \/>\nEl curs 1985-1986, l&#8217;alumnat, que havia estat escolaritzats de manera provisional en&hellip;  <a href=\"https:\/\/agora.xtec.cat\/escolacanvidalet\/lescola\/historia\/\" title=\"Read Hist\u00f2ria\">Llegeix m\u00e9s\u00bb<\/a><\/p>\n","protected":false},"author":1,"featured_media":0,"parent":22,"menu_order":20,"comment_status":"closed","ping_status":"closed","template":"page-templates\/side-menu.php","meta":{"_bbp_topic_count":0,"_bbp_reply_count":0,"_bbp_total_topic_count":0,"_bbp_total_reply_count":0,"_bbp_voice_count":0,"_bbp_anonymous_reply_count":0,"_bbp_topic_count_hidden":0,"_bbp_reply_count_hidden":0,"_bbp_forum_subforum_count":0,"footnotes":""},"class_list":["post-26","page","type-page","status-publish","hentry"],"post_mailing_queue_ids":[],"_links":{"self":[{"href":"https:\/\/agora.xtec.cat\/escolacanvidalet\/wp-json\/wp\/v2\/pages\/26","targetHints":{"allow":["GET"]}}],"collection":[{"href":"https:\/\/agora.xtec.cat\/escolacanvidalet\/wp-json\/wp\/v2\/pages"}],"about":[{"href":"https:\/\/agora.xtec.cat\/escolacanvidalet\/wp-json\/wp\/v2\/types\/page"}],"author":[{"embeddable":true,"href":"https:\/\/agora.xtec.cat\/escolacanvidalet\/wp-json\/wp\/v2\/users\/1"}],"replies":[{"embeddable":true,"href":"https:\/\/agora.xtec.cat\/escolacanvidalet\/wp-json\/wp\/v2\/comments?post=26"}],"version-history":[{"count":3,"href":"https:\/\/agora.xtec.cat\/escolacanvidalet\/wp-json\/wp\/v2\/pages\/26\/revisions"}],"predecessor-version":[{"id":3637,"href":"https:\/\/agora.xtec.cat\/escolacanvidalet\/wp-json\/wp\/v2\/pages\/26\/revisions\/3637"}],"up":[{"embeddable":true,"href":"https:\/\/agora.xtec.cat\/escolacanvidalet\/wp-json\/wp\/v2\/pages\/22"}],"wp:attachment":[{"href":"https:\/\/agora.xtec.cat\/escolacanvidalet\/wp-json\/wp\/v2\/media?parent=26"}],"curies":[{"name":"wp","href":"https:\/\/api.w.org\/{rel}","templated":true}]}}