{"id":22,"date":"2014-09-18T12:19:57","date_gmt":"2014-09-18T11:19:57","guid":{"rendered":"http:\/\/agora.xtec.cat\/ceipcanvidalet\/?page_id=22"},"modified":"2016-02-12T14:14:37","modified_gmt":"2016-02-12T13:14:37","slug":"lescola","status":"publish","type":"page","link":"https:\/\/agora.xtec.cat\/escolacanvidalet\/lescola\/","title":{"rendered":"L&#8217;escola"},"content":{"rendered":"<p>En aquesta secci\u00f3 teniu les p\u00e0gines necess\u00e0ries per a oferir una descripci\u00f3 general de l&#8217;escola: ubicaci\u00f3, hist\u00f2ria, instal\u00b7lacions, festes,&#8230;&#8230;&#8230;..<\/p>\n<p>&nbsp;<\/p>\n","protected":false},"excerpt":{"rendered":"<p>En aquesta secci\u00f3 teniu les p\u00e0gines necess\u00e0ries per a oferir una descripci\u00f3 general de l&#8217;escola: ubicaci\u00f3, hist\u00f2ria, instal\u00b7lacions, festes,&#8230;&#8230;&#8230;..<br \/>\n&nbsp;<\/p>\n","protected":false},"author":1,"featured_media":0,"parent":0,"menu_order":0,"comment_status":"closed","ping_status":"closed","template":"page-templates\/side-menu.php","meta":{"_bbp_topic_count":0,"_bbp_reply_count":0,"_bbp_total_topic_count":0,"_bbp_total_reply_count":0,"_bbp_voice_count":0,"_bbp_anonymous_reply_count":0,"_bbp_topic_count_hidden":0,"_bbp_reply_count_hidden":0,"_bbp_forum_subforum_count":0,"footnotes":""},"class_list":["post-22","page","type-page","status-publish","hentry"],"post_mailing_queue_ids":[],"_links":{"self":[{"href":"https:\/\/agora.xtec.cat\/escolacanvidalet\/wp-json\/wp\/v2\/pages\/22","targetHints":{"allow":["GET"]}}],"collection":[{"href":"https:\/\/agora.xtec.cat\/escolacanvidalet\/wp-json\/wp\/v2\/pages"}],"about":[{"href":"https:\/\/agora.xtec.cat\/escolacanvidalet\/wp-json\/wp\/v2\/types\/page"}],"author":[{"embeddable":true,"href":"https:\/\/agora.xtec.cat\/escolacanvidalet\/wp-json\/wp\/v2\/users\/1"}],"replies":[{"embeddable":true,"href":"https:\/\/agora.xtec.cat\/escolacanvidalet\/wp-json\/wp\/v2\/comments?post=22"}],"version-history":[{"count":3,"href":"https:\/\/agora.xtec.cat\/escolacanvidalet\/wp-json\/wp\/v2\/pages\/22\/revisions"}],"predecessor-version":[{"id":311,"href":"https:\/\/agora.xtec.cat\/escolacanvidalet\/wp-json\/wp\/v2\/pages\/22\/revisions\/311"}],"wp:attachment":[{"href":"https:\/\/agora.xtec.cat\/escolacanvidalet\/wp-json\/wp\/v2\/media?parent=22"}],"curies":[{"name":"wp","href":"https:\/\/api.w.org\/{rel}","templated":true}]}}