{"id":800,"date":"2019-02-19T23:22:23","date_gmt":"2019-02-19T22:22:23","guid":{"rendered":"https:\/\/agora.xtec.cat\/escolacansorts\/?page_id=800"},"modified":"2019-11-22T13:16:35","modified_gmt":"2019-11-22T12:16:35","slug":"projecte-patis-2","status":"publish","type":"page","link":"https:\/\/agora.xtec.cat\/escolacansorts\/projecte-pedagogic\/projecte-patis-2\/","title":{"rendered":"Projecte patis"},"content":{"rendered":"<p>El curs 2018-19 vam comen\u00e7ar a estudiar com pod\u00edem transformar els patis de l&#8217;escola per:<\/p>\n<ul>\n<li>Millorar la conviv\u00e8ncia<\/li>\n<li>Donar m\u00e9s opcions de joc<\/li>\n<li>Fer servir el pati com un espai m\u00e9s d&#8217;aprenentatge.<\/li>\n<\/ul>\n<p>Vam crear unes comissions mixtes (fam\u00edlies i mestres) que van planificar com fer-ho.<\/p>\n<p>Vam finalitzar l&#8217;assessorament de la Inara Hasanova (<a href=\"http:\/\/www.landshaft.es\/\">http:\/\/www.landshaft.es\/<\/a>).<\/p>\n\r\n\t<div class=\"slideshow_container slideshow_container_style-light\" style=\"height: 300px; \" data-slideshow-id=\"941\" data-style-name=\"style-light\" data-style-version=\"2.3.1\" >\r\n\r\n\t\t\t\t\t<div class=\"slideshow_loading_icon\"><\/div>\r\n\t\t\r\n\t\t<div class=\"slideshow_content\" style=\"display: none;\">\r\n\r\n\t\t\t<div class=\"slideshow_view\">\r\n\t\t\t\t<div class=\"slideshow_slide slideshow_slide_image\">\r\n\t\t\t\t\t\t\t\t\t\t\t<img src=\"https:\/\/agora.xtec.cat\/escolacansorts\/wp-content\/uploads\/usu1930\/2019\/06\/PATIS.jpg\" alt=\"dav\" width=\"3366\" height=\"2175\" \/>\r\n\t\t\t\t\t\t\t\t\t\t<div class=\"slideshow_description_box slideshow_transparent\">\r\n\t\t\t\t\t\t<div class=\"slideshow_title\">dav<\/div>\t\t\t\t\t\t\t\t\t\t\t<\/div>\r\n\t\t\t\t<\/div>\r\n\r\n\t\t\t\t\t\t<div style=\"clear: both;\"><\/div><\/div><div class=\"slideshow_view\">\r\n\t\t\t\t<div class=\"slideshow_slide slideshow_slide_image\">\r\n\t\t\t\t\t\t\t\t\t\t\t<img src=\"https:\/\/agora.xtec.cat\/escolacansorts\/wp-content\/uploads\/usu1930\/2019\/06\/PATIS-1.jpg\" alt=\"dav\" width=\"3445\" height=\"1658\" \/>\r\n\t\t\t\t\t\t\t\t\t\t<div class=\"slideshow_description_box slideshow_transparent\">\r\n\t\t\t\t\t\t<div class=\"slideshow_title\">dav<\/div>\t\t\t\t\t\t\t\t\t\t\t<\/div>\r\n\t\t\t\t<\/div>\r\n\r\n\t\t\t\t\t\t<div style=\"clear: both;\"><\/div><\/div><div class=\"slideshow_view\">\r\n\t\t\t\t<div class=\"slideshow_slide slideshow_slide_image\">\r\n\t\t\t\t\t\t\t\t\t\t\t<img src=\"https:\/\/agora.xtec.cat\/escolacansorts\/wp-content\/uploads\/usu1930\/2019\/06\/PATIS-2-e1560348691820.jpg\" alt=\"dav\" width=\"3968\" height=\"1736\" \/>\r\n\t\t\t\t\t\t\t\t\t\t<div class=\"slideshow_description_box slideshow_transparent\">\r\n\t\t\t\t\t\t<div class=\"slideshow_title\">dav<\/div>\t\t\t\t\t\t\t\t\t\t\t<\/div>\r\n\t\t\t\t<\/div>\r\n\r\n\t\t\t\t\t\t<div style=\"clear: both;\"><\/div><\/div><div class=\"slideshow_view\">\r\n\t\t\t\t<div class=\"slideshow_slide slideshow_slide_image\">\r\n\t\t\t\t\t\t\t\t\t\t\t<img src=\"https:\/\/agora.xtec.cat\/escolacansorts\/wp-content\/uploads\/usu1930\/2019\/06\/PATIS-1.jpg\" alt=\"dav\" width=\"3445\" height=\"1658\" \/>\r\n\t\t\t\t\t\t\t\t\t\t<div class=\"slideshow_description_box slideshow_transparent\">\r\n\t\t\t\t\t\t<div class=\"slideshow_title\">dav<\/div>\t\t\t\t\t\t\t\t\t\t\t<\/div>\r\n\t\t\t\t<\/div>\r\n\r\n\t\t\t\t\t\t<div style=\"clear: both;\"><\/div><\/div><div class=\"slideshow_view\">\r\n\t\t\t\t<div class=\"slideshow_slide slideshow_slide_image\">\r\n\t\t\t\t\t\t\t\t\t\t\t<img src=\"https:\/\/agora.xtec.cat\/escolacansorts\/wp-content\/uploads\/usu1930\/2019\/06\/PROJECTE-PATIS-.png\" alt=\"PROJECTE PATIS\" width=\"501\" height=\"381\" \/>\r\n\t\t\t\t\t\t\t\t\t\t<div class=\"slideshow_description_box slideshow_transparent\">\r\n\t\t\t\t\t\t<div class=\"slideshow_title\">PROJECTE PATIS<\/div>\t\t\t\t\t\t\t\t\t\t\t<\/div>\r\n\t\t\t\t<\/div>\r\n\r\n\t\t\t\t\t\t<div style=\"clear: both;\"><\/div><\/div>\r\n\t\t<\/div>\r\n\r\n\t\t<div class=\"slideshow_controlPanel slideshow_transparent\" style=\"display: none;\"><ul><li class=\"slideshow_togglePlay\" data-play-text=\"Visualitza\" data-pause-text=\"Pausa\"><\/li><\/ul><\/div>\r\n\r\n\t\t<div class=\"slideshow_button slideshow_previous slideshow_transparent\" role=\"button\" data-previous-text=\"Anterior\" style=\"display: none;\"><\/div>\r\n\t\t<div class=\"slideshow_button slideshow_next slideshow_transparent\" role=\"button\" data-next-text=\"Seg\u00fcent\" style=\"display: none;\"><\/div>\r\n\r\n\t\t<div class=\"slideshow_pagination\" style=\"display: none;\" data-go-to-text=\"V\u00e9s a la diapositiva\"><div class=\"slideshow_pagination_center\"><\/div><\/div>\r\n\r\n\t\t<!-- WordPress Slideshow Version 2.3.1 -->\r\n\r\n\t\t\t<\/div>\r\n\r\n\n<p><a href=\"https:\/\/drive.google.com\/file\/d\/1tD9VVE9edfyMCWii_bbeUT3lgrqVhm96\/view?usp=sharing\" target=\"_blank\" rel=\"noopener noreferrer\">PROJECTE PATIS<\/a><\/p>\n<p>PRIMERA TROBADA 16-11-19<\/p>\n<ul>\n<li>Ja hem dut a terme la <a href=\"https:\/\/photos.google.com\/u\/2\/share\/AF1QipMlBoG-k8aRtQ9xmclmWdu-Si63I4DgqHfvxOOS3n82uZd3pTq7KQhYq2ZHDCs30g?key=bU83NjI0OGpMeVdWRmNFbFl2LVlaMV9GSUhrZjV3\" target=\"_blank\" rel=\"noopener noreferrer\">primera actuaci\u00f3<\/a> del projecte al pati de prim\u00e0ria: hem plantat cinc arbres tot just al costat de la cargola i aix\u00ed tenir un espai d&#8217;ombra. Tamb\u00e9, hem posat arbustos i unes plantes enfiladisses al sorral i l&#8217;Ajuntament ens ha col\u00b7locat unes taules de p\u00edcnic.<\/li>\n<\/ul>\n\n","protected":false},"excerpt":{"rendered":"<p>El curs 2018-19 vam comen\u00e7ar a estudiar com pod\u00edem transformar els patis de l&#8217;escola per:<\/p>\n<ul>\n<li>Millorar la conviv\u00e8ncia<\/li>\n<li>Donar m\u00e9s opcions de joc<\/li>\n<li>Fer servir el pati com un espai m\u00e9s d&#8217;aprenentatge.<\/li>\n<\/ul>\n<p>Vam crear unes comissions mixtes (fam\u00edlies i mestres) que van planificar com fer-ho.<br \/>\nVam finalitzar l&#8217;assessorament de la&hellip;  <a href=\"https:\/\/agora.xtec.cat\/escolacansorts\/projecte-pedagogic\/projecte-patis-2\/\" title=\"Read Projecte patis\">Llegeix m\u00e9s\u00bb<\/a><\/p>\n","protected":false},"author":1,"featured_media":0,"parent":683,"menu_order":0,"comment_status":"closed","ping_status":"closed","template":"page-templates\/side-menu.php","meta":{"_bbp_topic_count":0,"_bbp_reply_count":0,"_bbp_total_topic_count":0,"_bbp_total_reply_count":0,"_bbp_voice_count":0,"_bbp_anonymous_reply_count":0,"_bbp_topic_count_hidden":0,"_bbp_reply_count_hidden":0,"_bbp_forum_subforum_count":0,"footnotes":""},"class_list":["post-800","page","type-page","status-publish","hentry"],"post_mailing_queue_ids":[],"_links":{"self":[{"href":"https:\/\/agora.xtec.cat\/escolacansorts\/wp-json\/wp\/v2\/pages\/800","targetHints":{"allow":["GET"]}}],"collection":[{"href":"https:\/\/agora.xtec.cat\/escolacansorts\/wp-json\/wp\/v2\/pages"}],"about":[{"href":"https:\/\/agora.xtec.cat\/escolacansorts\/wp-json\/wp\/v2\/types\/page"}],"author":[{"embeddable":true,"href":"https:\/\/agora.xtec.cat\/escolacansorts\/wp-json\/wp\/v2\/users\/1"}],"replies":[{"embeddable":true,"href":"https:\/\/agora.xtec.cat\/escolacansorts\/wp-json\/wp\/v2\/comments?post=800"}],"version-history":[{"count":4,"href":"https:\/\/agora.xtec.cat\/escolacansorts\/wp-json\/wp\/v2\/pages\/800\/revisions"}],"predecessor-version":[{"id":1385,"href":"https:\/\/agora.xtec.cat\/escolacansorts\/wp-json\/wp\/v2\/pages\/800\/revisions\/1385"}],"up":[{"embeddable":true,"href":"https:\/\/agora.xtec.cat\/escolacansorts\/wp-json\/wp\/v2\/pages\/683"}],"wp:attachment":[{"href":"https:\/\/agora.xtec.cat\/escolacansorts\/wp-json\/wp\/v2\/media?parent=800"}],"curies":[{"name":"wp","href":"https:\/\/api.w.org\/{rel}","templated":true}]}}