{"id":9266,"date":"2017-02-08T20:37:04","date_gmt":"2017-02-08T19:37:04","guid":{"rendered":"http:\/\/agora.xtec.cat\/escolacanserra\/?page_id=9266"},"modified":"2023-10-31T09:18:26","modified_gmt":"2023-10-31T08:18:26","slug":"autoritzacions","status":"publish","type":"page","link":"https:\/\/agora.xtec.cat\/escolacanserra\/cursactual\/autoritzacions\/","title":{"rendered":"Impresos"},"content":{"rendered":"<p><a href=\"https:\/\/agora.xtec.cat\/escolacanserra\/wp-content\/uploads\/usu244\/2023\/10\/A253.pdf\">AUTORITZACI\u00d3 CLASSROOM\u00a0<\/a><\/p>\n<p><a href=\"https:\/\/agora.xtec.cat\/escolacanserra\/wp-content\/uploads\/usu244\/2023\/10\/autoritzacio-biblioteca-oberta.pdf\">AUTORITZACI\u00d3 BIBLIOTECA OBERTA SORTIR SOLS\/ES<\/a><\/p>\n<p><a href=\"https:\/\/agora.xtec.cat\/escolacanserra\/wp-content\/uploads\/usu244\/2023\/03\/DRET-IMATGE-I-DINANTIA.pdf\">AUTORITZACI\u00d3 IMATGE \/ DINANTIA<\/a><\/p>\n<p><a href=\"https:\/\/agora.xtec.cat\/escolacanserra\/wp-content\/uploads\/usu244\/2023\/07\/Carta-Ordinadors_families_alumnat-.pdf\">CARTA COMPROM\u00cdS DISPOSITIUS DIGITALS CICLE SUPERIOR<\/a><\/p>\n<p><a href=\"http:\/\/agora.xtec.cat\/escolacanserra\/wp-content\/uploads\/usu244\/2017\/02\/MODIFICACI\u00d3-DADES-DE-LALUMNAT.pdf\">MODIFICACI\u00d3 DADES DE L&#8217;ALUMNAT<\/a><\/p>\n<p><a href=\"https:\/\/agora.xtec.cat\/escolacanserra\/wp-content\/uploads\/usu244\/2022\/09\/Y332_188-PARACETAMOL.pdf\">AUTORITZACI\u00d3 PER ADMINISTRAR PARACETAMOL<\/a><\/p>\n<p><a href=\"https:\/\/drive.google.com\/file\/d\/0B40fDEcLZl8pd2hKdTlPQzhNaHM\/view?usp=sharing\">AUTORITZACI\u00d3 PER ADMINISTRAR MEDICAMENTS<\/a><\/p>\n<p><a href=\"https:\/\/drive.google.com\/open?id=0B40fDEcLZl8pRHBfSUpNV0gxaXc\">NOTIFICACI\u00d3 D&#8217;AL\u00b7L\u00c8RGIES<\/a><\/p>\n<p><a href=\"https:\/\/drive.google.com\/open?id=0B40fDEcLZl8pblM3T2ZxMEZiVGs\">AUTORITZACI\u00d3 SORTIDES<\/a><\/p>\n<p><a href=\"https:\/\/drive.google.com\/open?id=0B40fDEcLZl8pdWhlNFJBRkJ3Vk0\">AUTORITZACI\u00d3 PER SORTIR SOLS DE L&#8217;ESCOLA (A PARTIR DE 3r)<\/a><\/p>\n<p><a href=\"https:\/\/agora.xtec.cat\/escolacanserra\/wp-content\/uploads\/usu244\/2020\/09\/autoritzac\u00f3-menors-pdf.pdf\">AUTORITZACI\u00d3 RECOLLIDA GERMANES O GERMANS<\/a><\/p>\n<p><a href=\"https:\/\/drive.google.com\/open?id=0B40fDEcLZl8pTTJ0VDkydmFBV2s\">RECOLLIDA D\u2019ALUMNES PER ALTRES ADULTS<\/a><\/p>\n<p class=\"Estilo4\"><a href=\"https:\/\/drive.google.com\/open?id=0B40fDEcLZl8pbGVEZ0pHeDJTQzQ\">DADES DOMICILIACI\u00d3 BANC\u00c0RIA<\/a><\/p>\n<p class=\"Estilo4\"><a href=\"http:\/\/salutweb.gencat.cat\/web\/.content\/home\/ambits_tematics\/per_perfils\/centres_educatius\/infancia_i_malaltia\/diabetis_escola\/auto_control_glu_insulina.pdf\">SOL\u00b7LICITUD DE CONTROL DE GLUCOSA I ADMINISTRACI\u00d3 D&#8217;INSULINA<\/a><\/p>\n<p><a href=\"https:\/\/agora.xtec.cat\/escolacanserra\/wp-content\/uploads\/usu244\/2020\/09\/Al\u00e8rgies.pdf\">AUTORITZACI\u00d3 ADMINISTRACI\u00d3 MEDICAMENTS (AL\u00b7L\u00c8RGIES)<\/a><a style=\"font-family: inherit; font-size: 1em; text-align: right;\" href=\"https:\/\/agora.xtec.cat\/escolacanserra\/wp-content\/uploads\/usu244\/2020\/09\/AL\u00b7LERGIES-MEDICACIO.pdf\">A<\/a><\/p>\n<p><a style=\"font-family: inherit; font-size: 1em; text-align: right;\" href=\"https:\/\/agora.xtec.cat\/escolacanserra\/wp-content\/uploads\/usu244\/2020\/09\/AL\u00b7LERGIES-MEDICACIO.pdf\">AL\u00b7LERGIES AUTORITZACI\u00d3 ADRENALINA<\/a><\/p>\n<p class=\"Estilo4\"><a href=\"https:\/\/agora.xtec.cat\/escolacanserra\/wp-content\/uploads\/usu244\/2020\/09\/A315-Glucag\u00f3-Diabetis.pdf\">SOL\u00b7LICITUD I AUTORITZACI\u00d3 D&#8217;ADMINISTRACI\u00d3 DE GLUCAG\u00d3 ALS ALUMNES AMB DIABETIS<\/a><\/p>\n<p>&nbsp;<\/p>\n","protected":false},"excerpt":{"rendered":"<p>AUTORITZACI\u00d3 CLASSROOM\u00a0 AUTORITZACI\u00d3 BIBLIOTECA OBERTA SORTIR SOLS\/ES AUTORITZACI\u00d3 IMATGE \/ DINANTIA CARTA COMPROM\u00cdS DISPOSITIUS DIGITALS CICLE SUPERIOR MODIFICACI\u00d3 DADES DE L&#8217;ALUMNAT AUTORITZACI\u00d3 PER ADMINISTRAR PARACETAMOL AUTORITZACI\u00d3 PER ADMINISTRAR MEDICAMENTS NOTIFICACI\u00d3 D&#8217;AL\u00b7L\u00c8RGIES AUTORITZACI\u00d3 SORTIDES AUTORITZACI\u00d3 PER SORTIR SOLS DE L&#8217;ESCOLA (A PARTIR DE 3r) AUTORITZACI\u00d3 RECOLLIDA GERMANES O GERMANS RECOLLIDA D\u2019ALUMNES PER ALTRES ADULTS DADES DOMICILIACI\u00d3 [&hellip;]<\/p>\n","protected":false},"author":1,"featured_media":0,"parent":64,"menu_order":0,"comment_status":"closed","ping_status":"closed","template":"","meta":{"_bbp_topic_count":0,"_bbp_reply_count":0,"_bbp_total_topic_count":0,"_bbp_total_reply_count":0,"_bbp_voice_count":0,"_bbp_anonymous_reply_count":0,"_bbp_topic_count_hidden":0,"_bbp_reply_count_hidden":0,"_bbp_forum_subforum_count":0,"site-sidebar-layout":"default","site-content-layout":"","ast-site-content-layout":"","site-content-style":"default","site-sidebar-style":"default","ast-global-header-display":"","ast-banner-title-visibility":"","ast-main-header-display":"","ast-hfb-above-header-display":"","ast-hfb-below-header-display":"","ast-hfb-mobile-header-display":"","site-post-title":"","ast-breadcrumbs-content":"","ast-featured-img":"","footer-sml-layout":"","theme-transparent-header-meta":"","adv-header-id-meta":"","stick-header-meta":"","header-above-stick-meta":"","header-main-stick-meta":"","header-below-stick-meta":"","astra-migrate-meta-layouts":"default","ast-page-background-enabled":"default","ast-page-background-meta":{"desktop":{"background-color":"var(--ast-global-color-4)","background-image":"","background-repeat":"repeat","background-position":"center center","background-size":"auto","background-attachment":"scroll","background-type":"","background-media":"","overlay-type":"","overlay-color":"","overlay-opacity":"","overlay-gradient":""},"tablet":{"background-color":"","background-image":"","background-repeat":"repeat","background-position":"center center","background-size":"auto","background-attachment":"scroll","background-type":"","background-media":"","overlay-type":"","overlay-color":"","overlay-opacity":"","overlay-gradient":""},"mobile":{"background-color":"","background-image":"","background-repeat":"repeat","background-position":"center center","background-size":"auto","background-attachment":"scroll","background-type":"","background-media":"","overlay-type":"","overlay-color":"","overlay-opacity":"","overlay-gradient":""}},"ast-content-background-meta":{"desktop":{"background-color":"var(--ast-global-color-5)","background-image":"","background-repeat":"repeat","background-position":"center center","background-size":"auto","background-attachment":"scroll","background-type":"","background-media":"","overlay-type":"","overlay-color":"","overlay-opacity":"","overlay-gradient":""},"tablet":{"background-color":"var(--ast-global-color-5)","background-image":"","background-repeat":"repeat","background-position":"center center","background-size":"auto","background-attachment":"scroll","background-type":"","background-media":"","overlay-type":"","overlay-color":"","overlay-opacity":"","overlay-gradient":""},"mobile":{"background-color":"var(--ast-global-color-5)","background-image":"","background-repeat":"repeat","background-position":"center center","background-size":"auto","background-attachment":"scroll","background-type":"","background-media":"","overlay-type":"","overlay-color":"","overlay-opacity":"","overlay-gradient":""}},"footnotes":""},"class_list":["post-9266","page","type-page","status-publish","hentry"],"post_mailing_queue_ids":[],"_links":{"self":[{"href":"https:\/\/agora.xtec.cat\/escolacanserra\/wp-json\/wp\/v2\/pages\/9266","targetHints":{"allow":["GET"]}}],"collection":[{"href":"https:\/\/agora.xtec.cat\/escolacanserra\/wp-json\/wp\/v2\/pages"}],"about":[{"href":"https:\/\/agora.xtec.cat\/escolacanserra\/wp-json\/wp\/v2\/types\/page"}],"author":[{"embeddable":true,"href":"https:\/\/agora.xtec.cat\/escolacanserra\/wp-json\/wp\/v2\/users\/1"}],"replies":[{"embeddable":true,"href":"https:\/\/agora.xtec.cat\/escolacanserra\/wp-json\/wp\/v2\/comments?post=9266"}],"version-history":[{"count":6,"href":"https:\/\/agora.xtec.cat\/escolacanserra\/wp-json\/wp\/v2\/pages\/9266\/revisions"}],"predecessor-version":[{"id":30147,"href":"https:\/\/agora.xtec.cat\/escolacanserra\/wp-json\/wp\/v2\/pages\/9266\/revisions\/30147"}],"up":[{"embeddable":true,"href":"https:\/\/agora.xtec.cat\/escolacanserra\/wp-json\/wp\/v2\/pages\/64"}],"wp:attachment":[{"href":"https:\/\/agora.xtec.cat\/escolacanserra\/wp-json\/wp\/v2\/media?parent=9266"}],"curies":[{"name":"wp","href":"https:\/\/api.w.org\/{rel}","templated":true}]}}