{"id":5748,"date":"2015-12-28T12:20:27","date_gmt":"2015-12-28T11:20:27","guid":{"rendered":"http:\/\/agora.xtec.cat\/escolacanserra\/?page_id=5748"},"modified":"2025-09-23T15:29:26","modified_gmt":"2025-09-23T13:29:26","slug":"colonies","status":"publish","type":"page","link":"https:\/\/agora.xtec.cat\/escolacanserra\/cursactual\/colonies\/","title":{"rendered":"Col\u00f2nies"},"content":{"rendered":"<p>D&#8217;acord amb el nostre projecte educatiu, l&#8217;escola organitza col\u00f2nies a finals de cada cicle: I5, 2n, 4t i 6\u00e8. Les col\u00f2nies d&#8217;I5 duren dos dies i una nit. A 2n, 4t i 6\u00e8 duren 3 dies i dues nits.<\/p>\n<p><strong>Per poder <\/strong><strong style=\"font-family: inherit; font-size: 1em;\">assistir a les col\u00f2nies<\/strong><strong style=\"font-family: inherit; font-size: 1em;\">, s&#8217;ha d&#8217;estar al corrent de tots els pagaments (llibres, material i sortides) o haver negociat amb l&#8217;escola el fraccionament d&#8217;aquest al llarg del curs.<\/strong><\/p>\n<p><span style=\"font-family: inherit; font-size: 1em;\">Les tutores dels vostres fills\/es us informaran respectivament quan arribin les dates pr\u00f2ximes a la realitzaci\u00f3 de l\u2019activitat.<\/span><\/p>\n<p>Nom\u00e9s es fa reuni\u00f3 de col\u00f2nies el primer cop que un grup marxa a fer aquesta activitat (I5).<\/p>\n<p><img loading=\"lazy\" decoding=\"async\" class=\"alignleft\" src=\"https:\/\/objectiu2012.files.wordpress.com\/2011\/11\/esplai_nen37-copia.png\" alt=\"Dormilona a l&amp;#39;esplai \u201cBueno y que..\u201d | Objectiu 2012 - Folch i Torres\" width=\"188\" height=\"165\" \/><\/p>\n<table style=\"height: 281px; width: 61.9436%;\">\n<tbody>\n<tr>\n<td style=\"width: 14.1509%; text-align: right;\">CURS<\/td>\n<td style=\"text-align: center; width: 32.8331%;\">DATES 25-26<\/td>\n<td style=\"text-align: center; width: 28.4877%;\">CASA COL\u00d2NIES<\/td>\n<td style=\"text-align: center; width: 21.6981%;\">TEM\u00c0TICA<\/td>\n<\/tr>\n<tr>\n<td style=\"text-align: center; width: 14.1509%;\">I5<\/td>\n<td style=\"text-align: center; width: 32.8331%;\">18 i 19 de maig<\/td>\n<td style=\"text-align: center; width: 28.4877%;\">Can Ribas<\/td>\n<td style=\"text-align: center; width: 21.6981%;\">Pirates<\/td>\n<\/tr>\n<tr>\n<td style=\"text-align: center; width: 14.1509%;\">2n i 4t<\/td>\n<td style=\"text-align: center; width: 32.8331%;\">13, 14 i 15 d&#8217;abril<\/td>\n<td style=\"text-align: center; width: 28.4877%;\">Jou Nature<\/td>\n<td style=\"text-align: center; width: 21.6981%;\">Muntanya \/ aventura<\/td>\n<\/tr>\n<tr>\n<td style=\"text-align: center; width: 14.1509%;\">6\u00e8<\/td>\n<td style=\"text-align: center; width: 32.8331%;\">27, 28 i 29 de maig 2025<\/td>\n<td style=\"text-align: center; width: 28.4877%;\">Cala Gog\u00f3<\/td>\n<td style=\"text-align: center; width: 21.6981%;\">Mar \/ aqu\u00e0tiques\/ aventura<\/td>\n<\/tr>\n<\/tbody>\n<\/table>\n","protected":false},"excerpt":{"rendered":"<p>D&#8217;acord amb el nostre projecte educatiu, l&#8217;escola organitza col\u00f2nies a finals de cada cicle: I5, 2n, 4t i 6\u00e8. Les col\u00f2nies d&#8217;I5 duren dos dies i una nit. A 2n, 4t i 6\u00e8 duren 3 dies i dues nits. Per poder assistir a les col\u00f2nies, s&#8217;ha d&#8217;estar al corrent de tots els pagaments (llibres, material [&hellip;]<\/p>\n","protected":false},"author":1,"featured_media":0,"parent":64,"menu_order":0,"comment_status":"closed","ping_status":"closed","template":"","meta":{"_bbp_topic_count":0,"_bbp_reply_count":0,"_bbp_total_topic_count":0,"_bbp_total_reply_count":0,"_bbp_voice_count":0,"_bbp_anonymous_reply_count":0,"_bbp_topic_count_hidden":0,"_bbp_reply_count_hidden":0,"_bbp_forum_subforum_count":0,"site-sidebar-layout":"default","site-content-layout":"","ast-site-content-layout":"","site-content-style":"default","site-sidebar-style":"default","ast-global-header-display":"","ast-banner-title-visibility":"","ast-main-header-display":"","ast-hfb-above-header-display":"","ast-hfb-below-header-display":"","ast-hfb-mobile-header-display":"","site-post-title":"","ast-breadcrumbs-content":"","ast-featured-img":"","footer-sml-layout":"","theme-transparent-header-meta":"","adv-header-id-meta":"","stick-header-meta":"","header-above-stick-meta":"","header-main-stick-meta":"","header-below-stick-meta":"","astra-migrate-meta-layouts":"default","ast-page-background-enabled":"default","ast-page-background-meta":{"desktop":{"background-color":"var(--ast-global-color-4)","background-image":"","background-repeat":"repeat","background-position":"center center","background-size":"auto","background-attachment":"scroll","background-type":"","background-media":"","overlay-type":"","overlay-color":"","overlay-opacity":"","overlay-gradient":""},"tablet":{"background-color":"","background-image":"","background-repeat":"repeat","background-position":"center center","background-size":"auto","background-attachment":"scroll","background-type":"","background-media":"","overlay-type":"","overlay-color":"","overlay-opacity":"","overlay-gradient":""},"mobile":{"background-color":"","background-image":"","background-repeat":"repeat","background-position":"center center","background-size":"auto","background-attachment":"scroll","background-type":"","background-media":"","overlay-type":"","overlay-color":"","overlay-opacity":"","overlay-gradient":""}},"ast-content-background-meta":{"desktop":{"background-color":"var(--ast-global-color-5)","background-image":"","background-repeat":"repeat","background-position":"center center","background-size":"auto","background-attachment":"scroll","background-type":"","background-media":"","overlay-type":"","overlay-color":"","overlay-opacity":"","overlay-gradient":""},"tablet":{"background-color":"var(--ast-global-color-5)","background-image":"","background-repeat":"repeat","background-position":"center center","background-size":"auto","background-attachment":"scroll","background-type":"","background-media":"","overlay-type":"","overlay-color":"","overlay-opacity":"","overlay-gradient":""},"mobile":{"background-color":"var(--ast-global-color-5)","background-image":"","background-repeat":"repeat","background-position":"center center","background-size":"auto","background-attachment":"scroll","background-type":"","background-media":"","overlay-type":"","overlay-color":"","overlay-opacity":"","overlay-gradient":""}},"footnotes":""},"class_list":["post-5748","page","type-page","status-publish","hentry"],"post_mailing_queue_ids":[],"_links":{"self":[{"href":"https:\/\/agora.xtec.cat\/escolacanserra\/wp-json\/wp\/v2\/pages\/5748","targetHints":{"allow":["GET"]}}],"collection":[{"href":"https:\/\/agora.xtec.cat\/escolacanserra\/wp-json\/wp\/v2\/pages"}],"about":[{"href":"https:\/\/agora.xtec.cat\/escolacanserra\/wp-json\/wp\/v2\/types\/page"}],"author":[{"embeddable":true,"href":"https:\/\/agora.xtec.cat\/escolacanserra\/wp-json\/wp\/v2\/users\/1"}],"replies":[{"embeddable":true,"href":"https:\/\/agora.xtec.cat\/escolacanserra\/wp-json\/wp\/v2\/comments?post=5748"}],"version-history":[{"count":6,"href":"https:\/\/agora.xtec.cat\/escolacanserra\/wp-json\/wp\/v2\/pages\/5748\/revisions"}],"predecessor-version":[{"id":31290,"href":"https:\/\/agora.xtec.cat\/escolacanserra\/wp-json\/wp\/v2\/pages\/5748\/revisions\/31290"}],"up":[{"embeddable":true,"href":"https:\/\/agora.xtec.cat\/escolacanserra\/wp-json\/wp\/v2\/pages\/64"}],"wp:attachment":[{"href":"https:\/\/agora.xtec.cat\/escolacanserra\/wp-json\/wp\/v2\/media?parent=5748"}],"curies":[{"name":"wp","href":"https:\/\/api.w.org\/{rel}","templated":true}]}}