{"id":4277,"date":"2015-06-23T18:17:07","date_gmt":"2015-06-23T17:17:07","guid":{"rendered":"http:\/\/agora.xtec.cat\/escolacanserra\/?page_id=4277"},"modified":"2023-07-12T10:50:50","modified_gmt":"2023-07-12T08:50:50","slug":"fi-de-curs","status":"publish","type":"page","link":"https:\/\/agora.xtec.cat\/escolacanserra\/festes\/fi-de-curs\/","title":{"rendered":"Fi de curs \/ Graduaci\u00f3 6\u00e8"},"content":{"rendered":"<p>Quan arriba l&#8217;\u00faltim dia d&#8217;escola, tota l&#8217;escola s&#8217;acomiada dels alumnes de sis\u00e8, que a partir del curs seg\u00fcent, se&#8217;n van a l&#8217;Institut. Ens trobem tots al pati de l&#8217;escola i cantem el m\u00edtic himne de comiat de Can Serra &#8220;AD\u00c9U AD\u00c9U, ALUMNES DE SIS\u00c9&#8221;. Els padrinets fan entrega als alumnes de sis\u00e8 d&#8217;un petit detall-record. A continuaci\u00f3, ens preparem per remullar-nos i passar-ho d&#8217;all\u00f2\u00a0m\u00e9s b\u00e9 amb\u00a0jocs d&#8217;aigua.<\/p>\n<p>Tamb\u00e9 fem un COMIAT-SOPAR al vespre, organitzat per les fam\u00edlies de 5\u00e8 i l&#8217;AMPA de l&#8217;Escola. A continuaci\u00f3, podeu trobar els articles amb la graduaci\u00f3 de les darreres promocions:<\/p>\n<p><a href=\"https:\/\/agora.xtec.cat\/escolacanserra\/portada\/graduacio-6e-promocio-2014-2023\/\">GRADUACI\u00d3 2014-2023<\/a><\/p>\n<p><a href=\"https:\/\/agora.xtec.cat\/escolacanserra\/portada\/graduacio-6e-2013-2022\/\">GRADUACI\u00d3 2013-2022<\/a><\/p>\n<p>GRADUACI\u00d3 2012-2021<\/p>\n<p>GRADUACI\u00d3 2011-2020<\/p>\n<p>GRADUACI\u00d3 2010-2019<\/p>\n<p><a href=\"https:\/\/agora.xtec.cat\/escolacanserra\/general\/graduacio-6e-2009-2018\/\">GRADUACI\u00d3 2009-2018<\/a><\/p>\n<p><a href=\"https:\/\/agora.xtec.cat\/escolacanserra\/portada\/graduacio-6e-2017\/\"><span style=\"font-family: inherit; font-size: 1em;\">GRADUACI\u00d3 2008-2017<\/span><\/a><\/p>\n<p><a href=\"https:\/\/agora.xtec.cat\/escolacanserra\/15-16\/graduacio-sise-15-16\/\">GRADUACI\u00d3 2007-2016<\/a><\/p>\n<p>&nbsp;<\/p>\n","protected":false},"excerpt":{"rendered":"<p>Quan arriba l&#8217;\u00faltim dia d&#8217;escola, tota l&#8217;escola s&#8217;acomiada dels alumnes de sis\u00e8, que a partir del curs seg\u00fcent, se&#8217;n van a l&#8217;Institut. Ens trobem tots al pati de l&#8217;escola i cantem el m\u00edtic himne de comiat de Can Serra &#8220;AD\u00c9U AD\u00c9U, ALUMNES DE SIS\u00c9&#8221;. Els padrinets fan entrega als alumnes de sis\u00e8 d&#8217;un petit detall-record. [&hellip;]<\/p>\n","protected":false},"author":1,"featured_media":0,"parent":289,"menu_order":0,"comment_status":"closed","ping_status":"closed","template":"","meta":{"_bbp_topic_count":0,"_bbp_reply_count":0,"_bbp_total_topic_count":0,"_bbp_total_reply_count":0,"_bbp_voice_count":0,"_bbp_anonymous_reply_count":0,"_bbp_topic_count_hidden":0,"_bbp_reply_count_hidden":0,"_bbp_forum_subforum_count":0,"site-sidebar-layout":"default","site-content-layout":"","ast-site-content-layout":"","site-content-style":"default","site-sidebar-style":"default","ast-global-header-display":"","ast-banner-title-visibility":"","ast-main-header-display":"","ast-hfb-above-header-display":"","ast-hfb-below-header-display":"","ast-hfb-mobile-header-display":"","site-post-title":"","ast-breadcrumbs-content":"","ast-featured-img":"","footer-sml-layout":"","theme-transparent-header-meta":"","adv-header-id-meta":"","stick-header-meta":"","header-above-stick-meta":"","header-main-stick-meta":"","header-below-stick-meta":"","astra-migrate-meta-layouts":"default","ast-page-background-enabled":"default","ast-page-background-meta":{"desktop":{"background-color":"var(--ast-global-color-4)","background-image":"","background-repeat":"repeat","background-position":"center center","background-size":"auto","background-attachment":"scroll","background-type":"","background-media":"","overlay-type":"","overlay-color":"","overlay-opacity":"","overlay-gradient":""},"tablet":{"background-color":"","background-image":"","background-repeat":"repeat","background-position":"center center","background-size":"auto","background-attachment":"scroll","background-type":"","background-media":"","overlay-type":"","overlay-color":"","overlay-opacity":"","overlay-gradient":""},"mobile":{"background-color":"","background-image":"","background-repeat":"repeat","background-position":"center center","background-size":"auto","background-attachment":"scroll","background-type":"","background-media":"","overlay-type":"","overlay-color":"","overlay-opacity":"","overlay-gradient":""}},"ast-content-background-meta":{"desktop":{"background-color":"var(--ast-global-color-5)","background-image":"","background-repeat":"repeat","background-position":"center center","background-size":"auto","background-attachment":"scroll","background-type":"","background-media":"","overlay-type":"","overlay-color":"","overlay-opacity":"","overlay-gradient":""},"tablet":{"background-color":"var(--ast-global-color-5)","background-image":"","background-repeat":"repeat","background-position":"center center","background-size":"auto","background-attachment":"scroll","background-type":"","background-media":"","overlay-type":"","overlay-color":"","overlay-opacity":"","overlay-gradient":""},"mobile":{"background-color":"var(--ast-global-color-5)","background-image":"","background-repeat":"repeat","background-position":"center center","background-size":"auto","background-attachment":"scroll","background-type":"","background-media":"","overlay-type":"","overlay-color":"","overlay-opacity":"","overlay-gradient":""}},"footnotes":""},"class_list":["post-4277","page","type-page","status-publish","hentry"],"post_mailing_queue_ids":[],"_links":{"self":[{"href":"https:\/\/agora.xtec.cat\/escolacanserra\/wp-json\/wp\/v2\/pages\/4277","targetHints":{"allow":["GET"]}}],"collection":[{"href":"https:\/\/agora.xtec.cat\/escolacanserra\/wp-json\/wp\/v2\/pages"}],"about":[{"href":"https:\/\/agora.xtec.cat\/escolacanserra\/wp-json\/wp\/v2\/types\/page"}],"author":[{"embeddable":true,"href":"https:\/\/agora.xtec.cat\/escolacanserra\/wp-json\/wp\/v2\/users\/1"}],"replies":[{"embeddable":true,"href":"https:\/\/agora.xtec.cat\/escolacanserra\/wp-json\/wp\/v2\/comments?post=4277"}],"version-history":[{"count":3,"href":"https:\/\/agora.xtec.cat\/escolacanserra\/wp-json\/wp\/v2\/pages\/4277\/revisions"}],"predecessor-version":[{"id":30052,"href":"https:\/\/agora.xtec.cat\/escolacanserra\/wp-json\/wp\/v2\/pages\/4277\/revisions\/30052"}],"up":[{"embeddable":true,"href":"https:\/\/agora.xtec.cat\/escolacanserra\/wp-json\/wp\/v2\/pages\/289"}],"wp:attachment":[{"href":"https:\/\/agora.xtec.cat\/escolacanserra\/wp-json\/wp\/v2\/media?parent=4277"}],"curies":[{"name":"wp","href":"https:\/\/api.w.org\/{rel}","templated":true}]}}