{"id":4028,"date":"2015-04-06T20:11:12","date_gmt":"2015-04-06T19:11:12","guid":{"rendered":"http:\/\/agora.xtec.cat\/escolacanserra\/?page_id=4028"},"modified":"2024-07-05T12:43:43","modified_gmt":"2024-07-05T10:43:43","slug":"llibres-de-text","status":"publish","type":"page","link":"https:\/\/agora.xtec.cat\/escolacanserra\/cursactual\/llibres-de-text\/","title":{"rendered":"Llibres de text 24-25"},"content":{"rendered":"<p><strong>Cada infant ha rebut un Dinantia personalitzat amb el llistat llibres que s&#8217;han de comprar a llibreries o establiments comercials (fora de l&#8217;escola). <\/strong>At\u00e8s que \u00e9s la despesa m\u00e9s elevada, <strong>recomanem que les fam\u00edlies feu servir els vals escolars (60\u20ac) per reduir les despeses de la compra de llibres de text.<\/strong><\/p>\n<p>A Prim\u00e0ria, a banda d&#8217;aquests llibres, hi ha<a href=\"https:\/\/agora.xtec.cat\/escolacanserra\/wp-content\/uploads\/usu244\/2024\/07\/AFA-LOTS-DIDACTICS-SOCIALITZATS-23-24.pdf\"> LOTS DID\u00c0CTICS SOCIALITZATS 24-25 <\/a>que gestiona l&#8217;AFA i que les fam\u00edlies NO heu de comprar (estan inclosos amb el pagament anual de quota d&#8217;AFA-Cooperativa).<\/p>\n<p><strong>INFOGRAFIA LLIBRES INFANTIL<\/strong><\/p>\n<p><a href=\"https:\/\/agora.xtec.cat\/escolacanserra\/wp-content\/uploads\/usu244\/2024\/07\/INF-INFOGRAFIA-LOTS-DIDACTICS-24-25-2-scaled.jpg\"><img loading=\"lazy\" decoding=\"async\" class=\"alignnone wp-image-30517\" src=\"https:\/\/agora.xtec.cat\/escolacanserra\/wp-content\/uploads\/usu244\/2024\/07\/INF-INFOGRAFIA-LOTS-DIDACTICS-24-25-2-724x1024.jpg\" alt=\"\" width=\"330\" height=\"467\" srcset=\"https:\/\/agora.xtec.cat\/escolacanserra\/wp-content\/uploads\/usu244\/2024\/07\/INF-INFOGRAFIA-LOTS-DIDACTICS-24-25-2-724x1024.jpg 724w, https:\/\/agora.xtec.cat\/escolacanserra\/wp-content\/uploads\/usu244\/2024\/07\/INF-INFOGRAFIA-LOTS-DIDACTICS-24-25-2-212x300.jpg 212w, https:\/\/agora.xtec.cat\/escolacanserra\/wp-content\/uploads\/usu244\/2024\/07\/INF-INFOGRAFIA-LOTS-DIDACTICS-24-25-2-768x1086.jpg 768w, https:\/\/agora.xtec.cat\/escolacanserra\/wp-content\/uploads\/usu244\/2024\/07\/INF-INFOGRAFIA-LOTS-DIDACTICS-24-25-2-1086x1536.jpg 1086w, https:\/\/agora.xtec.cat\/escolacanserra\/wp-content\/uploads\/usu244\/2024\/07\/INF-INFOGRAFIA-LOTS-DIDACTICS-24-25-2-1448x2048.jpg 1448w, https:\/\/agora.xtec.cat\/escolacanserra\/wp-content\/uploads\/usu244\/2024\/07\/INF-INFOGRAFIA-LOTS-DIDACTICS-24-25-2-scaled.jpg 1810w\" sizes=\"auto, (max-width: 330px) 100vw, 330px\" \/><\/a><\/p>\n<p><strong>INFOGRAFIA LLIBRES PRIM\u00c0RIA<\/strong><\/p>\n<p><a href=\"https:\/\/agora.xtec.cat\/escolacanserra\/wp-content\/uploads\/usu244\/2024\/07\/PRI-INFOGRAFIA-LOTS-DIDACTICS-24-25-2-scaled.jpg\"><img loading=\"lazy\" decoding=\"async\" class=\"alignnone wp-image-30518\" src=\"https:\/\/agora.xtec.cat\/escolacanserra\/wp-content\/uploads\/usu244\/2024\/07\/PRI-INFOGRAFIA-LOTS-DIDACTICS-24-25-2-724x1024.jpg\" alt=\"\" width=\"329\" height=\"466\" srcset=\"https:\/\/agora.xtec.cat\/escolacanserra\/wp-content\/uploads\/usu244\/2024\/07\/PRI-INFOGRAFIA-LOTS-DIDACTICS-24-25-2-724x1024.jpg 724w, https:\/\/agora.xtec.cat\/escolacanserra\/wp-content\/uploads\/usu244\/2024\/07\/PRI-INFOGRAFIA-LOTS-DIDACTICS-24-25-2-212x300.jpg 212w, https:\/\/agora.xtec.cat\/escolacanserra\/wp-content\/uploads\/usu244\/2024\/07\/PRI-INFOGRAFIA-LOTS-DIDACTICS-24-25-2-768x1086.jpg 768w, https:\/\/agora.xtec.cat\/escolacanserra\/wp-content\/uploads\/usu244\/2024\/07\/PRI-INFOGRAFIA-LOTS-DIDACTICS-24-25-2-1086x1536.jpg 1086w, https:\/\/agora.xtec.cat\/escolacanserra\/wp-content\/uploads\/usu244\/2024\/07\/PRI-INFOGRAFIA-LOTS-DIDACTICS-24-25-2-1448x2048.jpg 1448w, https:\/\/agora.xtec.cat\/escolacanserra\/wp-content\/uploads\/usu244\/2024\/07\/PRI-INFOGRAFIA-LOTS-DIDACTICS-24-25-2-scaled.jpg 1810w\" sizes=\"auto, (max-width: 329px) 100vw, 329px\" \/><\/a><\/p>\n","protected":false},"excerpt":{"rendered":"<p>Cada infant ha rebut un Dinantia personalitzat amb el llistat llibres que s&#8217;han de comprar a llibreries o establiments comercials (fora de l&#8217;escola). At\u00e8s que \u00e9s la despesa m\u00e9s elevada, recomanem que les fam\u00edlies feu servir els vals escolars (60\u20ac) per reduir les despeses de la compra de llibres de text. A Prim\u00e0ria, a banda [&hellip;]<\/p>\n","protected":false},"author":1,"featured_media":0,"parent":64,"menu_order":0,"comment_status":"closed","ping_status":"closed","template":"","meta":{"_bbp_topic_count":0,"_bbp_reply_count":0,"_bbp_total_topic_count":0,"_bbp_total_reply_count":0,"_bbp_voice_count":0,"_bbp_anonymous_reply_count":0,"_bbp_topic_count_hidden":0,"_bbp_reply_count_hidden":0,"_bbp_forum_subforum_count":0,"site-sidebar-layout":"default","site-content-layout":"","ast-site-content-layout":"","site-content-style":"default","site-sidebar-style":"default","ast-global-header-display":"","ast-banner-title-visibility":"","ast-main-header-display":"","ast-hfb-above-header-display":"","ast-hfb-below-header-display":"","ast-hfb-mobile-header-display":"","site-post-title":"","ast-breadcrumbs-content":"","ast-featured-img":"","footer-sml-layout":"","theme-transparent-header-meta":"","adv-header-id-meta":"","stick-header-meta":"","header-above-stick-meta":"","header-main-stick-meta":"","header-below-stick-meta":"","astra-migrate-meta-layouts":"default","ast-page-background-enabled":"default","ast-page-background-meta":{"desktop":{"background-color":"var(--ast-global-color-4)","background-image":"","background-repeat":"repeat","background-position":"center center","background-size":"auto","background-attachment":"scroll","background-type":"","background-media":"","overlay-type":"","overlay-color":"","overlay-opacity":"","overlay-gradient":""},"tablet":{"background-color":"","background-image":"","background-repeat":"repeat","background-position":"center center","background-size":"auto","background-attachment":"scroll","background-type":"","background-media":"","overlay-type":"","overlay-color":"","overlay-opacity":"","overlay-gradient":""},"mobile":{"background-color":"","background-image":"","background-repeat":"repeat","background-position":"center center","background-size":"auto","background-attachment":"scroll","background-type":"","background-media":"","overlay-type":"","overlay-color":"","overlay-opacity":"","overlay-gradient":""}},"ast-content-background-meta":{"desktop":{"background-color":"var(--ast-global-color-5)","background-image":"","background-repeat":"repeat","background-position":"center center","background-size":"auto","background-attachment":"scroll","background-type":"","background-media":"","overlay-type":"","overlay-color":"","overlay-opacity":"","overlay-gradient":""},"tablet":{"background-color":"var(--ast-global-color-5)","background-image":"","background-repeat":"repeat","background-position":"center center","background-size":"auto","background-attachment":"scroll","background-type":"","background-media":"","overlay-type":"","overlay-color":"","overlay-opacity":"","overlay-gradient":""},"mobile":{"background-color":"var(--ast-global-color-5)","background-image":"","background-repeat":"repeat","background-position":"center center","background-size":"auto","background-attachment":"scroll","background-type":"","background-media":"","overlay-type":"","overlay-color":"","overlay-opacity":"","overlay-gradient":""}},"footnotes":""},"class_list":["post-4028","page","type-page","status-publish","hentry"],"post_mailing_queue_ids":[],"_links":{"self":[{"href":"https:\/\/agora.xtec.cat\/escolacanserra\/wp-json\/wp\/v2\/pages\/4028","targetHints":{"allow":["GET"]}}],"collection":[{"href":"https:\/\/agora.xtec.cat\/escolacanserra\/wp-json\/wp\/v2\/pages"}],"about":[{"href":"https:\/\/agora.xtec.cat\/escolacanserra\/wp-json\/wp\/v2\/types\/page"}],"author":[{"embeddable":true,"href":"https:\/\/agora.xtec.cat\/escolacanserra\/wp-json\/wp\/v2\/users\/1"}],"replies":[{"embeddable":true,"href":"https:\/\/agora.xtec.cat\/escolacanserra\/wp-json\/wp\/v2\/comments?post=4028"}],"version-history":[{"count":7,"href":"https:\/\/agora.xtec.cat\/escolacanserra\/wp-json\/wp\/v2\/pages\/4028\/revisions"}],"predecessor-version":[{"id":30522,"href":"https:\/\/agora.xtec.cat\/escolacanserra\/wp-json\/wp\/v2\/pages\/4028\/revisions\/30522"}],"up":[{"embeddable":true,"href":"https:\/\/agora.xtec.cat\/escolacanserra\/wp-json\/wp\/v2\/pages\/64"}],"wp:attachment":[{"href":"https:\/\/agora.xtec.cat\/escolacanserra\/wp-json\/wp\/v2\/media?parent=4028"}],"curies":[{"name":"wp","href":"https:\/\/api.w.org\/{rel}","templated":true}]}}