{"id":4024,"date":"2015-04-06T20:04:33","date_gmt":"2015-04-06T19:04:33","guid":{"rendered":"http:\/\/agora.xtec.cat\/escolacanserra\/?page_id=4024"},"modified":"2025-07-12T09:42:05","modified_gmt":"2025-07-12T07:42:05","slug":"sortides-i-colonies","status":"publish","type":"page","link":"https:\/\/agora.xtec.cat\/escolacanserra\/cursactual\/sortides-i-colonies\/","title":{"rendered":"Sortides"},"content":{"rendered":"<h1 style=\"text-align: center;\">SORTIDES<\/h1>\n<p>Les sortides i excursions formen part de la nostra programaci\u00f3 anual. Han estat pensades i seleccionades amb cura per tal d\u2019arribar a assolir uns objectius determinats i com a complement dels programes curriculars del curs. S\u00f3n molt\u00a0 importants i recomanables i estan aprovades pel Consell Escolar.<img loading=\"lazy\" decoding=\"async\" class=\" aligncenter\" src=\"http:\/\/www.animatedimages.org\/data\/media\/425\/animated-bus-image-0023.gif\" alt=\"\" width=\"170\" height=\"82\" \/><\/p>\n<p><strong>L&#8217;aportaci\u00f3 econ\u00f2mica de les fam\u00edlies en concepte de sortides \u00e9s unificada per tot l&#8217;alumnat de l&#8217;escola i es fa de manera unificada juntament amb l&#8217;aportaci\u00f3 per material escolar mitjan\u00e7ant l&#8217;app Dinantia abans d&#8217;iniciar el curs.\u00a0<\/strong><\/p>\n<p><a href=\"https:\/\/agora.xtec.cat\/escolacanserra\/wp-content\/uploads\/usu244\/2025\/07\/pagament-unificat-25-26.jpg\"><img loading=\"lazy\" decoding=\"async\" class=\"wp-image-31248 aligncenter\" src=\"https:\/\/agora.xtec.cat\/escolacanserra\/wp-content\/uploads\/usu244\/2025\/07\/pagament-unificat-25-26-576x1024.jpg\" alt=\"\" width=\"173\" height=\"308\" srcset=\"https:\/\/agora.xtec.cat\/escolacanserra\/wp-content\/uploads\/usu244\/2025\/07\/pagament-unificat-25-26-576x1024.jpg 576w, https:\/\/agora.xtec.cat\/escolacanserra\/wp-content\/uploads\/usu244\/2025\/07\/pagament-unificat-25-26-169x300.jpg 169w, https:\/\/agora.xtec.cat\/escolacanserra\/wp-content\/uploads\/usu244\/2025\/07\/pagament-unificat-25-26-768x1365.jpg 768w, https:\/\/agora.xtec.cat\/escolacanserra\/wp-content\/uploads\/usu244\/2025\/07\/pagament-unificat-25-26-864x1536.jpg 864w, https:\/\/agora.xtec.cat\/escolacanserra\/wp-content\/uploads\/usu244\/2025\/07\/pagament-unificat-25-26.jpg 1080w\" sizes=\"auto, (max-width: 173px) 100vw, 173px\" \/><\/a><\/p>\n<p>El pagament es far\u00e0 durant el mes de gener-febrer mitjan\u00e7ant l&#8217;App Dinantia. Si alguna fam\u00edlia t\u00e9 alguna problem\u00e0tica amb la modalitat o vol gestionar el pagament, ha d&#8217;avisar\u00a0 a la secretaria de l\u2019escola.<\/p>\n<p><strong><span style=\"color: #000000;\">Per assistir a les sortides les fam\u00edlies han d&#8217;estar al corrent del pagament o haver negociat amb l&#8217;escola el fraccionament d&#8217;aquest al llarg del curs,<\/span><\/strong><\/p>\n<p>El preu de les SORTIDES <strong>inclou<\/strong>:<\/p>\n<ul>\n<li>Les sortides establertes a cada curs.<\/li>\n<li>Una sortida o activitat de projecte per curs.<\/li>\n<li>Entrades Audicions musicals TMC<\/li>\n<li>Entrades Teatre en angl\u00e8s<\/li>\n<li>Teatre en angl\u00e8s E.I. i EI<\/li>\n<li>Els tallers o sortides que es contracten de Setmana Cultural<\/li>\n<li>Contracte Taller d&#8217;Escacs (club Escacs Barber\u00e0)<\/li>\n<li>Pagament curs de Piscina a les instal.lacions esportives municipals.<\/li>\n<li><span style=\"font-family: inherit; font-size: 1em;\">Els autocars.<\/span><\/li>\n<li>Els servei de l&#8217;empresa de monitoratge\u00a0 (Roca Gonz\u00e1lez) que acompanya el grup.<\/li>\n<\/ul>\n<p>No est\u00e0 incl\u00f2s el pagament de les <strong>col\u00f2nies<\/strong> que es fan a I5, 2n, 4t i 6\u00e8. Les col\u00f2nies tenen data i forma espec\u00edfica de pagament. <a href=\"http:\/\/agora.xtec.cat\/escolacanserra\/curs1516\/colonies\/\">M\u00e9s informaci\u00f3: apartat\u00a0&#8220;col\u00f2nies<\/a>&#8220;.<\/p>\n<p>En cas que un grup no pugui realitzar una sortida o activitat programada, es realitzar\u00e0 la devoluci\u00f3 corresponent en format de descompte de la quota de sortides del seg\u00fcent curs.<\/p>\n<p>Si algun nen o nena no assisteix a la sortida, nom\u00e9s se li podr\u00e0 retornar, a petici\u00f3 expressa de la fam\u00edlia en finalitzar el curs, la part de l\u2019entrada individual.<\/p>\n","protected":false},"excerpt":{"rendered":"<p>SORTIDES Les sortides i excursions formen part de la nostra programaci\u00f3 anual. Han estat pensades i seleccionades amb cura per tal d\u2019arribar a assolir uns objectius determinats i com a complement dels programes curriculars del curs. S\u00f3n molt\u00a0 importants i recomanables i estan aprovades pel Consell Escolar. L&#8217;aportaci\u00f3 econ\u00f2mica de les fam\u00edlies en concepte de [&hellip;]<\/p>\n","protected":false},"author":1,"featured_media":0,"parent":64,"menu_order":0,"comment_status":"closed","ping_status":"closed","template":"","meta":{"_bbp_topic_count":0,"_bbp_reply_count":0,"_bbp_total_topic_count":0,"_bbp_total_reply_count":0,"_bbp_voice_count":0,"_bbp_anonymous_reply_count":0,"_bbp_topic_count_hidden":0,"_bbp_reply_count_hidden":0,"_bbp_forum_subforum_count":0,"site-sidebar-layout":"default","site-content-layout":"","ast-site-content-layout":"","site-content-style":"default","site-sidebar-style":"default","ast-global-header-display":"","ast-banner-title-visibility":"","ast-main-header-display":"","ast-hfb-above-header-display":"","ast-hfb-below-header-display":"","ast-hfb-mobile-header-display":"","site-post-title":"","ast-breadcrumbs-content":"","ast-featured-img":"","footer-sml-layout":"","theme-transparent-header-meta":"","adv-header-id-meta":"","stick-header-meta":"","header-above-stick-meta":"","header-main-stick-meta":"","header-below-stick-meta":"","astra-migrate-meta-layouts":"default","ast-page-background-enabled":"default","ast-page-background-meta":{"desktop":{"background-color":"var(--ast-global-color-4)","background-image":"","background-repeat":"repeat","background-position":"center center","background-size":"auto","background-attachment":"scroll","background-type":"","background-media":"","overlay-type":"","overlay-color":"","overlay-opacity":"","overlay-gradient":""},"tablet":{"background-color":"","background-image":"","background-repeat":"repeat","background-position":"center center","background-size":"auto","background-attachment":"scroll","background-type":"","background-media":"","overlay-type":"","overlay-color":"","overlay-opacity":"","overlay-gradient":""},"mobile":{"background-color":"","background-image":"","background-repeat":"repeat","background-position":"center center","background-size":"auto","background-attachment":"scroll","background-type":"","background-media":"","overlay-type":"","overlay-color":"","overlay-opacity":"","overlay-gradient":""}},"ast-content-background-meta":{"desktop":{"background-color":"var(--ast-global-color-5)","background-image":"","background-repeat":"repeat","background-position":"center center","background-size":"auto","background-attachment":"scroll","background-type":"","background-media":"","overlay-type":"","overlay-color":"","overlay-opacity":"","overlay-gradient":""},"tablet":{"background-color":"var(--ast-global-color-5)","background-image":"","background-repeat":"repeat","background-position":"center center","background-size":"auto","background-attachment":"scroll","background-type":"","background-media":"","overlay-type":"","overlay-color":"","overlay-opacity":"","overlay-gradient":""},"mobile":{"background-color":"var(--ast-global-color-5)","background-image":"","background-repeat":"repeat","background-position":"center center","background-size":"auto","background-attachment":"scroll","background-type":"","background-media":"","overlay-type":"","overlay-color":"","overlay-opacity":"","overlay-gradient":""}},"footnotes":""},"class_list":["post-4024","page","type-page","status-publish","hentry"],"post_mailing_queue_ids":[],"_links":{"self":[{"href":"https:\/\/agora.xtec.cat\/escolacanserra\/wp-json\/wp\/v2\/pages\/4024","targetHints":{"allow":["GET"]}}],"collection":[{"href":"https:\/\/agora.xtec.cat\/escolacanserra\/wp-json\/wp\/v2\/pages"}],"about":[{"href":"https:\/\/agora.xtec.cat\/escolacanserra\/wp-json\/wp\/v2\/types\/page"}],"author":[{"embeddable":true,"href":"https:\/\/agora.xtec.cat\/escolacanserra\/wp-json\/wp\/v2\/users\/1"}],"replies":[{"embeddable":true,"href":"https:\/\/agora.xtec.cat\/escolacanserra\/wp-json\/wp\/v2\/comments?post=4024"}],"version-history":[{"count":6,"href":"https:\/\/agora.xtec.cat\/escolacanserra\/wp-json\/wp\/v2\/pages\/4024\/revisions"}],"predecessor-version":[{"id":31250,"href":"https:\/\/agora.xtec.cat\/escolacanserra\/wp-json\/wp\/v2\/pages\/4024\/revisions\/31250"}],"up":[{"embeddable":true,"href":"https:\/\/agora.xtec.cat\/escolacanserra\/wp-json\/wp\/v2\/pages\/64"}],"wp:attachment":[{"href":"https:\/\/agora.xtec.cat\/escolacanserra\/wp-json\/wp\/v2\/media?parent=4024"}],"curies":[{"name":"wp","href":"https:\/\/api.w.org\/{rel}","templated":true}]}}