{"id":3944,"date":"2015-03-14T22:27:20","date_gmt":"2015-03-14T21:27:20","guid":{"rendered":"http:\/\/agora.xtec.cat\/escolacanserra\/?page_id=3944"},"modified":"2025-12-03T09:32:37","modified_gmt":"2025-12-03T08:32:37","slug":"consell-escolar-2","status":"publish","type":"page","link":"https:\/\/agora.xtec.cat\/escolacanserra\/lescola\/consell-escolar-2\/","title":{"rendered":"Consell Escolar"},"content":{"rendered":"<h4>ACORDS CONSELL ESCOLAR<\/h4>\n<p><a href=\"https:\/\/drive.google.com\/drive\/folders\/1xmifTQ0oPDAl2boKJK8xi_a4gypdEiNk?usp=sharing\">Al seg\u00fcent enlla\u00e7 trobareu els acords que es prenen als Consells Escolars de l&#8217;escola.\u00a0<\/a><\/p>\n<h4>ELECCIONS CONSELL ESCOLAR 2025<\/h4>\n<h4><a href=\"https:\/\/agora.xtec.cat\/escolacanserra\/wp-content\/uploads\/usu244\/2025\/11\/RESULTATS-ELECCIONS-CARTA-FAMILIES-2025.pdf\">RESULTATS ELECCIONS CARTA FAM\u00cdLIES 2025<\/a><\/h4>\n<h4>QU\u00c8 \u00c9S EL CONSELL ESCOLAR?<\/h4>\n<p>El Consell Escolar\u00a0el formen els representants de tota la comunitat educativa, \u00e9s a dir, direcci\u00f3, professors, fam\u00edlies, personal d&#8217;administraci\u00f3 i serveis\u00a0i\u00a0representant de l&#8217;administraci\u00f3 local.<\/p>\n<p>La funci\u00f3 principal del consell escolar \u00e9s participar en la presa de decisions en relaci\u00f3 amb aquells temes importants per al funcionament i l&#8217;organitzaci\u00f3 del centre: el projecte educatiu, la programaci\u00f3 general, la gesti\u00f3 econ\u00f2mica, aprovaci\u00f3 d&#8217;horaris, casal d&#8217;estiu, etc.<\/p>\n<p><a href=\"https:\/\/agora.xtec.cat\/escolacanserra\/wp-content\/uploads\/usu244\/2018\/11\/orientacions-pares-mares-ce.pdf\">Orientacions per als\/les representants dels pares i mares del Consell Escolar<\/a><\/p>\n<p>L&#8217;actual Consell Escolar de l&#8217;escola est\u00e0 format per:<\/p>\n<p><strong>Equip directiu<\/strong>: Christian \u00c0lvarez , Gemma Monta\u00f1\u00e0 i Carol Ventaja.<\/p>\n<p><strong>Representat Ajuntament:<\/strong> Daniel Gonz\u00e1lez.<\/p>\n<p><strong>Personal Administratiu (PAS):<\/strong> N\u00faria Aguil\u00f3 (2025)<\/p>\n<p><strong>Personal d&#8217;atenci\u00f3 Educativa\u00a0 (PAE)<\/strong>: Elisabeth Guidu (2025)<\/p>\n<p><strong>Representants mestres:<\/strong><\/p>\n<p>Noelia Marin\u00e9, Elisabet Arias (2023)<\/p>\n<p>Marta Arasanz, Ainhoa Ca\u00f1abate i Manel Rodr\u00edguez (2025)<\/p>\n<p><strong>Representat AFA:<\/strong>\u00a0 Judit Ruiz (2025)<\/p>\n<p><strong>Representats fam\u00edlies<\/strong>: Ver\u00f3nica Callejo, Raquel Fraga, Jorge Mu\u00f1oz, Inmaculada Su\u00e1rez, Cristina Castel (2025)<\/p>\n<p><a href=\"http:\/\/familiaiescola.gencat.cat\/ca\/escolaritat\/participacio_i_compromis\/participacio_coresponsabilitzacio\/participacio_en_el_funcionament_del_centre\/consell_escolar\">M\u00e9s informaci\u00f3 sobre el Consell Escolar.\u00a0<\/a> Web del Departament d&#8217;Educaci\u00f3.<\/p>\n","protected":false},"excerpt":{"rendered":"<p>ACORDS CONSELL ESCOLAR Al seg\u00fcent enlla\u00e7 trobareu els acords que es prenen als Consells Escolars de l&#8217;escola.\u00a0 ELECCIONS CONSELL ESCOLAR 2025 RESULTATS ELECCIONS CARTA FAM\u00cdLIES 2025 QU\u00c8 \u00c9S EL CONSELL ESCOLAR? El Consell Escolar\u00a0el formen els representants de tota la comunitat educativa, \u00e9s a dir, direcci\u00f3, professors, fam\u00edlies, personal d&#8217;administraci\u00f3 i serveis\u00a0i\u00a0representant de l&#8217;administraci\u00f3 local. [&hellip;]<\/p>\n","protected":false},"author":1,"featured_media":0,"parent":22,"menu_order":0,"comment_status":"closed","ping_status":"closed","template":"","meta":{"_bbp_topic_count":0,"_bbp_reply_count":0,"_bbp_total_topic_count":0,"_bbp_total_reply_count":0,"_bbp_voice_count":0,"_bbp_anonymous_reply_count":0,"_bbp_topic_count_hidden":0,"_bbp_reply_count_hidden":0,"_bbp_forum_subforum_count":0,"site-sidebar-layout":"default","site-content-layout":"","ast-site-content-layout":"default","site-content-style":"default","site-sidebar-style":"default","ast-global-header-display":"","ast-banner-title-visibility":"","ast-main-header-display":"","ast-hfb-above-header-display":"","ast-hfb-below-header-display":"","ast-hfb-mobile-header-display":"","site-post-title":"","ast-breadcrumbs-content":"","ast-featured-img":"","footer-sml-layout":"","theme-transparent-header-meta":"","adv-header-id-meta":"","stick-header-meta":"","header-above-stick-meta":"","header-main-stick-meta":"","header-below-stick-meta":"","astra-migrate-meta-layouts":"set","ast-page-background-enabled":"default","ast-page-background-meta":{"desktop":{"background-color":"var(--ast-global-color-4)","background-image":"","background-repeat":"repeat","background-position":"center center","background-size":"auto","background-attachment":"scroll","background-type":"","background-media":"","overlay-type":"","overlay-color":"","overlay-opacity":"","overlay-gradient":""},"tablet":{"background-color":"","background-image":"","background-repeat":"repeat","background-position":"center center","background-size":"auto","background-attachment":"scroll","background-type":"","background-media":"","overlay-type":"","overlay-color":"","overlay-opacity":"","overlay-gradient":""},"mobile":{"background-color":"","background-image":"","background-repeat":"repeat","background-position":"center center","background-size":"auto","background-attachment":"scroll","background-type":"","background-media":"","overlay-type":"","overlay-color":"","overlay-opacity":"","overlay-gradient":""}},"ast-content-background-meta":{"desktop":{"background-color":"var(--ast-global-color-5)","background-image":"","background-repeat":"repeat","background-position":"center center","background-size":"auto","background-attachment":"scroll","background-type":"","background-media":"","overlay-type":"","overlay-color":"","overlay-opacity":"","overlay-gradient":""},"tablet":{"background-color":"var(--ast-global-color-5)","background-image":"","background-repeat":"repeat","background-position":"center center","background-size":"auto","background-attachment":"scroll","background-type":"","background-media":"","overlay-type":"","overlay-color":"","overlay-opacity":"","overlay-gradient":""},"mobile":{"background-color":"var(--ast-global-color-5)","background-image":"","background-repeat":"repeat","background-position":"center center","background-size":"auto","background-attachment":"scroll","background-type":"","background-media":"","overlay-type":"","overlay-color":"","overlay-opacity":"","overlay-gradient":""}},"footnotes":""},"class_list":["post-3944","page","type-page","status-publish","hentry"],"post_mailing_queue_ids":[],"_links":{"self":[{"href":"https:\/\/agora.xtec.cat\/escolacanserra\/wp-json\/wp\/v2\/pages\/3944","targetHints":{"allow":["GET"]}}],"collection":[{"href":"https:\/\/agora.xtec.cat\/escolacanserra\/wp-json\/wp\/v2\/pages"}],"about":[{"href":"https:\/\/agora.xtec.cat\/escolacanserra\/wp-json\/wp\/v2\/types\/page"}],"author":[{"embeddable":true,"href":"https:\/\/agora.xtec.cat\/escolacanserra\/wp-json\/wp\/v2\/users\/1"}],"replies":[{"embeddable":true,"href":"https:\/\/agora.xtec.cat\/escolacanserra\/wp-json\/wp\/v2\/comments?post=3944"}],"version-history":[{"count":6,"href":"https:\/\/agora.xtec.cat\/escolacanserra\/wp-json\/wp\/v2\/pages\/3944\/revisions"}],"predecessor-version":[{"id":31561,"href":"https:\/\/agora.xtec.cat\/escolacanserra\/wp-json\/wp\/v2\/pages\/3944\/revisions\/31561"}],"up":[{"embeddable":true,"href":"https:\/\/agora.xtec.cat\/escolacanserra\/wp-json\/wp\/v2\/pages\/22"}],"wp:attachment":[{"href":"https:\/\/agora.xtec.cat\/escolacanserra\/wp-json\/wp\/v2\/media?parent=3944"}],"curies":[{"name":"wp","href":"https:\/\/api.w.org\/{rel}","templated":true}]}}