{"id":318,"date":"2015-02-28T22:16:44","date_gmt":"2015-02-28T21:16:44","guid":{"rendered":"http:\/\/agora.xtec.cat\/escolacanserra\/?page_id=318"},"modified":"2026-01-09T17:57:39","modified_gmt":"2026-01-09T16:57:39","slug":"carnestoltes-setmana-cultural","status":"publish","type":"page","link":"https:\/\/agora.xtec.cat\/escolacanserra\/festes\/carnestoltes-setmana-cultural\/","title":{"rendered":"Carnestoltes \/ Setmana Cultural"},"content":{"rendered":"<p style=\"text-align: justify;\">L&#8217;Escola Can Serra celebra, des de l&#8217;any 1993, jornades\u00a0culturals.\u00a0Durant la setmana\u00a0cultural (coincidint amb el Carnaval), tota l\u2019escola realitza diferents activitats\u00a0a partir d\u2019un centre\u00a0d\u2019inter\u00e8s.<\/p>\n<p style=\"text-align: justify;\">Les delegades i delegats voten els diferents temes proposats i, una vegada\u00a0se n&#8217;ha triat\u00a0un, cada nivell treballa un \u00e0mbit del tema escollit. Els alumnes tamb\u00e9 col\u00b7laboren en l&#8217;edici\u00f3 del cartell de la Setmana Cultural (dibuixos i esl\u00f2gan).\u00a0Les nenes i nens fan dibuixos relacionats amb el tema escollit i els delegats i delegades escullen els que m\u00e9s els agrada. A partir dels dibuixos guanyadors de cada classe, es fa una composici\u00f3 per elaborar el cartell final. A m\u00e9s, cada classe proposa un esl\u00f2gan. Es fa un recull de tots els esl\u00f2gans proposats i s&#8217;obre votaci\u00f3 online a la p\u00e0gina web de l&#8217;escola. L&#8217;esl\u00f2gan guanyador es d\u00f3na a con\u00e8ixer via web i s&#8217;incorpora al cartell final.<\/p>\n<p style=\"text-align: justify;\">Com fem coincidir la Setmana Cultural amb la festa de Carnaval, durant la setmana anem seguint les diferents ordres\/consignes boges que ens proposa el Rei Carnestoltes. L&#8217;\u00faltim dia de la setmana cultural, el divendres a la tarda, les fam\u00edlies estan convidades a veure les diferents coreografies que ballen els alumnes de l&#8217;escola, disfressats amb la tem\u00e0tica de cada classe (relacionada amb el tema de la Setmana Cultural).<\/p>\n<table style=\"width: 51.8312%; height: 1833px;\">\n<tbody>\n<tr style=\"height: 79px;\">\n<td style=\"width: 57.5864%; height: 79px;\" colspan=\"2\" width=\"727\">SETMANES CULTURALS (HIST\u00d2RIC)<\/td>\n<\/tr>\n<tr style=\"height: 16px;\">\n<td style=\"width: 16.1667%; height: 16px;\" width=\"115\">CURS<\/td>\n<td style=\"width: 41.4197%; height: 16px;\" width=\"611\">T\u00cdTOL<\/td>\n<\/tr>\n<tr style=\"height: 79px;\">\n<td style=\"width: 16.1667%; height: 79px;\" width=\"115\">1993<\/td>\n<td style=\"width: 41.4197%; height: 79px;\" width=\"611\">La primavera<\/td>\n<\/tr>\n<tr style=\"height: 79px;\">\n<td style=\"width: 16.1667%; height: 79px;\" width=\"115\">2005-2006<\/td>\n<td style=\"width: 41.4197%; height: 79px;\" width=\"611\">El llibre a trav\u00e9s de la hist\u00f2ria<\/td>\n<\/tr>\n<tr style=\"height: 79px;\">\n<td style=\"width: 16.1667%; height: 79px;\" width=\"115\">2006-2007<\/td>\n<td style=\"width: 41.4197%; height: 79px;\" width=\"611\">1,2,3 amb les matem\u00e0tiques tots juguem<\/td>\n<\/tr>\n<tr style=\"height: 79px;\">\n<td style=\"width: 16.1667%; height: 79px;\" width=\"115\">2007-2008<\/td>\n<td style=\"width: 41.4197%; height: 79px;\" width=\"611\">Aigua per a tothom, aigua per a la vida<\/td>\n<\/tr>\n<tr style=\"height: 79px;\">\n<td style=\"width: 16.1667%; height: 79px;\" width=\"115\">2008-2009<\/td>\n<td style=\"width: 41.4197%; height: 79px;\" width=\"611\">Llegir et fa gran i pots descobrir alguna cosa interessant<\/td>\n<\/tr>\n<tr style=\"height: 79px;\">\n<td style=\"width: 16.1667%; height: 79px;\" width=\"115\">2009-2010<\/td>\n<td style=\"width: 41.4197%; height: 79px;\" width=\"611\">Els esports: Olimp\u00edades Can Serra<\/td>\n<\/tr>\n<tr style=\"height: 79px;\">\n<td style=\"width: 16.1667%; height: 79px;\" width=\"115\">2010-2011<\/td>\n<td style=\"width: 41.4197%; height: 79px;\" width=\"611\">Visca la festa, visca la gresca<\/td>\n<\/tr>\n<tr style=\"height: 79px;\">\n<td style=\"width: 16.1667%; height: 79px;\" width=\"115\">2011-2012<\/td>\n<td style=\"width: 41.4197%; height: 79px;\" width=\"611\">Mites que venen i van<\/td>\n<\/tr>\n<tr style=\"height: 79px;\">\n<td style=\"width: 16.1667%; height: 79px;\" width=\"115\">2012-2013<\/td>\n<td style=\"width: 41.4197%; height: 79px;\" width=\"611\">Musicals<\/td>\n<\/tr>\n<tr style=\"height: 79px;\">\n<td style=\"width: 16.1667%; height: 79px;\" width=\"115\">2013-2014<\/td>\n<td style=\"width: 41.4197%; height: 79px;\" width=\"611\">Viu la ci\u00e8ncia<\/td>\n<\/tr>\n<tr style=\"height: 79px;\">\n<td style=\"width: 16.1667%; height: 79px;\" width=\"115\">2014-2015<\/td>\n<td style=\"width: 41.4197%; height: 79px;\" width=\"611\">La pintura, un somni de colors<\/td>\n<\/tr>\n<tr style=\"height: 79px;\">\n<td style=\"width: 16.1667%; height: 79px;\" width=\"115\">2015-2016<\/td>\n<td style=\"width: 41.4197%; height: 79px;\" width=\"611\">Amb animals en risc, jo no visc<\/td>\n<\/tr>\n<tr style=\"height: 79px;\">\n<td style=\"width: 16.1667%; height: 79px;\" width=\"115\">2016-2017<\/td>\n<td style=\"width: 41.4197%; height: 79px;\" width=\"611\">Emociona\u2019t Can Serra<\/td>\n<\/tr>\n<tr style=\"height: 79px;\">\n<td style=\"width: 16.1667%; height: 79px;\" width=\"115\">2017-2018<\/td>\n<td style=\"width: 41.4197%; height: 79px;\" width=\"611\">3,2,1, Can Serra en acci\u00f3!<\/td>\n<\/tr>\n<tr style=\"height: 79px;\">\n<td style=\"width: 16.1667%; height: 79px;\" width=\"115\">2018-2019<\/td>\n<td style=\"width: 41.4197%; height: 79px;\" width=\"611\">Oficis en igualtat, oficis de veritat<\/td>\n<\/tr>\n<tr style=\"height: 79px;\">\n<td style=\"width: 16.1667%; height: 79px;\" width=\"115\">2019-2020<\/td>\n<td style=\"width: 41.4197%; height: 79px;\" width=\"611\">Somiem que inventem<\/td>\n<\/tr>\n<tr style=\"height: 79px;\">\n<td style=\"width: 16.1667%; height: 79px;\" width=\"115\">2020-2021<\/td>\n<td style=\"width: 41.4197%; height: 79px;\" width=\"611\">El C\u00f2mic<\/td>\n<\/tr>\n<tr style=\"height: 79px;\">\n<td style=\"width: 16.1667%; height: 79px;\" width=\"115\">2021-2022<\/td>\n<td style=\"width: 41.4197%; height: 79px;\" width=\"611\">La volta al m\u00f3n<\/td>\n<\/tr>\n<tr style=\"height: 79px;\">\n<td style=\"width: 16.1667%; height: 79px;\" width=\"115\">2021-2022<\/td>\n<td style=\"width: 41.4197%; height: 79px;\" width=\"611\">Can Serra el dona ales (la volta al m\u00f3n)<\/td>\n<\/tr>\n<tr style=\"height: 79px;\">\n<td style=\"width: 16.1667%; height: 79px;\" width=\"115\">2022-2023<\/td>\n<td style=\"width: 41.4197%; height: 79px;\" width=\"611\">Un circ d\u2019il\u00b7lusions, un m\u00f3n d\u2019emocions<\/td>\n<\/tr>\n<tr style=\"height: 79px;\">\n<td style=\"width: 16.1667%; height: 79px;\" width=\"115\">2023-2024<\/td>\n<td style=\"width: 41.4197%; height: 79px;\" width=\"611\">D\u2019oca en oca, a Can Serra toca (jocs de taula)<\/td>\n<\/tr>\n<tr style=\"height: 79px;\">\n<td style=\"width: 16.1667%; height: 79px;\" width=\"115\">2024-2025<\/td>\n<td style=\"width: 41.4197%; height: 79px;\" width=\"611\">Aigua, Terra, foc i vent, a Can Serra encaixes molt b\u00e9<\/td>\n<\/tr>\n<tr>\n<td style=\"width: 16.1667%;\">2025-2026<\/td>\n<td style=\"width: 41.4197%;\">Univers<\/td>\n<\/tr>\n<\/tbody>\n<\/table>\n<p style=\"text-align: center;\">\n","protected":false},"excerpt":{"rendered":"<p>L&#8217;Escola Can Serra celebra, des de l&#8217;any 1993, jornades\u00a0culturals.\u00a0Durant la setmana\u00a0cultural (coincidint amb el Carnaval), tota l\u2019escola realitza diferents activitats\u00a0a partir d\u2019un centre\u00a0d\u2019inter\u00e8s. Les delegades i delegats voten els diferents temes proposats i, una vegada\u00a0se n&#8217;ha triat\u00a0un, cada nivell treballa un \u00e0mbit del tema escollit. Els alumnes tamb\u00e9 col\u00b7laboren en l&#8217;edici\u00f3 del cartell de la [&hellip;]<\/p>\n","protected":false},"author":1,"featured_media":0,"parent":289,"menu_order":0,"comment_status":"closed","ping_status":"closed","template":"","meta":{"_bbp_topic_count":0,"_bbp_reply_count":0,"_bbp_total_topic_count":0,"_bbp_total_reply_count":0,"_bbp_voice_count":0,"_bbp_anonymous_reply_count":0,"_bbp_topic_count_hidden":0,"_bbp_reply_count_hidden":0,"_bbp_forum_subforum_count":0,"site-sidebar-layout":"default","site-content-layout":"","ast-site-content-layout":"default","site-content-style":"default","site-sidebar-style":"default","ast-global-header-display":"","ast-banner-title-visibility":"","ast-main-header-display":"","ast-hfb-above-header-display":"","ast-hfb-below-header-display":"","ast-hfb-mobile-header-display":"","site-post-title":"","ast-breadcrumbs-content":"","ast-featured-img":"","footer-sml-layout":"","theme-transparent-header-meta":"","adv-header-id-meta":"","stick-header-meta":"","header-above-stick-meta":"","header-main-stick-meta":"","header-below-stick-meta":"","astra-migrate-meta-layouts":"set","ast-page-background-enabled":"default","ast-page-background-meta":{"desktop":{"background-color":"var(--ast-global-color-4)","background-image":"","background-repeat":"repeat","background-position":"center center","background-size":"auto","background-attachment":"scroll","background-type":"","background-media":"","overlay-type":"","overlay-color":"","overlay-opacity":"","overlay-gradient":""},"tablet":{"background-color":"","background-image":"","background-repeat":"repeat","background-position":"center center","background-size":"auto","background-attachment":"scroll","background-type":"","background-media":"","overlay-type":"","overlay-color":"","overlay-opacity":"","overlay-gradient":""},"mobile":{"background-color":"","background-image":"","background-repeat":"repeat","background-position":"center center","background-size":"auto","background-attachment":"scroll","background-type":"","background-media":"","overlay-type":"","overlay-color":"","overlay-opacity":"","overlay-gradient":""}},"ast-content-background-meta":{"desktop":{"background-color":"var(--ast-global-color-5)","background-image":"","background-repeat":"repeat","background-position":"center center","background-size":"auto","background-attachment":"scroll","background-type":"","background-media":"","overlay-type":"","overlay-color":"","overlay-opacity":"","overlay-gradient":""},"tablet":{"background-color":"var(--ast-global-color-5)","background-image":"","background-repeat":"repeat","background-position":"center center","background-size":"auto","background-attachment":"scroll","background-type":"","background-media":"","overlay-type":"","overlay-color":"","overlay-opacity":"","overlay-gradient":""},"mobile":{"background-color":"var(--ast-global-color-5)","background-image":"","background-repeat":"repeat","background-position":"center center","background-size":"auto","background-attachment":"scroll","background-type":"","background-media":"","overlay-type":"","overlay-color":"","overlay-opacity":"","overlay-gradient":""}},"footnotes":""},"class_list":["post-318","page","type-page","status-publish","hentry"],"post_mailing_queue_ids":[],"_links":{"self":[{"href":"https:\/\/agora.xtec.cat\/escolacanserra\/wp-json\/wp\/v2\/pages\/318","targetHints":{"allow":["GET"]}}],"collection":[{"href":"https:\/\/agora.xtec.cat\/escolacanserra\/wp-json\/wp\/v2\/pages"}],"about":[{"href":"https:\/\/agora.xtec.cat\/escolacanserra\/wp-json\/wp\/v2\/types\/page"}],"author":[{"embeddable":true,"href":"https:\/\/agora.xtec.cat\/escolacanserra\/wp-json\/wp\/v2\/users\/1"}],"replies":[{"embeddable":true,"href":"https:\/\/agora.xtec.cat\/escolacanserra\/wp-json\/wp\/v2\/comments?post=318"}],"version-history":[{"count":6,"href":"https:\/\/agora.xtec.cat\/escolacanserra\/wp-json\/wp\/v2\/pages\/318\/revisions"}],"predecessor-version":[{"id":31648,"href":"https:\/\/agora.xtec.cat\/escolacanserra\/wp-json\/wp\/v2\/pages\/318\/revisions\/31648"}],"up":[{"embeddable":true,"href":"https:\/\/agora.xtec.cat\/escolacanserra\/wp-json\/wp\/v2\/pages\/289"}],"wp:attachment":[{"href":"https:\/\/agora.xtec.cat\/escolacanserra\/wp-json\/wp\/v2\/media?parent=318"}],"curies":[{"name":"wp","href":"https:\/\/api.w.org\/{rel}","templated":true}]}}