{"id":31446,"date":"2025-11-25T08:53:29","date_gmt":"2025-11-25T07:53:29","guid":{"rendered":"https:\/\/agora.xtec.cat\/escolacanserra\/?page_id=31446"},"modified":"2026-03-03T15:09:30","modified_gmt":"2026-03-03T14:09:30","slug":"pagina-dinici-buida-2","status":"publish","type":"page","link":"https:\/\/agora.xtec.cat\/escolacanserra\/","title":{"rendered":"Preinscripci\u00f3 26-27"},"content":{"rendered":"\n<h1 class=\"wp-block-heading\">Preinscripci\u00f3 26-27<\/h1>\n\n\n\n<p><\/p>\n\n\n\n<p><a href=\"https:\/\/www.bdv.cat\/mapes-zones-educatives\" target=\"_blank\" rel=\"noreferrer noopener\">MAPA ZONES EDUCATIVES DE BARBER\u00c0 DEL VALL\u00c8S<\/a><\/p>\n\n\n\n<p><\/p>\n\n\n\n<p><strong>Codi Escola Can Serra:<\/strong><strong>&nbsp;08033602<\/strong><\/p>\n\n\n\n<p><\/p>\n\n\n\n<figure class=\"wp-block-table is-style-stripes\"><table class=\"has-fixed-layout\"><tbody><tr><td>Portes Obertes (formulari d&#8217;inscripci\u00f3)  <strong>25\/02\/2026 (9:15h o 15:30h)<\/strong><\/td><\/tr><tr><td>\ud83d\udcc4\u00a0<a href=\"https:\/\/agora.xtec.cat\/escolacanserra\/wp-content\/uploads\/usu244\/2026\/03\/Oferta-Inicial-places.jpg\">Oferta provisional de places: <strong> 3 de mar\u00e7<\/strong><\/a><\/td><\/tr><tr><td>\ud83d\udcc4 <a href=\"https:\/\/tramits.gencat.cat\/ca\/tramits\/tramits-temes\/preinscripcio-obligatoris?category=&amp;moda=1\">Preinscripci\u00f3 telem\u00e0tica: <strong>del 4 al 18 de mar\u00e7 de 2026<\/strong><\/a><\/td><\/tr><tr><td>\ud83d\udcc4&nbsp;Llistats puntuaci\u00f3 provisional: <strong>15 d\u2019abril<\/strong><\/td><\/tr><tr><td>\ud83d\udcc4 Llistes resoltes reclamacions: <strong>del 15 al 20 d\u2019abril<\/strong><\/td><\/tr><tr><td>\ud83d\udcc4 N\u00famero desempat: <strong>28 d\u2019abril<\/strong><\/td><\/tr><tr><td>\ud83d\udcc4&nbsp;Llista ordenada: <strong>29 d\u2019abril<\/strong><\/td><\/tr><tr><td>\ud83d\udcc4 Oferta final: <strong>10 de juny<\/strong><\/td><\/tr><tr><td>\ud83d\udcc4 &nbsp;Llista d&#8217;assignats: <strong>10 de juny<\/strong><\/td><\/tr><tr><td>\ud83d\udcc4&nbsp;Llista espera: <strong>10 de juny<\/strong><\/td><\/tr><tr><td>&nbsp;\ud83d\udcc4&nbsp;Matriculaci\u00f3 (cita pr\u00e8via)<strong>: del 22 al 30 de juny<\/strong> (presencial)<\/td><\/tr><\/tbody><\/table><\/figure>\n\n\n\n<p>&nbsp;Trobareu tota la informaci\u00f3 sobre el&nbsp;<strong>proc\u00e9s i la sol\u00b7licitud de preinscripci\u00f3<\/strong>&nbsp;en aquest <a href=\"https:\/\/preinscripcio.gencat.cat\/ca\/inici\/\" data-type=\"link\" data-id=\"https:\/\/preinscripcio.gencat.cat\/ca\/inici\/\">enlla\u00e7<\/a>.<\/p>\n\n\n\n<p><\/p>\n\n\n\n<p><\/p>\n","protected":false},"excerpt":{"rendered":"<p>Preinscripci\u00f3 26-27 MAPA ZONES EDUCATIVES DE BARBER\u00c0 DEL VALL\u00c8S Codi Escola Can Serra:&nbsp;08033602 Portes Obertes (formulari d&#8217;inscripci\u00f3) 25\/02\/2026 (9:15h o 15:30h) \ud83d\udcc4\u00a0Oferta provisional de places: 3 de mar\u00e7 \ud83d\udcc4 Preinscripci\u00f3 telem\u00e0tica: del 4 al 18 de mar\u00e7 de 2026 \ud83d\udcc4&nbsp;Llistats puntuaci\u00f3 provisional: 15 d\u2019abril \ud83d\udcc4 Llistes resoltes reclamacions: del 15 al 20 d\u2019abril \ud83d\udcc4 N\u00famero [&hellip;]<\/p>\n","protected":false},"author":2,"featured_media":0,"parent":7,"menu_order":0,"comment_status":"closed","ping_status":"closed","template":"","meta":{"_bbp_topic_count":0,"_bbp_reply_count":0,"_bbp_total_topic_count":0,"_bbp_total_reply_count":0,"_bbp_voice_count":0,"_bbp_anonymous_reply_count":0,"_bbp_topic_count_hidden":0,"_bbp_reply_count_hidden":0,"_bbp_forum_subforum_count":0,"site-sidebar-layout":"default","site-content-layout":"","ast-site-content-layout":"full-width-container","site-content-style":"default","site-sidebar-style":"default","ast-global-header-display":"","ast-banner-title-visibility":"","ast-main-header-display":"","ast-hfb-above-header-display":"","ast-hfb-below-header-display":"","ast-hfb-mobile-header-display":"","site-post-title":"disabled","ast-breadcrumbs-content":"","ast-featured-img":"","footer-sml-layout":"","theme-transparent-header-meta":"default","adv-header-id-meta":"","stick-header-meta":"","header-above-stick-meta":"","header-main-stick-meta":"","header-below-stick-meta":"","astra-migrate-meta-layouts":"set","ast-page-background-enabled":"default","ast-page-background-meta":{"desktop":{"background-color":"var(--ast-global-color-4)","background-image":"","background-repeat":"repeat","background-position":"center center","background-size":"auto","background-attachment":"scroll","background-type":"","background-media":"","overlay-type":"","overlay-color":"","overlay-opacity":"","overlay-gradient":""},"tablet":{"background-color":"","background-image":"","background-repeat":"repeat","background-position":"center center","background-size":"auto","background-attachment":"scroll","background-type":"","background-media":"","overlay-type":"","overlay-color":"","overlay-opacity":"","overlay-gradient":""},"mobile":{"background-color":"","background-image":"","background-repeat":"repeat","background-position":"center center","background-size":"auto","background-attachment":"scroll","background-type":"","background-media":"","overlay-type":"","overlay-color":"","overlay-opacity":"","overlay-gradient":""}},"ast-content-background-meta":{"desktop":{"background-color":"var(--ast-global-color-5)","background-image":"","background-repeat":"repeat","background-position":"center center","background-size":"auto","background-attachment":"scroll","background-type":"","background-media":"","overlay-type":"","overlay-color":"","overlay-opacity":"","overlay-gradient":""},"tablet":{"background-color":"var(--ast-global-color-5)","background-image":"","background-repeat":"repeat","background-position":"center center","background-size":"auto","background-attachment":"scroll","background-type":"","background-media":"","overlay-type":"","overlay-color":"","overlay-opacity":"","overlay-gradient":""},"mobile":{"background-color":"var(--ast-global-color-5)","background-image":"","background-repeat":"repeat","background-position":"center center","background-size":"auto","background-attachment":"scroll","background-type":"","background-media":"","overlay-type":"","overlay-color":"","overlay-opacity":"","overlay-gradient":""}},"footnotes":""},"class_list":["post-31446","page","type-page","status-publish","hentry"],"post_mailing_queue_ids":[],"_links":{"self":[{"href":"https:\/\/agora.xtec.cat\/escolacanserra\/wp-json\/wp\/v2\/pages\/31446","targetHints":{"allow":["GET"]}}],"collection":[{"href":"https:\/\/agora.xtec.cat\/escolacanserra\/wp-json\/wp\/v2\/pages"}],"about":[{"href":"https:\/\/agora.xtec.cat\/escolacanserra\/wp-json\/wp\/v2\/types\/page"}],"author":[{"embeddable":true,"href":"https:\/\/agora.xtec.cat\/escolacanserra\/wp-json\/wp\/v2\/users\/2"}],"replies":[{"embeddable":true,"href":"https:\/\/agora.xtec.cat\/escolacanserra\/wp-json\/wp\/v2\/comments?post=31446"}],"version-history":[{"count":6,"href":"https:\/\/agora.xtec.cat\/escolacanserra\/wp-json\/wp\/v2\/pages\/31446\/revisions"}],"predecessor-version":[{"id":31819,"href":"https:\/\/agora.xtec.cat\/escolacanserra\/wp-json\/wp\/v2\/pages\/31446\/revisions\/31819"}],"up":[{"embeddable":true,"href":"https:\/\/agora.xtec.cat\/escolacanserra\/wp-json\/wp\/v2\/pages\/7"}],"wp:attachment":[{"href":"https:\/\/agora.xtec.cat\/escolacanserra\/wp-json\/wp\/v2\/media?parent=31446"}],"curies":[{"name":"wp","href":"https:\/\/api.w.org\/{rel}","templated":true}]}}