{"id":308,"date":"2015-02-28T21:57:27","date_gmt":"2015-02-28T20:57:27","guid":{"rendered":"http:\/\/agora.xtec.cat\/escolacanserra\/?page_id=308"},"modified":"2025-11-25T15:37:23","modified_gmt":"2025-11-25T14:37:23","slug":"nadal","status":"publish","type":"page","link":"https:\/\/agora.xtec.cat\/escolacanserra\/festes\/nadal\/","title":{"rendered":"Nadal"},"content":{"rendered":"<p>A Can Serra \u00e9s tradici\u00f3 celebrar l&#8217;arribada del fred i de les tradicions nadalenques del nostre entorn. Guarnim tota l&#8217;escola amb motius de l&#8217;hivern comptant amb la participaci\u00f3 de les fam\u00edlies. Treballem poemes, fe<span style=\"font-family: inherit; font-size: 1em;\">m cagar el ti\u00f3, els i les m\u00e9s grans juguen al &#8220;Quinto&#8221; i, la festa grossa, celebrem el tradicional CONCERT &#8220;Can Serra en Concert&#8221; al teatre TMC, on compartim les can\u00e7ons treballades en catal\u00e0, castell\u00e0, franc\u00e8s i angl\u00e8s.\u00a0\u00a0<\/span><\/p>\n<p><a href=\"https:\/\/agora.xtec.cat\/escolacanserra\/wp-content\/uploads\/usu244\/2025\/11\/CAN-SERRA-EN-CONCERT-LOGO-1-scaled.jpg\"><img loading=\"lazy\" decoding=\"async\" class=\"alignnone  wp-image-31469\" src=\"https:\/\/agora.xtec.cat\/escolacanserra\/wp-content\/uploads\/usu244\/2025\/11\/CAN-SERRA-EN-CONCERT-LOGO-1-1024x724.jpg\" alt=\"\" width=\"406\" height=\"287\" srcset=\"https:\/\/agora.xtec.cat\/escolacanserra\/wp-content\/uploads\/usu244\/2025\/11\/CAN-SERRA-EN-CONCERT-LOGO-1-1024x724.jpg 1024w, https:\/\/agora.xtec.cat\/escolacanserra\/wp-content\/uploads\/usu244\/2025\/11\/CAN-SERRA-EN-CONCERT-LOGO-1-300x212.jpg 300w, https:\/\/agora.xtec.cat\/escolacanserra\/wp-content\/uploads\/usu244\/2025\/11\/CAN-SERRA-EN-CONCERT-LOGO-1-768x543.jpg 768w, https:\/\/agora.xtec.cat\/escolacanserra\/wp-content\/uploads\/usu244\/2025\/11\/CAN-SERRA-EN-CONCERT-LOGO-1-1536x1086.jpg 1536w, https:\/\/agora.xtec.cat\/escolacanserra\/wp-content\/uploads\/usu244\/2025\/11\/CAN-SERRA-EN-CONCERT-LOGO-1-2048x1448.jpg 2048w\" sizes=\"auto, (max-width: 406px) 100vw, 406px\" \/><\/a><\/p>\n<p><span style=\"text-decoration-line: underline; font-size: 1.6875em; font-weight: bold;\">V\u00cdDEOS DELS CONCERTS<\/span><\/p>\n<p><a href=\"https:\/\/agora.xtec.cat\/escolacanserra\/portada\/can-serra-en-concert-2024\/\">CONCERT 2024<\/a><\/p>\n<p><a href=\"https:\/\/agora.xtec.cat\/escolacanserra\/portada\/concert-de-nadal-2023\/\">CONCERT 2023<\/a><\/p>\n<p><a href=\"https:\/\/agora.xtec.cat\/escolacanserra\/general\/concert-de-nadal-2022\/\">CONCERT 2022<\/a><\/p>\n<p><a href=\"https:\/\/agora.xtec.cat\/escolacanserra\/general\/concert-de-nadal-2021\/\">CONCERT 2021<\/a><\/p>\n<p><a href=\"https:\/\/youtu.be\/Lkt20LxCEFg\">NADAL 2020 <\/a><\/p>\n<p><a href=\"https:\/\/agora.xtec.cat\/escolacanserra\/infantil\/i3\/poemes-de-nadal-2020\/\">POEMES NADAL 2020<\/a><\/p>\n<p><strong><a href=\"https:\/\/agora.xtec.cat\/escolacanserra\/general\/concert-de-nadal-2019\/\">CONCERT 2019<\/a><\/strong><\/p>\n<p><strong><a href=\"https:\/\/agora.xtec.cat\/escolacanserra\/general\/concert-de-nadal-2018\/\">CONCERT 2018<\/a><\/strong><\/p>\n<p><strong><a href=\"http:\/\/agora.xtec.cat\/escolacanserra\/general\/concert-de-nadal-2017\/\">CONCERT 2017<\/a><\/strong><\/p>\n<p><strong><a href=\"http:\/\/agora.xtec.cat\/escolacanserra\/general\/concert-de-nadal-2016\/\">CONCERT\u00a02016\u00a0<\/a><\/strong><\/p>\n<p><strong><a href=\"http:\/\/agora.xtec.cat\/escolacanserra\/15-16\/concert-de-nadal-2015-2\/\">CONCERT 2015<\/a><\/strong><\/p>\n<p><strong><a href=\"http:\/\/blocs.xtec.cat\/canserra\/2014\/12\/20\/videoresumsconcertnadal2014\/\">CONCERT 2014<\/a><\/strong><\/p>\n<p><strong><a href=\"http:\/\/blocs.xtec.cat\/canserra\/2013\/12\/19\/concert-nadalvideo-resum\/\">CONCERT 2013<\/a><\/strong><\/p>\n","protected":false},"excerpt":{"rendered":"<p>A Can Serra \u00e9s tradici\u00f3 celebrar l&#8217;arribada del fred i de les tradicions nadalenques del nostre entorn. Guarnim tota l&#8217;escola amb motius de l&#8217;hivern comptant amb la participaci\u00f3 de les fam\u00edlies. Treballem poemes, fem cagar el ti\u00f3, els i les m\u00e9s grans juguen al &#8220;Quinto&#8221; i, la festa grossa, celebrem el tradicional CONCERT &#8220;Can Serra [&hellip;]<\/p>\n","protected":false},"author":1,"featured_media":0,"parent":289,"menu_order":0,"comment_status":"closed","ping_status":"closed","template":"","meta":{"_bbp_topic_count":0,"_bbp_reply_count":0,"_bbp_total_topic_count":0,"_bbp_total_reply_count":0,"_bbp_voice_count":0,"_bbp_anonymous_reply_count":0,"_bbp_topic_count_hidden":0,"_bbp_reply_count_hidden":0,"_bbp_forum_subforum_count":0,"site-sidebar-layout":"default","site-content-layout":"","ast-site-content-layout":"default","site-content-style":"default","site-sidebar-style":"default","ast-global-header-display":"","ast-banner-title-visibility":"","ast-main-header-display":"","ast-hfb-above-header-display":"","ast-hfb-below-header-display":"","ast-hfb-mobile-header-display":"","site-post-title":"","ast-breadcrumbs-content":"","ast-featured-img":"","footer-sml-layout":"","theme-transparent-header-meta":"","adv-header-id-meta":"","stick-header-meta":"","header-above-stick-meta":"","header-main-stick-meta":"","header-below-stick-meta":"","astra-migrate-meta-layouts":"set","ast-page-background-enabled":"default","ast-page-background-meta":{"desktop":{"background-color":"var(--ast-global-color-4)","background-image":"","background-repeat":"repeat","background-position":"center center","background-size":"auto","background-attachment":"scroll","background-type":"","background-media":"","overlay-type":"","overlay-color":"","overlay-opacity":"","overlay-gradient":""},"tablet":{"background-color":"","background-image":"","background-repeat":"repeat","background-position":"center center","background-size":"auto","background-attachment":"scroll","background-type":"","background-media":"","overlay-type":"","overlay-color":"","overlay-opacity":"","overlay-gradient":""},"mobile":{"background-color":"","background-image":"","background-repeat":"repeat","background-position":"center center","background-size":"auto","background-attachment":"scroll","background-type":"","background-media":"","overlay-type":"","overlay-color":"","overlay-opacity":"","overlay-gradient":""}},"ast-content-background-meta":{"desktop":{"background-color":"var(--ast-global-color-5)","background-image":"","background-repeat":"repeat","background-position":"center center","background-size":"auto","background-attachment":"scroll","background-type":"","background-media":"","overlay-type":"","overlay-color":"","overlay-opacity":"","overlay-gradient":""},"tablet":{"background-color":"var(--ast-global-color-5)","background-image":"","background-repeat":"repeat","background-position":"center center","background-size":"auto","background-attachment":"scroll","background-type":"","background-media":"","overlay-type":"","overlay-color":"","overlay-opacity":"","overlay-gradient":""},"mobile":{"background-color":"var(--ast-global-color-5)","background-image":"","background-repeat":"repeat","background-position":"center center","background-size":"auto","background-attachment":"scroll","background-type":"","background-media":"","overlay-type":"","overlay-color":"","overlay-opacity":"","overlay-gradient":""}},"footnotes":""},"class_list":["post-308","page","type-page","status-publish","hentry"],"post_mailing_queue_ids":[],"_links":{"self":[{"href":"https:\/\/agora.xtec.cat\/escolacanserra\/wp-json\/wp\/v2\/pages\/308","targetHints":{"allow":["GET"]}}],"collection":[{"href":"https:\/\/agora.xtec.cat\/escolacanserra\/wp-json\/wp\/v2\/pages"}],"about":[{"href":"https:\/\/agora.xtec.cat\/escolacanserra\/wp-json\/wp\/v2\/types\/page"}],"author":[{"embeddable":true,"href":"https:\/\/agora.xtec.cat\/escolacanserra\/wp-json\/wp\/v2\/users\/1"}],"replies":[{"embeddable":true,"href":"https:\/\/agora.xtec.cat\/escolacanserra\/wp-json\/wp\/v2\/comments?post=308"}],"version-history":[{"count":5,"href":"https:\/\/agora.xtec.cat\/escolacanserra\/wp-json\/wp\/v2\/pages\/308\/revisions"}],"predecessor-version":[{"id":31489,"href":"https:\/\/agora.xtec.cat\/escolacanserra\/wp-json\/wp\/v2\/pages\/308\/revisions\/31489"}],"up":[{"embeddable":true,"href":"https:\/\/agora.xtec.cat\/escolacanserra\/wp-json\/wp\/v2\/pages\/289"}],"wp:attachment":[{"href":"https:\/\/agora.xtec.cat\/escolacanserra\/wp-json\/wp\/v2\/media?parent=308"}],"curies":[{"name":"wp","href":"https:\/\/api.w.org\/{rel}","templated":true}]}}