{"id":304,"date":"2015-02-28T21:40:49","date_gmt":"2015-02-28T20:40:49","guid":{"rendered":"http:\/\/agora.xtec.cat\/escolacanserra\/?page_id=304"},"modified":"2023-07-12T10:42:21","modified_gmt":"2023-07-12T08:42:21","slug":"castanyada","status":"publish","type":"page","link":"https:\/\/agora.xtec.cat\/escolacanserra\/festes\/castanyada\/","title":{"rendered":"Castanyada"},"content":{"rendered":"<p>A Educaci\u00f3 Infantil, quan arriba la Castanyada, no s&#8217;estan de res. Fan sortides al bosc\u00a0per gaudir de la tardor, treballen els fruits de la tardor i, el m\u00e9s esperat de tot, reben la visita de LA CASTANYERA!<\/p>\n<p>A Cicle Inicial, \u00e9s tradici\u00f3 treballar &#8220;La Verema&#8221; a 2n i anar al bosc a 1r per trepitjar les fulles caigudes dels arbres i buscar misteris encantats entre les plantes.\u00a0A m\u00e9s, a l&#8217;\u00e0rea d&#8217;angl\u00e8s estudien la tradici\u00f3 cultural de Halloween.<\/p>\n<p><a href=\"http:\/\/agora.xtec.cat\/escolacanserra\/wp-content\/uploads\/usu244\/2016\/10\/BANNER-TARDOR-copia.jpg\"><img loading=\"lazy\" decoding=\"async\" class=\"wp-image-7968 aligncenter\" src=\"http:\/\/agora.xtec.cat\/escolacanserra\/wp-content\/uploads\/usu244\/2016\/10\/BANNER-TARDOR-copia-300x120.jpg\" alt=\"banner-tardor-copia\" width=\"585\" height=\"234\" srcset=\"https:\/\/agora.xtec.cat\/escolacanserra\/wp-content\/uploads\/usu244\/2016\/10\/BANNER-TARDOR-copia-300x120.jpg 300w, https:\/\/agora.xtec.cat\/escolacanserra\/wp-content\/uploads\/usu244\/2016\/10\/BANNER-TARDOR-copia-768x306.jpg 768w, https:\/\/agora.xtec.cat\/escolacanserra\/wp-content\/uploads\/usu244\/2016\/10\/BANNER-TARDOR-copia-1024x408.jpg 1024w, https:\/\/agora.xtec.cat\/escolacanserra\/wp-content\/uploads\/usu244\/2016\/10\/BANNER-TARDOR-copia.jpg 1994w\" sizes=\"auto, (max-width: 585px) 100vw, 585px\" \/><\/a><\/p>\n","protected":false},"excerpt":{"rendered":"<p>A Educaci\u00f3 Infantil, quan arriba la Castanyada, no s&#8217;estan de res. Fan sortides al bosc\u00a0per gaudir de la tardor, treballen els fruits de la tardor i, el m\u00e9s esperat de tot, reben la visita de LA CASTANYERA! A Cicle Inicial, \u00e9s tradici\u00f3 treballar &#8220;La Verema&#8221; a 2n i anar al bosc a 1r per trepitjar [&hellip;]<\/p>\n","protected":false},"author":1,"featured_media":0,"parent":289,"menu_order":0,"comment_status":"closed","ping_status":"closed","template":"","meta":{"_bbp_topic_count":0,"_bbp_reply_count":0,"_bbp_total_topic_count":0,"_bbp_total_reply_count":0,"_bbp_voice_count":0,"_bbp_anonymous_reply_count":0,"_bbp_topic_count_hidden":0,"_bbp_reply_count_hidden":0,"_bbp_forum_subforum_count":0,"site-sidebar-layout":"default","site-content-layout":"","ast-site-content-layout":"","site-content-style":"default","site-sidebar-style":"default","ast-global-header-display":"","ast-banner-title-visibility":"","ast-main-header-display":"","ast-hfb-above-header-display":"","ast-hfb-below-header-display":"","ast-hfb-mobile-header-display":"","site-post-title":"","ast-breadcrumbs-content":"","ast-featured-img":"","footer-sml-layout":"","theme-transparent-header-meta":"","adv-header-id-meta":"","stick-header-meta":"","header-above-stick-meta":"","header-main-stick-meta":"","header-below-stick-meta":"","astra-migrate-meta-layouts":"default","ast-page-background-enabled":"default","ast-page-background-meta":{"desktop":{"background-color":"var(--ast-global-color-4)","background-image":"","background-repeat":"repeat","background-position":"center center","background-size":"auto","background-attachment":"scroll","background-type":"","background-media":"","overlay-type":"","overlay-color":"","overlay-opacity":"","overlay-gradient":""},"tablet":{"background-color":"","background-image":"","background-repeat":"repeat","background-position":"center center","background-size":"auto","background-attachment":"scroll","background-type":"","background-media":"","overlay-type":"","overlay-color":"","overlay-opacity":"","overlay-gradient":""},"mobile":{"background-color":"","background-image":"","background-repeat":"repeat","background-position":"center center","background-size":"auto","background-attachment":"scroll","background-type":"","background-media":"","overlay-type":"","overlay-color":"","overlay-opacity":"","overlay-gradient":""}},"ast-content-background-meta":{"desktop":{"background-color":"var(--ast-global-color-5)","background-image":"","background-repeat":"repeat","background-position":"center center","background-size":"auto","background-attachment":"scroll","background-type":"","background-media":"","overlay-type":"","overlay-color":"","overlay-opacity":"","overlay-gradient":""},"tablet":{"background-color":"var(--ast-global-color-5)","background-image":"","background-repeat":"repeat","background-position":"center center","background-size":"auto","background-attachment":"scroll","background-type":"","background-media":"","overlay-type":"","overlay-color":"","overlay-opacity":"","overlay-gradient":""},"mobile":{"background-color":"var(--ast-global-color-5)","background-image":"","background-repeat":"repeat","background-position":"center center","background-size":"auto","background-attachment":"scroll","background-type":"","background-media":"","overlay-type":"","overlay-color":"","overlay-opacity":"","overlay-gradient":""}},"footnotes":""},"class_list":["post-304","page","type-page","status-publish","hentry"],"post_mailing_queue_ids":[],"_links":{"self":[{"href":"https:\/\/agora.xtec.cat\/escolacanserra\/wp-json\/wp\/v2\/pages\/304","targetHints":{"allow":["GET"]}}],"collection":[{"href":"https:\/\/agora.xtec.cat\/escolacanserra\/wp-json\/wp\/v2\/pages"}],"about":[{"href":"https:\/\/agora.xtec.cat\/escolacanserra\/wp-json\/wp\/v2\/types\/page"}],"author":[{"embeddable":true,"href":"https:\/\/agora.xtec.cat\/escolacanserra\/wp-json\/wp\/v2\/users\/1"}],"replies":[{"embeddable":true,"href":"https:\/\/agora.xtec.cat\/escolacanserra\/wp-json\/wp\/v2\/comments?post=304"}],"version-history":[{"count":3,"href":"https:\/\/agora.xtec.cat\/escolacanserra\/wp-json\/wp\/v2\/pages\/304\/revisions"}],"predecessor-version":[{"id":30047,"href":"https:\/\/agora.xtec.cat\/escolacanserra\/wp-json\/wp\/v2\/pages\/304\/revisions\/30047"}],"up":[{"embeddable":true,"href":"https:\/\/agora.xtec.cat\/escolacanserra\/wp-json\/wp\/v2\/pages\/289"}],"wp:attachment":[{"href":"https:\/\/agora.xtec.cat\/escolacanserra\/wp-json\/wp\/v2\/media?parent=304"}],"curies":[{"name":"wp","href":"https:\/\/api.w.org\/{rel}","templated":true}]}}