{"id":30054,"date":"2023-07-12T10:55:51","date_gmt":"2023-07-12T08:55:51","guid":{"rendered":"https:\/\/agora.xtec.cat\/escolacanserra\/?page_id=30054"},"modified":"2025-11-20T09:58:01","modified_gmt":"2025-11-20T08:58:01","slug":"setmanes-culturals","status":"publish","type":"page","link":"https:\/\/agora.xtec.cat\/escolacanserra\/projecte-educatiu\/setmanes-culturals\/","title":{"rendered":"SETMANES CULTURALS"},"content":{"rendered":"<p>La celebraci\u00f3 de les setmanes culturals s\u00f3n part del nostre projecte educatiu des del curs 1993. Cada curs, a la reuni\u00f3 de delegades i delegats, els infants escullen per votaci\u00f3 el tema de la setmana cultural. Durant una setmana sencera, a Can Serra es duen a terme activitats relacionades amb el centre d&#8217;inter\u00e8s escollit. Aquest \u00e9s l&#8217;hist\u00f2ric de les setmanes culturals de l&#8217;Escola Can Serra.<\/p>\n<table style=\"width: 47.8419%; height: 1168px;\">\n<tbody>\n<tr style=\"height: 28px;\">\n<td style=\"width: 15.6969%; height: 28px;\" width=\"115\">CURS<\/td>\n<td style=\"width: 51.1502%; height: 28px;\" width=\"611\">T\u00cdTOL<\/td>\n<\/tr>\n<tr>\n<td style=\"width: 15.6969%;\">1993<\/td>\n<td style=\"width: 51.1502%;\">La primavera<\/td>\n<\/tr>\n<tr style=\"height: 57px;\">\n<td style=\"width: 15.6969%; height: 57px;\" width=\"115\">2005-2006<\/td>\n<td style=\"width: 51.1502%; height: 57px;\" width=\"611\">El llibre a trav\u00e9s de la hist\u00f2ria (inici cooperativa llibres)<\/td>\n<\/tr>\n<tr style=\"height: 57px;\">\n<td style=\"width: 15.6969%; height: 57px;\" width=\"115\">2006-2007<\/td>\n<td style=\"width: 51.1502%; height: 57px;\" width=\"611\">1,2,3 amb les matem\u00e0tiques tots juguem!<\/td>\n<\/tr>\n<tr style=\"height: 57px;\">\n<td style=\"width: 15.6969%; height: 57px;\" width=\"115\">2007-2008<\/td>\n<td style=\"width: 51.1502%; height: 57px;\" width=\"611\">Aigua per a tothom, aigua per a la vida<\/td>\n<\/tr>\n<tr style=\"height: 57px;\">\n<td style=\"width: 15.6969%; height: 57px;\" width=\"115\">2008-2009<\/td>\n<td style=\"width: 51.1502%; height: 57px;\" width=\"611\">Llegir et fa gran i pots descobrir alguna cosa interessant<\/td>\n<\/tr>\n<tr style=\"height: 57px;\">\n<td style=\"width: 15.6969%; height: 57px;\" width=\"115\">2009-2010<\/td>\n<td style=\"width: 51.1502%; height: 57px;\" width=\"611\">Els esports: Olimp\u00edades Can Serra<\/td>\n<\/tr>\n<tr style=\"height: 57px;\">\n<td style=\"width: 15.6969%; height: 57px;\" width=\"115\">2010-2011<\/td>\n<td style=\"width: 51.1502%; height: 57px;\" width=\"611\">Visca la festa, visca la gresca (cultura popular)<\/td>\n<\/tr>\n<tr style=\"height: 57px;\">\n<td style=\"width: 15.6969%; height: 57px;\" width=\"115\">2011-2012<\/td>\n<td style=\"width: 51.1502%; height: 57px;\" width=\"611\">Mites que venen i van<\/td>\n<\/tr>\n<tr style=\"height: 57px;\">\n<td style=\"width: 15.6969%; height: 57px;\" width=\"115\">2012-2013<\/td>\n<td style=\"width: 51.1502%; height: 57px;\" width=\"611\">Musicals<\/td>\n<\/tr>\n<tr style=\"height: 57px;\">\n<td style=\"width: 15.6969%; height: 57px;\" width=\"115\">2013-2014<\/td>\n<td style=\"width: 51.1502%; height: 57px;\" width=\"611\">Viu la ci\u00e8ncia<\/td>\n<\/tr>\n<tr style=\"height: 57px;\">\n<td style=\"width: 15.6969%; height: 57px;\" width=\"115\">2014-2015<\/td>\n<td style=\"width: 51.1502%; height: 57px;\" width=\"611\">La pintura, un somni de colors<\/td>\n<\/tr>\n<tr style=\"height: 57px;\">\n<td style=\"width: 15.6969%; height: 57px;\" width=\"115\">2015-2016<\/td>\n<td style=\"width: 51.1502%; height: 57px;\" width=\"611\">Amb animals en risc, jo no visc<\/td>\n<\/tr>\n<tr style=\"height: 57px;\">\n<td style=\"width: 15.6969%; height: 57px;\" width=\"115\">2016-2017<\/td>\n<td style=\"width: 51.1502%; height: 57px;\" width=\"611\">Emociona\u2019t Can Serra! (emocions)<\/td>\n<\/tr>\n<tr style=\"height: 57px;\">\n<td style=\"width: 15.6969%; height: 57px;\" width=\"115\">2017-2018<\/td>\n<td style=\"width: 51.1502%; height: 57px;\" width=\"611\">Cinema: 3,2,1, Can Serra en acci\u00f3!<\/td>\n<\/tr>\n<tr style=\"height: 57px;\">\n<td style=\"width: 15.6969%; height: 57px;\" width=\"115\">2018-2019<\/td>\n<td style=\"width: 51.1502%; height: 57px;\" width=\"611\">Oficis en igualtat, oficis de veritat<\/td>\n<\/tr>\n<tr style=\"height: 57px;\">\n<td style=\"width: 15.6969%; height: 57px;\" width=\"115\">2019-2020<\/td>\n<td style=\"width: 51.1502%; height: 57px;\" width=\"611\">Somiem que inventem<\/td>\n<\/tr>\n<tr style=\"height: 57px;\">\n<td style=\"width: 15.6969%; height: 57px;\" width=\"115\">2020-2021<\/td>\n<td style=\"width: 51.1502%; height: 57px;\" width=\"611\">El C\u00f2mic<\/td>\n<\/tr>\n<tr style=\"height: 57px;\">\n<td style=\"width: 15.6969%; height: 57px;\" width=\"115\"><span style=\"background-color: #ffffff;\">2021-2022<\/span><\/td>\n<td style=\"width: 51.1502%; height: 57px;\" width=\"611\"><span style=\"background-color: #ffffff;\">Can Serra el dona ales (la volta al m\u00f3n)<\/span><\/td>\n<\/tr>\n<tr style=\"height: 57px;\">\n<td style=\"width: 15.6969%; height: 57px;\" width=\"115\"><span style=\"background-color: #f9f9f9;\">2022-2023<\/span><\/td>\n<td style=\"width: 51.1502%; height: 57px;\" width=\"611\"><span style=\"background-color: #f9f9f9;\">Un circ d\u2019il\u00b7lusions, un m\u00f3n d\u2019emocions<\/span><\/td>\n<\/tr>\n<tr style=\"height: 57px;\">\n<td style=\"width: 15.6969%; height: 57px;\" width=\"115\"><span style=\"background-color: #ffffff;\">2023-2024<\/span><\/td>\n<td style=\"width: 51.1502%; height: 57px;\" width=\"611\"><span style=\"background-color: #ffffff;\">D&#8217;oca a oca, a Can Serra toca<\/span><\/td>\n<\/tr>\n<tr style=\"height: 57px;\">\n<td style=\"width: 15.6969%; height: 57px;\" width=\"115\">2024-2025<\/td>\n<td style=\"width: 51.1502%; height: 57px;\" width=\"611\">Terra, aigua, foc i vent a Can Serra encaixes molt b\u00e9!<\/td>\n<\/tr>\n<tr>\n<td style=\"width: 15.6969%;\">2025-2026<\/td>\n<td style=\"width: 51.1502%;\"><\/td>\n<\/tr>\n<\/tbody>\n<\/table>\n","protected":false},"excerpt":{"rendered":"<p>La celebraci\u00f3 de les setmanes culturals s\u00f3n part del nostre projecte educatiu des del curs 1993. Cada curs, a la reuni\u00f3 de delegades i delegats, els infants escullen per votaci\u00f3 el tema de la setmana cultural. Durant una setmana sencera, a Can Serra es duen a terme activitats relacionades amb el centre d&#8217;inter\u00e8s escollit. Aquest [&hellip;]<\/p>\n","protected":false},"author":1,"featured_media":0,"parent":12392,"menu_order":0,"comment_status":"closed","ping_status":"closed","template":"","meta":{"_bbp_topic_count":0,"_bbp_reply_count":0,"_bbp_total_topic_count":0,"_bbp_total_reply_count":0,"_bbp_voice_count":0,"_bbp_anonymous_reply_count":0,"_bbp_topic_count_hidden":0,"_bbp_reply_count_hidden":0,"_bbp_forum_subforum_count":0,"site-sidebar-layout":"default","site-content-layout":"","ast-site-content-layout":"","site-content-style":"default","site-sidebar-style":"default","ast-global-header-display":"","ast-banner-title-visibility":"","ast-main-header-display":"","ast-hfb-above-header-display":"","ast-hfb-below-header-display":"","ast-hfb-mobile-header-display":"","site-post-title":"","ast-breadcrumbs-content":"","ast-featured-img":"","footer-sml-layout":"","theme-transparent-header-meta":"","adv-header-id-meta":"","stick-header-meta":"","header-above-stick-meta":"","header-main-stick-meta":"","header-below-stick-meta":"","astra-migrate-meta-layouts":"default","ast-page-background-enabled":"default","ast-page-background-meta":{"desktop":{"background-color":"var(--ast-global-color-4)","background-image":"","background-repeat":"repeat","background-position":"center center","background-size":"auto","background-attachment":"scroll","background-type":"","background-media":"","overlay-type":"","overlay-color":"","overlay-opacity":"","overlay-gradient":""},"tablet":{"background-color":"","background-image":"","background-repeat":"repeat","background-position":"center center","background-size":"auto","background-attachment":"scroll","background-type":"","background-media":"","overlay-type":"","overlay-color":"","overlay-opacity":"","overlay-gradient":""},"mobile":{"background-color":"","background-image":"","background-repeat":"repeat","background-position":"center center","background-size":"auto","background-attachment":"scroll","background-type":"","background-media":"","overlay-type":"","overlay-color":"","overlay-opacity":"","overlay-gradient":""}},"ast-content-background-meta":{"desktop":{"background-color":"var(--ast-global-color-5)","background-image":"","background-repeat":"repeat","background-position":"center center","background-size":"auto","background-attachment":"scroll","background-type":"","background-media":"","overlay-type":"","overlay-color":"","overlay-opacity":"","overlay-gradient":""},"tablet":{"background-color":"var(--ast-global-color-5)","background-image":"","background-repeat":"repeat","background-position":"center center","background-size":"auto","background-attachment":"scroll","background-type":"","background-media":"","overlay-type":"","overlay-color":"","overlay-opacity":"","overlay-gradient":""},"mobile":{"background-color":"var(--ast-global-color-5)","background-image":"","background-repeat":"repeat","background-position":"center center","background-size":"auto","background-attachment":"scroll","background-type":"","background-media":"","overlay-type":"","overlay-color":"","overlay-opacity":"","overlay-gradient":""}},"footnotes":""},"class_list":["post-30054","page","type-page","status-publish","hentry"],"post_mailing_queue_ids":[],"_links":{"self":[{"href":"https:\/\/agora.xtec.cat\/escolacanserra\/wp-json\/wp\/v2\/pages\/30054","targetHints":{"allow":["GET"]}}],"collection":[{"href":"https:\/\/agora.xtec.cat\/escolacanserra\/wp-json\/wp\/v2\/pages"}],"about":[{"href":"https:\/\/agora.xtec.cat\/escolacanserra\/wp-json\/wp\/v2\/types\/page"}],"author":[{"embeddable":true,"href":"https:\/\/agora.xtec.cat\/escolacanserra\/wp-json\/wp\/v2\/users\/1"}],"replies":[{"embeddable":true,"href":"https:\/\/agora.xtec.cat\/escolacanserra\/wp-json\/wp\/v2\/comments?post=30054"}],"version-history":[{"count":4,"href":"https:\/\/agora.xtec.cat\/escolacanserra\/wp-json\/wp\/v2\/pages\/30054\/revisions"}],"predecessor-version":[{"id":31411,"href":"https:\/\/agora.xtec.cat\/escolacanserra\/wp-json\/wp\/v2\/pages\/30054\/revisions\/31411"}],"up":[{"embeddable":true,"href":"https:\/\/agora.xtec.cat\/escolacanserra\/wp-json\/wp\/v2\/pages\/12392"}],"wp:attachment":[{"href":"https:\/\/agora.xtec.cat\/escolacanserra\/wp-json\/wp\/v2\/media?parent=30054"}],"curies":[{"name":"wp","href":"https:\/\/api.w.org\/{rel}","templated":true}]}}