{"id":289,"date":"2015-02-28T20:37:40","date_gmt":"2015-02-28T19:37:40","guid":{"rendered":"http:\/\/agora.xtec.cat\/escolacanserra\/?page_id=289"},"modified":"2025-11-25T15:39:47","modified_gmt":"2025-11-25T14:39:47","slug":"festes","status":"publish","type":"page","link":"https:\/\/agora.xtec.cat\/escolacanserra\/festes\/","title":{"rendered":"FESTES"},"content":{"rendered":"<p>Quan va n\u00e9ixer la nostra escola la democr\u00e0cia tot just s&#8217;estrenava i aleshores les festes eren una ocasi\u00f3 reivindicativa i de recuperaci\u00f3 d&#8217;algunes tradicions que durant molts anys havien estat ignorades -i fins i tot prohibides- tant a les aules com al mateix carrer. Tant \u00e9s aix\u00ed que, al principi, no va ser f\u00e0cil celebrar el Carnestoltes\u2026<\/p>\n<p>Amb els anys tot s&#8217;ha anat normalitzant\u2026 Encara perdura la intenci\u00f3 de preservar tradicions i de proporcionar als m\u00e9s petits un sentit del curs, que sovint no tenim gaire en compte en el viure apressat i urb\u00e0 d&#8217;avui dia.<\/p>\n<p><span style=\"font-family: inherit; font-size: 1em;\">A m\u00e9s, tal com indica el nostre PEC, a la nostra escola celebrem festes tradicionals,\u00a0 d&#8217;acord a les indicacions del vigent curr\u00edculum educatiu: &#8220;coneixement de les celebracions, els costums i les tradicions \u00e8tnico-culturals presents al seu entorn&#8221;, aix\u00ed com la &#8220;participaci\u00f3 en festes, tradicions, hist\u00f2ries o llegendes de l&#8217;entorn proper i de Catalunya&#8221;.\u00a0<\/span><\/p>\n<p><strong>La CASTANYADA<\/strong> obre el calendari de festes del curs. Una festa que alguns cursos celebren amb una sortida per reunir-se amb la natura, els m\u00e9s petits reben a la senyora Castanyera, uns altres fan panellets i, com no, tamb\u00e9 mengem castanyes.<\/p>\n<p>A continuaci\u00f3 tenim <strong>el NADAL<\/strong>, festa grossa, per la que guarnim l&#8217;escola i les aules, i preparem els nostres regals particular a les fam\u00edlies: els \u00e0lbums amb la feina que hem durant el primer trimestre i l\u2019esperat concert, on anem al teatre municipal de Barber\u00e0 TMC i cantem les can\u00e7ons que hem treballat en les tres lleng\u00fces que estudiem a l\u2019escola (catal\u00e0, angl\u00e8s i castell\u00e0).<\/p>\n<p>Cap al febrer ve el Rei <strong>CARNESTOLTES<\/strong> a portar una mica de disbauxa. Seguim les seves normes durant tota la setmana fins que arriba el dia final. Ens disfressem i gaudim d&#8217;una bona sessi\u00f3 de balls!<\/p>\n<p>No hem d\u2019oblidar la hist\u00f2rica <strong>SETMANA CULTURAL<\/strong>. Durant tres o quatre dies molt especials, cada any treballem un tema diferent (escollit pels delegats i delegades de cada classe). \u00c9s una ocasi\u00f3 \u00fanica per aprendre de maneres molt diverses i de manera transversal (treballant totes les \u00e0rees). Durant aquests anys ens hem barrejat petits i grans, han vingut els pares i mares, hem conegut persones de fora, ens han visitat personatges coneguts, hem treballat pels passadissos, pels patis, hem pintat les columnes del porxo, etc.\u00a0\u00a0L&#8217;aigua, alimentaci\u00f3, esports, mitologia, cultura popular catalana, musicals, matem\u00e0tiques, ci\u00e8ncia, pintura etc. S\u00f3n molts els temes treballats, per\u00f2 cada any trobem nous reptes per investigar.<\/p>\n<p>Quan arriba la primavera la sang ens bull i no en tenim prou amb una sola festa, la de <strong>SANT JORDI<\/strong>. Representem la llegenda de Sant Jordi, fem lectura a la fresca i celebrem els tradicionals \u201cJocs Florals\u201d.<\/p>\n<p>En fi, amb la sang alterada i la rutina canviada, no hem deixat d&#8217;aprendre ni un moment\u2026<\/p>\n<p>I, per \u00faltim, la festa de la celebraci\u00f3 de la feina feta, la festa de <strong>FI DE CURS<\/strong>, amb emocionats comiats per als que marxen (ll\u00e0grimes que cauen i globus que s&#8217;enlairen\u2026) jocs d&#8217;aigua al pati, informes, \u00e0lbums, classes buides, un sospir d&#8217;alleujament per tot el que hem aconseguit acabar\u2026i, all\u00e0, lluny, molt lluny, despr\u00e9s de dies de vacances, ja podem imaginar-nos la tornada, les motxilles noves, els llibres preparats, les sabates netes\u2026<\/p>\n","protected":false},"excerpt":{"rendered":"<p>Quan va n\u00e9ixer la nostra escola la democr\u00e0cia tot just s&#8217;estrenava i aleshores les festes eren una ocasi\u00f3 reivindicativa i de recuperaci\u00f3 d&#8217;algunes tradicions que durant molts anys havien estat ignorades -i fins i tot prohibides- tant a les aules com al mateix carrer. Tant \u00e9s aix\u00ed que, al principi, no va ser f\u00e0cil celebrar [&hellip;]<\/p>\n","protected":false},"author":1,"featured_media":0,"parent":0,"menu_order":0,"comment_status":"closed","ping_status":"closed","template":"","meta":{"_bbp_topic_count":0,"_bbp_reply_count":0,"_bbp_total_topic_count":0,"_bbp_total_reply_count":0,"_bbp_voice_count":0,"_bbp_anonymous_reply_count":0,"_bbp_topic_count_hidden":0,"_bbp_reply_count_hidden":0,"_bbp_forum_subforum_count":0,"site-sidebar-layout":"default","site-content-layout":"","ast-site-content-layout":"default","site-content-style":"default","site-sidebar-style":"default","ast-global-header-display":"","ast-banner-title-visibility":"","ast-main-header-display":"","ast-hfb-above-header-display":"","ast-hfb-below-header-display":"","ast-hfb-mobile-header-display":"","site-post-title":"","ast-breadcrumbs-content":"","ast-featured-img":"","footer-sml-layout":"","theme-transparent-header-meta":"","adv-header-id-meta":"","stick-header-meta":"","header-above-stick-meta":"","header-main-stick-meta":"","header-below-stick-meta":"","astra-migrate-meta-layouts":"set","ast-page-background-enabled":"default","ast-page-background-meta":{"desktop":{"background-color":"var(--ast-global-color-4)","background-image":"","background-repeat":"repeat","background-position":"center center","background-size":"auto","background-attachment":"scroll","background-type":"","background-media":"","overlay-type":"","overlay-color":"","overlay-opacity":"","overlay-gradient":""},"tablet":{"background-color":"","background-image":"","background-repeat":"repeat","background-position":"center center","background-size":"auto","background-attachment":"scroll","background-type":"","background-media":"","overlay-type":"","overlay-color":"","overlay-opacity":"","overlay-gradient":""},"mobile":{"background-color":"","background-image":"","background-repeat":"repeat","background-position":"center center","background-size":"auto","background-attachment":"scroll","background-type":"","background-media":"","overlay-type":"","overlay-color":"","overlay-opacity":"","overlay-gradient":""}},"ast-content-background-meta":{"desktop":{"background-color":"var(--ast-global-color-5)","background-image":"","background-repeat":"repeat","background-position":"center center","background-size":"auto","background-attachment":"scroll","background-type":"","background-media":"","overlay-type":"","overlay-color":"","overlay-opacity":"","overlay-gradient":""},"tablet":{"background-color":"var(--ast-global-color-5)","background-image":"","background-repeat":"repeat","background-position":"center center","background-size":"auto","background-attachment":"scroll","background-type":"","background-media":"","overlay-type":"","overlay-color":"","overlay-opacity":"","overlay-gradient":""},"mobile":{"background-color":"var(--ast-global-color-5)","background-image":"","background-repeat":"repeat","background-position":"center center","background-size":"auto","background-attachment":"scroll","background-type":"","background-media":"","overlay-type":"","overlay-color":"","overlay-opacity":"","overlay-gradient":""}},"footnotes":""},"class_list":["post-289","page","type-page","status-publish","hentry"],"post_mailing_queue_ids":[],"_links":{"self":[{"href":"https:\/\/agora.xtec.cat\/escolacanserra\/wp-json\/wp\/v2\/pages\/289","targetHints":{"allow":["GET"]}}],"collection":[{"href":"https:\/\/agora.xtec.cat\/escolacanserra\/wp-json\/wp\/v2\/pages"}],"about":[{"href":"https:\/\/agora.xtec.cat\/escolacanserra\/wp-json\/wp\/v2\/types\/page"}],"author":[{"embeddable":true,"href":"https:\/\/agora.xtec.cat\/escolacanserra\/wp-json\/wp\/v2\/users\/1"}],"replies":[{"embeddable":true,"href":"https:\/\/agora.xtec.cat\/escolacanserra\/wp-json\/wp\/v2\/comments?post=289"}],"version-history":[{"count":2,"href":"https:\/\/agora.xtec.cat\/escolacanserra\/wp-json\/wp\/v2\/pages\/289\/revisions"}],"predecessor-version":[{"id":31490,"href":"https:\/\/agora.xtec.cat\/escolacanserra\/wp-json\/wp\/v2\/pages\/289\/revisions\/31490"}],"wp:attachment":[{"href":"https:\/\/agora.xtec.cat\/escolacanserra\/wp-json\/wp\/v2\/media?parent=289"}],"curies":[{"name":"wp","href":"https:\/\/api.w.org\/{rel}","templated":true}]}}