{"id":28,"date":"2014-09-18T12:29:35","date_gmt":"2014-09-18T12:29:35","guid":{"rendered":"http:\/\/agora.xtec.cat\/escolacanserra\/?page_id=28"},"modified":"2026-02-24T09:34:56","modified_gmt":"2026-02-24T08:34:56","slug":"equiphuma","status":"publish","type":"page","link":"https:\/\/agora.xtec.cat\/escolacanserra\/lescola\/equiphuma\/","title":{"rendered":"Equip hum\u00e0"},"content":{"rendered":"\n<figure class=\"wp-block-table is-style-stripes\"><table class=\"has-fixed-layout\"><tbody><tr><td colspan=\"2\"><a href=\"https:\/\/agora.xtec.cat\/escolacanserra\/equip-directiu-2\/\"><strong>EQUIP DIRECTIU&nbsp; (Dossier professional)<\/strong><\/a><\/td><\/tr><tr><td>Secret\u00e0ria<\/td><td>Carolina Ventaja<\/td><\/tr><tr><td>Cap d\u2019Estudis<\/td><td>Gemma Monta\u00f1\u00e0<\/td><\/tr><tr><td>Director<\/td><td>Christian \u00c0lvarez<\/td><\/tr><tr><td colspan=\"2\"><strong>EDUCACI\u00d3 INFANTIL<\/strong><\/td><\/tr><tr><td>I3A<\/td><td>Noelia Marin\u00e9<\/td><\/tr><tr><td>I3B<\/td><td>Noelia Gamez<\/td><\/tr><tr><td>I4A<\/td><td>Tamara Soto<\/td><\/tr><tr><td>I4B<\/td><td>Merche S\u00e1nchez<\/td><\/tr><tr><td>I5A<\/td><td>Samara Lorenzo \/ Esther Sirvent<\/td><\/tr><tr><td>I5B<\/td><td>Noelia Pueyo<\/td><\/tr><tr><td>TEI (t\u00e8cnica d\u2019E.I.) I3<\/td><td>Elisabeth Guid\u00fa<\/td><\/tr><tr><td>Refor\u00e7 E.I.<\/td><td>Carolina Ventaja<\/td><\/tr><tr><td colspan=\"2\"><strong>EDUCACI\u00d3 PRIM\u00c0RIA<\/strong><\/td><\/tr><tr><td>1r A<\/td><td>Luc\u00eda Gim\u00e9nez<\/td><\/tr><tr><td>1r B<\/td><td>Ester Descarrega<\/td><\/tr><tr><td>2n A<\/td><td>Cristina P\u00e9rez<\/td><\/tr><tr><td>2n B<\/td><td>Patricia Prat<\/td><\/tr><tr><td>3r A<\/td><td><span style=\"background-color: #f9f9f9;\">Sandra Miranda<\/span><\/td><\/tr><tr><td>3r B<\/td><td><span style=\"background-color: #ffffff;\">Marta Arasanz<\/span><\/td><\/tr><tr><td>4t A<\/td><td>Lorena Gonz\u00e1lez<\/td><\/tr><tr><td>4t B<\/td><td>Manel Rodr\u00edguez<\/td><\/tr><tr><td>5\u00e8 A<\/td><td>Mar\u00eda Montero<\/td><\/tr><tr><td>5\u00e8 B<\/td><td>Ainhoa Iriarte<\/td><\/tr><tr><td>6\u00e8 A<\/td><td>Toni Vera<\/td><\/tr><tr><td>6\u00e8 B<\/td><td>Noem\u00ed Coarasa<\/td><\/tr><tr><td>Refor\u00e7 Prim\u00e0ria<\/td><td>Gemma Monta\u00f1\u00e0, Josep Rovira<\/td><\/tr><tr><td colspan=\"2\"><strong>Especialitats<\/strong><\/td><\/tr><tr><td rowspan=\"3\">Angl\u00e8s<\/td><td>Vanessa Juan<\/td><\/tr><tr><td><span style=\"background-color: #f9f9f9;\">Raquel Mart\u00ednez&nbsp;<\/span><\/td><\/tr><tr><td>Christian \u00c0lvarez<\/td><\/tr><tr><td rowspan=\"2\">Franc\u00e8s<\/td><td><span style=\"background-color: #f9f9f9;\">Maria Montero&nbsp;<\/span><\/td><\/tr><tr><td>Patricia Prat<\/td><\/tr><tr><td rowspan=\"2\">Educaci\u00f3 F\u00edsica<\/td><td>Jesus Calvete<\/td><\/tr><tr><td><span style=\"background-color: #ffffff;\">Alex Mateo<\/span><\/td><\/tr><tr><td rowspan=\"5\">Atenci\u00f3 Inclusiva<\/td><td>Mar Vilalta<\/td><\/tr><tr><td>M\u00edriam Gaspar<\/td><\/tr><tr><td>Elisabeth Arias<\/td><\/tr><tr><td><span style=\"background-color: #f9f9f9;\">Laura Lanau<\/span><\/td><\/tr><tr><td><span style=\"background-color: #f9f9f9;\">Josep Rovira<\/span><\/td><\/tr><tr><td>&nbsp;<\/td><td>Demelsa Morales (Educadora EE)<\/td><\/tr><tr><td>Aula d&#8217;acollida<\/td><td>Jaume Marteu<\/td><\/tr><tr><td>M\u00fasica<\/td><td>Manel Rodr\u00edguez, F\u00e0tima Tamarit<\/td><\/tr><tr><td rowspan=\"3\">Science<\/td><td>Vanessa Juan<\/td><\/tr><tr><td>Lorena Gonz\u00e1lez<\/td><\/tr><tr><td><span style=\"background-color: #ffffff;\">Christian \u00c0lvarez<\/span><\/td><\/tr><tr><td colspan=\"2\"><strong>Coordinacions<\/strong><\/td><\/tr><tr><td>Coordinadora INF<\/td><td>Merche S\u00e1nchez<\/td><\/tr><tr><td>Coordinadora CI<\/td><td>Cristina P\u00e9rez<\/td><\/tr><tr><td>Coordinadora CM<\/td><td>Elisabeth Arias<\/td><\/tr><tr><td>Coordinadora CS<\/td><td>Ainhoa Iriarte<\/td><\/tr><tr><td>Coordinador&nbsp;TAC<\/td><td>Alex Mateo<\/td><\/tr><tr><td>Coordinadora ling\u00fc\u00edstica<\/td><td>Noelia Pueyo<\/td><\/tr><tr><td>Coord Riscos laborals<\/td><td>Marta Arasanz<\/td><\/tr><tr><td>Vetlladora<\/td><td>Felisa Sacrist\u00e1n<\/td><\/tr><tr><td>Referent EAP<\/td><td>Sonia Calero<\/td><\/tr><tr><td>Conserges<\/td><td>Sim\u00f3n Flores i M\u00edriam Retamero<\/td><\/tr><tr><td>Administrativa<\/td><td>N\u00faria Aguil\u00f3<\/td><\/tr><tr><td>CREDA<\/td><td>\u00c0ngels Barbero<\/td><\/tr><tr><td>Neteja<\/td><td>Eli, Denia i M\u00aaCarmen<\/td><\/tr><tr><td>Menjador i acollida<\/td><td>Marta Exp\u00f3sito (Coordinadora)<\/td><\/tr><tr><td>&nbsp;<\/td><td>&nbsp;<\/td><\/tr><\/tbody><\/table><\/figure>\n\n\n\n<p class=\"font_8\">&nbsp;<\/p>\n","protected":false},"excerpt":{"rendered":"<p>EQUIP DIRECTIU&nbsp; (Dossier professional) Secret\u00e0ria Carolina Ventaja Cap d\u2019Estudis Gemma Monta\u00f1\u00e0 Director Christian \u00c0lvarez EDUCACI\u00d3 INFANTIL I3A Noelia Marin\u00e9 I3B Noelia Gamez I4A Tamara Soto I4B Merche S\u00e1nchez I5A Samara Lorenzo \/ Esther Sirvent I5B Noelia Pueyo TEI (t\u00e8cnica d\u2019E.I.) I3 Elisabeth Guid\u00fa Refor\u00e7 E.I. Carolina Ventaja EDUCACI\u00d3 PRIM\u00c0RIA 1r A Luc\u00eda Gim\u00e9nez 1r B [&hellip;]<\/p>\n","protected":false},"author":2,"featured_media":0,"parent":22,"menu_order":30,"comment_status":"closed","ping_status":"closed","template":"","meta":{"_bbp_topic_count":0,"_bbp_reply_count":0,"_bbp_total_topic_count":0,"_bbp_total_reply_count":0,"_bbp_voice_count":0,"_bbp_anonymous_reply_count":0,"_bbp_topic_count_hidden":0,"_bbp_reply_count_hidden":0,"_bbp_forum_subforum_count":0,"site-sidebar-layout":"default","site-content-layout":"","ast-site-content-layout":"default","site-content-style":"default","site-sidebar-style":"default","ast-global-header-display":"","ast-banner-title-visibility":"","ast-main-header-display":"","ast-hfb-above-header-display":"","ast-hfb-below-header-display":"","ast-hfb-mobile-header-display":"","site-post-title":"","ast-breadcrumbs-content":"","ast-featured-img":"","footer-sml-layout":"","theme-transparent-header-meta":"","adv-header-id-meta":"","stick-header-meta":"","header-above-stick-meta":"","header-main-stick-meta":"","header-below-stick-meta":"","astra-migrate-meta-layouts":"set","ast-page-background-enabled":"default","ast-page-background-meta":{"desktop":{"background-color":"var(--ast-global-color-4)","background-image":"","background-repeat":"repeat","background-position":"center center","background-size":"auto","background-attachment":"scroll","background-type":"","background-media":"","overlay-type":"","overlay-color":"","overlay-opacity":"","overlay-gradient":""},"tablet":{"background-color":"","background-image":"","background-repeat":"repeat","background-position":"center center","background-size":"auto","background-attachment":"scroll","background-type":"","background-media":"","overlay-type":"","overlay-color":"","overlay-opacity":"","overlay-gradient":""},"mobile":{"background-color":"","background-image":"","background-repeat":"repeat","background-position":"center center","background-size":"auto","background-attachment":"scroll","background-type":"","background-media":"","overlay-type":"","overlay-color":"","overlay-opacity":"","overlay-gradient":""}},"ast-content-background-meta":{"desktop":{"background-color":"var(--ast-global-color-5)","background-image":"","background-repeat":"repeat","background-position":"center center","background-size":"auto","background-attachment":"scroll","background-type":"","background-media":"","overlay-type":"","overlay-color":"","overlay-opacity":"","overlay-gradient":""},"tablet":{"background-color":"var(--ast-global-color-5)","background-image":"","background-repeat":"repeat","background-position":"center center","background-size":"auto","background-attachment":"scroll","background-type":"","background-media":"","overlay-type":"","overlay-color":"","overlay-opacity":"","overlay-gradient":""},"mobile":{"background-color":"var(--ast-global-color-5)","background-image":"","background-repeat":"repeat","background-position":"center center","background-size":"auto","background-attachment":"scroll","background-type":"","background-media":"","overlay-type":"","overlay-color":"","overlay-opacity":"","overlay-gradient":""}},"footnotes":""},"class_list":["post-28","page","type-page","status-publish","hentry"],"post_mailing_queue_ids":[],"_links":{"self":[{"href":"https:\/\/agora.xtec.cat\/escolacanserra\/wp-json\/wp\/v2\/pages\/28","targetHints":{"allow":["GET"]}}],"collection":[{"href":"https:\/\/agora.xtec.cat\/escolacanserra\/wp-json\/wp\/v2\/pages"}],"about":[{"href":"https:\/\/agora.xtec.cat\/escolacanserra\/wp-json\/wp\/v2\/types\/page"}],"author":[{"embeddable":true,"href":"https:\/\/agora.xtec.cat\/escolacanserra\/wp-json\/wp\/v2\/users\/2"}],"replies":[{"embeddable":true,"href":"https:\/\/agora.xtec.cat\/escolacanserra\/wp-json\/wp\/v2\/comments?post=28"}],"version-history":[{"count":6,"href":"https:\/\/agora.xtec.cat\/escolacanserra\/wp-json\/wp\/v2\/pages\/28\/revisions"}],"predecessor-version":[{"id":31813,"href":"https:\/\/agora.xtec.cat\/escolacanserra\/wp-json\/wp\/v2\/pages\/28\/revisions\/31813"}],"up":[{"embeddable":true,"href":"https:\/\/agora.xtec.cat\/escolacanserra\/wp-json\/wp\/v2\/pages\/22"}],"wp:attachment":[{"href":"https:\/\/agora.xtec.cat\/escolacanserra\/wp-json\/wp\/v2\/media?parent=28"}],"curies":[{"name":"wp","href":"https:\/\/api.w.org\/{rel}","templated":true}]}}