{"id":21821,"date":"2020-10-05T12:23:31","date_gmt":"2020-10-05T10:23:31","guid":{"rendered":"https:\/\/agora.xtec.cat\/escolacanserra\/?page_id=21821"},"modified":"2020-10-20T15:31:35","modified_gmt":"2020-10-20T13:31:35","slug":"femart","status":"publish","type":"page","link":"https:\/\/agora.xtec.cat\/escolacanserra\/femart\/","title":{"rendered":"FemArt"},"content":{"rendered":"<p><a href=\"https:\/\/agora.xtec.cat\/escolacanserra\/wp-content\/uploads\/usu244\/2020\/10\/FEMart.png\"><img loading=\"lazy\" decoding=\"async\" class=\"wp-image-21822 alignright\" src=\"https:\/\/agora.xtec.cat\/escolacanserra\/wp-content\/uploads\/usu244\/2020\/10\/FEMart.png\" alt=\"\" width=\"431\" height=\"327\" srcset=\"https:\/\/agora.xtec.cat\/escolacanserra\/wp-content\/uploads\/usu244\/2020\/10\/FEMart.png 638w, https:\/\/agora.xtec.cat\/escolacanserra\/wp-content\/uploads\/usu244\/2020\/10\/FEMart-300x228.png 300w\" sizes=\"auto, (max-width: 431px) 100vw, 431px\" \/><\/a>El projecte FemArt preten potenciar l\u2019expressi\u00f3 art\u00edstica de l\u2019escola, donant una mirada oberta, tranversal i feminista. Per poder dur a terme aquest objectiu hem creat dues l\u00ednies d\u2019actuaci\u00f3:<\/p>\n<p>Dins dels artistes, en mascul\u00ed, que es treballaven al llarg del curs, vam veure la necessitat de donar <strong>visibilitat a les dones artistes<\/strong>. Plantejar con\u00e8ixer els canvis en el paper i la consideraci\u00f3 de les dones al llarg de la historia a trav\u00e9s d&#8217;un recorregut transversal d\u2019algunes obres de diferents artistes dones.\u00a0La hist\u00f2ria de les dones ha estat desatesa, marginada i relegada a l&#8217;oblit per la historiografia tradicional patriarcal.\u00a0Aquesta proposta busca comprendre el valor de les dones artistes per permetre aproximar-nos, des de diverses perspectives cr\u00edtiques, al passat hist\u00f2ric.<\/p>\n<p>Per altra banda, des de l\u2019escola veiem molt important la <strong>relaci\u00f3 de tota la comunitat educativa amb l\u2019entorn que l\u2019envolta<\/strong>, podent extreure coneixements, experi\u00e8ncies i valors de cada instituci\u00f3, entitat, agents socioeducatius de l\u2019entorn proper. En aquest context vam iniciar una xarxa de col\u00b7laboraci\u00f3 pedag\u00f2gica amb l&#8217;Institut Can Planas en el camp de les arts. Aquesta col\u00b7laboraci\u00f3\u00a0 tenia dues l\u00ednies d\u2019actuaci\u00f3: Per una banda, <strong>Batxillerat art\u00edstic amb la Biblioteca oberta, <\/strong>i per l\u2019altra \u00a0<strong>4t ESO amb el Cicle Superior 6\u00e8 (pl\u00e0stica).<\/strong><\/p>\n","protected":false},"excerpt":{"rendered":"<p>El projecte FemArt preten potenciar l\u2019expressi\u00f3 art\u00edstica de l\u2019escola, donant una mirada oberta, tranversal i feminista. Per poder dur a terme aquest objectiu hem creat dues l\u00ednies d\u2019actuaci\u00f3: Dins dels artistes, en mascul\u00ed, que es treballaven al llarg del curs, vam veure la necessitat de donar visibilitat a les dones artistes. Plantejar con\u00e8ixer els canvis [&hellip;]<\/p>\n","protected":false},"author":1,"featured_media":0,"parent":0,"menu_order":0,"comment_status":"closed","ping_status":"closed","template":"","meta":{"_bbp_topic_count":0,"_bbp_reply_count":0,"_bbp_total_topic_count":0,"_bbp_total_reply_count":0,"_bbp_voice_count":0,"_bbp_anonymous_reply_count":0,"_bbp_topic_count_hidden":0,"_bbp_reply_count_hidden":0,"_bbp_forum_subforum_count":0,"site-sidebar-layout":"default","site-content-layout":"","ast-site-content-layout":"","site-content-style":"default","site-sidebar-style":"default","ast-global-header-display":"","ast-banner-title-visibility":"","ast-main-header-display":"","ast-hfb-above-header-display":"","ast-hfb-below-header-display":"","ast-hfb-mobile-header-display":"","site-post-title":"","ast-breadcrumbs-content":"","ast-featured-img":"","footer-sml-layout":"","theme-transparent-header-meta":"","adv-header-id-meta":"","stick-header-meta":"","header-above-stick-meta":"","header-main-stick-meta":"","header-below-stick-meta":"","astra-migrate-meta-layouts":"default","ast-page-background-enabled":"default","ast-page-background-meta":{"desktop":{"background-color":"var(--ast-global-color-4)","background-image":"","background-repeat":"repeat","background-position":"center center","background-size":"auto","background-attachment":"scroll","background-type":"","background-media":"","overlay-type":"","overlay-color":"","overlay-opacity":"","overlay-gradient":""},"tablet":{"background-color":"","background-image":"","background-repeat":"repeat","background-position":"center center","background-size":"auto","background-attachment":"scroll","background-type":"","background-media":"","overlay-type":"","overlay-color":"","overlay-opacity":"","overlay-gradient":""},"mobile":{"background-color":"","background-image":"","background-repeat":"repeat","background-position":"center center","background-size":"auto","background-attachment":"scroll","background-type":"","background-media":"","overlay-type":"","overlay-color":"","overlay-opacity":"","overlay-gradient":""}},"ast-content-background-meta":{"desktop":{"background-color":"var(--ast-global-color-5)","background-image":"","background-repeat":"repeat","background-position":"center center","background-size":"auto","background-attachment":"scroll","background-type":"","background-media":"","overlay-type":"","overlay-color":"","overlay-opacity":"","overlay-gradient":""},"tablet":{"background-color":"var(--ast-global-color-5)","background-image":"","background-repeat":"repeat","background-position":"center center","background-size":"auto","background-attachment":"scroll","background-type":"","background-media":"","overlay-type":"","overlay-color":"","overlay-opacity":"","overlay-gradient":""},"mobile":{"background-color":"var(--ast-global-color-5)","background-image":"","background-repeat":"repeat","background-position":"center center","background-size":"auto","background-attachment":"scroll","background-type":"","background-media":"","overlay-type":"","overlay-color":"","overlay-opacity":"","overlay-gradient":""}},"footnotes":""},"class_list":["post-21821","page","type-page","status-publish","hentry"],"post_mailing_queue_ids":[],"_links":{"self":[{"href":"https:\/\/agora.xtec.cat\/escolacanserra\/wp-json\/wp\/v2\/pages\/21821","targetHints":{"allow":["GET"]}}],"collection":[{"href":"https:\/\/agora.xtec.cat\/escolacanserra\/wp-json\/wp\/v2\/pages"}],"about":[{"href":"https:\/\/agora.xtec.cat\/escolacanserra\/wp-json\/wp\/v2\/types\/page"}],"author":[{"embeddable":true,"href":"https:\/\/agora.xtec.cat\/escolacanserra\/wp-json\/wp\/v2\/users\/1"}],"replies":[{"embeddable":true,"href":"https:\/\/agora.xtec.cat\/escolacanserra\/wp-json\/wp\/v2\/comments?post=21821"}],"version-history":[{"count":2,"href":"https:\/\/agora.xtec.cat\/escolacanserra\/wp-json\/wp\/v2\/pages\/21821\/revisions"}],"predecessor-version":[{"id":22042,"href":"https:\/\/agora.xtec.cat\/escolacanserra\/wp-json\/wp\/v2\/pages\/21821\/revisions\/22042"}],"wp:attachment":[{"href":"https:\/\/agora.xtec.cat\/escolacanserra\/wp-json\/wp\/v2\/media?parent=21821"}],"curies":[{"name":"wp","href":"https:\/\/api.w.org\/{rel}","templated":true}]}}