{"id":15035,"date":"2019-01-20T22:15:16","date_gmt":"2019-01-20T21:15:16","guid":{"rendered":"http:\/\/agora.xtec.cat\/escolacanserra\/?page_id=15035"},"modified":"2021-02-24T16:39:39","modified_gmt":"2021-02-24T15:39:39","slug":"projecte-de-convivencia","status":"publish","type":"page","link":"https:\/\/agora.xtec.cat\/escolacanserra\/lescola\/documents-de-centre\/projecte-de-convivencia\/","title":{"rendered":"Projecte de conviv\u00e8ncia"},"content":{"rendered":"<p>La\u00a0<a title=\"Obre finestra nova\" href=\"http:\/\/dogc.gencat.cat\/ca\/pdogc_canals_interns\/pdogc_resultats_fitxa\/?action=fitxa&amp;mode=single&amp;documentId=781530&amp;language=ca_ES\" target=\"_blank\" rel=\"noopener noreferrer\">Resoluci\u00f3 ENS\/585\/2017<\/a>, de 17 de mar\u00e7, per la qual s&#8217;estableix l&#8217;elaboraci\u00f3 i la implementaci\u00f3 del projecte de conviv\u00e8ncia en els centres educatius en el marc del projecte educatiu de centre, determina que els centres educatius del servei d&#8217;educaci\u00f3 de Catalunya han de tenir implementat el projecte de conviv\u00e8ncia en el marc del seu projecte educatiu, en un termini m\u00e0xim de tres anys a partir de la data de publicaci\u00f3.<\/p>\n<p>El projecte de conviv\u00e8ncia forma part del projecte educatiu de centre i recull les mesures de promoci\u00f3 de la conviv\u00e8ncia, els mecanismes i les f\u00f3rmules per a la resoluci\u00f3 pac\u00edfica dels conflictes, especialment la mediaci\u00f3, aix\u00ed com els processos i les mesures d&#8217;intervenci\u00f3 educativa aplicables en cas d&#8217;incompliment de les normes d&#8217;organitzaci\u00f3 i funcionament del centre i d&#8217;acord amb la normativa vigent.<\/p>\n<p>El projecte de conviv\u00e8ncia reflecteix les accions que els centres educatius desenvolupen per capacitar tot l&#8217;alumnat i la resta de la comunitat escolar per a la conviv\u00e8ncia i la gesti\u00f3 positiva dels conflictes.<\/p>\n<p>Les accions que s&#8217;hi proposen s&#8217;han d&#8217;abordar des de tres nivells diferents: valors i actituds, resoluci\u00f3 de conflictes i marc organitzatiu. Aix\u00ed mateix, aquestes accions han d&#8217;anar adre\u00e7ades a la millora de la conviv\u00e8ncia en tres \u00e0mbits diferents: aula, centre i entorn, en el benent\u00e8s que la permeabilitat entre aquests tres \u00e0mbits d&#8217;intervenci\u00f3 afavoreix la transfer\u00e8ncia d&#8217;aprenentatges, valors, actituds i h\u00e0bits relacionals.<\/p>\n<p>Els objectius del projecte de conviv\u00e8ncia s\u00f3n els seg\u00fcents:<\/p>\n<ul>\n<li>Assegurar i garantir la participaci\u00f3, la implicaci\u00f3 i el comprom\u00eds de tota la comunitat escolar.<\/li>\n<li>Ajudar cada alumne a relacionar-se amb si mateix, amb els altres i amb el m\u00f3n.<\/li>\n<li>Potenciar l&#8217;equitat i el respecte a la diversitat dels alumnes en un marc de valors compartits.<\/li>\n<li>Fomentar la mediaci\u00f3 escolar i la cultura del di\u00e0leg com a eina b\u00e0sica en la gesti\u00f3 del conflicte.<\/li>\n<li>Fomentar una cultura de la pau i la no-viol\u00e8ncia, juntament amb els valors que fan possible preservar i enriquir la vida de totes les persones.<\/li>\n<\/ul>\n<p style=\"text-align: center;\"><strong>PROJECTE DE CONVIV\u00c8NCIA DE L&#8217;ESCOLA CAN SERRA<\/strong><\/p>\n<p style=\"text-align: center;\">Aprovat en Consell Escolar el 20\/11\/2019<br \/>\n<iframe loading=\"lazy\" src=\"https:\/\/e.issuu.com\/anonymous-embed.html?u=escolacanserra&amp;d=projecte_de_conviv_ncia__can_serra_\" width=\"944\" height=\"500\" frameborder=\"0\"><\/iframe><\/p>\n<p><em>Per a m\u00e9s informaci\u00f3:<\/em><\/p>\n<p><a href=\"http:\/\/xtec.gencat.cat\/ca\/centres\/projeducatiu\/convivencia\">http:\/\/xtec.gencat.cat\/ca\/centres\/projeducatiu\/convivencia<\/a><\/p>\n","protected":false},"excerpt":{"rendered":"<p>La\u00a0Resoluci\u00f3 ENS\/585\/2017, de 17 de mar\u00e7, per la qual s&#8217;estableix l&#8217;elaboraci\u00f3 i la implementaci\u00f3 del projecte de conviv\u00e8ncia en els centres educatius en el marc del projecte educatiu de centre, determina que els centres educatius del servei d&#8217;educaci\u00f3 de Catalunya han de tenir implementat el projecte de conviv\u00e8ncia en el marc del seu projecte educatiu, [&hellip;]<\/p>\n","protected":false},"author":1,"featured_media":0,"parent":14867,"menu_order":0,"comment_status":"closed","ping_status":"closed","template":"","meta":{"_bbp_topic_count":0,"_bbp_reply_count":0,"_bbp_total_topic_count":0,"_bbp_total_reply_count":0,"_bbp_voice_count":0,"_bbp_anonymous_reply_count":0,"_bbp_topic_count_hidden":0,"_bbp_reply_count_hidden":0,"_bbp_forum_subforum_count":0,"site-sidebar-layout":"default","site-content-layout":"","ast-site-content-layout":"","site-content-style":"default","site-sidebar-style":"default","ast-global-header-display":"","ast-banner-title-visibility":"","ast-main-header-display":"","ast-hfb-above-header-display":"","ast-hfb-below-header-display":"","ast-hfb-mobile-header-display":"","site-post-title":"","ast-breadcrumbs-content":"","ast-featured-img":"","footer-sml-layout":"","theme-transparent-header-meta":"","adv-header-id-meta":"","stick-header-meta":"","header-above-stick-meta":"","header-main-stick-meta":"","header-below-stick-meta":"","astra-migrate-meta-layouts":"default","ast-page-background-enabled":"default","ast-page-background-meta":{"desktop":{"background-color":"var(--ast-global-color-4)","background-image":"","background-repeat":"repeat","background-position":"center center","background-size":"auto","background-attachment":"scroll","background-type":"","background-media":"","overlay-type":"","overlay-color":"","overlay-opacity":"","overlay-gradient":""},"tablet":{"background-color":"","background-image":"","background-repeat":"repeat","background-position":"center center","background-size":"auto","background-attachment":"scroll","background-type":"","background-media":"","overlay-type":"","overlay-color":"","overlay-opacity":"","overlay-gradient":""},"mobile":{"background-color":"","background-image":"","background-repeat":"repeat","background-position":"center center","background-size":"auto","background-attachment":"scroll","background-type":"","background-media":"","overlay-type":"","overlay-color":"","overlay-opacity":"","overlay-gradient":""}},"ast-content-background-meta":{"desktop":{"background-color":"var(--ast-global-color-5)","background-image":"","background-repeat":"repeat","background-position":"center center","background-size":"auto","background-attachment":"scroll","background-type":"","background-media":"","overlay-type":"","overlay-color":"","overlay-opacity":"","overlay-gradient":""},"tablet":{"background-color":"var(--ast-global-color-5)","background-image":"","background-repeat":"repeat","background-position":"center center","background-size":"auto","background-attachment":"scroll","background-type":"","background-media":"","overlay-type":"","overlay-color":"","overlay-opacity":"","overlay-gradient":""},"mobile":{"background-color":"var(--ast-global-color-5)","background-image":"","background-repeat":"repeat","background-position":"center center","background-size":"auto","background-attachment":"scroll","background-type":"","background-media":"","overlay-type":"","overlay-color":"","overlay-opacity":"","overlay-gradient":""}},"footnotes":""},"class_list":["post-15035","page","type-page","status-publish","hentry"],"post_mailing_queue_ids":[],"_links":{"self":[{"href":"https:\/\/agora.xtec.cat\/escolacanserra\/wp-json\/wp\/v2\/pages\/15035","targetHints":{"allow":["GET"]}}],"collection":[{"href":"https:\/\/agora.xtec.cat\/escolacanserra\/wp-json\/wp\/v2\/pages"}],"about":[{"href":"https:\/\/agora.xtec.cat\/escolacanserra\/wp-json\/wp\/v2\/types\/page"}],"author":[{"embeddable":true,"href":"https:\/\/agora.xtec.cat\/escolacanserra\/wp-json\/wp\/v2\/users\/1"}],"replies":[{"embeddable":true,"href":"https:\/\/agora.xtec.cat\/escolacanserra\/wp-json\/wp\/v2\/comments?post=15035"}],"version-history":[{"count":3,"href":"https:\/\/agora.xtec.cat\/escolacanserra\/wp-json\/wp\/v2\/pages\/15035\/revisions"}],"predecessor-version":[{"id":23535,"href":"https:\/\/agora.xtec.cat\/escolacanserra\/wp-json\/wp\/v2\/pages\/15035\/revisions\/23535"}],"up":[{"embeddable":true,"href":"https:\/\/agora.xtec.cat\/escolacanserra\/wp-json\/wp\/v2\/pages\/14867"}],"wp:attachment":[{"href":"https:\/\/agora.xtec.cat\/escolacanserra\/wp-json\/wp\/v2\/media?parent=15035"}],"curies":[{"name":"wp","href":"https:\/\/api.w.org\/{rel}","templated":true}]}}