{"id":14941,"date":"2019-01-09T23:22:29","date_gmt":"2019-01-09T22:22:29","guid":{"rendered":"http:\/\/agora.xtec.cat\/escolacanserra\/?page_id=14941"},"modified":"2019-11-30T15:55:36","modified_gmt":"2019-11-30T14:55:36","slug":"centre-formador","status":"publish","type":"page","link":"https:\/\/agora.xtec.cat\/escolacanserra\/lescola\/centre-formador\/","title":{"rendered":"Centre formador"},"content":{"rendered":"<p>El Departament d&#8217;Educaci\u00f3 considera fonamental que els futurs mestres i professors facin les pr\u00e0ctiques en centres educatius sostinguts amb fons p\u00fablics, per tal que puguin assolir les compet\u00e8ncies necess\u00e0ries per exercir una doc\u00e8ncia de qualitat. L&#8217;organitzaci\u00f3 de les pr\u00e0ctiques en centres formadors ha de permetre la simultane\u00eftat entre la teoria i la pr\u00e0ctica, i ha de facilitar l&#8217;acompanyament professional des de la universitat i des del centre educatiu.<\/p>\n<p>Aquestes pr\u00e0ctiques es realitzen en el marc de convenis de col\u00b7laboraci\u00f3 entre el Departament d&#8217;Educaci\u00f3 i les universitats per una durada de quatre anys amb possibilitat de renovaci\u00f3.<\/p>\n<p>Els centres formadors s\u00f3n aquells centres educatius sostinguts amb fons p\u00fablics que imparteixen ensenyaments d&#8217;educaci\u00f3 infantil, prim\u00e0ria, secund\u00e0ria obligat\u00f2ria, batxillerat, formaci\u00f3 professional, ensenyaments de r\u00e8gim especial i\/o formaci\u00f3 de persones adultes, aix\u00ed com els serveis educatius i unitats del Departament d\u2019Educaci\u00f3 els quals s\u2019ofereixen per rebre i tutoritzar estudiants universitaris en pr\u00e0ctiques, incorporant-los en la vida di\u00e0ria del centre, amb l\u2019objectiu de que rebin formaci\u00f3 professionalitzadora en l\u2019entorn real de centre i aula. Aix\u00f2 requereix d\u2019una coordinaci\u00f3 estreta amb les universitats i l\u2019establiment d\u2019un pla de treball que guiar\u00e0 l\u2019acompanyament d\u2019aquests estudiants en pr\u00e0ctiques al llarg de la seva estada al centre.<\/p>\n<p>Ser-ho, implica un acord de claustre i establir un protocol d\u2019acollida i al llarg de l\u2019estada formativa de l\u2019estudiant.<\/p>\n","protected":false},"excerpt":{"rendered":"<p>El Departament d&#8217;Educaci\u00f3 considera fonamental que els futurs mestres i professors facin les pr\u00e0ctiques en centres educatius sostinguts amb fons p\u00fablics, per tal que puguin assolir les compet\u00e8ncies necess\u00e0ries per exercir una doc\u00e8ncia de qualitat. L&#8217;organitzaci\u00f3 de les pr\u00e0ctiques en centres formadors ha de permetre la simultane\u00eftat entre la teoria i la pr\u00e0ctica, i ha [&hellip;]<\/p>\n","protected":false},"author":1,"featured_media":0,"parent":22,"menu_order":0,"comment_status":"closed","ping_status":"closed","template":"","meta":{"_bbp_topic_count":0,"_bbp_reply_count":0,"_bbp_total_topic_count":0,"_bbp_total_reply_count":0,"_bbp_voice_count":0,"_bbp_anonymous_reply_count":0,"_bbp_topic_count_hidden":0,"_bbp_reply_count_hidden":0,"_bbp_forum_subforum_count":0,"site-sidebar-layout":"default","site-content-layout":"","ast-site-content-layout":"","site-content-style":"default","site-sidebar-style":"default","ast-global-header-display":"","ast-banner-title-visibility":"","ast-main-header-display":"","ast-hfb-above-header-display":"","ast-hfb-below-header-display":"","ast-hfb-mobile-header-display":"","site-post-title":"","ast-breadcrumbs-content":"","ast-featured-img":"","footer-sml-layout":"","theme-transparent-header-meta":"","adv-header-id-meta":"","stick-header-meta":"","header-above-stick-meta":"","header-main-stick-meta":"","header-below-stick-meta":"","astra-migrate-meta-layouts":"default","ast-page-background-enabled":"default","ast-page-background-meta":{"desktop":{"background-color":"var(--ast-global-color-4)","background-image":"","background-repeat":"repeat","background-position":"center center","background-size":"auto","background-attachment":"scroll","background-type":"","background-media":"","overlay-type":"","overlay-color":"","overlay-opacity":"","overlay-gradient":""},"tablet":{"background-color":"","background-image":"","background-repeat":"repeat","background-position":"center center","background-size":"auto","background-attachment":"scroll","background-type":"","background-media":"","overlay-type":"","overlay-color":"","overlay-opacity":"","overlay-gradient":""},"mobile":{"background-color":"","background-image":"","background-repeat":"repeat","background-position":"center center","background-size":"auto","background-attachment":"scroll","background-type":"","background-media":"","overlay-type":"","overlay-color":"","overlay-opacity":"","overlay-gradient":""}},"ast-content-background-meta":{"desktop":{"background-color":"var(--ast-global-color-5)","background-image":"","background-repeat":"repeat","background-position":"center center","background-size":"auto","background-attachment":"scroll","background-type":"","background-media":"","overlay-type":"","overlay-color":"","overlay-opacity":"","overlay-gradient":""},"tablet":{"background-color":"var(--ast-global-color-5)","background-image":"","background-repeat":"repeat","background-position":"center center","background-size":"auto","background-attachment":"scroll","background-type":"","background-media":"","overlay-type":"","overlay-color":"","overlay-opacity":"","overlay-gradient":""},"mobile":{"background-color":"var(--ast-global-color-5)","background-image":"","background-repeat":"repeat","background-position":"center center","background-size":"auto","background-attachment":"scroll","background-type":"","background-media":"","overlay-type":"","overlay-color":"","overlay-opacity":"","overlay-gradient":""}},"footnotes":""},"class_list":["post-14941","page","type-page","status-publish","hentry"],"post_mailing_queue_ids":[],"_links":{"self":[{"href":"https:\/\/agora.xtec.cat\/escolacanserra\/wp-json\/wp\/v2\/pages\/14941","targetHints":{"allow":["GET"]}}],"collection":[{"href":"https:\/\/agora.xtec.cat\/escolacanserra\/wp-json\/wp\/v2\/pages"}],"about":[{"href":"https:\/\/agora.xtec.cat\/escolacanserra\/wp-json\/wp\/v2\/types\/page"}],"author":[{"embeddable":true,"href":"https:\/\/agora.xtec.cat\/escolacanserra\/wp-json\/wp\/v2\/users\/1"}],"replies":[{"embeddable":true,"href":"https:\/\/agora.xtec.cat\/escolacanserra\/wp-json\/wp\/v2\/comments?post=14941"}],"version-history":[{"count":2,"href":"https:\/\/agora.xtec.cat\/escolacanserra\/wp-json\/wp\/v2\/pages\/14941\/revisions"}],"predecessor-version":[{"id":17822,"href":"https:\/\/agora.xtec.cat\/escolacanserra\/wp-json\/wp\/v2\/pages\/14941\/revisions\/17822"}],"up":[{"embeddable":true,"href":"https:\/\/agora.xtec.cat\/escolacanserra\/wp-json\/wp\/v2\/pages\/22"}],"wp:attachment":[{"href":"https:\/\/agora.xtec.cat\/escolacanserra\/wp-json\/wp\/v2\/media?parent=14941"}],"curies":[{"name":"wp","href":"https:\/\/api.w.org\/{rel}","templated":true}]}}