{"id":14871,"date":"2018-12-30T16:49:43","date_gmt":"2018-12-30T15:49:43","guid":{"rendered":"http:\/\/agora.xtec.cat\/escolacanserra\/?page_id=14871"},"modified":"2022-06-08T14:14:38","modified_gmt":"2022-06-08T12:14:38","slug":"projecte-linguistic-de-centre","status":"publish","type":"page","link":"https:\/\/agora.xtec.cat\/escolacanserra\/lescola\/documents-de-centre\/projecte-linguistic-de-centre\/","title":{"rendered":"Projecte ling\u00fc\u00edstic de centre"},"content":{"rendered":"<p><a href=\"https:\/\/agora.xtec.cat\/escolacanserra\/wp-content\/uploads\/usu244\/2019\/07\/LOGO-LLENGUES.jpg\"><img loading=\"lazy\" decoding=\"async\" class=\" wp-image-16602 aligncenter\" src=\"https:\/\/agora.xtec.cat\/escolacanserra\/wp-content\/uploads\/usu244\/2019\/07\/LOGO-LLENGUES-300x156.jpg\" alt=\"\" width=\"487\" height=\"253\" srcset=\"https:\/\/agora.xtec.cat\/escolacanserra\/wp-content\/uploads\/usu244\/2019\/07\/LOGO-LLENGUES-300x156.jpg 300w, https:\/\/agora.xtec.cat\/escolacanserra\/wp-content\/uploads\/usu244\/2019\/07\/LOGO-LLENGUES-768x401.jpg 768w, https:\/\/agora.xtec.cat\/escolacanserra\/wp-content\/uploads\/usu244\/2019\/07\/LOGO-LLENGUES-1024x534.jpg 1024w, https:\/\/agora.xtec.cat\/escolacanserra\/wp-content\/uploads\/usu244\/2019\/07\/LOGO-LLENGUES.jpg 1162w\" sizes=\"auto, (max-width: 487px) 100vw, 487px\" \/><\/a><\/p>\n<p style=\"text-align: center;\"><a href=\"https:\/\/agora.xtec.cat\/escolacanserra\/wp-content\/uploads\/usu244\/2019\/04\/projecte-linguistic-lletres.jpg\"><img loading=\"lazy\" decoding=\"async\" class=\"alignnone wp-image-15823\" src=\"https:\/\/agora.xtec.cat\/escolacanserra\/wp-content\/uploads\/usu244\/2019\/04\/projecte-linguistic-lletres-300x129.jpg\" alt=\"\" width=\"351\" height=\"151\" srcset=\"https:\/\/agora.xtec.cat\/escolacanserra\/wp-content\/uploads\/usu244\/2019\/04\/projecte-linguistic-lletres-300x129.jpg 300w, https:\/\/agora.xtec.cat\/escolacanserra\/wp-content\/uploads\/usu244\/2019\/04\/projecte-linguistic-lletres.jpg 532w\" sizes=\"auto, (max-width: 351px) 100vw, 351px\" \/><\/a><\/p>\n<p>El projecte ling\u00fc\u00edstic \u00e9s un marc per a\u00a0 l\u2019organitzaci\u00f3 i per a la gesti\u00f3 de l\u2019\u00fas i l\u2019ensenyament de la llengua catalana i de l\u2019ensenyament de les altres lleng\u00fces (castell\u00e0 i angl\u00e8s) presents al curr\u00edculum. Tracta de recollir tots aquells principis que s\u00f3n compartits per la comunitat educativa respecte a l\u2019\u00fas i el proc\u00e9s d\u2019ensenyament i aprenentatge de les lleng\u00fces als diferents \u00e0mbits de l\u2019escola.<\/p>\n<p>Un dels objectius principals de la nostra tasca educadora ha de ser formar parlants pluriling\u00fces i pluriculturals amb respecte per la diversitat ling\u00fc\u00edstic i cultural, partint de la<strong> llengua catalana com a vehicular<\/strong>.\u00a0L\u2019<strong>assoliment de la compet\u00e8ncia plena en catal\u00e0 i castell\u00e0<\/strong> \u00e9s la garantia que l\u2019escola proporciona als alumnes el coneixement ling\u00fc\u00edstic, comunicatiu i literari que cal per tenir per fer front a l\u2019ensenyament secundari.<\/p>\n<p>L\u2019aprenentatge de lleng\u00fces estrangeres t\u00e9 la intenci\u00f3 d\u2019augmentar la compet\u00e8ncia comunicativa de l\u2019alumnat i ampliar les seves possibilitats culturals.<\/p>\n<p>Les lleng\u00fces d\u2019origen de l\u2019alumnat han de ser presents al centre, ja sigui en el propi aprenentatge ling\u00fc\u00edstic, ja sigui de manera simb\u00f2lica, com a reconeixement del patrimoni cultural que hi aporten.<\/p>\n<p>El projecte ling\u00fc\u00edstic, que forma part del PEC, es desenvolupa i desplega\u00a0en els altres documents habituals d\u2019organitzaci\u00f3 i gesti\u00f3 del centre que la normativa vigent prescriu.\u00a0Ha estat consensuat pel professorat del centre i aprovat pel consell escolar.<\/p>\n<p><strong>El projecte de direcci\u00f3 que s\u2019ha presentat al Departament d\u2019Educaci\u00f3 pels cursos 2019-2023 inclou la proposta d\u2019incorporar la introducci\u00f3 del franc\u00e8s com a segona llengua estrangera al Cicle Superior de l\u2019Escola Can Serra. Estem molt il\u00b7lusionades amb aquest nou repte que, sens dubte, oferir\u00e0 una oportunitat \u00fanica a l\u2019alumnat per ampliar el coneixement i bagatge en lleng\u00fces estrangeres.<\/strong><\/p>\n<p>Projecte ling\u00fc\u00edstic de l&#8217;Escola Can Serra:<\/p>\n<div style=\"text-align: center;\">\n<div style=\"text-align: center;\">\n<div style=\"text-align: center;\">\n<p><iframe loading=\"lazy\" style=\"margin: 0 auto;\" src=\"\/\/v.calameo.com\/?bkcode=004488482e8d9604f204e&amp;mode=mini&amp;clickto=view&amp;clicktarget=_self\" width=\"560\" height=\"350\" frameborder=\"0\" scrolling=\"no\" allowfullscreen=\"allowfullscreen\"><\/iframe><\/p>\n<\/div>\n<p>&nbsp;<\/p>\n<div style=\"margin: 4px 0px 8px;\"><\/div>\n<\/div>\n<p>&nbsp;<\/p>\n<\/div>\n","protected":false},"excerpt":{"rendered":"<p>El projecte ling\u00fc\u00edstic \u00e9s un marc per a\u00a0 l\u2019organitzaci\u00f3 i per a la gesti\u00f3 de l\u2019\u00fas i l\u2019ensenyament de la llengua catalana i de l\u2019ensenyament de les altres lleng\u00fces (castell\u00e0 i angl\u00e8s) presents al curr\u00edculum. Tracta de recollir tots aquells principis que s\u00f3n compartits per la comunitat educativa respecte a l\u2019\u00fas i el proc\u00e9s d\u2019ensenyament [&hellip;]<\/p>\n","protected":false},"author":1,"featured_media":0,"parent":14867,"menu_order":2,"comment_status":"closed","ping_status":"closed","template":"","meta":{"_bbp_topic_count":0,"_bbp_reply_count":0,"_bbp_total_topic_count":0,"_bbp_total_reply_count":0,"_bbp_voice_count":0,"_bbp_anonymous_reply_count":0,"_bbp_topic_count_hidden":0,"_bbp_reply_count_hidden":0,"_bbp_forum_subforum_count":0,"site-sidebar-layout":"default","site-content-layout":"","ast-site-content-layout":"","site-content-style":"default","site-sidebar-style":"default","ast-global-header-display":"","ast-banner-title-visibility":"","ast-main-header-display":"","ast-hfb-above-header-display":"","ast-hfb-below-header-display":"","ast-hfb-mobile-header-display":"","site-post-title":"","ast-breadcrumbs-content":"","ast-featured-img":"","footer-sml-layout":"","theme-transparent-header-meta":"","adv-header-id-meta":"","stick-header-meta":"","header-above-stick-meta":"","header-main-stick-meta":"","header-below-stick-meta":"","astra-migrate-meta-layouts":"default","ast-page-background-enabled":"default","ast-page-background-meta":{"desktop":{"background-color":"var(--ast-global-color-4)","background-image":"","background-repeat":"repeat","background-position":"center center","background-size":"auto","background-attachment":"scroll","background-type":"","background-media":"","overlay-type":"","overlay-color":"","overlay-opacity":"","overlay-gradient":""},"tablet":{"background-color":"","background-image":"","background-repeat":"repeat","background-position":"center center","background-size":"auto","background-attachment":"scroll","background-type":"","background-media":"","overlay-type":"","overlay-color":"","overlay-opacity":"","overlay-gradient":""},"mobile":{"background-color":"","background-image":"","background-repeat":"repeat","background-position":"center center","background-size":"auto","background-attachment":"scroll","background-type":"","background-media":"","overlay-type":"","overlay-color":"","overlay-opacity":"","overlay-gradient":""}},"ast-content-background-meta":{"desktop":{"background-color":"var(--ast-global-color-5)","background-image":"","background-repeat":"repeat","background-position":"center center","background-size":"auto","background-attachment":"scroll","background-type":"","background-media":"","overlay-type":"","overlay-color":"","overlay-opacity":"","overlay-gradient":""},"tablet":{"background-color":"var(--ast-global-color-5)","background-image":"","background-repeat":"repeat","background-position":"center center","background-size":"auto","background-attachment":"scroll","background-type":"","background-media":"","overlay-type":"","overlay-color":"","overlay-opacity":"","overlay-gradient":""},"mobile":{"background-color":"var(--ast-global-color-5)","background-image":"","background-repeat":"repeat","background-position":"center center","background-size":"auto","background-attachment":"scroll","background-type":"","background-media":"","overlay-type":"","overlay-color":"","overlay-opacity":"","overlay-gradient":""}},"footnotes":""},"class_list":["post-14871","page","type-page","status-publish","hentry"],"post_mailing_queue_ids":[],"_links":{"self":[{"href":"https:\/\/agora.xtec.cat\/escolacanserra\/wp-json\/wp\/v2\/pages\/14871","targetHints":{"allow":["GET"]}}],"collection":[{"href":"https:\/\/agora.xtec.cat\/escolacanserra\/wp-json\/wp\/v2\/pages"}],"about":[{"href":"https:\/\/agora.xtec.cat\/escolacanserra\/wp-json\/wp\/v2\/types\/page"}],"author":[{"embeddable":true,"href":"https:\/\/agora.xtec.cat\/escolacanserra\/wp-json\/wp\/v2\/users\/1"}],"replies":[{"embeddable":true,"href":"https:\/\/agora.xtec.cat\/escolacanserra\/wp-json\/wp\/v2\/comments?post=14871"}],"version-history":[{"count":3,"href":"https:\/\/agora.xtec.cat\/escolacanserra\/wp-json\/wp\/v2\/pages\/14871\/revisions"}],"predecessor-version":[{"id":29109,"href":"https:\/\/agora.xtec.cat\/escolacanserra\/wp-json\/wp\/v2\/pages\/14871\/revisions\/29109"}],"up":[{"embeddable":true,"href":"https:\/\/agora.xtec.cat\/escolacanserra\/wp-json\/wp\/v2\/pages\/14867"}],"wp:attachment":[{"href":"https:\/\/agora.xtec.cat\/escolacanserra\/wp-json\/wp\/v2\/media?parent=14871"}],"curies":[{"name":"wp","href":"https:\/\/api.w.org\/{rel}","templated":true}]}}