{"id":14826,"date":"2018-12-27T21:43:04","date_gmt":"2018-12-27T20:43:04","guid":{"rendered":"http:\/\/agora.xtec.cat\/escolacanserra\/?page_id=14826"},"modified":"2020-11-16T12:12:55","modified_gmt":"2020-11-16T11:12:55","slug":"escola-viatgera","status":"publish","type":"page","link":"https:\/\/agora.xtec.cat\/escolacanserra\/escola-viatgera\/","title":{"rendered":"Escola viatgera"},"content":{"rendered":"<div align=\"center\">\n<p align=\"left\">Quan recordem les primeres <strong>sortides i col\u00f2nies<\/strong>, si \u00e9s que aix\u00ed se&#8217;n podien anomenar, els qui portem molt de temps en l&#8217;ensenyament p\u00fablic, no podem evitar un somriure i una mirada enlaire dient: mare meva! Ara no ho faria pas! No \u00e9s que f\u00f3ssim pas uns inconscients, no, \u00e9s que &#8220;<em>eren altres temps<\/em>&#8220;.<\/p>\n<p align=\"left\">Aquelles primeres col\u00f2nies farien esborronar a qualsevol de les mares i pares que ara v\u00e9nen a acomiadar els seus fills i filles quan marxen amb l&#8217;autocar cap a alguna casa de col\u00f2nies on hi ha totes les comoditats i tots els mitjans humans i pedag\u00f2gics necessaris.<br \/>\nPosarem nom\u00e9s un exemple: qu\u00e8 us sembla un viatge de 8\u00e8 fins a Martinet, pujant a peu fins al refugi de Prat Mir\u00f3 amb tot el menjar i estris i quedant-nos tots sols al refugi? Segur que si alg\u00fa dels qui hi eren, est\u00e0 llegint aquest escrit ho recordar\u00e0 amb enyoran\u00e7a, ja que una experi\u00e8ncia aix\u00ed, dif\u00edcilment s&#8217;oblida. O a Nerja l&#8217;estiu del fam\u00f3s &#8220;Verano azul&#8221;. La veritat \u00e9s que sempre ha sortit tot molt b\u00e9 i ha valgut la pena.<\/p>\n<p align=\"left\">De mica en mica es va anar institucionalitzant <em>el viatge de 8\u00e8<\/em>, que en d\u00e8iem, i \u00e9s clar, on an\u00e0vem? Doncs a Mallorca, com tothom. Per\u00f2 al cap de poc, vam passar-nos d&#8217;illa i vam comen\u00e7ar la tradici\u00f3 d&#8217;anar a Menorca, on vam continuar anant una colla d&#8217;anys. Els altres cursos tamb\u00e9 van comen\u00e7ar a anar de col\u00f2nies. Les cases eren sovint for\u00e7a prec\u00e0ries i poc restaurades i evidentment sense molts dels serveis i d&#8217;altres normes necess\u00e0ries que ara obliguen a tenir. Tampoc no hi havia servei de monitors, ni tallers organitzats. Llavors, els mestres i les mestres, un parell de me<a href=\"https:\/\/agora.xtec.cat\/escolacanserra\/wp-content\/uploads\/usu244\/2019\/05\/WhatsApp-Image-2019-05-29-at-11.49.55.jpeg\"><img loading=\"lazy\" decoding=\"async\" class=\"wp-image-16192 alignright\" src=\"https:\/\/agora.xtec.cat\/escolacanserra\/wp-content\/uploads\/usu244\/2019\/05\/WhatsApp-Image-2019-05-29-at-11.49.55.jpeg\" alt=\"\" width=\"191\" height=\"142\" srcset=\"https:\/\/agora.xtec.cat\/escolacanserra\/wp-content\/uploads\/usu244\/2019\/05\/WhatsApp-Image-2019-05-29-at-11.49.55.jpeg 1024w, https:\/\/agora.xtec.cat\/escolacanserra\/wp-content\/uploads\/usu244\/2019\/05\/WhatsApp-Image-2019-05-29-at-11.49.55-300x225.jpeg 300w, https:\/\/agora.xtec.cat\/escolacanserra\/wp-content\/uploads\/usu244\/2019\/05\/WhatsApp-Image-2019-05-29-at-11.49.55-768x576.jpeg 768w, https:\/\/agora.xtec.cat\/escolacanserra\/wp-content\/uploads\/usu244\/2019\/05\/WhatsApp-Image-2019-05-29-at-11.49.55-200x150.jpeg 200w\" sizes=\"auto, (max-width: 191px) 100vw, 191px\" \/><\/a>sos abans, comen\u00e7\u00e0vem a preparar tots els jocs i activitats i a omplir caixes de material necessari per poder realitzar tot el qu\u00e8 hav\u00edem preparat. Era una feinada, i tant! Per\u00f2 hi pos\u00e0vem tanta il\u00b7lusi\u00f3!<\/p>\n<p align=\"left\">Despr\u00e9s va venir una temporada que es van anar deixant de fer les col\u00f2nies. Alguns mestres sentien massa pressi\u00f3 i massa responsabilitat. Fins que nous aires van arribar i es va anar creant de nou la necessitat de tornar a<strong> fer col\u00f2nies,<\/strong> <strong>valorant sempre el clima de conviv\u00e8ncia que es crea entre totes plegades i la import\u00e0ncia tamb\u00e9 a l&#8217;hora de fomentar l&#8217;autonomia personal dels nens i les nenes.<\/strong> Entre uns i altres vam arribar a un acord: far\u00edem de nou col\u00f2nies, per\u00f2 nom\u00e9s a finals de cada Cicle. Vam buscar uns entorns adequats i amb unes activitats i tallers que tinguessin a veure amb les tem\u00e0tiques que es treballen a l&#8217;aula i que fossin engrescadores per als nens i nenes.<a href=\"https:\/\/agora.xtec.cat\/escolacanserra\/wp-content\/uploads\/usu244\/2019\/05\/WhatsApp-Image-2019-05-27-at-12.22.15.jpeg\"><img loading=\"lazy\" decoding=\"async\" class=\"wp-image-16171 alignright\" src=\"https:\/\/agora.xtec.cat\/escolacanserra\/wp-content\/uploads\/usu244\/2019\/05\/WhatsApp-Image-2019-05-27-at-12.22.15.jpeg\" alt=\"\" width=\"240\" height=\"180\" srcset=\"https:\/\/agora.xtec.cat\/escolacanserra\/wp-content\/uploads\/usu244\/2019\/05\/WhatsApp-Image-2019-05-27-at-12.22.15.jpeg 1600w, https:\/\/agora.xtec.cat\/escolacanserra\/wp-content\/uploads\/usu244\/2019\/05\/WhatsApp-Image-2019-05-27-at-12.22.15-300x224.jpeg 300w, https:\/\/agora.xtec.cat\/escolacanserra\/wp-content\/uploads\/usu244\/2019\/05\/WhatsApp-Image-2019-05-27-at-12.22.15-768x574.jpeg 768w, https:\/\/agora.xtec.cat\/escolacanserra\/wp-content\/uploads\/usu244\/2019\/05\/WhatsApp-Image-2019-05-27-at-12.22.15-1024x765.jpeg 1024w, https:\/\/agora.xtec.cat\/escolacanserra\/wp-content\/uploads\/usu244\/2019\/05\/WhatsApp-Image-2019-05-27-at-12.22.15-200x150.jpeg 200w\" sizes=\"auto, (max-width: 240px) 100vw, 240px\" \/><\/a><\/p>\n<p align=\"left\">Tot ha canviat for\u00e7a, menys una cosa: la il\u00b7lusi\u00f3 dels nens i les nenes per anar de col\u00f2nies i segurament que els records de les viv\u00e8ncies viscudes amb tots els companys i companyes i amb els professors i professores, perduraran al llarg de la seva vida i els ajudaran a cr\u00e9ixer i a fer-se persones independents i aut\u00f2nom<\/p>\n<p><img loading=\"lazy\" decoding=\"async\" class=\"size-medium wp-image-17559 alignright\" src=\"https:\/\/agora.xtec.cat\/escolacanserra\/wp-content\/uploads\/usu244\/2019\/11\/IMG-20191118-WA0019-225x300.jpg\" alt=\"\" width=\"225\" height=\"300\" \/><\/p>\n<p align=\"left\">es.<\/p>\n<p align=\"left\">De <strong>sortides pedag\u00f2giques<\/strong> sempre n&#8217;hem anat fent. Hem procurat complementar el treball fet a l&#8217;aula amb l&#8217;observaci\u00f3 directa, fent visites i excursions a diferents llocs com poden ser: museus, parcs naturals, monuments propers a la nostra hist\u00f2ria, concerts, teatre&#8230;<br \/>\nAquestes sortides, encara que siguin exclusivament de treball, fan que els nens i les nenes les esperin amb molta il\u00b7lusi\u00f3. El fet de sortir ja suposa un estona de conviv\u00e8ncia diferent de la que es t\u00e9 a dins de l&#8217;escola i a m\u00e9s com que estan m\u00e9s motivats l&#8217;aprenentatge \u00e9s m\u00e9s bo.<\/p>\n<p align=\"left\"><span style=\"font-family: inherit; font-size: 1em;\"><br \/>\nPer tot aix\u00f2, a partir d&#8217;ara i despr\u00e9s de l&#8217;experi\u00e8ncia d&#8217;aquests 40 anys, volem continuar essent tamb\u00e9 una escola viatgera.<\/span>L&#8217;avantatge que tenim els mestres i les mestres \u00e9s que podem provar-ho tot. Aix\u00ed ens trobem que hem fet rafting, hem passat ponts de mico i tirolines, hem fet vela i pirag\u00fcisme, excursions en bicicleta, hem fet de guies de muntanya, quan anem al Museu de la Ci\u00e8ncia ens posen una serp al coll i, si anem al zoo, fins i tot ens deixem fer un petonet per un poni. Ah! I per si de cas, tamb\u00e9 hem de ser expertes i experts en rutes i carreteres, no fos cas que el conductor de l&#8217;autocar no sab\u00e9s el cam\u00ed! Sort que les noves tecnologies ens han portat els &#8220;GPS&#8221; i el Google Maps, que faciliten for\u00e7a l&#8217;arribada a les sortides i cases de col\u00f2nies.<\/p>\n<\/div>\n","protected":false},"excerpt":{"rendered":"<p>Quan recordem les primeres sortides i col\u00f2nies, si \u00e9s que aix\u00ed se&#8217;n podien anomenar, els qui portem molt de temps en l&#8217;ensenyament p\u00fablic, no podem evitar un somriure i una mirada enlaire dient: mare meva! Ara no ho faria pas! No \u00e9s que f\u00f3ssim pas uns inconscients, no, \u00e9s que &#8220;eren altres temps&#8220;. Aquelles primeres [&hellip;]<\/p>\n","protected":false},"author":1,"featured_media":0,"parent":0,"menu_order":0,"comment_status":"closed","ping_status":"closed","template":"","meta":{"_bbp_topic_count":0,"_bbp_reply_count":0,"_bbp_total_topic_count":0,"_bbp_total_reply_count":0,"_bbp_voice_count":0,"_bbp_anonymous_reply_count":0,"_bbp_topic_count_hidden":0,"_bbp_reply_count_hidden":0,"_bbp_forum_subforum_count":0,"site-sidebar-layout":"default","site-content-layout":"","ast-site-content-layout":"","site-content-style":"default","site-sidebar-style":"default","ast-global-header-display":"","ast-banner-title-visibility":"","ast-main-header-display":"","ast-hfb-above-header-display":"","ast-hfb-below-header-display":"","ast-hfb-mobile-header-display":"","site-post-title":"","ast-breadcrumbs-content":"","ast-featured-img":"","footer-sml-layout":"","theme-transparent-header-meta":"","adv-header-id-meta":"","stick-header-meta":"","header-above-stick-meta":"","header-main-stick-meta":"","header-below-stick-meta":"","astra-migrate-meta-layouts":"default","ast-page-background-enabled":"default","ast-page-background-meta":{"desktop":{"background-color":"var(--ast-global-color-4)","background-image":"","background-repeat":"repeat","background-position":"center center","background-size":"auto","background-attachment":"scroll","background-type":"","background-media":"","overlay-type":"","overlay-color":"","overlay-opacity":"","overlay-gradient":""},"tablet":{"background-color":"","background-image":"","background-repeat":"repeat","background-position":"center center","background-size":"auto","background-attachment":"scroll","background-type":"","background-media":"","overlay-type":"","overlay-color":"","overlay-opacity":"","overlay-gradient":""},"mobile":{"background-color":"","background-image":"","background-repeat":"repeat","background-position":"center center","background-size":"auto","background-attachment":"scroll","background-type":"","background-media":"","overlay-type":"","overlay-color":"","overlay-opacity":"","overlay-gradient":""}},"ast-content-background-meta":{"desktop":{"background-color":"var(--ast-global-color-5)","background-image":"","background-repeat":"repeat","background-position":"center center","background-size":"auto","background-attachment":"scroll","background-type":"","background-media":"","overlay-type":"","overlay-color":"","overlay-opacity":"","overlay-gradient":""},"tablet":{"background-color":"var(--ast-global-color-5)","background-image":"","background-repeat":"repeat","background-position":"center center","background-size":"auto","background-attachment":"scroll","background-type":"","background-media":"","overlay-type":"","overlay-color":"","overlay-opacity":"","overlay-gradient":""},"mobile":{"background-color":"var(--ast-global-color-5)","background-image":"","background-repeat":"repeat","background-position":"center center","background-size":"auto","background-attachment":"scroll","background-type":"","background-media":"","overlay-type":"","overlay-color":"","overlay-opacity":"","overlay-gradient":""}},"footnotes":""},"class_list":["post-14826","page","type-page","status-publish","hentry"],"post_mailing_queue_ids":[],"_links":{"self":[{"href":"https:\/\/agora.xtec.cat\/escolacanserra\/wp-json\/wp\/v2\/pages\/14826","targetHints":{"allow":["GET"]}}],"collection":[{"href":"https:\/\/agora.xtec.cat\/escolacanserra\/wp-json\/wp\/v2\/pages"}],"about":[{"href":"https:\/\/agora.xtec.cat\/escolacanserra\/wp-json\/wp\/v2\/types\/page"}],"author":[{"embeddable":true,"href":"https:\/\/agora.xtec.cat\/escolacanserra\/wp-json\/wp\/v2\/users\/1"}],"replies":[{"embeddable":true,"href":"https:\/\/agora.xtec.cat\/escolacanserra\/wp-json\/wp\/v2\/comments?post=14826"}],"version-history":[{"count":3,"href":"https:\/\/agora.xtec.cat\/escolacanserra\/wp-json\/wp\/v2\/pages\/14826\/revisions"}],"predecessor-version":[{"id":22318,"href":"https:\/\/agora.xtec.cat\/escolacanserra\/wp-json\/wp\/v2\/pages\/14826\/revisions\/22318"}],"wp:attachment":[{"href":"https:\/\/agora.xtec.cat\/escolacanserra\/wp-json\/wp\/v2\/media?parent=14826"}],"curies":[{"name":"wp","href":"https:\/\/api.w.org\/{rel}","templated":true}]}}