{"id":14821,"date":"2018-12-27T21:28:11","date_gmt":"2018-12-27T20:28:11","guid":{"rendered":"http:\/\/agora.xtec.cat\/escolacanserra\/?page_id=14821"},"modified":"2020-11-16T12:08:06","modified_gmt":"2020-11-16T11:08:06","slug":"escola-inclusiva","status":"publish","type":"page","link":"https:\/\/agora.xtec.cat\/escolacanserra\/projecte-educatiu\/escola-inclusiva\/","title":{"rendered":"Escola inclusiva"},"content":{"rendered":"<p>L&#8217;Escola Can Serra t\u00e9 una forta tradici\u00f3 inclusiva, no nom\u00e9s perqu\u00e8 som una <strong>escola sense barreres arquitect\u00f2niques<\/strong>, sino pel fort comprom\u00eds que caracteritza el tarann\u00e0 inclusiu del nostre claustre i de totes les professionals que hi treballen al centre. El seg\u00fcent text es va escriure per commemorar el 25\u00e8 aniversari de l&#8217;escola l&#8217;any 2003 i ens d\u00f3na una visi\u00f3 de com es van gestar les arrels (en el seu moment anomenades &#8220;integradores&#8221;) que sostenen la visi\u00f3 inclusiva del nostre projecte educatiu,<\/p>\n<p style=\"text-align: center;\">&#8220;<strong>Integrar, per a qu\u00e8?<\/strong>&#8220;<\/p>\n<p style=\"text-align: justify;\"><em>&#8220;A les darreries dels anys vuitanta, l&#8217;assist\u00e8ncia a l&#8217;escola d&#8217;un alumne amb espina b\u00edfida, i les posteriors incorporacions a principis dels noranta d&#8217; altres nenes i nens amb dificultats motores de diferents tipus, fa que el Claustre de Professors i la resta de la comunitat educativa ens plantegem que no n&#8217;hi ha prou amb escolaritzar aquests alumnes, tamb\u00e9 se&#8217;ls ha de donar una qualitat i uns recursos tant materials com humans per tal que la seva incorporaci\u00f3 a l&#8217;escola ordin\u00e0ria es faci amb plenes garanties, a la vegada que es pugui oferir a aquests alumnes el millor entorn per a la seva evoluci\u00f3 i els seus aprenentatges.<\/em><\/p>\n<p><em>A poc a poc. i amb l&#8217;ajut de les dues administracions, primer del nostre Ajuntament i m\u00e9s tard del Departament d&#8217;Ensenyament de la Generalitat, l&#8217;escola comen\u00e7a una adaptaci\u00f3 dels seus espais i iniciem la supressi\u00f3 de barreres arquitect\u00f2niques. Comen\u00e7ant per terres amb parquet de suro, mobiliari adaptat, rampes d&#8217;acc\u00e9s, tant a edificis com a espais d&#8217;esbarjo, lavabo adaptat, ordinadors personals, i sobretot amb l&#8217;ascensor, que ens permet arribar a qualsevol aula de l&#8217;escola amb cadira de rodes.\u00a0Podem dir, doncs, que, tot i millorable, tenim una dotaci\u00f3 material for\u00e7a adient.<\/em><\/p>\n<p style=\"text-align: justify;\"><em>Per\u00f2 el tret m\u00e9s important era i \u00e9s, sens dubte, el factor hum\u00e0, el comprom\u00eds de mares, pares, mestres, educadores, logopeda, fisioterapeutes, l&#8217;EAP, totes les diferents entitats que al llarg d&#8217;aquests anys ens han prestat el seu inestimable ajut (ONCE, ECOM, AUTAC, Fundaci\u00f3 S\u00edndrome de Down, etc.) i de manera fonamental: ELS I LES ALUMNES. Per a elles i ells, perqu\u00e8 al llarg dels anys passats, els que ja s\u00f3n fora i per el dia a dia els que ara s\u00f3n amb nosaltres, seran sempre mereixedors i mereixedores de tots els nostres esfor\u00e7os&#8221;.<\/em><\/p>\n<p><img loading=\"lazy\" decoding=\"async\" class=\"alignnone size-large\" src=\"http:\/\/www.docentsdeivissa.org\/wp-content\/uploads\/2018\/02\/escolaInclusiva_Joan-Turu.jpg\" width=\"1600\" height=\"941\" \/><\/p>\n","protected":false},"excerpt":{"rendered":"<p>L&#8217;Escola Can Serra t\u00e9 una forta tradici\u00f3 inclusiva, no nom\u00e9s perqu\u00e8 som una escola sense barreres arquitect\u00f2niques, sino pel fort comprom\u00eds que caracteritza el tarann\u00e0 inclusiu del nostre claustre i de totes les professionals que hi treballen al centre. El seg\u00fcent text es va escriure per commemorar el 25\u00e8 aniversari de l&#8217;escola l&#8217;any 2003 i [&hellip;]<\/p>\n","protected":false},"author":1,"featured_media":0,"parent":12392,"menu_order":0,"comment_status":"closed","ping_status":"closed","template":"","meta":{"_bbp_topic_count":0,"_bbp_reply_count":0,"_bbp_total_topic_count":0,"_bbp_total_reply_count":0,"_bbp_voice_count":0,"_bbp_anonymous_reply_count":0,"_bbp_topic_count_hidden":0,"_bbp_reply_count_hidden":0,"_bbp_forum_subforum_count":0,"site-sidebar-layout":"default","site-content-layout":"","ast-site-content-layout":"","site-content-style":"default","site-sidebar-style":"default","ast-global-header-display":"","ast-banner-title-visibility":"","ast-main-header-display":"","ast-hfb-above-header-display":"","ast-hfb-below-header-display":"","ast-hfb-mobile-header-display":"","site-post-title":"","ast-breadcrumbs-content":"","ast-featured-img":"","footer-sml-layout":"","theme-transparent-header-meta":"","adv-header-id-meta":"","stick-header-meta":"","header-above-stick-meta":"","header-main-stick-meta":"","header-below-stick-meta":"","astra-migrate-meta-layouts":"default","ast-page-background-enabled":"default","ast-page-background-meta":{"desktop":{"background-color":"var(--ast-global-color-4)","background-image":"","background-repeat":"repeat","background-position":"center center","background-size":"auto","background-attachment":"scroll","background-type":"","background-media":"","overlay-type":"","overlay-color":"","overlay-opacity":"","overlay-gradient":""},"tablet":{"background-color":"","background-image":"","background-repeat":"repeat","background-position":"center center","background-size":"auto","background-attachment":"scroll","background-type":"","background-media":"","overlay-type":"","overlay-color":"","overlay-opacity":"","overlay-gradient":""},"mobile":{"background-color":"","background-image":"","background-repeat":"repeat","background-position":"center center","background-size":"auto","background-attachment":"scroll","background-type":"","background-media":"","overlay-type":"","overlay-color":"","overlay-opacity":"","overlay-gradient":""}},"ast-content-background-meta":{"desktop":{"background-color":"var(--ast-global-color-5)","background-image":"","background-repeat":"repeat","background-position":"center center","background-size":"auto","background-attachment":"scroll","background-type":"","background-media":"","overlay-type":"","overlay-color":"","overlay-opacity":"","overlay-gradient":""},"tablet":{"background-color":"var(--ast-global-color-5)","background-image":"","background-repeat":"repeat","background-position":"center center","background-size":"auto","background-attachment":"scroll","background-type":"","background-media":"","overlay-type":"","overlay-color":"","overlay-opacity":"","overlay-gradient":""},"mobile":{"background-color":"var(--ast-global-color-5)","background-image":"","background-repeat":"repeat","background-position":"center center","background-size":"auto","background-attachment":"scroll","background-type":"","background-media":"","overlay-type":"","overlay-color":"","overlay-opacity":"","overlay-gradient":""}},"footnotes":""},"class_list":["post-14821","page","type-page","status-publish","hentry"],"post_mailing_queue_ids":[],"_links":{"self":[{"href":"https:\/\/agora.xtec.cat\/escolacanserra\/wp-json\/wp\/v2\/pages\/14821","targetHints":{"allow":["GET"]}}],"collection":[{"href":"https:\/\/agora.xtec.cat\/escolacanserra\/wp-json\/wp\/v2\/pages"}],"about":[{"href":"https:\/\/agora.xtec.cat\/escolacanserra\/wp-json\/wp\/v2\/types\/page"}],"author":[{"embeddable":true,"href":"https:\/\/agora.xtec.cat\/escolacanserra\/wp-json\/wp\/v2\/users\/1"}],"replies":[{"embeddable":true,"href":"https:\/\/agora.xtec.cat\/escolacanserra\/wp-json\/wp\/v2\/comments?post=14821"}],"version-history":[{"count":3,"href":"https:\/\/agora.xtec.cat\/escolacanserra\/wp-json\/wp\/v2\/pages\/14821\/revisions"}],"predecessor-version":[{"id":22316,"href":"https:\/\/agora.xtec.cat\/escolacanserra\/wp-json\/wp\/v2\/pages\/14821\/revisions\/22316"}],"up":[{"embeddable":true,"href":"https:\/\/agora.xtec.cat\/escolacanserra\/wp-json\/wp\/v2\/pages\/12392"}],"wp:attachment":[{"href":"https:\/\/agora.xtec.cat\/escolacanserra\/wp-json\/wp\/v2\/media?parent=14821"}],"curies":[{"name":"wp","href":"https:\/\/api.w.org\/{rel}","templated":true}]}}