{"id":13143,"date":"2018-04-04T21:21:34","date_gmt":"2018-04-04T19:21:34","guid":{"rendered":"http:\/\/agora.xtec.cat\/escolacanserra\/?page_id=13143"},"modified":"2020-11-16T12:31:05","modified_gmt":"2020-11-16T11:31:05","slug":"caixesdinvestigacio","status":"publish","type":"page","link":"https:\/\/agora.xtec.cat\/escolacanserra\/projecte-educatiu\/caixesdinvestigacio\/","title":{"rendered":"Caixes d&#8217;investigaci\u00f3"},"content":{"rendered":"<p><strong>QU\u00c8 S\u00d3N LES CAIXES D&#8217;INVESTIGACI\u00d3?<\/strong><\/p>\n<p><a href=\"http:\/\/agora.xtec.cat\/escolacanserra\/wp-content\/uploads\/usu244\/2018\/04\/capses-aprenentatge.png\"><img loading=\"lazy\" decoding=\"async\" class=\"alignnone wp-image-13144\" src=\"http:\/\/agora.xtec.cat\/escolacanserra\/wp-content\/uploads\/usu244\/2018\/04\/capses-aprenentatge.png\" alt=\"\" width=\"544\" height=\"287\" srcset=\"https:\/\/agora.xtec.cat\/escolacanserra\/wp-content\/uploads\/usu244\/2018\/04\/capses-aprenentatge.png 770w, https:\/\/agora.xtec.cat\/escolacanserra\/wp-content\/uploads\/usu244\/2018\/04\/capses-aprenentatge-300x158.png 300w, https:\/\/agora.xtec.cat\/escolacanserra\/wp-content\/uploads\/usu244\/2018\/04\/capses-aprenentatge-768x404.png 768w\" sizes=\"auto, (max-width: 544px) 100vw, 544px\" \/><\/a><\/p>\n<p>A Can Serra hem comen\u00e7at a fer servir les caixes d&#8217;investigaci\u00f3 com una forma de treballar l\u2019\u00e0mbit de medi natural de manera m\u00e9s vivencial i significativa per a l&#8217;alumnat. Cada caixa representa un tema determinat del medi natural\u00a0 i inclou diferents propostes de treball perqu\u00e8 els infants, organitzats en petits grups, investiguin i duguin a terme diferents activitats per descobrir i comprendre els continguts curriculars.<\/p>\n<p>Abans d&#8217;obrir una caixa, observem el disseny, els dibuixos, etc. i, entre totes i tots fem hip\u00f2tesis sobre el possible contingut que ens trobarem a dins. Quan obrim la caixa, trobem un<a href=\"https:\/\/agora.xtec.cat\/escolacanserra\/general\/repte-de-passaparaula-a-6e\/\"> repte<\/a> que haurem de realitzar. Per poder dur-lo a terme, abans s&#8217;hauran de fer les investigacions corresponents per poder tenir els coneixements necessaris. Cada caixa inclou\u00a0carpetes de diferents colors. Cada grup agafa una, es llegeixen\u00a0les instruccions i\u00a0es duen a terme les diferents activitats, investigacions, experiments, etc que es proposen. Quan es finalitzen les activitats de cada carpeta, es fa la corresponent rotaci\u00f3 perqu\u00e8 tots els grups puguin treballar tots els continguts del tema. Cada alumne\/a disposa d&#8217;un dossier on es va recollint tota la feina que es va fent durant el desenvolupament de la caixa; tamb\u00e9 inclou un espai per dur a terme esquemes-resums, r\u00fabriques d&#8217;avaluaci\u00f3, full d&#8217;estudi, etc. Finalment, el grup\u00a0 ja est\u00e0 preparat per realitzar el repte proposat (relacionat amb la tem\u00e0tica de la caixa).<\/p>\n<p><strong>PER QU\u00c8 LES FEM I QUI HI PARTICIPA?<\/strong><\/p>\n<p>Perqu\u00e8 el<a href=\"http:\/\/agora.xtec.cat\/escolacanserra\/wp-content\/uploads\/usu244\/2018\/04\/infografia-curriculum-primaria.pdf\"> nou curr\u00edculum del Departament d\u2019Educaci\u00f3\u00a0<\/a>demana que les metodologies de treball amb els infants a l&#8217;aula es vagin modernitzant i actualitzant per poder desenvolupar\u00a0les compet\u00e8ncies que necessitaran quan acabin l\u2019escolaritzaci\u00f3 obligat\u00f2ria. A m\u00e9s, a trav\u00e9s d&#8217;aquesta metodologia facilitem que el proc\u00e9s d\u2019aprenentatge sigui m\u00e9s atractiu i significatiu per als alumnes.<\/p>\n<p>A partir del curs 17-18, les proves anuals de Compet\u00e8ncies B\u00e0siques de 6\u00e8 incorporen l&#8217;\u00e0rea de coneixement del medi natural, on els alumnes han d&#8217;aplicar diferents coneixements relacionats amb aquesta \u00e0rea en diferents activitats de tipus competencial (veure <a href=\"http:\/\/Compet\u00e8ncies b\u00e0siques de l\u2019\u00e0mbit de coneixement del med\">document del Departament d&#8217;Educaci\u00f3 sobre aquest \u00e0mbit<\/a>). Aquesta novetat ens ha animat a comen\u00e7ar a treballar amb aquesta metodologia al <strong>Cicle Superior <\/strong>(durant les franjes de medi), ja que permet que els alumnes tinguin la <strong>capacitat de resoldre problemes reals, en contextos diversos, integrant coneixements, habilitats i actituds<\/strong>, tal com indica el <a href=\"http:\/\/agora.xtec.cat\/escolacanserra\/wp-content\/uploads\/usu244\/2018\/04\/infografia-curriculum-primaria.pdf\">nou Curr\u00edculum<\/a> i la nova<a href=\"http:\/\/ensenyament.gencat.cat\/web\/.content\/home\/departament\/publicacions\/a-cop-ull\/info-primaria.pdf\"> Ordre d&#8217;Avaluaci\u00f3 de Prim\u00e0ria<\/a>. A partir del curs 18-19, el treball del medi natural\u00a0 amb caixes d&#8217;investigaci\u00f3 s&#8217;anir\u00e0 estenent a altres nivells per tal de vertebrar aquesta metodologia com a l\u00ednia d&#8217;escola. Seguirem disposant dels llibres de text de medi natural i social, per\u00f2 els farem servir com una font m\u00e9s de consulta.<\/p>\n<p><strong>QU\u00c8 PERMET EL TREBALL AMB CAIXES D&#8217;INVESTIGACI\u00d3?<\/strong><\/p>\n<ul>\n<li>Anar transformant el treball anal\u00edtic i tradicional dels diferentes temes de medi natural a un m\u00e9s globalitzat i competencial, m\u00e9s proper al m\u00f3n real.<\/li>\n<li>Fer\u00a0hip\u00f2tesis i iniciar\u00a0procesos\u00a0d\u2019investigaci\u00f3 per trobar respostes a les preguntes que successivament es vagin plantejant.<\/li>\n<li>Anotar correctament les respostes i observacions: fent esquemes, dibuixos, gr\u00e0fics, taules, resums&#8230;<\/li>\n<li>Analitzar i comparar les dades obtingudes, traient conclusions, verificar-les amb altres grups, etc.<\/li>\n<li>Buscar informaci\u00f3 en diverses fonts (se solen proposar p\u00e0gines webs on poden consultar i contrastar informaci\u00f3).<\/li>\n<li>Contrastar els resultats obtinguts amb les hip\u00f2tesis formulades dels diferents companys\/es que hagin investigat sobre el mateix.<\/li>\n<li>Fer presentacions sobre els continguts investigats i compartir-los amb la resta de companys\/es.<\/li>\n<li>Sintetitzar els aprenentatges que van apareixent durant el desenvolupament de la caixa, fer els corresponents esquemes i preparar el full d&#8217;estudi per fer, si escau, la prova corresponent.<\/li>\n<li>Diferents tipus d&#8217;avaluaci\u00f3: co-avaluaci\u00f3, autoavaluaci\u00f3 (r\u00fabriques).<\/li>\n<\/ul>\n<p>Qu\u00e8 opinen els i les alumnes de Can Serra sobre el treball amb caixes d&#8217;investigaci\u00f3?<\/p>\n<div class=\"ast-oembed-container \" style=\"height: 100%;\"><iframe loading=\"lazy\" title=\"OPINIONS ALUMNES CAIXES INVESTIGACI\u00d3\" width=\"500\" height=\"375\" src=\"https:\/\/www.youtube.com\/embed\/4WtzH28iCaE?feature=oembed\" frameborder=\"0\" allow=\"accelerometer; autoplay; clipboard-write; encrypted-media; gyroscope; picture-in-picture; web-share\" referrerpolicy=\"strict-origin-when-cross-origin\" allowfullscreen><\/iframe><\/div>\n<div class=\"ast-oembed-container \" style=\"height: 100%;\"><iframe loading=\"lazy\" title=\"investiguem HD\" width=\"500\" height=\"281\" src=\"https:\/\/www.youtube.com\/embed\/10JWW8NCWDM?feature=oembed\" frameborder=\"0\" allow=\"accelerometer; autoplay; clipboard-write; encrypted-media; gyroscope; picture-in-picture; web-share\" referrerpolicy=\"strict-origin-when-cross-origin\" allowfullscreen><\/iframe><\/div>\n<p>Exemple de &#8220;repte final&#8221; de la caixa d&#8217;investigaci\u00f3 &#8220;No et tallis, parlem-ne&#8221;. <a href=\"https:\/\/agora.xtec.cat\/escolacanserra\/general\/repte-de-passaparaula-a-6e\/\">Passaparaula sobre la reproducci\u00f3.<\/a><\/p>\n<p>Checklist Caixes d&#8217;Investigaci\u00f3 Escola Can Serra<\/p>\n<div style=\"width: 100%;\">\n<div style=\"position: relative; padding-bottom: 56.25%; padding-top: 0; height: 0;\"><iframe loading=\"lazy\" src=\"https:\/\/view.genial.ly\/5f995352c3eed80cfe65497f\" width=\"800\" height=\"375\" frameborder=\"0\"><\/iframe><\/div>\n<\/div>\n<p>&nbsp;<\/p>\n<p>&nbsp;<\/p>\n","protected":false},"excerpt":{"rendered":"<p>QU\u00c8 S\u00d3N LES CAIXES D&#8217;INVESTIGACI\u00d3? A Can Serra hem comen\u00e7at a fer servir les caixes d&#8217;investigaci\u00f3 com una forma de treballar l\u2019\u00e0mbit de medi natural de manera m\u00e9s vivencial i significativa per a l&#8217;alumnat. Cada caixa representa un tema determinat del medi natural\u00a0 i inclou diferents propostes de treball perqu\u00e8 els infants, organitzats en petits [&hellip;]<\/p>\n","protected":false},"author":1,"featured_media":0,"parent":12392,"menu_order":0,"comment_status":"closed","ping_status":"closed","template":"","meta":{"_bbp_topic_count":0,"_bbp_reply_count":0,"_bbp_total_topic_count":0,"_bbp_total_reply_count":0,"_bbp_voice_count":0,"_bbp_anonymous_reply_count":0,"_bbp_topic_count_hidden":0,"_bbp_reply_count_hidden":0,"_bbp_forum_subforum_count":0,"site-sidebar-layout":"default","site-content-layout":"","ast-site-content-layout":"","site-content-style":"default","site-sidebar-style":"default","ast-global-header-display":"","ast-banner-title-visibility":"","ast-main-header-display":"","ast-hfb-above-header-display":"","ast-hfb-below-header-display":"","ast-hfb-mobile-header-display":"","site-post-title":"","ast-breadcrumbs-content":"","ast-featured-img":"","footer-sml-layout":"","theme-transparent-header-meta":"","adv-header-id-meta":"","stick-header-meta":"","header-above-stick-meta":"","header-main-stick-meta":"","header-below-stick-meta":"","astra-migrate-meta-layouts":"default","ast-page-background-enabled":"default","ast-page-background-meta":{"desktop":{"background-color":"var(--ast-global-color-4)","background-image":"","background-repeat":"repeat","background-position":"center center","background-size":"auto","background-attachment":"scroll","background-type":"","background-media":"","overlay-type":"","overlay-color":"","overlay-opacity":"","overlay-gradient":""},"tablet":{"background-color":"","background-image":"","background-repeat":"repeat","background-position":"center center","background-size":"auto","background-attachment":"scroll","background-type":"","background-media":"","overlay-type":"","overlay-color":"","overlay-opacity":"","overlay-gradient":""},"mobile":{"background-color":"","background-image":"","background-repeat":"repeat","background-position":"center center","background-size":"auto","background-attachment":"scroll","background-type":"","background-media":"","overlay-type":"","overlay-color":"","overlay-opacity":"","overlay-gradient":""}},"ast-content-background-meta":{"desktop":{"background-color":"var(--ast-global-color-5)","background-image":"","background-repeat":"repeat","background-position":"center center","background-size":"auto","background-attachment":"scroll","background-type":"","background-media":"","overlay-type":"","overlay-color":"","overlay-opacity":"","overlay-gradient":""},"tablet":{"background-color":"var(--ast-global-color-5)","background-image":"","background-repeat":"repeat","background-position":"center center","background-size":"auto","background-attachment":"scroll","background-type":"","background-media":"","overlay-type":"","overlay-color":"","overlay-opacity":"","overlay-gradient":""},"mobile":{"background-color":"var(--ast-global-color-5)","background-image":"","background-repeat":"repeat","background-position":"center center","background-size":"auto","background-attachment":"scroll","background-type":"","background-media":"","overlay-type":"","overlay-color":"","overlay-opacity":"","overlay-gradient":""}},"footnotes":""},"class_list":["post-13143","page","type-page","status-publish","hentry"],"post_mailing_queue_ids":[],"_links":{"self":[{"href":"https:\/\/agora.xtec.cat\/escolacanserra\/wp-json\/wp\/v2\/pages\/13143","targetHints":{"allow":["GET"]}}],"collection":[{"href":"https:\/\/agora.xtec.cat\/escolacanserra\/wp-json\/wp\/v2\/pages"}],"about":[{"href":"https:\/\/agora.xtec.cat\/escolacanserra\/wp-json\/wp\/v2\/types\/page"}],"author":[{"embeddable":true,"href":"https:\/\/agora.xtec.cat\/escolacanserra\/wp-json\/wp\/v2\/users\/1"}],"replies":[{"embeddable":true,"href":"https:\/\/agora.xtec.cat\/escolacanserra\/wp-json\/wp\/v2\/comments?post=13143"}],"version-history":[{"count":4,"href":"https:\/\/agora.xtec.cat\/escolacanserra\/wp-json\/wp\/v2\/pages\/13143\/revisions"}],"predecessor-version":[{"id":22320,"href":"https:\/\/agora.xtec.cat\/escolacanserra\/wp-json\/wp\/v2\/pages\/13143\/revisions\/22320"}],"up":[{"embeddable":true,"href":"https:\/\/agora.xtec.cat\/escolacanserra\/wp-json\/wp\/v2\/pages\/12392"}],"wp:attachment":[{"href":"https:\/\/agora.xtec.cat\/escolacanserra\/wp-json\/wp\/v2\/media?parent=13143"}],"curies":[{"name":"wp","href":"https:\/\/api.w.org\/{rel}","templated":true}]}}