{"id":12546,"date":"2018-02-12T21:00:32","date_gmt":"2018-02-12T20:00:32","guid":{"rendered":"http:\/\/agora.xtec.cat\/escolacanserra\/?page_id=12546"},"modified":"2019-10-01T21:11:02","modified_gmt":"2019-10-01T19:11:02","slug":"biblioteca-extraescolar-gratuita","status":"publish","type":"page","link":"https:\/\/agora.xtec.cat\/escolacanserra\/projecte-educatiu\/biblioteca-extraescolar-gratuita\/","title":{"rendered":"Biblioteca"},"content":{"rendered":"<p>A Prim\u00e0ria es fan sessions de biblioteca en mig grup\u00a0durant horari escolar per dinamitzar la lectura i dur a terme el pr\u00e9stec quinzenal mitjan\u00e7ant el programa <a href=\"http:\/\/xtec.gencat.cat\/ca\/projectes\/biblioteca\/epergam\">Ep\u00e8rgam.<\/a><\/p>\n<p>A m\u00e9s a m\u00e9s, els <strong>dimecres a la tarda<\/strong> (de 16:30h a 17:30h) oferim &#8220;<strong>BIBLIOTECA EXTRAESCOLAR<\/strong>&#8220;, un <strong>espai gratu\u00eft<\/strong> dinamitzat per la coordinadora ling\u00fc\u00edstica del centre i fam\u00edlies col\u00b7laboradores de l&#8217;AMPA.<a href=\"http:\/\/agora.xtec.cat\/escolacanserra\/wp-content\/uploads\/usu244\/2018\/02\/placa-valenti-gubianas.jpeg\"><img loading=\"lazy\" decoding=\"async\" class=\" wp-image-13278 alignright\" src=\"http:\/\/agora.xtec.cat\/escolacanserra\/wp-content\/uploads\/usu244\/2018\/02\/placa-valenti-gubianas.jpeg\" alt=\"\" width=\"396\" height=\"301\" srcset=\"https:\/\/agora.xtec.cat\/escolacanserra\/wp-content\/uploads\/usu244\/2018\/02\/placa-valenti-gubianas.jpeg 674w, https:\/\/agora.xtec.cat\/escolacanserra\/wp-content\/uploads\/usu244\/2018\/02\/placa-valenti-gubianas-300x228.jpeg 300w\" sizes=\"auto, (max-width: 396px) 100vw, 396px\" \/><\/a><\/p>\n<p>Des del curs 2015 l\u2019escola ofereix a tots els infants i fam\u00edlies, la possibilitat d\u2019estar una hora a\u00a0la biblioteca de l\u2019escola,<strong>\u00a0on es pot llegir, consultar internet, fer deures, treballs de grup, buscar informaci\u00f3 en els llibres de coneixements\u2026 i on tamb\u00e9, una vegada al mes, es fa una activitat de foment i dinamitzaci\u00f3 de la lectura.\u00a0<\/strong>\u00a0Moltes de les activitats o tallers proposats estan\u00a0relacionats amb les festes o activitats que es duen a terme a l&#8217;escola,\u00a0fent m\u00e9s significativa i motivant la participaci\u00f3 de l&#8217;alumnat en aquest espai.<\/p>\n<p>\u00c9s una bona oportunitat per fer que els\u00a0alumnes\u00a0s\u2019acostin una mica m\u00e9s al <strong>m\u00f3n dels llibres i la lectura<\/strong>, que tan \u00fatil els ser\u00e0 per a\u00a0la consolidaci\u00f3 dels seus aprenentatges escolars i tamb\u00e9 per al seu desenvolupament personal.<\/p>\n<p>Aquesta activitat extraescolar, com que es fa amb persones volunt\u00e0ries,\u00a0<strong>\u00c9S TOTALMENT GRATU\u00cfTA<\/strong>. Les mares volunt\u00e0ries treballen conjuntament amb una mestra de l\u2019escola (coordinadora ling\u00fc\u00edstica) per tal de coordinar activitats i fer que les sessions de biblioteca siguin el m\u00e0xim de profitoses possible per als nens i nenes. Normalment les sessions de dinamitzaci\u00f3 lectora inclouen <strong>contacontes, teatre o lectures dramatitzades, tallers pl\u00e0stics, laboratoris de lectura conjuntament amb la biblioteca Esteve Paluzie, pel\u00b7l\u00edcules relacionades amb la literatura, visites d\u2019il\u00b7lustradors\u2026 <\/strong>i d\u2019altres activitats per l\u2019estil. Podeu visitar en aquesta mateixa web l\u2019apartat <a href=\"http:\/\/agora.xtec.cat\/escolacanserra\/categoria\/va-de-llibres\/\">VA DE LLIBRES<\/a> i veureu les coses que s\u2019han anat fent fins ara.<\/p>\n<ul>\n<li>Durant el curs 17-18 hem dut a terme un <a href=\"http:\/\/agora.xtec.cat\/escolacanserra\/general\/acte-dinauguracio-de-la-biblioteca-valenti-gubianas\/\">projecte de renovaci\u00f3 de la nostra bibliotec<\/a>a, culminant el proc\u00e9s amb el bateig d&#8217;aquesta amb el nom de l&#8217;il\u00b7lustrador VALENT\u00cd GUBIANAS. Al <a href=\"https:\/\/agora.xtec.cat\/escolacanserra\/wp-content\/uploads\/usu244\/2018\/04\/ESCOLA-CAN-SERRA-PROJECTE-DE-RENOVACI%C3%93-DE-LA-BIBLIOTECA.pdf\">seg\u00fcent enlla\u00e7<\/a> podreu accedir al projecte de renovaci\u00f3 de la biblioteca.<\/li>\n<\/ul>\n<p><a href=\"https:\/\/agora.xtec.cat\/escolacanserra\/wp-content\/uploads\/usu244\/2018\/10\/BIBLIOTECA-VALENTI-GUBIANAS-I-LOGO-CAN-SERRA-delimitats.jpg\"><img loading=\"lazy\" decoding=\"async\" class=\"wp-image-14128 aligncenter\" src=\"https:\/\/agora.xtec.cat\/escolacanserra\/wp-content\/uploads\/usu244\/2018\/10\/BIBLIOTECA-VALENTI-GUBIANAS-I-LOGO-CAN-SERRA-delimitats.jpg\" alt=\"\" width=\"321\" height=\"175\" srcset=\"https:\/\/agora.xtec.cat\/escolacanserra\/wp-content\/uploads\/usu244\/2018\/10\/BIBLIOTECA-VALENTI-GUBIANAS-I-LOGO-CAN-SERRA-delimitats.jpg 1078w, https:\/\/agora.xtec.cat\/escolacanserra\/wp-content\/uploads\/usu244\/2018\/10\/BIBLIOTECA-VALENTI-GUBIANAS-I-LOGO-CAN-SERRA-delimitats-300x163.jpg 300w, https:\/\/agora.xtec.cat\/escolacanserra\/wp-content\/uploads\/usu244\/2018\/10\/BIBLIOTECA-VALENTI-GUBIANAS-I-LOGO-CAN-SERRA-delimitats-768x417.jpg 768w, https:\/\/agora.xtec.cat\/escolacanserra\/wp-content\/uploads\/usu244\/2018\/10\/BIBLIOTECA-VALENTI-GUBIANAS-I-LOGO-CAN-SERRA-delimitats-1024x556.jpg 1024w\" sizes=\"auto, (max-width: 321px) 100vw, 321px\" \/><\/a>Al curs 18-19, l&#8217;il\u00b7lustrador Valent\u00ed Gubianas va dibuixar un mural a la paret de la biblioteca per donar llum a les lectures de l&#8217;escola. Cliqueu sobre la imatge per veure el mural en detall.<\/p>\n<p><a href=\"https:\/\/agora.xtec.cat\/escolacanserra\/wp-content\/uploads\/usu244\/2018\/12\/MURAL-SHORT.jpg\"><img loading=\"lazy\" decoding=\"async\" class=\"size-medium wp-image-14674 aligncenter\" src=\"https:\/\/agora.xtec.cat\/escolacanserra\/wp-content\/uploads\/usu244\/2018\/12\/MURAL-SHORT-300x225.jpg\" alt=\"\" width=\"300\" height=\"225\" srcset=\"https:\/\/agora.xtec.cat\/escolacanserra\/wp-content\/uploads\/usu244\/2018\/12\/MURAL-SHORT-300x225.jpg 300w, https:\/\/agora.xtec.cat\/escolacanserra\/wp-content\/uploads\/usu244\/2018\/12\/MURAL-SHORT-768x576.jpg 768w, https:\/\/agora.xtec.cat\/escolacanserra\/wp-content\/uploads\/usu244\/2018\/12\/MURAL-SHORT-1024x768.jpg 1024w, https:\/\/agora.xtec.cat\/escolacanserra\/wp-content\/uploads\/usu244\/2018\/12\/MURAL-SHORT-200x150.jpg 200w, https:\/\/agora.xtec.cat\/escolacanserra\/wp-content\/uploads\/usu244\/2018\/12\/MURAL-SHORT.jpg 1546w\" sizes=\"auto, (max-width: 300px) 100vw, 300px\" \/><\/a><\/p>\n<p style=\"text-align: center;\"><strong><em>&#8220;Per votaci\u00f3 popular, l&#8217;escola va decidir que la seva biblioteca portaria el meu nom i poder posar llum en aquest espai estimat, cuidat i viu, m&#8217;omple molt\u00edssim. Aquest far \u00e9s la biblioteca que despr\u00e8n llum en forma de personatges de la literatura infantil i juvenil i surten, volant, a con\u00e8ixer m\u00f3n, a con\u00e8ixer lectors. Gr\u00e0cies Can Serra, tot vostre!&#8221; <\/em>Valent\u00ed Gubianas, novembre 2018.<\/strong><\/p>\n<p><a href=\"https:\/\/agora.xtec.cat\/escolacanserra\/wp-content\/uploads\/usu244\/2018\/12\/IMG-20180530-WA0049.jpg\"><img loading=\"lazy\" decoding=\"async\" class=\"alignnone wp-image-14897\" src=\"https:\/\/agora.xtec.cat\/escolacanserra\/wp-content\/uploads\/usu244\/2018\/12\/IMG-20180530-WA0049-300x169.jpg\" alt=\"\" width=\"372\" height=\"210\" \/>\u00a0\u00a0\u00a0\u00a0\u00a0\u00a0\u00a0\u00a0\u00a0\u00a0\u00a0<\/a><a href=\"https:\/\/agora.xtec.cat\/escolacanserra\/wp-content\/uploads\/usu244\/2018\/12\/IMG-20180530-WA0068.jpg\"><img loading=\"lazy\" decoding=\"async\" class=\"alignnone wp-image-14899\" src=\"https:\/\/agora.xtec.cat\/escolacanserra\/wp-content\/uploads\/usu244\/2018\/12\/IMG-20180530-WA0068-300x169.jpg\" alt=\"\" width=\"372\" height=\"210\" \/><\/a><\/p>\n<p><a href=\"https:\/\/agora.xtec.cat\/escolacanserra\/wp-content\/uploads\/usu244\/2018\/12\/IMG-20181003-WA0062.jpg\"><img loading=\"lazy\" decoding=\"async\" class=\"alignnone wp-image-14892\" src=\"https:\/\/agora.xtec.cat\/escolacanserra\/wp-content\/uploads\/usu244\/2018\/12\/IMG-20181003-WA0062-300x225.jpg\" alt=\"\" width=\"371\" height=\"278\" \/>\u00a0 \u00a0 \u00a0 \u00a0 \u00a0 \u00a0<\/a> <a href=\"https:\/\/agora.xtec.cat\/escolacanserra\/wp-content\/uploads\/usu244\/2018\/12\/IMG-20181003-WA0063.jpg\"><img loading=\"lazy\" decoding=\"async\" class=\"alignnone wp-image-14893\" src=\"https:\/\/agora.xtec.cat\/escolacanserra\/wp-content\/uploads\/usu244\/2018\/12\/IMG-20181003-WA0063-300x225.jpg\" alt=\"\" width=\"371\" height=\"279\" \/><\/a> <a href=\"https:\/\/agora.xtec.cat\/escolacanserra\/wp-content\/uploads\/usu244\/2018\/12\/IMG_20180503_121746084.jpg\">\u00a0 \u00a0 \u00a0 \u00a0 \u00a0 \u00a0 \u00a0 \u00a0 \u00a0 \u00a0 \u00a0 \u00a0 \u00a0 \u00a0 \u00a0 \u00a0 \u00a0 \u00a0 \u00a0 \u00a0 \u00a0 \u00a0 \u00a0 \u00a0 \u00a0 \u00a0 \u00a0 \u00a0 \u00a0 \u00a0<img loading=\"lazy\" decoding=\"async\" class=\"wp-image-14894 aligncenter\" src=\"https:\/\/agora.xtec.cat\/escolacanserra\/wp-content\/uploads\/usu244\/2018\/12\/IMG_20180503_121746084-300x169.jpg\" alt=\"\" width=\"390\" height=\"220\" \/><\/a><\/p>\n<p>&nbsp;<\/p>\n","protected":false},"excerpt":{"rendered":"<p>A Prim\u00e0ria es fan sessions de biblioteca en mig grup\u00a0durant horari escolar per dinamitzar la lectura i dur a terme el pr\u00e9stec quinzenal mitjan\u00e7ant el programa Ep\u00e8rgam. A m\u00e9s a m\u00e9s, els dimecres a la tarda (de 16:30h a 17:30h) oferim &#8220;BIBLIOTECA EXTRAESCOLAR&#8220;, un espai gratu\u00eft dinamitzat per la coordinadora ling\u00fc\u00edstica del centre i fam\u00edlies [&hellip;]<\/p>\n","protected":false},"author":1,"featured_media":0,"parent":12392,"menu_order":0,"comment_status":"closed","ping_status":"closed","template":"","meta":{"_bbp_topic_count":0,"_bbp_reply_count":0,"_bbp_total_topic_count":0,"_bbp_total_reply_count":0,"_bbp_voice_count":0,"_bbp_anonymous_reply_count":0,"_bbp_topic_count_hidden":0,"_bbp_reply_count_hidden":0,"_bbp_forum_subforum_count":0,"site-sidebar-layout":"default","site-content-layout":"","ast-site-content-layout":"","site-content-style":"default","site-sidebar-style":"default","ast-global-header-display":"","ast-banner-title-visibility":"","ast-main-header-display":"","ast-hfb-above-header-display":"","ast-hfb-below-header-display":"","ast-hfb-mobile-header-display":"","site-post-title":"","ast-breadcrumbs-content":"","ast-featured-img":"","footer-sml-layout":"","theme-transparent-header-meta":"","adv-header-id-meta":"","stick-header-meta":"","header-above-stick-meta":"","header-main-stick-meta":"","header-below-stick-meta":"","astra-migrate-meta-layouts":"default","ast-page-background-enabled":"default","ast-page-background-meta":{"desktop":{"background-color":"var(--ast-global-color-4)","background-image":"","background-repeat":"repeat","background-position":"center center","background-size":"auto","background-attachment":"scroll","background-type":"","background-media":"","overlay-type":"","overlay-color":"","overlay-opacity":"","overlay-gradient":""},"tablet":{"background-color":"","background-image":"","background-repeat":"repeat","background-position":"center center","background-size":"auto","background-attachment":"scroll","background-type":"","background-media":"","overlay-type":"","overlay-color":"","overlay-opacity":"","overlay-gradient":""},"mobile":{"background-color":"","background-image":"","background-repeat":"repeat","background-position":"center center","background-size":"auto","background-attachment":"scroll","background-type":"","background-media":"","overlay-type":"","overlay-color":"","overlay-opacity":"","overlay-gradient":""}},"ast-content-background-meta":{"desktop":{"background-color":"var(--ast-global-color-5)","background-image":"","background-repeat":"repeat","background-position":"center center","background-size":"auto","background-attachment":"scroll","background-type":"","background-media":"","overlay-type":"","overlay-color":"","overlay-opacity":"","overlay-gradient":""},"tablet":{"background-color":"var(--ast-global-color-5)","background-image":"","background-repeat":"repeat","background-position":"center center","background-size":"auto","background-attachment":"scroll","background-type":"","background-media":"","overlay-type":"","overlay-color":"","overlay-opacity":"","overlay-gradient":""},"mobile":{"background-color":"var(--ast-global-color-5)","background-image":"","background-repeat":"repeat","background-position":"center center","background-size":"auto","background-attachment":"scroll","background-type":"","background-media":"","overlay-type":"","overlay-color":"","overlay-opacity":"","overlay-gradient":""}},"footnotes":""},"class_list":["post-12546","page","type-page","status-publish","hentry"],"post_mailing_queue_ids":[],"_links":{"self":[{"href":"https:\/\/agora.xtec.cat\/escolacanserra\/wp-json\/wp\/v2\/pages\/12546","targetHints":{"allow":["GET"]}}],"collection":[{"href":"https:\/\/agora.xtec.cat\/escolacanserra\/wp-json\/wp\/v2\/pages"}],"about":[{"href":"https:\/\/agora.xtec.cat\/escolacanserra\/wp-json\/wp\/v2\/types\/page"}],"author":[{"embeddable":true,"href":"https:\/\/agora.xtec.cat\/escolacanserra\/wp-json\/wp\/v2\/users\/1"}],"replies":[{"embeddable":true,"href":"https:\/\/agora.xtec.cat\/escolacanserra\/wp-json\/wp\/v2\/comments?post=12546"}],"version-history":[{"count":1,"href":"https:\/\/agora.xtec.cat\/escolacanserra\/wp-json\/wp\/v2\/pages\/12546\/revisions"}],"predecessor-version":[{"id":14971,"href":"https:\/\/agora.xtec.cat\/escolacanserra\/wp-json\/wp\/v2\/pages\/12546\/revisions\/14971"}],"up":[{"embeddable":true,"href":"https:\/\/agora.xtec.cat\/escolacanserra\/wp-json\/wp\/v2\/pages\/12392"}],"wp:attachment":[{"href":"https:\/\/agora.xtec.cat\/escolacanserra\/wp-json\/wp\/v2\/media?parent=12546"}],"curies":[{"name":"wp","href":"https:\/\/api.w.org\/{rel}","templated":true}]}}