{"id":12527,"date":"2018-02-12T17:38:37","date_gmt":"2018-02-12T16:38:37","guid":{"rendered":"http:\/\/agora.xtec.cat\/escolacanserra\/?page_id=12527"},"modified":"2018-02-12T21:10:54","modified_gmt":"2018-02-12T20:10:54","slug":"llibres-socialitzats","status":"publish","type":"page","link":"https:\/\/agora.xtec.cat\/escolacanserra\/projecte-educatiu\/llibres-socialitzats\/","title":{"rendered":"Llibres socialitzats"},"content":{"rendered":"<p>La cooperativa de llibres socialitzats de Can Serra va n\u00e9ixer al curs 2006 amb la col\u00b7laboraci\u00f3 de l&#8217;AMPA de l&#8217;escola. Els objectius d&#8217;aquest projecte s\u00f3n:<\/p>\n<ul style=\"list-style-type: circle;\">\n<li>Reducci\u00f3 de les despeses econ\u00f2miques de les fam\u00edlies (per l\u2019adquisici\u00f3 anual de llibres de text)<\/li>\n<li>Fomentar la cooperaci\u00f3 entre l\u2019alumnat, fam\u00edlies i professorat a trav\u00e9s de projectes comuns.<\/li>\n<li>Educar per al consum racional i sostenible i per l\u2019estalvi ecol\u00f2gic i econ\u00f2mic.<\/li>\n<li>Fomentar en els alumnes valors com la responsabilitat, el respecte pels llibres i el material comunitari.<\/li>\n<li>Promoure la cultura del reciclatge i reutilitzaci\u00f3 de recursos existents.<\/li>\n<\/ul>\n<p><a href=\"http:\/\/agora.xtec.cat\/escolacanserra\/wp-content\/uploads\/usu244\/2018\/02\/61e9d2_cf0d7050d5474a30afc97e49879b7d58_mv2.gif\"><img loading=\"lazy\" decoding=\"async\" class=\"size-full wp-image-12532 aligncenter\" src=\"http:\/\/agora.xtec.cat\/escolacanserra\/wp-content\/uploads\/usu244\/2018\/02\/61e9d2_cf0d7050d5474a30afc97e49879b7d58_mv2.gif\" alt=\"\" width=\"300\" height=\"166\" \/><\/a><\/p>\n<p><strong>Per poder-se beneficiar de la cooperativa de llibres socialitzats, \u00e9s indispensable ser soci\/a de l&#8217;AMPA i pagar una quota anual de la cooperativa.<\/strong>\u00a0 No es poden adquirir llibres individuals, s&#8217;ha de pagar el lot sencer del curs corresponent. Podeu llegir el projecte i la normativa de socialitzaci\u00f3 de llibres al seg\u00fcent document:\u00a0<a href=\"http:\/\/agora.xtec.cat\/escolacanserra\/wp-content\/uploads\/usu244\/2018\/02\/NORMATIVACOOPERATIVA.pdf\">NORMATIVACOOPERATIVA<\/a>.<\/p>\n","protected":false},"excerpt":{"rendered":"<p>La cooperativa de llibres socialitzats de Can Serra va n\u00e9ixer al curs 2006 amb la col\u00b7laboraci\u00f3 de l&#8217;AMPA de l&#8217;escola. Els objectius d&#8217;aquest projecte s\u00f3n: Reducci\u00f3 de les despeses econ\u00f2miques de les fam\u00edlies (per l\u2019adquisici\u00f3 anual de llibres de text) Fomentar la cooperaci\u00f3 entre l\u2019alumnat, fam\u00edlies i professorat a trav\u00e9s de projectes comuns. Educar per [&hellip;]<\/p>\n","protected":false},"author":1,"featured_media":0,"parent":12392,"menu_order":0,"comment_status":"closed","ping_status":"closed","template":"page-templates\/side-menu.php","meta":{"_bbp_topic_count":0,"_bbp_reply_count":0,"_bbp_total_topic_count":0,"_bbp_total_reply_count":0,"_bbp_voice_count":0,"_bbp_anonymous_reply_count":0,"_bbp_topic_count_hidden":0,"_bbp_reply_count_hidden":0,"_bbp_forum_subforum_count":0,"site-sidebar-layout":"default","site-content-layout":"","ast-site-content-layout":"","site-content-style":"default","site-sidebar-style":"default","ast-global-header-display":"","ast-banner-title-visibility":"","ast-main-header-display":"","ast-hfb-above-header-display":"","ast-hfb-below-header-display":"","ast-hfb-mobile-header-display":"","site-post-title":"","ast-breadcrumbs-content":"","ast-featured-img":"","footer-sml-layout":"","theme-transparent-header-meta":"","adv-header-id-meta":"","stick-header-meta":"","header-above-stick-meta":"","header-main-stick-meta":"","header-below-stick-meta":"","astra-migrate-meta-layouts":"default","ast-page-background-enabled":"default","ast-page-background-meta":{"desktop":{"background-color":"var(--ast-global-color-4)","background-image":"","background-repeat":"repeat","background-position":"center center","background-size":"auto","background-attachment":"scroll","background-type":"","background-media":"","overlay-type":"","overlay-color":"","overlay-opacity":"","overlay-gradient":""},"tablet":{"background-color":"","background-image":"","background-repeat":"repeat","background-position":"center center","background-size":"auto","background-attachment":"scroll","background-type":"","background-media":"","overlay-type":"","overlay-color":"","overlay-opacity":"","overlay-gradient":""},"mobile":{"background-color":"","background-image":"","background-repeat":"repeat","background-position":"center center","background-size":"auto","background-attachment":"scroll","background-type":"","background-media":"","overlay-type":"","overlay-color":"","overlay-opacity":"","overlay-gradient":""}},"ast-content-background-meta":{"desktop":{"background-color":"var(--ast-global-color-5)","background-image":"","background-repeat":"repeat","background-position":"center center","background-size":"auto","background-attachment":"scroll","background-type":"","background-media":"","overlay-type":"","overlay-color":"","overlay-opacity":"","overlay-gradient":""},"tablet":{"background-color":"var(--ast-global-color-5)","background-image":"","background-repeat":"repeat","background-position":"center center","background-size":"auto","background-attachment":"scroll","background-type":"","background-media":"","overlay-type":"","overlay-color":"","overlay-opacity":"","overlay-gradient":""},"mobile":{"background-color":"var(--ast-global-color-5)","background-image":"","background-repeat":"repeat","background-position":"center center","background-size":"auto","background-attachment":"scroll","background-type":"","background-media":"","overlay-type":"","overlay-color":"","overlay-opacity":"","overlay-gradient":""}},"footnotes":""},"class_list":["post-12527","page","type-page","status-publish","hentry"],"post_mailing_queue_ids":[],"_links":{"self":[{"href":"https:\/\/agora.xtec.cat\/escolacanserra\/wp-json\/wp\/v2\/pages\/12527","targetHints":{"allow":["GET"]}}],"collection":[{"href":"https:\/\/agora.xtec.cat\/escolacanserra\/wp-json\/wp\/v2\/pages"}],"about":[{"href":"https:\/\/agora.xtec.cat\/escolacanserra\/wp-json\/wp\/v2\/types\/page"}],"author":[{"embeddable":true,"href":"https:\/\/agora.xtec.cat\/escolacanserra\/wp-json\/wp\/v2\/users\/1"}],"replies":[{"embeddable":true,"href":"https:\/\/agora.xtec.cat\/escolacanserra\/wp-json\/wp\/v2\/comments?post=12527"}],"version-history":[{"count":3,"href":"https:\/\/agora.xtec.cat\/escolacanserra\/wp-json\/wp\/v2\/pages\/12527\/revisions"}],"predecessor-version":[{"id":12533,"href":"https:\/\/agora.xtec.cat\/escolacanserra\/wp-json\/wp\/v2\/pages\/12527\/revisions\/12533"}],"up":[{"embeddable":true,"href":"https:\/\/agora.xtec.cat\/escolacanserra\/wp-json\/wp\/v2\/pages\/12392"}],"wp:attachment":[{"href":"https:\/\/agora.xtec.cat\/escolacanserra\/wp-json\/wp\/v2\/media?parent=12527"}],"curies":[{"name":"wp","href":"https:\/\/api.w.org\/{rel}","templated":true}]}}