{"id":12475,"date":"2018-02-07T16:09:53","date_gmt":"2018-02-07T15:09:53","guid":{"rendered":"http:\/\/agora.xtec.cat\/escolacanserra\/?page_id=12475"},"modified":"2024-05-23T22:11:35","modified_gmt":"2024-05-23T20:11:35","slug":"projecte-coeducacio","status":"publish","type":"page","link":"https:\/\/agora.xtec.cat\/escolacanserra\/projecte-educatiu\/educacio-emocional\/projecte-coeducacio\/","title":{"rendered":"Projecte coeducaci\u00f3"},"content":{"rendered":"<p>&nbsp;<\/p>\n<p><a href=\"https:\/\/agora.xtec.cat\/escolacanserra\/wp-content\/uploads\/usu244\/2023\/08\/WhatsApp-Image-2023-08-27-at-21.44.07-1.jpeg\"><img loading=\"lazy\" decoding=\"async\" class=\"alignnone wp-image-30085\" src=\"https:\/\/agora.xtec.cat\/escolacanserra\/wp-content\/uploads\/usu244\/2023\/08\/WhatsApp-Image-2023-08-27-at-21.44.07-1-1024x688.jpeg\" alt=\"\" width=\"381\" height=\"256\" srcset=\"https:\/\/agora.xtec.cat\/escolacanserra\/wp-content\/uploads\/usu244\/2023\/08\/WhatsApp-Image-2023-08-27-at-21.44.07-1-1024x688.jpeg 1024w, https:\/\/agora.xtec.cat\/escolacanserra\/wp-content\/uploads\/usu244\/2023\/08\/WhatsApp-Image-2023-08-27-at-21.44.07-1-300x201.jpeg 300w, https:\/\/agora.xtec.cat\/escolacanserra\/wp-content\/uploads\/usu244\/2023\/08\/WhatsApp-Image-2023-08-27-at-21.44.07-1-768x516.jpeg 768w, https:\/\/agora.xtec.cat\/escolacanserra\/wp-content\/uploads\/usu244\/2023\/08\/WhatsApp-Image-2023-08-27-at-21.44.07-1.jpeg 1072w\" sizes=\"auto, (max-width: 381px) 100vw, 381px\" \/><\/a><\/p>\n<p>La\u00a0coeducaci\u00f3\u00a0comporta la promoci\u00f3 d\u2019una educaci\u00f3 que\u00a0<b>potencia la igualtat real d\u2019oportunitats\u00a0<\/b>i\u00a0<b>l\u2019elim<img loading=\"lazy\" decoding=\"async\" class=\" alignright\" src=\"http:\/\/3.bp.blogspot.com\/-Rp-8ePimz2c\/UFbe7IPYHQI\/AAAAAAAAJR8\/5qXQdYbrcow\/s320\/disfresses.jpg\" width=\"316\" height=\"466\" \/>inaci\u00f3 de tota mena de discriminaci\u00f3 per ra\u00f3 de sexe<\/b>, aix\u00ed com la integraci\u00f3 de forma expl\u00edcita i amb continguts d\u2019aprenentatge de la perspectiva de g\u00e8nere.\u00a0La coeducaci\u00f3 \u00e9s tamb\u00e9 \u00a0el primer esgla\u00f3 de\u00a0<strong>prevenci\u00f3 de la viol\u00e8ncia masclista<\/strong><\/p>\n<p>\u00c9s una mirada educativa que va m\u00e9s enll\u00e0 de l\u2019educaci\u00f3 mixta; les bases de la coeducaci\u00f3 es fonamenten en el reconeixement de les potencialitats i individualitats de nens i nenes independentment dels seu sexe. Coeducar significa, doncs, educar des de la igualtat de valors de les persones.<\/p>\n<p>L&#8217;escola fa dos cursos que forma part de la comissi\u00f3 de diversitat de l&#8217;Ajuntament i durant el curs 17-18 hem iniciat formaci\u00f3 de tot el claustre de mestres en Coeducaci\u00f3. Durant el curs 18-19 hem previst fer tallers de coeducaci\u00f3 en els grups de 1r a m\u00e9s de trobades amb les fam\u00edlies (en coordinaci\u00f3 amb l&#8217;Ajuntament de Barber\u00e0 del Vall\u00e8s).<\/p>\n<p>A Can Serra treballem per garantir els seg\u00fcents aspectes coeducatius:<\/p>\n<ul>\n<li><span style=\"font-family: inherit; font-size: 1em;\">la promoci\u00f3 d&#8217;un llenguatge verbal i gr\u00e0fic que tracti equitativament ambd\u00f3s sexes,<\/span><\/li>\n<li>l&#8217;\u00fas no sexista dels espais educatius del centre,<\/li>\n<li>la utilitzaci\u00f3 de llibres de text i materials did\u00e0ctics i curriculars que promoguin un tracte no sexista,<\/li>\n<li>la incorporaci\u00f3 als continguts curriculars de la perspectiva de g\u00e8nere, dels sabers de les dones al llarg de la hist\u00f2ria i de les tasques de cura envers les persones i els espais indistintament per part d&#8217;ambd\u00f3s sexes,<\/li>\n<li>l&#8217;orientaci\u00f3 professional i acad\u00e8mica no estereotipada i sense discriminacions sexuals ni socials,<\/li>\n<li>la constituci\u00f3 d\u2019un entorn amable i segur perqu\u00e8 tant els alumnes com les i els mestres puguin viure de manera natural la seva orientaci\u00f3 sexual, identitat de g\u00e8nere o expressi\u00f3 de g\u00e8nere,<\/li>\n<li>la potenciaci\u00f3 d&#8217;una educaci\u00f3 afectiva que afavoreixi la construcci\u00f3 d&#8217;una sexualitat positiva i saludable,<\/li>\n<li>la gesti\u00f3 positiva de situacions de conflicte vinculades a comportaments i actituds de car\u00e0cter sexista o per motiu d\u2019identitat de g\u00e8nere o d&#8217;orientaci\u00f3 afectivosexual.<\/li>\n<\/ul>\n<p>Al <a href=\"http:\/\/www.bdv.cat\/que-es-la-coeducacio-0\">web de l&#8217;Ajuntament de Barber\u00e0 sobre Coeducaci\u00f3\u00a0<\/a>trobareu m\u00e9s informaci\u00f3 sobre aquest projecte.<\/p>\n<p><a href=\"http:\/\/www.bdv.cat\/sites\/default\/files\/common\/Dones\/guia_families_joguines_no_sexistes_web_2.pdf\">Guia per fomentar la coeducaci\u00f3 a trav\u00e9s de les joguines<\/a>.<\/p>\n<p><a href=\"https:\/\/agora.xtec.cat\/escolacanserra\/wp-content\/uploads\/usu244\/2018\/11\/20181115_163948.jpg\"><img loading=\"lazy\" decoding=\"async\" class=\"wp-image-14532 aligncenter\" src=\"https:\/\/agora.xtec.cat\/escolacanserra\/wp-content\/uploads\/usu244\/2018\/11\/20181115_163948.jpg\" alt=\"\" width=\"335\" height=\"189\" srcset=\"https:\/\/agora.xtec.cat\/escolacanserra\/wp-content\/uploads\/usu244\/2018\/11\/20181115_163948.jpg 2560w, https:\/\/agora.xtec.cat\/escolacanserra\/wp-content\/uploads\/usu244\/2018\/11\/20181115_163948-300x169.jpg 300w, https:\/\/agora.xtec.cat\/escolacanserra\/wp-content\/uploads\/usu244\/2018\/11\/20181115_163948-768x432.jpg 768w, https:\/\/agora.xtec.cat\/escolacanserra\/wp-content\/uploads\/usu244\/2018\/11\/20181115_163948-1024x576.jpg 1024w\" sizes=\"auto, (max-width: 335px) 100vw, 335px\" \/><\/a><a href=\"http:\/\/agora.xtec.cat\/escolacanserra\/wp-content\/uploads\/usu244\/2018\/02\/banner_coeducacio.jpg\"><img loading=\"lazy\" decoding=\"async\" class=\"wp-image-12535 aligncenter\" src=\"http:\/\/agora.xtec.cat\/escolacanserra\/wp-content\/uploads\/usu244\/2018\/02\/banner_coeducacio.jpg\" alt=\"\" width=\"332\" height=\"332\" srcset=\"https:\/\/agora.xtec.cat\/escolacanserra\/wp-content\/uploads\/usu244\/2018\/02\/banner_coeducacio.jpg 280w, https:\/\/agora.xtec.cat\/escolacanserra\/wp-content\/uploads\/usu244\/2018\/02\/banner_coeducacio-150x150.jpg 150w\" sizes=\"auto, (max-width: 332px) 100vw, 332px\" \/><\/a><\/p>\n<p>&nbsp;<\/p>\n","protected":false},"excerpt":{"rendered":"<p>&nbsp; La\u00a0coeducaci\u00f3\u00a0comporta la promoci\u00f3 d\u2019una educaci\u00f3 que\u00a0potencia la igualtat real d\u2019oportunitats\u00a0i\u00a0l\u2019eliminaci\u00f3 de tota mena de discriminaci\u00f3 per ra\u00f3 de sexe, aix\u00ed com la integraci\u00f3 de forma expl\u00edcita i amb continguts d\u2019aprenentatge de la perspectiva de g\u00e8nere.\u00a0La coeducaci\u00f3 \u00e9s tamb\u00e9 \u00a0el primer esgla\u00f3 de\u00a0prevenci\u00f3 de la viol\u00e8ncia masclista \u00c9s una mirada educativa que va m\u00e9s enll\u00e0 [&hellip;]<\/p>\n","protected":false},"author":1,"featured_media":0,"parent":12463,"menu_order":0,"comment_status":"closed","ping_status":"closed","template":"","meta":{"_bbp_topic_count":0,"_bbp_reply_count":0,"_bbp_total_topic_count":0,"_bbp_total_reply_count":0,"_bbp_voice_count":0,"_bbp_anonymous_reply_count":0,"_bbp_topic_count_hidden":0,"_bbp_reply_count_hidden":0,"_bbp_forum_subforum_count":0,"site-sidebar-layout":"default","site-content-layout":"","ast-site-content-layout":"","site-content-style":"default","site-sidebar-style":"default","ast-global-header-display":"","ast-banner-title-visibility":"","ast-main-header-display":"","ast-hfb-above-header-display":"","ast-hfb-below-header-display":"","ast-hfb-mobile-header-display":"","site-post-title":"","ast-breadcrumbs-content":"","ast-featured-img":"","footer-sml-layout":"","theme-transparent-header-meta":"","adv-header-id-meta":"","stick-header-meta":"","header-above-stick-meta":"","header-main-stick-meta":"","header-below-stick-meta":"","astra-migrate-meta-layouts":"default","ast-page-background-enabled":"default","ast-page-background-meta":{"desktop":{"background-color":"var(--ast-global-color-4)","background-image":"","background-repeat":"repeat","background-position":"center center","background-size":"auto","background-attachment":"scroll","background-type":"","background-media":"","overlay-type":"","overlay-color":"","overlay-opacity":"","overlay-gradient":""},"tablet":{"background-color":"","background-image":"","background-repeat":"repeat","background-position":"center center","background-size":"auto","background-attachment":"scroll","background-type":"","background-media":"","overlay-type":"","overlay-color":"","overlay-opacity":"","overlay-gradient":""},"mobile":{"background-color":"","background-image":"","background-repeat":"repeat","background-position":"center center","background-size":"auto","background-attachment":"scroll","background-type":"","background-media":"","overlay-type":"","overlay-color":"","overlay-opacity":"","overlay-gradient":""}},"ast-content-background-meta":{"desktop":{"background-color":"var(--ast-global-color-5)","background-image":"","background-repeat":"repeat","background-position":"center center","background-size":"auto","background-attachment":"scroll","background-type":"","background-media":"","overlay-type":"","overlay-color":"","overlay-opacity":"","overlay-gradient":""},"tablet":{"background-color":"var(--ast-global-color-5)","background-image":"","background-repeat":"repeat","background-position":"center center","background-size":"auto","background-attachment":"scroll","background-type":"","background-media":"","overlay-type":"","overlay-color":"","overlay-opacity":"","overlay-gradient":""},"mobile":{"background-color":"var(--ast-global-color-5)","background-image":"","background-repeat":"repeat","background-position":"center center","background-size":"auto","background-attachment":"scroll","background-type":"","background-media":"","overlay-type":"","overlay-color":"","overlay-opacity":"","overlay-gradient":""}},"footnotes":""},"class_list":["post-12475","page","type-page","status-publish","hentry"],"post_mailing_queue_ids":[],"_links":{"self":[{"href":"https:\/\/agora.xtec.cat\/escolacanserra\/wp-json\/wp\/v2\/pages\/12475","targetHints":{"allow":["GET"]}}],"collection":[{"href":"https:\/\/agora.xtec.cat\/escolacanserra\/wp-json\/wp\/v2\/pages"}],"about":[{"href":"https:\/\/agora.xtec.cat\/escolacanserra\/wp-json\/wp\/v2\/types\/page"}],"author":[{"embeddable":true,"href":"https:\/\/agora.xtec.cat\/escolacanserra\/wp-json\/wp\/v2\/users\/1"}],"replies":[{"embeddable":true,"href":"https:\/\/agora.xtec.cat\/escolacanserra\/wp-json\/wp\/v2\/comments?post=12475"}],"version-history":[{"count":4,"href":"https:\/\/agora.xtec.cat\/escolacanserra\/wp-json\/wp\/v2\/pages\/12475\/revisions"}],"predecessor-version":[{"id":30442,"href":"https:\/\/agora.xtec.cat\/escolacanserra\/wp-json\/wp\/v2\/pages\/12475\/revisions\/30442"}],"up":[{"embeddable":true,"href":"https:\/\/agora.xtec.cat\/escolacanserra\/wp-json\/wp\/v2\/pages\/12463"}],"wp:attachment":[{"href":"https:\/\/agora.xtec.cat\/escolacanserra\/wp-json\/wp\/v2\/media?parent=12475"}],"curies":[{"name":"wp","href":"https:\/\/api.w.org\/{rel}","templated":true}]}}