{"id":12467,"date":"2018-02-06T23:20:13","date_gmt":"2018-02-06T22:20:13","guid":{"rendered":"http:\/\/agora.xtec.cat\/escolacanserra\/?page_id=12467"},"modified":"2018-04-01T10:51:03","modified_gmt":"2018-04-01T08:51:03","slug":"sumat-als-bons-habits","status":"publish","type":"page","link":"https:\/\/agora.xtec.cat\/escolacanserra\/projecte-educatiu\/educacio-emocional\/sumat-als-bons-habits\/","title":{"rendered":"Suma&#8217;t als bons h\u00e0bits"},"content":{"rendered":"<p>&#8220;Suma&#8217;t als bons h\u00e0bits&#8221; s\u00f3n campanyes dirigides a l&#8217;alumnat i a les fam\u00edlies que tenen com a objectiu fomentar h\u00e0bits positius per a la conviv\u00e8ncia. Es preparen al Consell de delegats, on les delegades i delegats de l&#8217;escola, reunits amb el Cap d&#8217;estudis, preparen tot un seguit d&#8217;accions per fomentar diferents tipus d&#8217;h\u00e0bits. Des del curs 15-16, es fomenten &#8220;H\u00e0bits verds&#8221;, com ara portar carmanyola i deixar de banda el paper d&#8217;alumini, reciclatge de piles i bateries, reciclatge tecnol\u00f2gic, d&#8217;oli, etc.<\/p>\n<p>Exemple de preparaci\u00f3 de la campanya de reciclatge tecnol\u00f2gic:\u00a0\u00a0<a href=\"https:\/\/agora.xtec.cat\/escolacanserra\/portada\/reciclatge-tecnologic-reunio-delegats\/\">https:\/\/agora.xtec.cat\/escolacanserra\/portada\/reciclatge-tecnologic-reunio-delegats\/<\/a><\/p>\n<p>Projecte EDUCO, &#8220;De l&#8217;oli al biodi\u00e8sel&#8221;:\u00a0<a href=\"http:\/\/agora.xtec.cat\/escolacanserra\/infantil\/p3\/de-loli-al-biodiesel\/\">http:\/\/agora.xtec.cat\/escolacanserra\/infantil\/p3\/de-loli-al-biodiesel\/<\/a><\/p>\n","protected":false},"excerpt":{"rendered":"<p>&#8220;Suma&#8217;t als bons h\u00e0bits&#8221; s\u00f3n campanyes dirigides a l&#8217;alumnat i a les fam\u00edlies que tenen com a objectiu fomentar h\u00e0bits positius per a la conviv\u00e8ncia. Es preparen al Consell de delegats, on les delegades i delegats de l&#8217;escola, reunits amb el Cap d&#8217;estudis, preparen tot un seguit d&#8217;accions per fomentar diferents tipus d&#8217;h\u00e0bits. Des del [&hellip;]<\/p>\n","protected":false},"author":1,"featured_media":0,"parent":12463,"menu_order":0,"comment_status":"closed","ping_status":"closed","template":"page-templates\/side-menu.php","meta":{"_bbp_topic_count":0,"_bbp_reply_count":0,"_bbp_total_topic_count":0,"_bbp_total_reply_count":0,"_bbp_voice_count":0,"_bbp_anonymous_reply_count":0,"_bbp_topic_count_hidden":0,"_bbp_reply_count_hidden":0,"_bbp_forum_subforum_count":0,"site-sidebar-layout":"default","site-content-layout":"","ast-site-content-layout":"","site-content-style":"default","site-sidebar-style":"default","ast-global-header-display":"","ast-banner-title-visibility":"","ast-main-header-display":"","ast-hfb-above-header-display":"","ast-hfb-below-header-display":"","ast-hfb-mobile-header-display":"","site-post-title":"","ast-breadcrumbs-content":"","ast-featured-img":"","footer-sml-layout":"","theme-transparent-header-meta":"","adv-header-id-meta":"","stick-header-meta":"","header-above-stick-meta":"","header-main-stick-meta":"","header-below-stick-meta":"","astra-migrate-meta-layouts":"default","ast-page-background-enabled":"default","ast-page-background-meta":{"desktop":{"background-color":"var(--ast-global-color-4)","background-image":"","background-repeat":"repeat","background-position":"center center","background-size":"auto","background-attachment":"scroll","background-type":"","background-media":"","overlay-type":"","overlay-color":"","overlay-opacity":"","overlay-gradient":""},"tablet":{"background-color":"","background-image":"","background-repeat":"repeat","background-position":"center center","background-size":"auto","background-attachment":"scroll","background-type":"","background-media":"","overlay-type":"","overlay-color":"","overlay-opacity":"","overlay-gradient":""},"mobile":{"background-color":"","background-image":"","background-repeat":"repeat","background-position":"center center","background-size":"auto","background-attachment":"scroll","background-type":"","background-media":"","overlay-type":"","overlay-color":"","overlay-opacity":"","overlay-gradient":""}},"ast-content-background-meta":{"desktop":{"background-color":"var(--ast-global-color-5)","background-image":"","background-repeat":"repeat","background-position":"center center","background-size":"auto","background-attachment":"scroll","background-type":"","background-media":"","overlay-type":"","overlay-color":"","overlay-opacity":"","overlay-gradient":""},"tablet":{"background-color":"var(--ast-global-color-5)","background-image":"","background-repeat":"repeat","background-position":"center center","background-size":"auto","background-attachment":"scroll","background-type":"","background-media":"","overlay-type":"","overlay-color":"","overlay-opacity":"","overlay-gradient":""},"mobile":{"background-color":"var(--ast-global-color-5)","background-image":"","background-repeat":"repeat","background-position":"center center","background-size":"auto","background-attachment":"scroll","background-type":"","background-media":"","overlay-type":"","overlay-color":"","overlay-opacity":"","overlay-gradient":""}},"footnotes":""},"class_list":["post-12467","page","type-page","status-publish","hentry"],"post_mailing_queue_ids":[],"_links":{"self":[{"href":"https:\/\/agora.xtec.cat\/escolacanserra\/wp-json\/wp\/v2\/pages\/12467","targetHints":{"allow":["GET"]}}],"collection":[{"href":"https:\/\/agora.xtec.cat\/escolacanserra\/wp-json\/wp\/v2\/pages"}],"about":[{"href":"https:\/\/agora.xtec.cat\/escolacanserra\/wp-json\/wp\/v2\/types\/page"}],"author":[{"embeddable":true,"href":"https:\/\/agora.xtec.cat\/escolacanserra\/wp-json\/wp\/v2\/users\/1"}],"replies":[{"embeddable":true,"href":"https:\/\/agora.xtec.cat\/escolacanserra\/wp-json\/wp\/v2\/comments?post=12467"}],"version-history":[{"count":3,"href":"https:\/\/agora.xtec.cat\/escolacanserra\/wp-json\/wp\/v2\/pages\/12467\/revisions"}],"predecessor-version":[{"id":13077,"href":"https:\/\/agora.xtec.cat\/escolacanserra\/wp-json\/wp\/v2\/pages\/12467\/revisions\/13077"}],"up":[{"embeddable":true,"href":"https:\/\/agora.xtec.cat\/escolacanserra\/wp-json\/wp\/v2\/pages\/12463"}],"wp:attachment":[{"href":"https:\/\/agora.xtec.cat\/escolacanserra\/wp-json\/wp\/v2\/media?parent=12467"}],"curies":[{"name":"wp","href":"https:\/\/api.w.org\/{rel}","templated":true}]}}