{"id":12463,"date":"2018-02-06T23:14:17","date_gmt":"2018-02-06T22:14:17","guid":{"rendered":"http:\/\/agora.xtec.cat\/escolacanserra\/?page_id=12463"},"modified":"2018-12-30T13:13:09","modified_gmt":"2018-12-30T12:13:09","slug":"educacio-emocional","status":"publish","type":"page","link":"https:\/\/agora.xtec.cat\/escolacanserra\/projecte-educatiu\/educacio-emocional\/","title":{"rendered":"Educaci\u00f3 emocional"},"content":{"rendered":"<p>El projecte d&#8217;educaci\u00f3 emocional l&#8217;integren tot un seguit de programes estrat\u00e8gics:<\/p>\n<ul>\n<li><a href=\"http:\/\/agora.xtec.cat\/escolacanserra\/projecte-educatiu\/protagonista\/\"><em>Protagonista de la setmana<\/em><\/a><\/li>\n<li><a href=\"http:\/\/agora.xtec.cat\/escolacanserra\/projecte-educatiu\/educacio-emocional\/apadrinament-lector\/\"><em>Apadrinament lector<\/em><\/a><\/li>\n<li><a href=\"http:\/\/agora.xtec.cat\/escolacanserra\/projecte-educatiu\/consell-de-delegades-i-delegats\/\"><em>Consell de delegats i delegades<\/em><\/a><\/li>\n<li><a href=\"http:\/\/agora.xtec.cat\/escolacanserra\/projecte-educatiu\/educacio-emocional\/sumat-als-bons-habits\/\"><em>Suma\u2019t als bons h\u00e0bits\u00a0<\/em><\/a><\/li>\n<li><a href=\"http:\/\/agora.xtec.cat\/escolacanserra\/projecte-educatiu\/jocs-de-pati\/\"><em>Jocs de pati.\u00a0<\/em><\/a><\/li>\n<li><em><a href=\"http:\/\/agora.xtec.cat\/escolacanserra\/projecte-educatiu\/educacio-emocional\/projecte-coeducacio\/\">Coeducaci\u00f3<\/a><a href=\"http:\/\/agora.xtec.cat\/escolacanserra\/projecte-coeducacio\/\">.<\/a><\/em><\/li>\n<\/ul>\n","protected":false},"excerpt":{"rendered":"<p>El projecte d&#8217;educaci\u00f3 emocional l&#8217;integren tot un seguit de programes estrat\u00e8gics: Protagonista de la setmana Apadrinament lector Consell de delegats i delegades Suma\u2019t als bons h\u00e0bits\u00a0 Jocs de pati.\u00a0 Coeducaci\u00f3.<\/p>\n","protected":false},"author":1,"featured_media":0,"parent":12392,"menu_order":0,"comment_status":"closed","ping_status":"closed","template":"page-templates\/side-menu.php","meta":{"_bbp_topic_count":0,"_bbp_reply_count":0,"_bbp_total_topic_count":0,"_bbp_total_reply_count":0,"_bbp_voice_count":0,"_bbp_anonymous_reply_count":0,"_bbp_topic_count_hidden":0,"_bbp_reply_count_hidden":0,"_bbp_forum_subforum_count":0,"site-sidebar-layout":"default","site-content-layout":"","ast-site-content-layout":"","site-content-style":"default","site-sidebar-style":"default","ast-global-header-display":"","ast-banner-title-visibility":"","ast-main-header-display":"","ast-hfb-above-header-display":"","ast-hfb-below-header-display":"","ast-hfb-mobile-header-display":"","site-post-title":"","ast-breadcrumbs-content":"","ast-featured-img":"","footer-sml-layout":"","theme-transparent-header-meta":"","adv-header-id-meta":"","stick-header-meta":"","header-above-stick-meta":"","header-main-stick-meta":"","header-below-stick-meta":"","astra-migrate-meta-layouts":"default","ast-page-background-enabled":"default","ast-page-background-meta":{"desktop":{"background-color":"var(--ast-global-color-4)","background-image":"","background-repeat":"repeat","background-position":"center center","background-size":"auto","background-attachment":"scroll","background-type":"","background-media":"","overlay-type":"","overlay-color":"","overlay-opacity":"","overlay-gradient":""},"tablet":{"background-color":"","background-image":"","background-repeat":"repeat","background-position":"center center","background-size":"auto","background-attachment":"scroll","background-type":"","background-media":"","overlay-type":"","overlay-color":"","overlay-opacity":"","overlay-gradient":""},"mobile":{"background-color":"","background-image":"","background-repeat":"repeat","background-position":"center center","background-size":"auto","background-attachment":"scroll","background-type":"","background-media":"","overlay-type":"","overlay-color":"","overlay-opacity":"","overlay-gradient":""}},"ast-content-background-meta":{"desktop":{"background-color":"var(--ast-global-color-5)","background-image":"","background-repeat":"repeat","background-position":"center center","background-size":"auto","background-attachment":"scroll","background-type":"","background-media":"","overlay-type":"","overlay-color":"","overlay-opacity":"","overlay-gradient":""},"tablet":{"background-color":"var(--ast-global-color-5)","background-image":"","background-repeat":"repeat","background-position":"center center","background-size":"auto","background-attachment":"scroll","background-type":"","background-media":"","overlay-type":"","overlay-color":"","overlay-opacity":"","overlay-gradient":""},"mobile":{"background-color":"var(--ast-global-color-5)","background-image":"","background-repeat":"repeat","background-position":"center center","background-size":"auto","background-attachment":"scroll","background-type":"","background-media":"","overlay-type":"","overlay-color":"","overlay-opacity":"","overlay-gradient":""}},"footnotes":""},"class_list":["post-12463","page","type-page","status-publish","hentry"],"post_mailing_queue_ids":[],"_links":{"self":[{"href":"https:\/\/agora.xtec.cat\/escolacanserra\/wp-json\/wp\/v2\/pages\/12463","targetHints":{"allow":["GET"]}}],"collection":[{"href":"https:\/\/agora.xtec.cat\/escolacanserra\/wp-json\/wp\/v2\/pages"}],"about":[{"href":"https:\/\/agora.xtec.cat\/escolacanserra\/wp-json\/wp\/v2\/types\/page"}],"author":[{"embeddable":true,"href":"https:\/\/agora.xtec.cat\/escolacanserra\/wp-json\/wp\/v2\/users\/1"}],"replies":[{"embeddable":true,"href":"https:\/\/agora.xtec.cat\/escolacanserra\/wp-json\/wp\/v2\/comments?post=12463"}],"version-history":[{"count":3,"href":"https:\/\/agora.xtec.cat\/escolacanserra\/wp-json\/wp\/v2\/pages\/12463\/revisions"}],"predecessor-version":[{"id":14848,"href":"https:\/\/agora.xtec.cat\/escolacanserra\/wp-json\/wp\/v2\/pages\/12463\/revisions\/14848"}],"up":[{"embeddable":true,"href":"https:\/\/agora.xtec.cat\/escolacanserra\/wp-json\/wp\/v2\/pages\/12392"}],"wp:attachment":[{"href":"https:\/\/agora.xtec.cat\/escolacanserra\/wp-json\/wp\/v2\/media?parent=12463"}],"curies":[{"name":"wp","href":"https:\/\/api.w.org\/{rel}","templated":true}]}}