{"id":12452,"date":"2018-02-06T22:58:42","date_gmt":"2018-02-06T21:58:42","guid":{"rendered":"http:\/\/agora.xtec.cat\/escolacanserra\/?page_id=12452"},"modified":"2018-02-12T21:26:44","modified_gmt":"2018-02-12T20:26:44","slug":"apadrinament-lector","status":"publish","type":"page","link":"https:\/\/agora.xtec.cat\/escolacanserra\/projecte-educatiu\/educacio-emocional\/apadrinament-lector\/","title":{"rendered":"Apadrinament lector"},"content":{"rendered":"<p style=\"text-align: left;\">El nostre projecte d\u2019<b>apadrinament lector<\/b>\u00a0consisteix en crear parelles lectores d\u2019alumnes del cicle superior amb el cicle inicial. Es tracta de compartir estones plegats per fer petites activitats de lectura amb els seus fillols i filloles (explicant contes, llegint plegats petits textos , etc). A banda de millorar la compet\u00e8ncia lectora, els alumnes creen uns\u00a0<b>vincles afectius<\/b>\u00a0m\u00e9s enll\u00e0 de les trobades, la qual cosa incideix positivament en la millora de la cohesi\u00f3 social. Creiem que la lectura i la formaci\u00f3 en valors s\u00f3n fonamentals en l\u2019educaci\u00f3 dels alumnes. Pensem que per a poder aconseguir la m\u00e0xima efic\u00e0cia dels plans lectors i de la formaci\u00f3 en valors necessitem la col\u00b7laboraci\u00f3 dels diferents grups que hi participen.<\/p>\n<p style=\"text-align: left;\">Imatges d&#8217;apadrinament lector:<\/p>\n<p style=\"text-align: left;\"><a href=\"https:\/\/photos.app.goo.gl\/gkrWcQj4V6taD1Et1\">https:\/\/photos.app.goo.gl\/gkrWcQj4V6taD1Et1<\/a><\/p>\n<p style=\"text-align: left;\"><a href=\"https:\/\/photos.app.goo.gl\/7K1Y1ma4589ulXwJ2\">https:\/\/photos.app.goo.gl\/7K1Y1ma4589ulXwJ2<\/a><\/p>\n<p style=\"text-align: left;\"><a href=\"https:\/\/photos.app.goo.gl\/VZq3LCdS8oin5jGe2\">https:\/\/photos.app.goo.gl\/VZq3LCdS8oin5jGe2<\/a><\/p>\n<p>&nbsp;<\/p>\n<p>&nbsp;<\/p>\n","protected":false},"excerpt":{"rendered":"<p>El nostre projecte d\u2019apadrinament lector\u00a0consisteix en crear parelles lectores d\u2019alumnes del cicle superior amb el cicle inicial. Es tracta de compartir estones plegats per fer petites activitats de lectura amb els seus fillols i filloles (explicant contes, llegint plegats petits textos , etc). A banda de millorar la compet\u00e8ncia lectora, els alumnes creen uns\u00a0vincles afectius\u00a0m\u00e9s [&hellip;]<\/p>\n","protected":false},"author":1,"featured_media":0,"parent":12463,"menu_order":0,"comment_status":"closed","ping_status":"closed","template":"page-templates\/side-menu.php","meta":{"_bbp_topic_count":0,"_bbp_reply_count":0,"_bbp_total_topic_count":0,"_bbp_total_reply_count":0,"_bbp_voice_count":0,"_bbp_anonymous_reply_count":0,"_bbp_topic_count_hidden":0,"_bbp_reply_count_hidden":0,"_bbp_forum_subforum_count":0,"site-sidebar-layout":"default","site-content-layout":"","ast-site-content-layout":"","site-content-style":"default","site-sidebar-style":"default","ast-global-header-display":"","ast-banner-title-visibility":"","ast-main-header-display":"","ast-hfb-above-header-display":"","ast-hfb-below-header-display":"","ast-hfb-mobile-header-display":"","site-post-title":"","ast-breadcrumbs-content":"","ast-featured-img":"","footer-sml-layout":"","theme-transparent-header-meta":"","adv-header-id-meta":"","stick-header-meta":"","header-above-stick-meta":"","header-main-stick-meta":"","header-below-stick-meta":"","astra-migrate-meta-layouts":"default","ast-page-background-enabled":"default","ast-page-background-meta":{"desktop":{"background-color":"var(--ast-global-color-4)","background-image":"","background-repeat":"repeat","background-position":"center center","background-size":"auto","background-attachment":"scroll","background-type":"","background-media":"","overlay-type":"","overlay-color":"","overlay-opacity":"","overlay-gradient":""},"tablet":{"background-color":"","background-image":"","background-repeat":"repeat","background-position":"center center","background-size":"auto","background-attachment":"scroll","background-type":"","background-media":"","overlay-type":"","overlay-color":"","overlay-opacity":"","overlay-gradient":""},"mobile":{"background-color":"","background-image":"","background-repeat":"repeat","background-position":"center center","background-size":"auto","background-attachment":"scroll","background-type":"","background-media":"","overlay-type":"","overlay-color":"","overlay-opacity":"","overlay-gradient":""}},"ast-content-background-meta":{"desktop":{"background-color":"var(--ast-global-color-5)","background-image":"","background-repeat":"repeat","background-position":"center center","background-size":"auto","background-attachment":"scroll","background-type":"","background-media":"","overlay-type":"","overlay-color":"","overlay-opacity":"","overlay-gradient":""},"tablet":{"background-color":"var(--ast-global-color-5)","background-image":"","background-repeat":"repeat","background-position":"center center","background-size":"auto","background-attachment":"scroll","background-type":"","background-media":"","overlay-type":"","overlay-color":"","overlay-opacity":"","overlay-gradient":""},"mobile":{"background-color":"var(--ast-global-color-5)","background-image":"","background-repeat":"repeat","background-position":"center center","background-size":"auto","background-attachment":"scroll","background-type":"","background-media":"","overlay-type":"","overlay-color":"","overlay-opacity":"","overlay-gradient":""}},"footnotes":""},"class_list":["post-12452","page","type-page","status-publish","hentry"],"post_mailing_queue_ids":[],"_links":{"self":[{"href":"https:\/\/agora.xtec.cat\/escolacanserra\/wp-json\/wp\/v2\/pages\/12452","targetHints":{"allow":["GET"]}}],"collection":[{"href":"https:\/\/agora.xtec.cat\/escolacanserra\/wp-json\/wp\/v2\/pages"}],"about":[{"href":"https:\/\/agora.xtec.cat\/escolacanserra\/wp-json\/wp\/v2\/types\/page"}],"author":[{"embeddable":true,"href":"https:\/\/agora.xtec.cat\/escolacanserra\/wp-json\/wp\/v2\/users\/1"}],"replies":[{"embeddable":true,"href":"https:\/\/agora.xtec.cat\/escolacanserra\/wp-json\/wp\/v2\/comments?post=12452"}],"version-history":[{"count":3,"href":"https:\/\/agora.xtec.cat\/escolacanserra\/wp-json\/wp\/v2\/pages\/12452\/revisions"}],"predecessor-version":[{"id":12545,"href":"https:\/\/agora.xtec.cat\/escolacanserra\/wp-json\/wp\/v2\/pages\/12452\/revisions\/12545"}],"up":[{"embeddable":true,"href":"https:\/\/agora.xtec.cat\/escolacanserra\/wp-json\/wp\/v2\/pages\/12463"}],"wp:attachment":[{"href":"https:\/\/agora.xtec.cat\/escolacanserra\/wp-json\/wp\/v2\/media?parent=12452"}],"curies":[{"name":"wp","href":"https:\/\/api.w.org\/{rel}","templated":true}]}}