{"id":12439,"date":"2018-02-06T22:31:48","date_gmt":"2018-02-06T21:31:48","guid":{"rendered":"http:\/\/agora.xtec.cat\/escolacanserra\/?page_id=12439"},"modified":"2025-03-10T15:51:49","modified_gmt":"2025-03-10T14:51:49","slug":"protagonista","status":"publish","type":"page","link":"https:\/\/agora.xtec.cat\/escolacanserra\/projecte-educatiu\/educacio-emocional\/protagonista\/","title":{"rendered":"Protagonista"},"content":{"rendered":"<p style=\"text-align: justify;\"><em><strong>PROTAGONISTA DE LA SETMANA.<\/strong>\u00a0<\/em><em>\u00a0<\/em>Des d&#8217;I3 fins a 6\u00e8 es treballa &#8220;El protagonista&#8221; de la setmana. El protagonista de la setmana consisteix a dedicar una setmana a cada un dels infants de l\u2019aula, de manera que es converteix en el centre d\u2019atenci\u00f3 del grup. \u00c9s un treball que ajuda a desenvolupar l\u2019educaci\u00f3 socioemocional dels nens\/es. Els infants han de ser capa\u00e7os de con\u00e8ixer i explicar dades i an\u00e8cdotes de la seva vida, aix\u00ed com els seus interessos, gustos, prefer\u00e8ncies\u2026 Paral\u00b7lelament, els alumnes destaquen aspectes positius dels companys, mostrant empatia i treballant el companyerisme i fomentant les bones relacions entre iguals.<\/p>\n<p>Els objectius del &#8220;protagonista de la setmana&#8221; s\u00f3n:<br \/>\n\u2013 Potenciar la descoberta de s\u00ed mateix.<br \/>\n\u2013 Fomentar l\u2019autoestima de cada nen\/a aix\u00ed com la seguretat de s\u00ed mateix\/a.<br \/>\n\u2013 Compartir les pr\u00f2pies viv\u00e8ncies amb la resta de companys\/es.<br \/>\n\u2013 Anar coneixent els companys\/es que integren el grup-classe per tal de millorar la relaci\u00f3-cohesi\u00f3 entre ells.<br \/>\n\u2013\u00a0 Potenciar actituds socialitzadores (respecte, compartici\u00f3, espera i paci\u00e8ncia)<br \/>\n\u2013 Potenciar la qualitat del llenguatge oral, enriquir el vocabulari i saber-se explicar en p\u00fablic.<br \/>\n\u2013 Afavorir el proc\u00e9s de lectoescriptura de manera significativa i funcional a partir de les pr\u00f2pies viv\u00e8ncies.<\/p>\n<p>L\u2019infant nomenat protagonista rep un distintiu que mostra la seva condici\u00f3. Es tracta d\u2019una medalla que podr\u00e0 portar durant el dia sempre que ell\/a vulgui (i obligat\u00f2riament, a Prim\u00e0ria, durant l&#8217;hora del pati,\u00a0ja que durant una setmana\u00a0els fa &#8220;responsables dels jocs de pati&#8221;).<\/p>\n<p>Treballem el\/la &#8220;prota&#8221; de diverses maneres al llarg de l&#8217;escolaritat. Alguns exemples de treballs de protagonista s\u00f3n:<\/p>\n<ul>\n<li>Portar-se una mascota a casa i fer un escrit amb imatges del qu\u00e8 ha fet amb ella.<\/li>\n<li>Preparar una explicaci\u00f3 per a la resta de la classe sobre un tema que li agradi.<\/li>\n<li>Portar objectes personals i explicar-los a la resta de companyes i companys i comptar amb un espai on posar-los (el rac\u00f3 del protagonista)<\/li>\n<li>Omplir un llibre personal entre la fam\u00edlia i l\u2019escola<\/li>\n<li>Rebre un recull d&#8217;escrits, dibuixos, treballs&#8230; de la resta de companys.<\/li>\n<li>Crear un cub amb imatges d&#8217;ell\/a, oferint un recull dels moments m\u00e9s significatius de la seva vida.<\/li>\n<li>Compartir com \u00e9s la seva setmana amb la resta d&#8217;amigues i amics.<\/li>\n<li>Etc.<\/li>\n<\/ul>\n<p>Tenint en compte\u00a0les caracter\u00edstiques evolutives i maduratives del desenvolupament dels infants,\u00a0el &#8220;Protagonista&#8221; es concretar\u00e0 en diferents tipus de treball.<\/p>\n","protected":false},"excerpt":{"rendered":"<p>PROTAGONISTA DE LA SETMANA.\u00a0\u00a0Des d&#8217;I3 fins a 6\u00e8 es treballa &#8220;El protagonista&#8221; de la setmana. El protagonista de la setmana consisteix a dedicar una setmana a cada un dels infants de l\u2019aula, de manera que es converteix en el centre d\u2019atenci\u00f3 del grup. \u00c9s un treball que ajuda a desenvolupar l\u2019educaci\u00f3 socioemocional dels nens\/es. Els [&hellip;]<\/p>\n","protected":false},"author":1,"featured_media":0,"parent":12463,"menu_order":0,"comment_status":"closed","ping_status":"closed","template":"page-templates\/side-menu.php","meta":{"_bbp_topic_count":0,"_bbp_reply_count":0,"_bbp_total_topic_count":0,"_bbp_total_reply_count":0,"_bbp_voice_count":0,"_bbp_anonymous_reply_count":0,"_bbp_topic_count_hidden":0,"_bbp_reply_count_hidden":0,"_bbp_forum_subforum_count":0,"site-sidebar-layout":"default","site-content-layout":"","ast-site-content-layout":"","site-content-style":"default","site-sidebar-style":"default","ast-global-header-display":"","ast-banner-title-visibility":"","ast-main-header-display":"","ast-hfb-above-header-display":"","ast-hfb-below-header-display":"","ast-hfb-mobile-header-display":"","site-post-title":"","ast-breadcrumbs-content":"","ast-featured-img":"","footer-sml-layout":"","theme-transparent-header-meta":"","adv-header-id-meta":"","stick-header-meta":"","header-above-stick-meta":"","header-main-stick-meta":"","header-below-stick-meta":"","astra-migrate-meta-layouts":"default","ast-page-background-enabled":"default","ast-page-background-meta":{"desktop":{"background-color":"var(--ast-global-color-4)","background-image":"","background-repeat":"repeat","background-position":"center center","background-size":"auto","background-attachment":"scroll","background-type":"","background-media":"","overlay-type":"","overlay-color":"","overlay-opacity":"","overlay-gradient":""},"tablet":{"background-color":"","background-image":"","background-repeat":"repeat","background-position":"center center","background-size":"auto","background-attachment":"scroll","background-type":"","background-media":"","overlay-type":"","overlay-color":"","overlay-opacity":"","overlay-gradient":""},"mobile":{"background-color":"","background-image":"","background-repeat":"repeat","background-position":"center center","background-size":"auto","background-attachment":"scroll","background-type":"","background-media":"","overlay-type":"","overlay-color":"","overlay-opacity":"","overlay-gradient":""}},"ast-content-background-meta":{"desktop":{"background-color":"var(--ast-global-color-5)","background-image":"","background-repeat":"repeat","background-position":"center center","background-size":"auto","background-attachment":"scroll","background-type":"","background-media":"","overlay-type":"","overlay-color":"","overlay-opacity":"","overlay-gradient":""},"tablet":{"background-color":"var(--ast-global-color-5)","background-image":"","background-repeat":"repeat","background-position":"center center","background-size":"auto","background-attachment":"scroll","background-type":"","background-media":"","overlay-type":"","overlay-color":"","overlay-opacity":"","overlay-gradient":""},"mobile":{"background-color":"var(--ast-global-color-5)","background-image":"","background-repeat":"repeat","background-position":"center center","background-size":"auto","background-attachment":"scroll","background-type":"","background-media":"","overlay-type":"","overlay-color":"","overlay-opacity":"","overlay-gradient":""}},"footnotes":""},"class_list":["post-12439","page","type-page","status-publish","hentry"],"post_mailing_queue_ids":[],"_links":{"self":[{"href":"https:\/\/agora.xtec.cat\/escolacanserra\/wp-json\/wp\/v2\/pages\/12439","targetHints":{"allow":["GET"]}}],"collection":[{"href":"https:\/\/agora.xtec.cat\/escolacanserra\/wp-json\/wp\/v2\/pages"}],"about":[{"href":"https:\/\/agora.xtec.cat\/escolacanserra\/wp-json\/wp\/v2\/types\/page"}],"author":[{"embeddable":true,"href":"https:\/\/agora.xtec.cat\/escolacanserra\/wp-json\/wp\/v2\/users\/1"}],"replies":[{"embeddable":true,"href":"https:\/\/agora.xtec.cat\/escolacanserra\/wp-json\/wp\/v2\/comments?post=12439"}],"version-history":[{"count":5,"href":"https:\/\/agora.xtec.cat\/escolacanserra\/wp-json\/wp\/v2\/pages\/12439\/revisions"}],"predecessor-version":[{"id":30841,"href":"https:\/\/agora.xtec.cat\/escolacanserra\/wp-json\/wp\/v2\/pages\/12439\/revisions\/30841"}],"up":[{"embeddable":true,"href":"https:\/\/agora.xtec.cat\/escolacanserra\/wp-json\/wp\/v2\/pages\/12463"}],"wp:attachment":[{"href":"https:\/\/agora.xtec.cat\/escolacanserra\/wp-json\/wp\/v2\/media?parent=12439"}],"curies":[{"name":"wp","href":"https:\/\/api.w.org\/{rel}","templated":true}]}}