{"id":12437,"date":"2018-02-06T21:01:22","date_gmt":"2018-02-06T20:01:22","guid":{"rendered":"http:\/\/agora.xtec.cat\/escolacanserra\/?page_id=12437"},"modified":"2018-02-12T21:26:16","modified_gmt":"2018-02-12T20:26:16","slug":"jocs-de-pati","status":"publish","type":"page","link":"https:\/\/agora.xtec.cat\/escolacanserra\/projecte-educatiu\/educacio-emocional\/jocs-de-pati\/","title":{"rendered":"Jocs de pati"},"content":{"rendered":"<p>El joc \u00e9s un element essencial pel desenvolupament integral dels infants. Representa un mitj\u00e0 de relaci\u00f3 i intercanvi a m\u00e9s de ser d\u2019una determinada manera que t\u00e9 el nen\/a de fer-se seu el m\u00f3n que l\u2019envolta.<\/p>\n<p>Aquest projecte va partir de l&#8217;inquietud del claustre d\u2019infantil i prim\u00e0ria, havent observat que els darrers cursos hi havia un augment de la conflictivitat al pati, aix\u00ed com un augment del sedentarisme en aquest moment d\u2019esbarjo.\u00a0\u00a0Per aix\u00f2 es va\u00a0idear un projecte que destina espais al nostre pati, fora de les pistes esportives,\u00a0perqu\u00e8 els alumnes puguin tenir alternatives de joc.<\/p>\n<p>Els alumnes de Prim\u00e0ria que s\u00f3n &#8220;Protagonistes&#8221; de la setmana, baixen al pati amb una medalla penjada, la qual cosa els fa &#8220;responsables de Jocs de Pati&#8221; durant aquella setmana. Tenen la responsabilitat de treure els carros amb els diferents jocs de pati, facilitar les pilotes als cursos que els toca pista (de futbol o b\u00e0squet) i retornen els carros amb els jocs una vegada sona la m\u00fasica que indica la fi de l&#8217;esbarjo.<\/p>\n<p>Hi ha una comissi\u00f3 de mestres que es responsabilitza de l&#8217;actualitzaci\u00f3 de material, aix\u00ed com d&#8217;introduir novetats als jocs de pati. A m\u00e9s, anualment es revisen els jocs de pati a partir del Consell de Delegats, que valoren els punts forts i febles dels jocs i fan propostes que despr\u00e9s la comissi\u00f3 de mestres valora i t\u00e9 en compte.<\/p>\n<p>Exemple de jocs de pati: cordes, pales (raquetes), galledes i pales (jocs de sorra), pilotes, xanques.<\/p>\n","protected":false},"excerpt":{"rendered":"<p>El joc \u00e9s un element essencial pel desenvolupament integral dels infants. Representa un mitj\u00e0 de relaci\u00f3 i intercanvi a m\u00e9s de ser d\u2019una determinada manera que t\u00e9 el nen\/a de fer-se seu el m\u00f3n que l\u2019envolta. Aquest projecte va partir de l&#8217;inquietud del claustre d\u2019infantil i prim\u00e0ria, havent observat que els darrers cursos hi havia [&hellip;]<\/p>\n","protected":false},"author":1,"featured_media":0,"parent":12463,"menu_order":0,"comment_status":"closed","ping_status":"closed","template":"page-templates\/side-menu.php","meta":{"_bbp_topic_count":0,"_bbp_reply_count":0,"_bbp_total_topic_count":0,"_bbp_total_reply_count":0,"_bbp_voice_count":0,"_bbp_anonymous_reply_count":0,"_bbp_topic_count_hidden":0,"_bbp_reply_count_hidden":0,"_bbp_forum_subforum_count":0,"site-sidebar-layout":"default","site-content-layout":"","ast-site-content-layout":"","site-content-style":"default","site-sidebar-style":"default","ast-global-header-display":"","ast-banner-title-visibility":"","ast-main-header-display":"","ast-hfb-above-header-display":"","ast-hfb-below-header-display":"","ast-hfb-mobile-header-display":"","site-post-title":"","ast-breadcrumbs-content":"","ast-featured-img":"","footer-sml-layout":"","theme-transparent-header-meta":"","adv-header-id-meta":"","stick-header-meta":"","header-above-stick-meta":"","header-main-stick-meta":"","header-below-stick-meta":"","astra-migrate-meta-layouts":"default","ast-page-background-enabled":"default","ast-page-background-meta":{"desktop":{"background-color":"var(--ast-global-color-4)","background-image":"","background-repeat":"repeat","background-position":"center center","background-size":"auto","background-attachment":"scroll","background-type":"","background-media":"","overlay-type":"","overlay-color":"","overlay-opacity":"","overlay-gradient":""},"tablet":{"background-color":"","background-image":"","background-repeat":"repeat","background-position":"center center","background-size":"auto","background-attachment":"scroll","background-type":"","background-media":"","overlay-type":"","overlay-color":"","overlay-opacity":"","overlay-gradient":""},"mobile":{"background-color":"","background-image":"","background-repeat":"repeat","background-position":"center center","background-size":"auto","background-attachment":"scroll","background-type":"","background-media":"","overlay-type":"","overlay-color":"","overlay-opacity":"","overlay-gradient":""}},"ast-content-background-meta":{"desktop":{"background-color":"var(--ast-global-color-5)","background-image":"","background-repeat":"repeat","background-position":"center center","background-size":"auto","background-attachment":"scroll","background-type":"","background-media":"","overlay-type":"","overlay-color":"","overlay-opacity":"","overlay-gradient":""},"tablet":{"background-color":"var(--ast-global-color-5)","background-image":"","background-repeat":"repeat","background-position":"center center","background-size":"auto","background-attachment":"scroll","background-type":"","background-media":"","overlay-type":"","overlay-color":"","overlay-opacity":"","overlay-gradient":""},"mobile":{"background-color":"var(--ast-global-color-5)","background-image":"","background-repeat":"repeat","background-position":"center center","background-size":"auto","background-attachment":"scroll","background-type":"","background-media":"","overlay-type":"","overlay-color":"","overlay-opacity":"","overlay-gradient":""}},"footnotes":""},"class_list":["post-12437","page","type-page","status-publish","hentry"],"post_mailing_queue_ids":[],"_links":{"self":[{"href":"https:\/\/agora.xtec.cat\/escolacanserra\/wp-json\/wp\/v2\/pages\/12437","targetHints":{"allow":["GET"]}}],"collection":[{"href":"https:\/\/agora.xtec.cat\/escolacanserra\/wp-json\/wp\/v2\/pages"}],"about":[{"href":"https:\/\/agora.xtec.cat\/escolacanserra\/wp-json\/wp\/v2\/types\/page"}],"author":[{"embeddable":true,"href":"https:\/\/agora.xtec.cat\/escolacanserra\/wp-json\/wp\/v2\/users\/1"}],"replies":[{"embeddable":true,"href":"https:\/\/agora.xtec.cat\/escolacanserra\/wp-json\/wp\/v2\/comments?post=12437"}],"version-history":[{"count":2,"href":"https:\/\/agora.xtec.cat\/escolacanserra\/wp-json\/wp\/v2\/pages\/12437\/revisions"}],"predecessor-version":[{"id":12449,"href":"https:\/\/agora.xtec.cat\/escolacanserra\/wp-json\/wp\/v2\/pages\/12437\/revisions\/12449"}],"up":[{"embeddable":true,"href":"https:\/\/agora.xtec.cat\/escolacanserra\/wp-json\/wp\/v2\/pages\/12463"}],"wp:attachment":[{"href":"https:\/\/agora.xtec.cat\/escolacanserra\/wp-json\/wp\/v2\/media?parent=12437"}],"curies":[{"name":"wp","href":"https:\/\/api.w.org\/{rel}","templated":true}]}}