{"id":12403,"date":"2018-02-06T12:20:22","date_gmt":"2018-02-06T11:20:22","guid":{"rendered":"http:\/\/agora.xtec.cat\/escolacanserra\/?page_id=12403"},"modified":"2019-07-09T20:13:13","modified_gmt":"2019-07-09T18:13:13","slug":"albums-il%c2%b7lustrats","status":"publish","type":"page","link":"https:\/\/agora.xtec.cat\/escolacanserra\/projecte-educatiu\/albums-il%c2%b7lustrats\/","title":{"rendered":"\u00c0lbums il\u00b7lustrats"},"content":{"rendered":"<p>L\u2019\u00e0lbum il\u00b7lustrat \u00e9s una<strong class=\"mce\">\u00a0eina educativa de primer ordre<\/strong>\u00a0molt \u00fatil per treballar a l\u2019aula des d\u2019edats primerenques -dels 0 als 3 anys- fins a secund\u00e0ria.\u00a0<strong class=\"mce\">En la seva lectura hi intervenen tots els sentits<\/strong>, promou el di\u00e0leg entre l\u2019alumnat i el professorat, aix\u00ed com el gust per l\u2019art, la literatura i el valor de les lleng\u00fces, entre d\u2019altres valors a promoure.<\/p>\n<p>&#8220;<em><strong>Els \u00e0lbums il\u00b7lustrats s\u00f3n uns llibres una mica especials. Tamb\u00e9 ens expliquen hist\u00f2ries, per\u00f2 els dibuixos i el text s\u00f3n igual d\u2019importants: sense l\u2019un no s\u2019entendria l\u2019altre.<\/strong><\/em>&#8221;<\/p>\n<p>Els \u00e0lbums il\u00b7lustrats ofereixen un potencial educatiu molt import<img loading=\"lazy\" decoding=\"async\" class=\"alignright\" src=\"https:\/\/lh4.googleusercontent.com\/-O7WnBnTO-mM\/UuLS5tYXJvI\/AAAAAAAAGt4\/gTlEoWL9710\/s640\/DSCF4033.JPG\" width=\"283\" height=\"212\" \/>ant que a Can Serra fa anys que promovem. El curs 2013-2014, un grup impulsor format per mestres de la nostra escola va fer formaci\u00f3 especialitzada en aquesta tem\u00e0tica. El 14-15, tot el claustre va rebre formaci\u00f3 sobre com fer servir els \u00e0lbums il\u00b7lustrats a l&#8217;aula. Forma part del nostre projecte educatiu i n&#8217;estem molt satisfetes i satisfets de l&#8217;acollida que tenen a les aules i dels bons resultats que ofereixen.<\/p>\n<p>Com a <strong>l\u00ednia d&#8217;escola<\/strong>, cada tutor\/a treballa un \u00e0lbum il\u00b7lustrat al trimestre. A partir de la lectura d&#8217;aquest \u00e0lbum, es fa un treball de llengua on treballa l&#8217;expressi\u00f3 oral, escrita. Tamb\u00e9 s&#8217;hi poden incorporar activitats d&#8217;altres \u00e0rees, com medi, matem\u00e0tiques, m\u00fasica, angl\u00e8s, etc. relacionades amb la tem\u00e0tica de l&#8217;\u00e0lbum treballat. Tamb\u00e9 aprofitem el treball amb \u00e0lbums il\u00b7lustrat per lligar altres projectes de centre, com ara la &#8220;Coeducaci\u00f3&#8221; i el treball de les emocions.\u00a0 Trimestralment, els mestres fem trobades per compartir novetats editorials i explicar\u00a0experi\u00e8ncies interessats que hem fet a les aules amb\u00a0diferents\u00a0\u00e0lbums.<\/p>\n<p>La biblioteca de la nostra escola fa honor a l&#8217;aposta de Can Serra pels \u00e0lbums il\u00b7lustrats, ja que fou batejada el 20 d&#8217;abril de 2018 amb el nom d&#8217;un reconegut il\u00b7lustrador:<a href=\"http:\/\/agora.xtec.cat\/escolacanserra\/general\/acte-dinauguracio-de-la-biblioteca-valenti-gubianas\/\"> BIBLIOTECA VALENT\u00cd GUBIANAS.<\/a><\/p>\n<p>Exemples d&#8217;experi\u00e8ncies amb diferents \u00e0lbums il\u00b7lustrats:<\/p>\n<p><a href=\"http:\/\/agora.xtec.cat\/escolacanserra\/general\/el-hilo-de-la-vida-album-il%C2%B7lustrat\/\">El hilo de la vida.<\/a><\/p>\n<p><a href=\"http:\/\/agora.xtec.cat\/escolacanserra\/general\/album-il%C2%B7lustrat-dues-ales-la-bellesa-de-narrar-i-il%C2%B7lustrar-labsencia\/\">Dues ales.\u00a0<\/a><\/p>\n<p><a href=\"http:\/\/agora.xtec.cat\/escolacanserra\/portada\/imaginat-un-lloc-album-il%C2%B7lustrat\/\">Imagina&#8217;t un lloc<\/a><\/p>\n<p><a href=\"http:\/\/agora.xtec.cat\/escolacanserra\/15-16\/el-plaer-de-la-lectura-amb-els-albums-il%C2%B7lustrats\/\">Els colors de l&#8217;\u00c0frica<\/a><\/p>\n<p><a href=\"http:\/\/agora.xtec.cat\/escolacanserra\/infantil\/ens-emocionem-amb-el-monstre-de-colors\/\">El monstre de colors<\/a><\/p>\n<p><a href=\"http:\/\/agora.xtec.cat\/escolacanserra\/15-16\/els-somnis-de-la-lola\/\">Els somnis de la Lola<\/a><\/p>\n<p><a href=\"http:\/\/agora.xtec.cat\/escolacanserra\/general\/a-dark-dark-tale-6e-a-and-b\/\">A dark,dark, tale<\/a><\/p>\n<p>M\u00e9s informaci\u00f3 sobre \u00e0lbums il\u00b7lustrats:<\/p>\n<p><a href=\"http:\/\/xtec.gencat.cat\/web\/.content\/alfresco\/d\/d\/workspace\/SpacesStore\/0061\/8a244715-1333-4a23-adcc-735622e229f8\/albums_illustrat.pdf\">Guia Departament Ensenyament<\/a><\/p>\n<p>Article:<a href=\"https:\/\/criatures.ara.cat\/lectura\/Albums-Amor-Raons-Album-BCN_0_1900009986.html\"> &#8220;\u00e0lbums il\u00b7lustrats, amor a primera vista&#8221;<\/a><\/p>\n<p>Estudi: &#8220;<a href=\"http:\/\/diposit.ub.edu\/dspace\/bitstream\/2445\/23042\/1\/Dolors_Olive_treball_fi_master_def.pdf\">L\u2019\u00e0lbum il\u00b7lustrat com a eina educativa per al\u00a0desenvolupament lector i emocional dels lectors novells &#8220;<\/a><\/p>\n","protected":false},"excerpt":{"rendered":"<p>L\u2019\u00e0lbum il\u00b7lustrat \u00e9s una\u00a0eina educativa de primer ordre\u00a0molt \u00fatil per treballar a l\u2019aula des d\u2019edats primerenques -dels 0 als 3 anys- fins a secund\u00e0ria.\u00a0En la seva lectura hi intervenen tots els sentits, promou el di\u00e0leg entre l\u2019alumnat i el professorat, aix\u00ed com el gust per l\u2019art, la literatura i el valor de les lleng\u00fces, entre [&hellip;]<\/p>\n","protected":false},"author":1,"featured_media":0,"parent":12392,"menu_order":0,"comment_status":"closed","ping_status":"closed","template":"page-templates\/side-menu.php","meta":{"_bbp_topic_count":0,"_bbp_reply_count":0,"_bbp_total_topic_count":0,"_bbp_total_reply_count":0,"_bbp_voice_count":0,"_bbp_anonymous_reply_count":0,"_bbp_topic_count_hidden":0,"_bbp_reply_count_hidden":0,"_bbp_forum_subforum_count":0,"site-sidebar-layout":"default","site-content-layout":"","ast-site-content-layout":"","site-content-style":"default","site-sidebar-style":"default","ast-global-header-display":"","ast-banner-title-visibility":"","ast-main-header-display":"","ast-hfb-above-header-display":"","ast-hfb-below-header-display":"","ast-hfb-mobile-header-display":"","site-post-title":"","ast-breadcrumbs-content":"","ast-featured-img":"","footer-sml-layout":"","theme-transparent-header-meta":"","adv-header-id-meta":"","stick-header-meta":"","header-above-stick-meta":"","header-main-stick-meta":"","header-below-stick-meta":"","astra-migrate-meta-layouts":"default","ast-page-background-enabled":"default","ast-page-background-meta":{"desktop":{"background-color":"var(--ast-global-color-4)","background-image":"","background-repeat":"repeat","background-position":"center center","background-size":"auto","background-attachment":"scroll","background-type":"","background-media":"","overlay-type":"","overlay-color":"","overlay-opacity":"","overlay-gradient":""},"tablet":{"background-color":"","background-image":"","background-repeat":"repeat","background-position":"center center","background-size":"auto","background-attachment":"scroll","background-type":"","background-media":"","overlay-type":"","overlay-color":"","overlay-opacity":"","overlay-gradient":""},"mobile":{"background-color":"","background-image":"","background-repeat":"repeat","background-position":"center center","background-size":"auto","background-attachment":"scroll","background-type":"","background-media":"","overlay-type":"","overlay-color":"","overlay-opacity":"","overlay-gradient":""}},"ast-content-background-meta":{"desktop":{"background-color":"var(--ast-global-color-5)","background-image":"","background-repeat":"repeat","background-position":"center center","background-size":"auto","background-attachment":"scroll","background-type":"","background-media":"","overlay-type":"","overlay-color":"","overlay-opacity":"","overlay-gradient":""},"tablet":{"background-color":"var(--ast-global-color-5)","background-image":"","background-repeat":"repeat","background-position":"center center","background-size":"auto","background-attachment":"scroll","background-type":"","background-media":"","overlay-type":"","overlay-color":"","overlay-opacity":"","overlay-gradient":""},"mobile":{"background-color":"var(--ast-global-color-5)","background-image":"","background-repeat":"repeat","background-position":"center center","background-size":"auto","background-attachment":"scroll","background-type":"","background-media":"","overlay-type":"","overlay-color":"","overlay-opacity":"","overlay-gradient":""}},"footnotes":""},"class_list":["post-12403","page","type-page","status-publish","hentry"],"post_mailing_queue_ids":[],"_links":{"self":[{"href":"https:\/\/agora.xtec.cat\/escolacanserra\/wp-json\/wp\/v2\/pages\/12403","targetHints":{"allow":["GET"]}}],"collection":[{"href":"https:\/\/agora.xtec.cat\/escolacanserra\/wp-json\/wp\/v2\/pages"}],"about":[{"href":"https:\/\/agora.xtec.cat\/escolacanserra\/wp-json\/wp\/v2\/types\/page"}],"author":[{"embeddable":true,"href":"https:\/\/agora.xtec.cat\/escolacanserra\/wp-json\/wp\/v2\/users\/1"}],"replies":[{"embeddable":true,"href":"https:\/\/agora.xtec.cat\/escolacanserra\/wp-json\/wp\/v2\/comments?post=12403"}],"version-history":[{"count":3,"href":"https:\/\/agora.xtec.cat\/escolacanserra\/wp-json\/wp\/v2\/pages\/12403\/revisions"}],"predecessor-version":[{"id":13316,"href":"https:\/\/agora.xtec.cat\/escolacanserra\/wp-json\/wp\/v2\/pages\/12403\/revisions\/13316"}],"up":[{"embeddable":true,"href":"https:\/\/agora.xtec.cat\/escolacanserra\/wp-json\/wp\/v2\/pages\/12392"}],"wp:attachment":[{"href":"https:\/\/agora.xtec.cat\/escolacanserra\/wp-json\/wp\/v2\/media?parent=12403"}],"curies":[{"name":"wp","href":"https:\/\/api.w.org\/{rel}","templated":true}]}}