{"id":12396,"date":"2018-02-06T11:58:40","date_gmt":"2018-02-06T10:58:40","guid":{"rendered":"http:\/\/agora.xtec.cat\/escolacanserra\/?page_id=12396"},"modified":"2025-03-13T15:14:55","modified_gmt":"2025-03-13T14:14:55","slug":"metodologia","status":"publish","type":"page","link":"https:\/\/agora.xtec.cat\/escolacanserra\/projecte-educatiu\/metodologia\/","title":{"rendered":"Metodologia"},"content":{"rendered":"<p>A m\u00e9s del treball sistem\u00e0tic de les diferents \u00e0rees (amb enfocament competencial), cada grup fa un projecte al curs (tema escollit pels alumnes, treballant de manera globalitzada, vertebrant totes les \u00e0rees de manera cooperativa i significativa) i es treballa un m\u00ednim d&#8217;un \u00e0lbum il\u00b7lustrat per trimestre. Treballem combinant diferents metodologies (llibres de text a les lleng\u00fces i medi social, matem\u00e0tiques a infantil amb ABN i a Prim\u00e0ria amb <a href=\"https:\/\/www.youtube.com\/watch?v=pERXXiZjS14\">innovamat<\/a>, <a href=\"http:\/\/agora.xtec.cat\/escolacanserra\/projecte-educatiu\/caixesdinvestigacio\/\">caixes d&#8217;investigaci\u00f3 a medi natural<\/a>), apostem pel treball competencial, tot atenent les intel\u00b7lig\u00e8ncies m\u00faltiples dels infants.<a href=\"https:\/\/agora.xtec.cat\/escolacanserra\/wp-content\/uploads\/usu244\/2023\/01\/cdv_photo_1663231310.jpg\"><br \/>\n<img loading=\"lazy\" decoding=\"async\" class=\"aligncenter size-full wp-image-29688\" src=\"https:\/\/agora.xtec.cat\/escolacanserra\/wp-content\/uploads\/usu244\/2023\/01\/cdv_photo_1663231310.jpg\" alt=\"\" width=\"800\" height=\"600\" srcset=\"https:\/\/agora.xtec.cat\/escolacanserra\/wp-content\/uploads\/usu244\/2023\/01\/cdv_photo_1663231310.jpg 800w, https:\/\/agora.xtec.cat\/escolacanserra\/wp-content\/uploads\/usu244\/2023\/01\/cdv_photo_1663231310-300x225.jpg 300w, https:\/\/agora.xtec.cat\/escolacanserra\/wp-content\/uploads\/usu244\/2023\/01\/cdv_photo_1663231310-768x576.jpg 768w, https:\/\/agora.xtec.cat\/escolacanserra\/wp-content\/uploads\/usu244\/2023\/01\/cdv_photo_1663231310-200x150.jpg 200w\" sizes=\"auto, (max-width: 800px) 100vw, 800px\" \/><\/a><\/p>\n","protected":false},"excerpt":{"rendered":"<p>A m\u00e9s del treball sistem\u00e0tic de les diferents \u00e0rees (amb enfocament competencial), cada grup fa un projecte al curs (tema escollit pels alumnes, treballant de manera globalitzada, vertebrant totes les \u00e0rees de manera cooperativa i significativa) i es treballa un m\u00ednim d&#8217;un \u00e0lbum il\u00b7lustrat per trimestre. Treballem combinant diferents metodologies (llibres de text a les [&hellip;]<\/p>\n","protected":false},"author":1,"featured_media":0,"parent":12392,"menu_order":0,"comment_status":"closed","ping_status":"closed","template":"page-templates\/side-menu.php","meta":{"_bbp_topic_count":0,"_bbp_reply_count":0,"_bbp_total_topic_count":0,"_bbp_total_reply_count":0,"_bbp_voice_count":0,"_bbp_anonymous_reply_count":0,"_bbp_topic_count_hidden":0,"_bbp_reply_count_hidden":0,"_bbp_forum_subforum_count":0,"site-sidebar-layout":"default","site-content-layout":"","ast-site-content-layout":"","site-content-style":"default","site-sidebar-style":"default","ast-global-header-display":"","ast-banner-title-visibility":"","ast-main-header-display":"","ast-hfb-above-header-display":"","ast-hfb-below-header-display":"","ast-hfb-mobile-header-display":"","site-post-title":"","ast-breadcrumbs-content":"","ast-featured-img":"","footer-sml-layout":"","theme-transparent-header-meta":"","adv-header-id-meta":"","stick-header-meta":"","header-above-stick-meta":"","header-main-stick-meta":"","header-below-stick-meta":"","astra-migrate-meta-layouts":"default","ast-page-background-enabled":"default","ast-page-background-meta":{"desktop":{"background-color":"var(--ast-global-color-4)","background-image":"","background-repeat":"repeat","background-position":"center center","background-size":"auto","background-attachment":"scroll","background-type":"","background-media":"","overlay-type":"","overlay-color":"","overlay-opacity":"","overlay-gradient":""},"tablet":{"background-color":"","background-image":"","background-repeat":"repeat","background-position":"center center","background-size":"auto","background-attachment":"scroll","background-type":"","background-media":"","overlay-type":"","overlay-color":"","overlay-opacity":"","overlay-gradient":""},"mobile":{"background-color":"","background-image":"","background-repeat":"repeat","background-position":"center center","background-size":"auto","background-attachment":"scroll","background-type":"","background-media":"","overlay-type":"","overlay-color":"","overlay-opacity":"","overlay-gradient":""}},"ast-content-background-meta":{"desktop":{"background-color":"var(--ast-global-color-5)","background-image":"","background-repeat":"repeat","background-position":"center center","background-size":"auto","background-attachment":"scroll","background-type":"","background-media":"","overlay-type":"","overlay-color":"","overlay-opacity":"","overlay-gradient":""},"tablet":{"background-color":"var(--ast-global-color-5)","background-image":"","background-repeat":"repeat","background-position":"center center","background-size":"auto","background-attachment":"scroll","background-type":"","background-media":"","overlay-type":"","overlay-color":"","overlay-opacity":"","overlay-gradient":""},"mobile":{"background-color":"var(--ast-global-color-5)","background-image":"","background-repeat":"repeat","background-position":"center center","background-size":"auto","background-attachment":"scroll","background-type":"","background-media":"","overlay-type":"","overlay-color":"","overlay-opacity":"","overlay-gradient":""}},"footnotes":""},"class_list":["post-12396","page","type-page","status-publish","hentry"],"post_mailing_queue_ids":[],"_links":{"self":[{"href":"https:\/\/agora.xtec.cat\/escolacanserra\/wp-json\/wp\/v2\/pages\/12396","targetHints":{"allow":["GET"]}}],"collection":[{"href":"https:\/\/agora.xtec.cat\/escolacanserra\/wp-json\/wp\/v2\/pages"}],"about":[{"href":"https:\/\/agora.xtec.cat\/escolacanserra\/wp-json\/wp\/v2\/types\/page"}],"author":[{"embeddable":true,"href":"https:\/\/agora.xtec.cat\/escolacanserra\/wp-json\/wp\/v2\/users\/1"}],"replies":[{"embeddable":true,"href":"https:\/\/agora.xtec.cat\/escolacanserra\/wp-json\/wp\/v2\/comments?post=12396"}],"version-history":[{"count":4,"href":"https:\/\/agora.xtec.cat\/escolacanserra\/wp-json\/wp\/v2\/pages\/12396\/revisions"}],"predecessor-version":[{"id":30883,"href":"https:\/\/agora.xtec.cat\/escolacanserra\/wp-json\/wp\/v2\/pages\/12396\/revisions\/30883"}],"up":[{"embeddable":true,"href":"https:\/\/agora.xtec.cat\/escolacanserra\/wp-json\/wp\/v2\/pages\/12392"}],"wp:attachment":[{"href":"https:\/\/agora.xtec.cat\/escolacanserra\/wp-json\/wp\/v2\/media?parent=12396"}],"curies":[{"name":"wp","href":"https:\/\/api.w.org\/{rel}","templated":true}]}}