{"id":12392,"date":"2018-02-06T11:41:07","date_gmt":"2018-02-06T10:41:07","guid":{"rendered":"http:\/\/agora.xtec.cat\/escolacanserra\/?page_id=12392"},"modified":"2023-01-23T13:16:52","modified_gmt":"2023-01-23T12:16:52","slug":"projecte-educatiu","status":"publish","type":"page","link":"https:\/\/agora.xtec.cat\/escolacanserra\/projecte-educatiu\/","title":{"rendered":"PROJECTE EDUCATIU"},"content":{"rendered":"<div style=\"width: 100%;\">\n<div style=\"position: relative; padding-bottom: 56.25%; padding-top: 0; height: 0;\"><iframe loading=\"lazy\" style=\"position: absolute; top: 0; left: 0; width: 100%; height: 100%;\" title=\"Copy - PORTES OBERTES ESCOLA CAN SERRA\" src=\"https:\/\/view.genial.ly\/63ce79530bc5f60017e96298\" width=\"1200\" height=\"675\" frameborder=\"0\" scrolling=\"yes\" allowfullscreen=\"allowfullscreen\"><\/iframe><\/div>\n<\/div>\n<p>&nbsp;<\/p>\n<p><strong><a href=\"http:\/\/agora.xtec.cat\/escolacanserra\/projecte-educatiu\/metodologia\/\">METODOLOGIA<\/a><\/strong><\/p>\n<p><a href=\"http:\/\/agora.xtec.cat\/escolacanserra\/projecte-educatiu\/albums-il%C2%B7lustrats\/\"><strong>\u00c0LBUMS IL\u00b7LUSTRATS<\/strong><\/a><\/p>\n<p><a href=\"http:\/\/agora.xtec.cat\/escolacanserra\/projecte-educatiu\/science\/\"><strong>SCIENCE (MEDI NATURAL EN ANGL\u00c8S)<\/strong><\/a><\/p>\n<p><a href=\"http:\/\/agora.xtec.cat\/escolacanserra\/projecte-educatiu\/caixesdinvestigacio\/\">CAIXES D&#8217;INVESTIGACI\u00d3<\/a><\/p>\n<p><a href=\"https:\/\/agora.xtec.cat\/escolacanserra\/projecte-educatiu\/frances\/\"><strong>FRANC\u00c8S<\/strong><\/a><\/p>\n<p><strong><a href=\"https:\/\/agora.xtec.cat\/escolacanserra\/projecte-educatiu\/totes-i-tots-llegim\/\">TOTES I TOTS LLEGIM!<\/a><\/strong><\/p>\n<p><strong><a href=\"http:\/\/agora.xtec.cat\/escolacanserra\/projecte-educatiu\/educacio-emocional\/\">EDUCACI\u00d3 EMOCIONAL<\/a><\/strong><\/p>\n<ul class=\"sub-menu menu-even sub-sub-menu menu-depth-2\">\n<li id=\"nav-menu-item-12466\" class=\"sub-menu-item sub-sub-menu-item menu-item-even menu-item-depth-2 menu-item menu-item-type-post_type menu-item-object-page\"><strong><a class=\"menu-link sub-menu-link\" href=\"http:\/\/agora.xtec.cat\/escolacanserra\/projecte-educatiu\/protagonista\/\">Protagonista<\/a><\/strong><\/li>\n<li id=\"nav-menu-item-12462\" class=\"sub-menu-item sub-sub-menu-item menu-item-even menu-item-depth-2 menu-item menu-item-type-post_type menu-item-object-page\"><strong><a class=\"menu-link sub-menu-link\" href=\"http:\/\/agora.xtec.cat\/escolacanserra\/projecte-educatiu\/jocs-de-pati\/\">Jocs de pati<\/a><\/strong><\/li>\n<li id=\"nav-menu-item-12460\" class=\"sub-menu-item sub-sub-menu-item menu-item-even menu-item-depth-2 menu-item menu-item-type-post_type menu-item-object-page\"><strong><a class=\"menu-link sub-menu-link\" href=\"http:\/\/agora.xtec.cat\/escolacanserra\/projecte-educatiu\/apadrinament-lector\/\">Apadrinament lector<\/a><\/strong><\/li>\n<li id=\"nav-menu-item-12459\" class=\"sub-menu-item sub-sub-menu-item menu-item-even menu-item-depth-2 menu-item menu-item-type-post_type menu-item-object-page\"><strong><a class=\"menu-link sub-menu-link\" href=\"http:\/\/agora.xtec.cat\/escolacanserra\/projecte-educatiu\/consell-de-delegades-i-delegats\/\">Consell de delegades i delegats<\/a><\/strong><\/li>\n<li id=\"nav-menu-item-12470\" class=\"sub-menu-item sub-sub-menu-item menu-item-even menu-item-depth-2 menu-item menu-item-type-post_type menu-item-object-page\"><strong><a class=\"menu-link sub-menu-link\" href=\"http:\/\/agora.xtec.cat\/escolacanserra\/projecte-educatiu\/educacio-emocional\/sumat-als-bons-habits\/\">Suma\u2019t als bons h\u00e0bits<\/a><\/strong><\/li>\n<li id=\"nav-menu-item-12476\" class=\"sub-menu-item sub-sub-menu-item menu-item-even menu-item-depth-2 menu-item menu-item-type-post_type menu-item-object-page\"><strong><a class=\"menu-link sub-menu-link\" href=\"http:\/\/agora.xtec.cat\/escolacanserra\/projecte-coeducacio\/\">Coeducaci\u00f3<\/a><\/strong><\/li>\n<\/ul>\n<p><strong><a href=\"https:\/\/agora.xtec.cat\/escolacanserra\/projecte-educatiu\/escola-inclusiva\/\">ESCOLA INCLUSIVA<\/a><\/strong><\/p>\n<p><strong><a href=\"https:\/\/agora.xtec.cat\/escolacanserra\/escola-viatgera\/\">ESCOLA VIATGERA<\/a><\/strong><\/p>\n<p><strong><a href=\"http:\/\/agora.xtec.cat\/escolacanserra\/projecte-educatiu\/llibres-socialitzats\/\">LLIBRES SOCIALITZATS<\/a><\/strong><\/p>\n<p><a href=\"http:\/\/agora.xtec.cat\/escolacanserra\/projecte-educatiu\/jornades-de-bricoescola\/\"><strong>BRICOESCOLA<\/strong><\/a><\/p>\n<p><strong><a href=\"http:\/\/agora.xtec.cat\/escolacanserra\/projecte-educatiu\/consell-families-delegades\/\">CONSELL DE FAMILIES DELEGADES<\/a><\/strong><\/p>\n<p><strong><a href=\"http:\/\/agora.xtec.cat\/escolacanserra\/festes\/carnestoltes-setmana-cultural\/\">SETMANA CULTURAL<\/a><\/strong><\/p>\n<p><strong><a href=\"http:\/\/agora.xtec.cat\/escolacanserra\/projecte-educatiu\/biblioteca-extraescolar-gratuita\/\">BIBLIOTECA OBERTA EXTRAESCOLAR<\/a><\/strong><\/p>\n<p><strong><a href=\"http:\/\/agora.xtec.cat\/escolacanserra\/festes\/\">FESTES TRADICIONALS<\/a><\/strong><\/p>\n<p><a href=\"https:\/\/agora.xtec.cat\/escolacanserra\/projecte-educatiu\/recooperem\/\"><strong>RECOOPEREM<\/strong><\/a><\/p>\n<p><strong><a href=\"https:\/\/agora.xtec.cat\/escolacanserra\/projecte-educatiu\/carta-compromis-educatiu\/\">CARTA COMPROM\u00cdS EDUCATIU<\/a><\/strong><\/p>\n<p>&nbsp;<\/p>\n","protected":false},"excerpt":{"rendered":"<p>&nbsp; METODOLOGIA \u00c0LBUMS IL\u00b7LUSTRATS SCIENCE (MEDI NATURAL EN ANGL\u00c8S) CAIXES D&#8217;INVESTIGACI\u00d3 FRANC\u00c8S TOTES I TOTS LLEGIM! EDUCACI\u00d3 EMOCIONAL Protagonista Jocs de pati Apadrinament lector Consell de delegades i delegats Suma\u2019t als bons h\u00e0bits Coeducaci\u00f3 ESCOLA INCLUSIVA ESCOLA VIATGERA LLIBRES SOCIALITZATS BRICOESCOLA CONSELL DE FAMILIES DELEGADES SETMANA CULTURAL BIBLIOTECA OBERTA EXTRAESCOLAR FESTES TRADICIONALS RECOOPEREM CARTA COMPROM\u00cdS [&hellip;]<\/p>\n","protected":false},"author":1,"featured_media":0,"parent":0,"menu_order":0,"comment_status":"closed","ping_status":"closed","template":"page-templates\/side-menu.php","meta":{"_bbp_topic_count":0,"_bbp_reply_count":0,"_bbp_total_topic_count":0,"_bbp_total_reply_count":0,"_bbp_voice_count":0,"_bbp_anonymous_reply_count":0,"_bbp_topic_count_hidden":0,"_bbp_reply_count_hidden":0,"_bbp_forum_subforum_count":0,"site-sidebar-layout":"default","site-content-layout":"","ast-site-content-layout":"","site-content-style":"default","site-sidebar-style":"default","ast-global-header-display":"","ast-banner-title-visibility":"","ast-main-header-display":"","ast-hfb-above-header-display":"","ast-hfb-below-header-display":"","ast-hfb-mobile-header-display":"","site-post-title":"","ast-breadcrumbs-content":"","ast-featured-img":"","footer-sml-layout":"","theme-transparent-header-meta":"","adv-header-id-meta":"","stick-header-meta":"","header-above-stick-meta":"","header-main-stick-meta":"","header-below-stick-meta":"","astra-migrate-meta-layouts":"default","ast-page-background-enabled":"default","ast-page-background-meta":{"desktop":{"background-color":"var(--ast-global-color-4)","background-image":"","background-repeat":"repeat","background-position":"center center","background-size":"auto","background-attachment":"scroll","background-type":"","background-media":"","overlay-type":"","overlay-color":"","overlay-opacity":"","overlay-gradient":""},"tablet":{"background-color":"","background-image":"","background-repeat":"repeat","background-position":"center center","background-size":"auto","background-attachment":"scroll","background-type":"","background-media":"","overlay-type":"","overlay-color":"","overlay-opacity":"","overlay-gradient":""},"mobile":{"background-color":"","background-image":"","background-repeat":"repeat","background-position":"center center","background-size":"auto","background-attachment":"scroll","background-type":"","background-media":"","overlay-type":"","overlay-color":"","overlay-opacity":"","overlay-gradient":""}},"ast-content-background-meta":{"desktop":{"background-color":"var(--ast-global-color-5)","background-image":"","background-repeat":"repeat","background-position":"center center","background-size":"auto","background-attachment":"scroll","background-type":"","background-media":"","overlay-type":"","overlay-color":"","overlay-opacity":"","overlay-gradient":""},"tablet":{"background-color":"var(--ast-global-color-5)","background-image":"","background-repeat":"repeat","background-position":"center center","background-size":"auto","background-attachment":"scroll","background-type":"","background-media":"","overlay-type":"","overlay-color":"","overlay-opacity":"","overlay-gradient":""},"mobile":{"background-color":"var(--ast-global-color-5)","background-image":"","background-repeat":"repeat","background-position":"center center","background-size":"auto","background-attachment":"scroll","background-type":"","background-media":"","overlay-type":"","overlay-color":"","overlay-opacity":"","overlay-gradient":""}},"footnotes":""},"class_list":["post-12392","page","type-page","status-publish","hentry"],"post_mailing_queue_ids":[],"_links":{"self":[{"href":"https:\/\/agora.xtec.cat\/escolacanserra\/wp-json\/wp\/v2\/pages\/12392","targetHints":{"allow":["GET"]}}],"collection":[{"href":"https:\/\/agora.xtec.cat\/escolacanserra\/wp-json\/wp\/v2\/pages"}],"about":[{"href":"https:\/\/agora.xtec.cat\/escolacanserra\/wp-json\/wp\/v2\/types\/page"}],"author":[{"embeddable":true,"href":"https:\/\/agora.xtec.cat\/escolacanserra\/wp-json\/wp\/v2\/users\/1"}],"replies":[{"embeddable":true,"href":"https:\/\/agora.xtec.cat\/escolacanserra\/wp-json\/wp\/v2\/comments?post=12392"}],"version-history":[{"count":4,"href":"https:\/\/agora.xtec.cat\/escolacanserra\/wp-json\/wp\/v2\/pages\/12392\/revisions"}],"predecessor-version":[{"id":29687,"href":"https:\/\/agora.xtec.cat\/escolacanserra\/wp-json\/wp\/v2\/pages\/12392\/revisions\/29687"}],"wp:attachment":[{"href":"https:\/\/agora.xtec.cat\/escolacanserra\/wp-json\/wp\/v2\/media?parent=12392"}],"curies":[{"name":"wp","href":"https:\/\/api.w.org\/{rel}","templated":true}]}}