{"id":10665,"date":"2017-05-17T20:30:18","date_gmt":"2017-05-17T18:30:18","guid":{"rendered":"http:\/\/agora.xtec.cat\/escolacanserra\/?page_id=10665"},"modified":"2026-03-05T10:01:53","modified_gmt":"2026-03-05T09:01:53","slug":"normes-de-convivencia","status":"publish","type":"page","link":"https:\/\/agora.xtec.cat\/escolacanserra\/normes-dorganitzacio-i-funcionament-de-centre-nofc\/normes-de-convivencia\/","title":{"rendered":"Normes de conviv\u00e8ncia"},"content":{"rendered":"<p>Arribar puntual a l&#8217;escola, portar el material i les feines fetes, mostrar una bona conducta i respectar mestres i companyes i companys&#8230; S\u00f3n molts els aspectes que asseguren una bona conviv\u00e8ncia a les escoles. No complir aquestes normes comporta conseq\u00fc\u00e8ncies que van<span style=\"font-family: inherit; font-size: 1em;\"> dirigides a la millora de la conviv\u00e8ncia. El claustre de mestres va debatre, redactar i consensuar les diferents normes de conviv\u00e8ncia que s&#8217;han de seguir a l&#8217;escola. Es van revisant i actualitzant peri\u00f2dicament.\u00a0<\/span><\/p>\n<p>NORMES CONVIV\u00c8NCIA CAN SERRA<\/p>\n\n\n<p><a href=\"https:\/\/www.calameo.com\/books\/004488482f99c014a06ac\" target=\"_blank\" rel=\"noreferrer noopener\">Normes Convivencia 2025<\/a><\/p>\n\n\n\n<figure class=\"wp-block-embed\"><div class=\"wp-block-embed__wrapper\">\nhttps:\/\/v.calameo.com\/?bkcode=004488482f99c014a06ac&#038;mode=mini\n<\/div><\/figure>\n\n\n\n<p><\/p>\n\n\n\n<p><\/p>\n","protected":false},"excerpt":{"rendered":"<p>Arribar puntual a l&#8217;escola, portar el material i les feines fetes, mostrar una bona conducta i respectar mestres i companyes i companys&#8230; S\u00f3n molts els aspectes que asseguren una bona conviv\u00e8ncia a les escoles. No complir aquestes normes comporta conseq\u00fc\u00e8ncies que van dirigides a la millora de la conviv\u00e8ncia. El claustre de mestres va debatre, [&hellip;]<\/p>\n","protected":false},"author":1,"featured_media":0,"parent":4494,"menu_order":0,"comment_status":"closed","ping_status":"closed","template":"","meta":{"_bbp_topic_count":0,"_bbp_reply_count":0,"_bbp_total_topic_count":0,"_bbp_total_reply_count":0,"_bbp_voice_count":0,"_bbp_anonymous_reply_count":0,"_bbp_topic_count_hidden":0,"_bbp_reply_count_hidden":0,"_bbp_forum_subforum_count":0,"site-sidebar-layout":"default","site-content-layout":"","ast-site-content-layout":"default","site-content-style":"default","site-sidebar-style":"default","ast-global-header-display":"","ast-banner-title-visibility":"","ast-main-header-display":"","ast-hfb-above-header-display":"","ast-hfb-below-header-display":"","ast-hfb-mobile-header-display":"","site-post-title":"","ast-breadcrumbs-content":"","ast-featured-img":"","footer-sml-layout":"","theme-transparent-header-meta":"","adv-header-id-meta":"","stick-header-meta":"","header-above-stick-meta":"","header-main-stick-meta":"","header-below-stick-meta":"","astra-migrate-meta-layouts":"set","ast-page-background-enabled":"default","ast-page-background-meta":{"desktop":{"background-color":"var(--ast-global-color-4)","background-image":"","background-repeat":"repeat","background-position":"center center","background-size":"auto","background-attachment":"scroll","background-type":"","background-media":"","overlay-type":"","overlay-color":"","overlay-opacity":"","overlay-gradient":""},"tablet":{"background-color":"","background-image":"","background-repeat":"repeat","background-position":"center center","background-size":"auto","background-attachment":"scroll","background-type":"","background-media":"","overlay-type":"","overlay-color":"","overlay-opacity":"","overlay-gradient":""},"mobile":{"background-color":"","background-image":"","background-repeat":"repeat","background-position":"center center","background-size":"auto","background-attachment":"scroll","background-type":"","background-media":"","overlay-type":"","overlay-color":"","overlay-opacity":"","overlay-gradient":""}},"ast-content-background-meta":{"desktop":{"background-color":"var(--ast-global-color-5)","background-image":"","background-repeat":"repeat","background-position":"center center","background-size":"auto","background-attachment":"scroll","background-type":"","background-media":"","overlay-type":"","overlay-color":"","overlay-opacity":"","overlay-gradient":""},"tablet":{"background-color":"var(--ast-global-color-5)","background-image":"","background-repeat":"repeat","background-position":"center center","background-size":"auto","background-attachment":"scroll","background-type":"","background-media":"","overlay-type":"","overlay-color":"","overlay-opacity":"","overlay-gradient":""},"mobile":{"background-color":"var(--ast-global-color-5)","background-image":"","background-repeat":"repeat","background-position":"center center","background-size":"auto","background-attachment":"scroll","background-type":"","background-media":"","overlay-type":"","overlay-color":"","overlay-opacity":"","overlay-gradient":""}},"footnotes":""},"class_list":["post-10665","page","type-page","status-publish","hentry"],"post_mailing_queue_ids":[],"_links":{"self":[{"href":"https:\/\/agora.xtec.cat\/escolacanserra\/wp-json\/wp\/v2\/pages\/10665","targetHints":{"allow":["GET"]}}],"collection":[{"href":"https:\/\/agora.xtec.cat\/escolacanserra\/wp-json\/wp\/v2\/pages"}],"about":[{"href":"https:\/\/agora.xtec.cat\/escolacanserra\/wp-json\/wp\/v2\/types\/page"}],"author":[{"embeddable":true,"href":"https:\/\/agora.xtec.cat\/escolacanserra\/wp-json\/wp\/v2\/users\/1"}],"replies":[{"embeddable":true,"href":"https:\/\/agora.xtec.cat\/escolacanserra\/wp-json\/wp\/v2\/comments?post=10665"}],"version-history":[{"count":6,"href":"https:\/\/agora.xtec.cat\/escolacanserra\/wp-json\/wp\/v2\/pages\/10665\/revisions"}],"predecessor-version":[{"id":31827,"href":"https:\/\/agora.xtec.cat\/escolacanserra\/wp-json\/wp\/v2\/pages\/10665\/revisions\/31827"}],"up":[{"embeddable":true,"href":"https:\/\/agora.xtec.cat\/escolacanserra\/wp-json\/wp\/v2\/pages\/4494"}],"wp:attachment":[{"href":"https:\/\/agora.xtec.cat\/escolacanserra\/wp-json\/wp\/v2\/media?parent=10665"}],"curies":[{"name":"wp","href":"https:\/\/api.w.org\/{rel}","templated":true}]}}