{"id":87,"date":"2014-09-18T14:28:12","date_gmt":"2014-09-18T13:28:12","guid":{"rendered":"http:\/\/agora.xtec.cat\/escolacanparera\/?page_id=87"},"modified":"2019-03-07T11:30:34","modified_gmt":"2019-03-07T10:30:34","slug":"nivells","status":"publish","type":"page","link":"https:\/\/agora.xtec.cat\/escolacanparera\/nivells\/","title":{"rendered":"Trams"},"content":{"rendered":"<p>L&#8217;alumnat de l&#8217;escola s&#8217;organitza en trams:<\/p>\n<table style=\"height: 82px; width: 36.166%; border-collapse: collapse; border-style: hidden;\" border=\"1\">\n<tbody>\n<tr style=\"height: 33px;\">\n<td style=\"width: 50%; height: 33px; border-style: hidden; background-color: #ffffff;\"><strong><span style=\"color: #99cc00;\">Tram dels Petits:<\/span><\/strong><\/td>\n<td style=\"width: 50%; height: 33px; border-style: hidden; background-color: #ffffff;\">P3, P4 i P5<\/td>\n<\/tr>\n<tr style=\"height: 34px;\">\n<td style=\"width: 50%; height: 34px; border-style: hidden; background-color: #ffffff;\"><strong><span style=\"color: #ff0000;\">Tram dels Mitjans:<\/span><\/strong><\/td>\n<td style=\"width: 50%; height: 34px; border-style: hidden; background-color: #ffffff;\">1r, 2n i 3r<\/td>\n<\/tr>\n<tr style=\"height: 34px;\">\n<td style=\"width: 50%; height: 34px; border-style: hidden; background-color: #ffffff;\"><strong><span style=\"color: #99cc00;\">Tram dels grans:<\/span><\/strong><\/td>\n<td style=\"width: 50%; height: 34px; border-style: hidden; background-color: #ffffff;\">4t, 5\u00e8 i 6\u00e8<\/td>\n<\/tr>\n<\/tbody>\n<\/table>\n<p>Aquesta organitzaci\u00f3 ens permet un treball m\u00e9s globalitzat i enriquidor a nivell d&#8217;equip docent per donar m\u00e9s significat i coher\u00e8ncia a la l\u00ednia d&#8217;escola.<\/p>\n<p>Aquests nous agrupaments enriqueixen les interaccions entre els i les alumnes i permeten assignar\u00a0 docents en un tram concret per atendre millor la diversitat.<\/p>\n<p>&nbsp;<\/p>\n","protected":false},"excerpt":{"rendered":"<p>L&#8217;alumnat de l&#8217;escola s&#8217;organitza en trams:<\/p>\n<p>Tram dels Petits:<br \/>\nP3, P4 i P5<\/p>\n<p>Tram dels Mitjans:<br \/>\n1r, 2n i 3r<\/p>\n<p>Tram dels grans:<br \/>\n4t, 5\u00e8 i 6\u00e8<\/p>\n<p>Aquesta organitzaci\u00f3 ens permet un treball m\u00e9s globalitzat i enriquidor a nivell d&#8217;equip docent per donar m\u00e9s significat i coher\u00e8ncia a la l\u00ednia d&#8217;escola.<br \/>\nAquests nous&hellip;  <a href=\"https:\/\/agora.xtec.cat\/escolacanparera\/nivells\/\" title=\"Read Trams\">Llegeix m\u00e9s\u00bb<\/a><\/p>\n","protected":false},"author":1,"featured_media":0,"parent":0,"menu_order":0,"comment_status":"closed","ping_status":"closed","template":"page-templates\/side-menu.php","meta":{"_bbp_topic_count":0,"_bbp_reply_count":0,"_bbp_total_topic_count":0,"_bbp_total_reply_count":0,"_bbp_voice_count":0,"_bbp_anonymous_reply_count":0,"_bbp_topic_count_hidden":0,"_bbp_reply_count_hidden":0,"_bbp_forum_subforum_count":0,"footnotes":""},"class_list":["post-87","page","type-page","status-publish","hentry"],"post_mailing_queue_ids":[],"_links":{"self":[{"href":"https:\/\/agora.xtec.cat\/escolacanparera\/wp-json\/wp\/v2\/pages\/87","targetHints":{"allow":["GET"]}}],"collection":[{"href":"https:\/\/agora.xtec.cat\/escolacanparera\/wp-json\/wp\/v2\/pages"}],"about":[{"href":"https:\/\/agora.xtec.cat\/escolacanparera\/wp-json\/wp\/v2\/types\/page"}],"author":[{"embeddable":true,"href":"https:\/\/agora.xtec.cat\/escolacanparera\/wp-json\/wp\/v2\/users\/1"}],"replies":[{"embeddable":true,"href":"https:\/\/agora.xtec.cat\/escolacanparera\/wp-json\/wp\/v2\/comments?post=87"}],"version-history":[{"count":3,"href":"https:\/\/agora.xtec.cat\/escolacanparera\/wp-json\/wp\/v2\/pages\/87\/revisions"}],"predecessor-version":[{"id":824,"href":"https:\/\/agora.xtec.cat\/escolacanparera\/wp-json\/wp\/v2\/pages\/87\/revisions\/824"}],"wp:attachment":[{"href":"https:\/\/agora.xtec.cat\/escolacanparera\/wp-json\/wp\/v2\/media?parent=87"}],"curies":[{"name":"wp","href":"https:\/\/api.w.org\/{rel}","templated":true}]}}