{"id":77,"date":"2014-09-18T14:05:08","date_gmt":"2014-09-18T13:05:08","guid":{"rendered":"http:\/\/agora.xtec.cat\/escolacanparera\/?page_id=77"},"modified":"2019-04-26T11:03:24","modified_gmt":"2019-04-26T09:03:24","slug":"acollida","status":"publish","type":"page","link":"https:\/\/agora.xtec.cat\/escolacanparera\/serveis\/acollida\/","title":{"rendered":"Acollida"},"content":{"rendered":"<p style=\"text-align: justify;\">L\u2019escola ofereix a les fam\u00edlies que ho requereixin, el servei d\u2019acollida matinal o de tarda.<a href=\"https:\/\/agora.xtec.cat\/escolacanparera\/wp-content\/uploads\/usu1938\/2019\/04\/acollida.jpg\"><img loading=\"lazy\" decoding=\"async\" class=\" wp-image-1261 alignright\" src=\"https:\/\/agora.xtec.cat\/escolacanparera\/wp-content\/uploads\/usu1938\/2019\/04\/acollida-300x203.jpg\" alt=\"\" width=\"207\" height=\"140\" srcset=\"https:\/\/agora.xtec.cat\/escolacanparera\/wp-content\/uploads\/usu1938\/2019\/04\/acollida-300x203.jpg 300w, https:\/\/agora.xtec.cat\/escolacanparera\/wp-content\/uploads\/usu1938\/2019\/04\/acollida-768x519.jpg 768w, https:\/\/agora.xtec.cat\/escolacanparera\/wp-content\/uploads\/usu1938\/2019\/04\/acollida.jpg 850w\" sizes=\"auto, (max-width: 207px) 100vw, 207px\" \/><\/a><\/p>\n<p style=\"text-align: justify;\">Aquests dos espais es dediquen fonamentalment al lleure,\u00a0amb\u00a0l\u2019objectiu que els infants es diverteixin, juguin i aprenguin en un ambient dist\u00e8s, abans o despr\u00e9s d\u2019acabar la jornada escolar.<\/p>\n<p style=\"text-align: justify;\">Conscients que aquest espai ve a substituir una part del temps que el nen\/a passa amb la fam\u00edlia, els temps d\u2019acollida tenen un tarann\u00e0 c\u00e0lid i l\u00fadic alhora, fent que els infants se sentin c\u00f2modes i atesos.<\/p>\n<p style=\"text-align: justify;\">Es realitzaren jocs i activitats que potenci\u00efn la interacci\u00f3 grupal, la cooperaci\u00f3 i el treball en equip, sense perdre de vista l\u2019individu, les seves caracter\u00edstiques personals (edat, interessos, \u2026).<\/p>\n<p style=\"text-align: justify;\">El servei d\u2019acollida \u00e9s gestionat per l\u2019empresa\u00a0Apr\u00e8n jugant\u00a0i compta amb un equip de dues monitores que supervisen i acompanyen als infants en aquest horari.<\/p>\n<p style=\"text-align: justify;\"><strong><span style=\"color: #ff0000;\">HORARI MATINAL:<\/span><\/strong>\u00a0De\u00a07:30h a 9:00h<\/p>\n<p style=\"text-align: justify;\"><strong><span style=\"color: #ff0000;\">HORARI TARDA:<\/span><\/strong>\u00a0De\u00a016:30h a 18:00h<\/p>\n<p style=\"text-align: justify;\"><strong><span style=\"color: #99cc00;\">PREUS:<\/span><\/strong><\/p>\n<p style=\"text-align: justify;\">1,5 hores di\u00e0ria:\u00a055 euros\/mes<\/p>\n<p style=\"text-align: justify;\">1 hora di\u00e0ria:\u00a042,5 euros\/mes<\/p>\n<p style=\"text-align: justify;\">1\/2 hora di\u00e0ria:\u00a025 euros\/mes<\/p>\n<p style=\"text-align: justify;\">Dia espor\u00e0dic:\u00a04,5 euros<\/p>\n","protected":false},"excerpt":{"rendered":"<p>L\u2019escola ofereix a les fam\u00edlies que ho requereixin, el servei d\u2019acollida matinal o de tarda.<a href=\"https:\/\/agora.xtec.cat\/escolacanparera\/wp-content\/uploads\/usu1938\/2019\/04\/acollida.jpg\"><\/a><br \/>\nAquests dos espais es dediquen fonamentalment al lleure,\u00a0amb\u00a0l\u2019objectiu que els infants es diverteixin, juguin i aprenguin en un ambient dist\u00e8s, abans o despr\u00e9s d\u2019acabar la jornada escolar.<br \/>\nConscients que aquest espai&hellip;  <a href=\"https:\/\/agora.xtec.cat\/escolacanparera\/serveis\/acollida\/\" title=\"Read Acollida\">Llegeix m\u00e9s\u00bb<\/a><\/p>\n","protected":false},"author":1,"featured_media":0,"parent":66,"menu_order":20,"comment_status":"closed","ping_status":"closed","template":"page-templates\/side-menu.php","meta":{"_bbp_topic_count":0,"_bbp_reply_count":0,"_bbp_total_topic_count":0,"_bbp_total_reply_count":0,"_bbp_voice_count":0,"_bbp_anonymous_reply_count":0,"_bbp_topic_count_hidden":0,"_bbp_reply_count_hidden":0,"_bbp_forum_subforum_count":0,"footnotes":""},"class_list":["post-77","page","type-page","status-publish","hentry"],"post_mailing_queue_ids":[],"_links":{"self":[{"href":"https:\/\/agora.xtec.cat\/escolacanparera\/wp-json\/wp\/v2\/pages\/77","targetHints":{"allow":["GET"]}}],"collection":[{"href":"https:\/\/agora.xtec.cat\/escolacanparera\/wp-json\/wp\/v2\/pages"}],"about":[{"href":"https:\/\/agora.xtec.cat\/escolacanparera\/wp-json\/wp\/v2\/types\/page"}],"author":[{"embeddable":true,"href":"https:\/\/agora.xtec.cat\/escolacanparera\/wp-json\/wp\/v2\/users\/1"}],"replies":[{"embeddable":true,"href":"https:\/\/agora.xtec.cat\/escolacanparera\/wp-json\/wp\/v2\/comments?post=77"}],"version-history":[{"count":3,"href":"https:\/\/agora.xtec.cat\/escolacanparera\/wp-json\/wp\/v2\/pages\/77\/revisions"}],"predecessor-version":[{"id":1262,"href":"https:\/\/agora.xtec.cat\/escolacanparera\/wp-json\/wp\/v2\/pages\/77\/revisions\/1262"}],"up":[{"embeddable":true,"href":"https:\/\/agora.xtec.cat\/escolacanparera\/wp-json\/wp\/v2\/pages\/66"}],"wp:attachment":[{"href":"https:\/\/agora.xtec.cat\/escolacanparera\/wp-json\/wp\/v2\/media?parent=77"}],"curies":[{"name":"wp","href":"https:\/\/api.w.org\/{rel}","templated":true}]}}