{"id":73,"date":"2014-09-18T14:01:51","date_gmt":"2014-09-18T13:01:51","guid":{"rendered":"http:\/\/agora.xtec.cat\/escolacanparera\/?page_id=73"},"modified":"2025-04-02T13:36:26","modified_gmt":"2025-04-02T11:36:26","slug":"menjador-escolar","status":"publish","type":"page","link":"https:\/\/agora.xtec.cat\/escolacanparera\/serveis\/menjador-escolar\/","title":{"rendered":"Menjador escolar"},"content":{"rendered":"<p><a href=\"https:\/\/agora.xtec.cat\/escolacanparera\/wp-content\/uploads\/usu1938\/2025\/04\/menjador.jpg\"><img loading=\"lazy\" decoding=\"async\" class=\"aligncenter size-medium wp-image-15056\" src=\"https:\/\/agora.xtec.cat\/escolacanparera\/wp-content\/uploads\/usu1938\/2025\/04\/menjador-226x300.jpg\" alt=\"\" width=\"226\" height=\"300\" srcset=\"https:\/\/agora.xtec.cat\/escolacanparera\/wp-content\/uploads\/usu1938\/2025\/04\/menjador-226x300.jpg 226w, https:\/\/agora.xtec.cat\/escolacanparera\/wp-content\/uploads\/usu1938\/2025\/04\/menjador-771x1024.jpg 771w, https:\/\/agora.xtec.cat\/escolacanparera\/wp-content\/uploads\/usu1938\/2025\/04\/menjador-768x1020.jpg 768w, https:\/\/agora.xtec.cat\/escolacanparera\/wp-content\/uploads\/usu1938\/2025\/04\/menjador.jpg 1024w\" sizes=\"auto, (max-width: 226px) 100vw, 226px\" \/><\/a><\/p>\n<p style=\"text-align: left;\">\n<p>&nbsp;<\/p>\n<p style=\"text-align: left;\"><span style=\"color: #99cc00;\"><strong><span style=\"color: #99cc00;\"><a href=\"https:\/\/camposestela.com\/\">SERVEI DE MENJADOR<\/a>\u00a0 \u00a0 \u00a0 \u00a0 \u00a0 \u00a0 \u00a0 \u00a0 \u00a0 \u00a0 \u00a0 \u00a0 \u00a0 \u00a0 \u00a0 \u00a0 \u00a0 \u00a0 \u00a0 \u00a0 \u00a0 \u00a0 \u00a0 \u00a0 \u00a0 \u00a0 \u00a0 \u00a0 \u00a0 \u00a0 \u00a0 \u00a0 \u00a0 \u00a0 \u00a0 \u00a0 \u00a0 \u00a0 \u00a0 \u00a0 \u00a0 \u00a0 \u00a0 \u00a0 \u00a0 \u00a0 \u00a0 \u00a0 \u00a0 \u00a0 \u00a0 \u00a0 <span style=\"color: #ff0000;\"><a href=\"https:\/\/camposestela.com\/menus\/\">MEN\u00daS<\/a> <\/span><\/span><\/strong><\/span><span style=\"color: #99cc00;\"><strong><span style=\"color: #99cc00;\">\u00a0 \u00a0 \u00a0 \u00a0 \u00a0 \u00a0 \u00a0 \u00a0 \u00a0<\/span> \u00a0 \u00a0 \u00a0 \u00a0 \u00a0 \u00a0 \u00a0 \u00a0 \u00a0 \u00a0 \u00a0 \u00a0 \u00a0 \u00a0 \u00a0 \u00a0 \u00a0 \u00a0<\/strong><\/span><\/p>\n<p>El servei de menjador escolar t\u00e9 el car\u00e0cter de servei complementari i necessari del centre i pret\u00e9n donar resposta adequada a les necessitats de moltes fam\u00edlies que, per ra\u00f3 de la seva situaci\u00f3 laboral, personal o en situacions socialment desfavorides, demanen la prestaci\u00f3 en els centres docents del servei de menjador escolar en el per\u00edode intel\u00b7lectiu del migdia.<\/p>\n<p>L\u2019objectiu b\u00e0sic del servei de menjador, atenent al seu car\u00e0cter social i educatiu, \u00e9s cobrir les necessitats nutritives dels\/de les alumnes i l\u2019adquisici\u00f3 d\u2019h\u00e0bits socials, alimentaris, d\u2019higiene i de salut en el marc de la conviv\u00e8ncia ordin\u00e0ria en els centres docents.<\/p>\n<p><span style=\"color: #ff0000;\"><strong>EMPRESA QUE REALITZA EL SERVEI:<\/strong><\/span>\u00a0<strong>CAMPOS ESTELA<\/strong><\/p>\n<p><span style=\"color: #99cc00;\"><strong>PREUS CURS 24-25:<\/strong><\/span><\/p>\n<ul>\n<li><strong>Alumnes fixos 6,90 \u20ac al dia.\u00a0<\/strong><\/li>\n<li><strong>Alumnes eventuals 7,70\u20ac al dia.<\/strong><\/li>\n<\/ul>\n<p>Aquest preu inclou tots els conceptes referits al servei de menjador (menjar, monitors i neteja).<\/p>\n<p>La inscripci\u00f3 al Servei de Menjador curs 23-24 es far\u00e0 mitjan\u00e7ant l&#8217; <a href=\"https:\/\/camposestela.com\/instruccions-per-donar-se-dalta-a-lapp-del-menjador-escolar\/?et_fb=1&amp;PageSpeed=off\">APP de Campos Estela<\/a>.<\/p>\n<p>&nbsp;<\/p>\n<p>PER A QUALSEVOL ALTRA INFORMACI\u00d3 <a href=\"https:\/\/camposestela.com\/contacta\/\">CONTACTEU<\/a> DIRECTAMENT AMB CAMPOS ESTELA.<\/p>\n<p>&nbsp;<\/p>\n<p>&nbsp;<\/p>\n<p>&nbsp;<\/p>\n","protected":false},"excerpt":{"rendered":"<p><a href=\"https:\/\/agora.xtec.cat\/escolacanparera\/wp-content\/uploads\/usu1938\/2025\/04\/menjador.jpg\"><\/a><\/p>\n<p>&nbsp;<br \/>\n<a href=\"https:\/\/camposestela.com\/\">SERVEI DE MENJADOR<\/a>\u00a0 \u00a0 \u00a0 \u00a0 \u00a0 \u00a0 \u00a0 \u00a0 \u00a0 \u00a0 \u00a0 \u00a0 \u00a0 \u00a0 \u00a0 \u00a0 \u00a0 \u00a0 \u00a0 \u00a0 \u00a0 \u00a0 \u00a0 \u00a0 \u00a0 \u00a0 \u00a0 \u00a0 \u00a0 \u00a0 \u00a0 \u00a0 \u00a0 \u00a0 \u00a0 \u00a0 \u00a0 \u00a0 \u00a0 \u00a0 \u00a0&hellip;  <a href=\"https:\/\/agora.xtec.cat\/escolacanparera\/serveis\/menjador-escolar\/\" title=\"Read Menjador escolar\">Llegeix m\u00e9s\u00bb<\/a><\/p>\n","protected":false},"author":1,"featured_media":0,"parent":66,"menu_order":30,"comment_status":"closed","ping_status":"closed","template":"page-templates\/side-menu.php","meta":{"_bbp_topic_count":0,"_bbp_reply_count":0,"_bbp_total_topic_count":0,"_bbp_total_reply_count":0,"_bbp_voice_count":0,"_bbp_anonymous_reply_count":0,"_bbp_topic_count_hidden":0,"_bbp_reply_count_hidden":0,"_bbp_forum_subforum_count":0,"footnotes":""},"class_list":["post-73","page","type-page","status-publish","hentry"],"post_mailing_queue_ids":[],"_links":{"self":[{"href":"https:\/\/agora.xtec.cat\/escolacanparera\/wp-json\/wp\/v2\/pages\/73","targetHints":{"allow":["GET"]}}],"collection":[{"href":"https:\/\/agora.xtec.cat\/escolacanparera\/wp-json\/wp\/v2\/pages"}],"about":[{"href":"https:\/\/agora.xtec.cat\/escolacanparera\/wp-json\/wp\/v2\/types\/page"}],"author":[{"embeddable":true,"href":"https:\/\/agora.xtec.cat\/escolacanparera\/wp-json\/wp\/v2\/users\/1"}],"replies":[{"embeddable":true,"href":"https:\/\/agora.xtec.cat\/escolacanparera\/wp-json\/wp\/v2\/comments?post=73"}],"version-history":[{"count":6,"href":"https:\/\/agora.xtec.cat\/escolacanparera\/wp-json\/wp\/v2\/pages\/73\/revisions"}],"predecessor-version":[{"id":15062,"href":"https:\/\/agora.xtec.cat\/escolacanparera\/wp-json\/wp\/v2\/pages\/73\/revisions\/15062"}],"up":[{"embeddable":true,"href":"https:\/\/agora.xtec.cat\/escolacanparera\/wp-json\/wp\/v2\/pages\/66"}],"wp:attachment":[{"href":"https:\/\/agora.xtec.cat\/escolacanparera\/wp-json\/wp\/v2\/media?parent=73"}],"curies":[{"name":"wp","href":"https:\/\/api.w.org\/{rel}","templated":true}]}}