{"id":71,"date":"2014-09-18T12:44:56","date_gmt":"2014-09-18T11:44:56","guid":{"rendered":"http:\/\/agora.xtec.cat\/escolacanparera\/?page_id=71"},"modified":"2019-02-22T13:39:05","modified_gmt":"2019-02-22T12:39:05","slug":"serveis-digitals","status":"publish","type":"page","link":"https:\/\/agora.xtec.cat\/escolacanparera\/serveis\/serveis-digitals\/","title":{"rendered":"Serveis externs"},"content":{"rendered":"<p style=\"text-align: justify;\"><span style=\"color: #ff0000;\"><strong><u>EAP<\/u><\/strong><\/span><\/p>\n<p style=\"text-align: justify;\">Els\u00a0<strong>EAP<\/strong>\u00a0s\u00f3n equips d\u2019assessorament i orientaci\u00f3 psicopedag\u00f2gic que donen suport al professorat i als centres educatius en la resposta a la diversitat de l\u2019alumnat i en relaci\u00f3 als alumnes que presenten necessitats educatives especials, aix\u00ed com a les seves fam\u00edlies.<\/p>\n<p style=\"text-align: justify;\"><strong>L\u2019escola disposa d\u2019un psicopedagog que realitza les seves tasques d\u2019assessorament i coordinai\u00f3 amb el centre els dilluns de 9:00h a 13:30h.<\/strong><\/p>\n<p style=\"text-align: justify;\"><span style=\"color: #99cc00;\"><strong><u>CRP<\/u><\/strong><\/span><br \/>\n<u><\/u><\/p>\n<p style=\"text-align: justify;\">Els\u00a0<strong>CRP<\/strong>\u00a0s\u00f3n equips que donen suport a l&#8217;activitat pedag\u00f2gica dels centres i a la tasca docent de mestres i professorat, especialment, en temes de formaci\u00f3 permanent, de recursos pedag\u00f2gics i de dinamitzaci\u00f3 de projectes de centre i de la zona.<\/p>\n<p style=\"text-align: justify;\"><strong>El CRP de refer\u00e8ncia de l\u2019escola \u00e9s el de Montmel\u00f3.<\/strong><\/p>\n<p style=\"text-align: justify;\"><span style=\"color: #ff0000;\"><strong><u>ELIC<\/u><\/strong><\/span><\/p>\n<p style=\"text-align: justify;\">\n<u><\/u>Els\u00a0<strong>ELIC<\/strong>\u00a0s\u00f3n equips d\u2019assessorament i orientaci\u00f3 en\u00a0<strong>llengua, interculturalitat i cohesi\u00f3 social<\/strong>\u00a0que donen suport al professorat en l\u2019atenci\u00f3 a la diversitat relacionada amb l\u2019alumnat, especialment procedent de la immigraci\u00f3 i\/o amb l\u2019alumnat amb risc d\u2019exclusi\u00f3 social, en l\u2019\u00e0mbit dels centres educatius i els plans educatius d\u2019entorn.<\/p>\n<p style=\"text-align: justify;\"><strong>El centre es coordina amb una assessora ELIC amb una periodicitat variable.<\/strong><br \/>\n<strong><br \/>\n<\/strong><\/p>\n<p style=\"text-align: justify;\"><span style=\"color: #99cc00;\"><strong><u>CENTRES DE SERVEIS SOCIALS<\/u><\/strong><\/span><br \/>\n<strong><u><br \/>\n<\/u><\/strong>Els CSS s\u00f3n centres d&#8217;informaci\u00f3, orientaci\u00f3 i atenci\u00f3 per tractar els problemes socials que afecten a les persones i a les fam\u00edlies. S\u00f3n el lloc on s&#8217;hi poden sol\u00b7licitar diferents ajudes i prestacions.<\/p>\n<p style=\"text-align: justify;\"><strong>L\u2019escola es coordina amb l\u2019educadora social de l\u2019Ajuntament un cop al mes per tractar les fam\u00edlies amb problemes socials.<\/strong><\/p>\n<p>&nbsp;<\/p>\n","protected":false},"excerpt":{"rendered":"<p>EAP<br \/>\nEls\u00a0EAP\u00a0s\u00f3n equips d\u2019assessorament i orientaci\u00f3 psicopedag\u00f2gic que donen suport al professorat i als centres educatius en la resposta a la diversitat de l\u2019alumnat i en relaci\u00f3 als alumnes que presenten necessitats educatives especials, aix\u00ed com a les seves fam\u00edlies.<br \/>\nL\u2019escola disposa d\u2019un psicopedagog que realitza les&hellip;  <a href=\"https:\/\/agora.xtec.cat\/escolacanparera\/serveis\/serveis-digitals\/\" title=\"Read Serveis externs\">Llegeix m\u00e9s\u00bb<\/a><\/p>\n","protected":false},"author":1,"featured_media":0,"parent":66,"menu_order":10,"comment_status":"closed","ping_status":"closed","template":"page-templates\/side-menu.php","meta":{"_bbp_topic_count":0,"_bbp_reply_count":0,"_bbp_total_topic_count":0,"_bbp_total_reply_count":0,"_bbp_voice_count":0,"_bbp_anonymous_reply_count":0,"_bbp_topic_count_hidden":0,"_bbp_reply_count_hidden":0,"_bbp_forum_subforum_count":0,"footnotes":""},"class_list":["post-71","page","type-page","status-publish","hentry"],"post_mailing_queue_ids":[],"_links":{"self":[{"href":"https:\/\/agora.xtec.cat\/escolacanparera\/wp-json\/wp\/v2\/pages\/71","targetHints":{"allow":["GET"]}}],"collection":[{"href":"https:\/\/agora.xtec.cat\/escolacanparera\/wp-json\/wp\/v2\/pages"}],"about":[{"href":"https:\/\/agora.xtec.cat\/escolacanparera\/wp-json\/wp\/v2\/types\/page"}],"author":[{"embeddable":true,"href":"https:\/\/agora.xtec.cat\/escolacanparera\/wp-json\/wp\/v2\/users\/1"}],"replies":[{"embeddable":true,"href":"https:\/\/agora.xtec.cat\/escolacanparera\/wp-json\/wp\/v2\/comments?post=71"}],"version-history":[{"count":3,"href":"https:\/\/agora.xtec.cat\/escolacanparera\/wp-json\/wp\/v2\/pages\/71\/revisions"}],"predecessor-version":[{"id":744,"href":"https:\/\/agora.xtec.cat\/escolacanparera\/wp-json\/wp\/v2\/pages\/71\/revisions\/744"}],"up":[{"embeddable":true,"href":"https:\/\/agora.xtec.cat\/escolacanparera\/wp-json\/wp\/v2\/pages\/66"}],"wp:attachment":[{"href":"https:\/\/agora.xtec.cat\/escolacanparera\/wp-json\/wp\/v2\/media?parent=71"}],"curies":[{"name":"wp","href":"https:\/\/api.w.org\/{rel}","templated":true}]}}