{"id":691,"date":"2019-02-21T13:08:24","date_gmt":"2019-02-21T12:08:24","guid":{"rendered":"https:\/\/agora.xtec.cat\/escolacanparera\/?page_id=691"},"modified":"2019-02-21T17:07:12","modified_gmt":"2019-02-21T16:07:12","slug":"pec","status":"publish","type":"page","link":"https:\/\/agora.xtec.cat\/escolacanparera\/projecte-educatiu\/pec\/","title":{"rendered":"PEC"},"content":{"rendered":"<p>El document que presentem a continuaci\u00f3 \u00e9s el Projecte Educatiu de Centre (PEC) de l\u2019Escola Can Parera, un projecte integral que avarca tots els estaments del nostre Centre. S\u2019ha realitzat a trav\u00e9s del di\u00e0leg i la participaci\u00f3 i t\u00e9 vocaci\u00f3 de ser el punt de converg\u00e8ncia i refer\u00e8ncia per a totes les persones que formen part de la nostra comunitat educativa. Pels qui formem aquesta comunitat, el Projecte Educatiu, \u00e9s un referent realista i \u00fatil per al desenvolupament de la vida escolar i, per tant, ha de ser quelcom viu, que ha d\u2019utilitzar-se per a la conviv\u00e8ncia quotidiana i com a objectiu de reflexi\u00f3 i estudi en els per\u00edodes establerts.<\/p>\n<p>Podeu llegir el document sencer <a href=\"https:\/\/agora.xtec.cat\/escolacanparera\/wp-content\/uploads\/usu1938\/2018\/11\/Pec-Can-Parera.pdf\" target=\"_blank\" rel=\"noopener\">AQU\u00cd<\/a>.<\/p>\n","protected":false},"excerpt":{"rendered":"<p>El document que presentem a continuaci\u00f3 \u00e9s el Projecte Educatiu de Centre (PEC) de l\u2019Escola Can Parera, un projecte integral que avarca tots els estaments del nostre Centre. S\u2019ha realitzat a trav\u00e9s del di\u00e0leg i la participaci\u00f3 i t\u00e9 vocaci\u00f3 de ser el punt de&hellip;  <a href=\"https:\/\/agora.xtec.cat\/escolacanparera\/projecte-educatiu\/pec\/\" title=\"Read PEC\">Llegeix m\u00e9s\u00bb<\/a><\/p>\n","protected":false},"author":1,"featured_media":0,"parent":64,"menu_order":0,"comment_status":"closed","ping_status":"closed","template":"","meta":{"_bbp_topic_count":0,"_bbp_reply_count":0,"_bbp_total_topic_count":0,"_bbp_total_reply_count":0,"_bbp_voice_count":0,"_bbp_anonymous_reply_count":0,"_bbp_topic_count_hidden":0,"_bbp_reply_count_hidden":0,"_bbp_forum_subforum_count":0,"footnotes":""},"class_list":["post-691","page","type-page","status-publish","hentry"],"post_mailing_queue_ids":[],"_links":{"self":[{"href":"https:\/\/agora.xtec.cat\/escolacanparera\/wp-json\/wp\/v2\/pages\/691","targetHints":{"allow":["GET"]}}],"collection":[{"href":"https:\/\/agora.xtec.cat\/escolacanparera\/wp-json\/wp\/v2\/pages"}],"about":[{"href":"https:\/\/agora.xtec.cat\/escolacanparera\/wp-json\/wp\/v2\/types\/page"}],"author":[{"embeddable":true,"href":"https:\/\/agora.xtec.cat\/escolacanparera\/wp-json\/wp\/v2\/users\/1"}],"replies":[{"embeddable":true,"href":"https:\/\/agora.xtec.cat\/escolacanparera\/wp-json\/wp\/v2\/comments?post=691"}],"version-history":[{"count":2,"href":"https:\/\/agora.xtec.cat\/escolacanparera\/wp-json\/wp\/v2\/pages\/691\/revisions"}],"predecessor-version":[{"id":712,"href":"https:\/\/agora.xtec.cat\/escolacanparera\/wp-json\/wp\/v2\/pages\/691\/revisions\/712"}],"up":[{"embeddable":true,"href":"https:\/\/agora.xtec.cat\/escolacanparera\/wp-json\/wp\/v2\/pages\/64"}],"wp:attachment":[{"href":"https:\/\/agora.xtec.cat\/escolacanparera\/wp-json\/wp\/v2\/media?parent=691"}],"curies":[{"name":"wp","href":"https:\/\/api.w.org\/{rel}","templated":true}]}}