{"id":667,"date":"2018-12-18T13:23:02","date_gmt":"2018-12-18T12:23:02","guid":{"rendered":"https:\/\/agora.xtec.cat\/escolacanparera\/?page_id=667"},"modified":"2025-11-26T13:59:55","modified_gmt":"2025-11-26T12:59:55","slug":"qui-som","status":"publish","type":"page","link":"https:\/\/agora.xtec.cat\/escolacanparera\/lescola\/qui-som\/","title":{"rendered":"Qui som?"},"content":{"rendered":"<p>&nbsp;<\/p>\n<table style=\"border-color: #000000; width: 100.247%; height: 272px;\">\n<tbody>\n<tr style=\"height: 32px;\">\n<td style=\"background-color: #92d000; width: 99.2646%; border-style: double; text-align: center; height: 32px;\" colspan=\"3\" width=\"864\"><span style=\"color: #000000;\"><strong>TRAM PETITS<\/strong><\/span><\/td>\n<\/tr>\n<tr>\n<td style=\"border-style: double; text-align: center; width: 25.7426%;\"><strong>\u00a0<\/strong><\/td>\n<td style=\"border-style: double; text-align: center; width: 36.761%;\"><strong>A<\/strong><\/td>\n<td style=\"border-style: double; text-align: center; width: 36.761%;\"><strong>B<\/strong><\/td>\n<\/tr>\n<tr style=\"height: 32px;\">\n<td style=\"border-style: double; text-align: center; width: 25.7426%; height: 32px;\" width=\"216\"><strong>I3<\/strong><\/td>\n<td style=\"border-style: double; text-align: center; width: 36.761%;\">\u00c9rica Monz\u00f3n<\/td>\n<td style=\"border-style: double; text-align: center; width: 36.761%; height: 32px;\" width=\"648\">Vero Garrido<\/td>\n<\/tr>\n<tr style=\"height: 32px;\">\n<td style=\"border-style: double; text-align: center; width: 25.7426%; height: 32px;\" width=\"216\"><strong>I4<\/strong><\/td>\n<td style=\"border-style: double; text-align: center; width: 36.761%;\">Ver\u00f2nica Invern\u00f3n \/ Paula Campos<\/td>\n<td style=\"border-style: double; text-align: center; width: 36.761%; height: 32px;\" width=\"648\">Montse De Alba<\/td>\n<\/tr>\n<tr style=\"height: 32px;\">\n<td style=\"border-style: double; text-align: center; width: 25.7426%; height: 32px;\" width=\"216\"><strong>I5<\/strong><\/td>\n<td style=\"border-style: double; text-align: center; width: 36.761%;\">Elena Ib\u00e1\u00f1ez\/Esther Mart\u00ednez<\/td>\n<td style=\"border-style: double; text-align: center; width: 36.761%; height: 32px;\" width=\"648\"><\/td>\n<\/tr>\n<tr style=\"height: 48px;\">\n<td style=\"border-style: double; text-align: center; width: 25.7426%; height: 48px;\" width=\"216\"><strong>Altres mestres del TRAM<\/strong><\/td>\n<td style=\"border-style: double; text-align: center; width: 73.522%;\" colspan=\"2\">Rosa Caballero, M\u00edriam Borrego, N\u00faria Molero, Albert Villanueva.<\/td>\n<\/tr>\n<tr>\n<td style=\"border-style: double; text-align: center; width: 25.7426%;\"><strong>Personal SIEI<\/strong><\/td>\n<td style=\"border-style: double; text-align: center; width: 36.761%;\">Mestra: Mar\u00eda Prieto<\/td>\n<td style=\"border-style: double; text-align: center; width: 36.761%;\">TEE: N\u00faria Montes<\/td>\n<\/tr>\n<tr style=\"height: 32px;\">\n<td style=\"border-style: double; text-align: center; width: 25.7426%; height: 32px;\" width=\"216\"><strong>TEI<\/strong><\/td>\n<td style=\"border-style: double; text-align: center; width: 73.522%;\" colspan=\"2\">Ana Bel\u00e9n P\u00e9rez<\/td>\n<\/tr>\n<tr style=\"height: 32px;\">\n<td style=\"border-style: double; text-align: center; width: 25.7426%; height: 32px;\" width=\"216\"><strong>Vetlladores<\/strong><\/td>\n<td style=\"border-style: double; text-align: center; width: 73.522%;\" colspan=\"2\">Laura<\/td>\n<\/tr>\n<\/tbody>\n<\/table>\n<table style=\"width: 100%; height: 209px;\">\n<tbody>\n<tr>\n<td style=\"background-color: #fa0035; width: 98.7624%; text-align: center;\" colspan=\"3\"><strong>TRAM MITJANS<\/strong><\/td>\n<\/tr>\n<tr style=\"height: 33px;\">\n<td style=\"height: 33px; width: 25.9901%;\" width=\"209\"><strong>\u00a0<\/strong><\/td>\n<td style=\"text-align: center; height: 33px; width: 37.1286%;\" width=\"295\"><strong>A<\/strong><\/td>\n<td style=\"text-align: center; height: 33px; width: 35.6437%;\" width=\"360\"><strong>B<\/strong><\/td>\n<\/tr>\n<tr style=\"height: 33px;\">\n<td style=\"text-align: center; height: 33px; width: 25.9901%;\" width=\"209\"><strong>1r <\/strong><\/td>\n<td style=\"text-align: center; height: 33px; width: 37.1286%;\" width=\"295\">Clara Granado<\/td>\n<td style=\"text-align: center; height: 33px; width: 35.6437%;\" width=\"360\">Montse Carles<\/td>\n<\/tr>\n<tr style=\"height: 33px;\">\n<td style=\"text-align: center; height: 33px; width: 25.9901%;\" width=\"209\"><strong>2n<\/strong><\/td>\n<td style=\"text-align: center; height: 33px; width: 37.1286%;\" width=\"295\">Pilar Fern\u00e1ndez<\/td>\n<td style=\"text-align: center; height: 33px; width: 35.6437%;\" width=\"360\"><\/td>\n<\/tr>\n<tr style=\"height: 33px;\">\n<td style=\"text-align: center; height: 33px; width: 25.9901%;\" width=\"209\"><strong>3r<\/strong><\/td>\n<td style=\"text-align: center; height: 33px; width: 37.1286%;\" width=\"295\">M\u00f3nica Fuentes<\/td>\n<td style=\"text-align: center; height: 33px; width: 35.6437%;\" width=\"360\"><\/td>\n<\/tr>\n<tr style=\"height: 33px;\">\n<td style=\"text-align: center; height: 33px; width: 25.9901%;\" width=\"209\"><strong>Altres mestres del TRAM<\/strong><\/td>\n<td style=\"text-align: center; height: 33px; width: 72.7723%;\" colspan=\"2\" width=\"655\">\u00a0N\u00faria Molero, Miriam Borrego, Albert Villanueva, \u00c0lex Cass\u00e0, Rosa Caballero, \u00c1ngel Collado.<\/td>\n<\/tr>\n<tr>\n<td style=\"text-align: center; width: 25.9901%;\"><strong>Personal SIEI<\/strong><\/td>\n<td style=\"text-align: center; width: 37.1286%;\">Mestra: Rosa Caballero<\/td>\n<td style=\"text-align: center; width: 35.6437%;\">TEE: Gemma Parellada<\/td>\n<\/tr>\n<tr style=\"height: 33px;\">\n<td style=\"text-align: center; width: 25.9901%; height: 33px;\"><strong>Vetlladores<\/strong><\/td>\n<td style=\"text-align: center; width: 72.7723%; height: 33px;\" colspan=\"2\">Amelia Mar\u00edn, Maribel Balades, Marisa Zambrano<\/td>\n<\/tr>\n<\/tbody>\n<\/table>\n<table style=\"width: 100%; height: 208px;\">\n<tbody>\n<tr style=\"height: 32px;\">\n<td style=\"background-color: #92d000; width: 74.1337%; text-align: center; height: 32px;\" colspan=\"3\"><strong>TRAM GRANS<\/strong><\/td>\n<\/tr>\n<tr style=\"height: 32px;\">\n<td style=\"text-align: center; width: 24.7525%; height: 32px;\" width=\"216\"><strong>\u00a0<\/strong><\/td>\n<td style=\"text-align: center; width: 24.7525%; height: 32px;\" width=\"216\"><strong>A<\/strong><\/td>\n<td style=\"text-align: center; width: 24.6287%; height: 32px;\" width=\"216\"><strong>B<\/strong><\/td>\n<\/tr>\n<tr style=\"height: 32px;\">\n<td style=\"text-align: center; width: 24.7525%; height: 32px;\" width=\"216\"><strong>4t<\/strong><\/td>\n<td style=\"text-align: center; width: 24.7525%; height: 32px;\" width=\"216\">Espe L\u00f3pez<\/td>\n<td style=\"text-align: center; width: 24.6287%; height: 32px;\" width=\"216\"><\/td>\n<\/tr>\n<tr style=\"height: 32px;\">\n<td style=\"text-align: center; width: 24.7525%; height: 32px;\" width=\"216\"><strong>5\u00e8<\/strong><\/td>\n<td style=\"text-align: center; width: 24.7525%; height: 32px;\" width=\"216\">Xavier Molt\u00f3<\/td>\n<td style=\"text-align: center; width: 24.6287%; height: 32px;\" width=\"216\">N\u00faria Cintas<\/td>\n<\/tr>\n<tr style=\"height: 32px;\">\n<td style=\"text-align: center; width: 24.7525%; height: 32px;\" width=\"216\"><strong>6\u00e8<\/strong><\/td>\n<td style=\"text-align: center; width: 24.7525%; height: 32px;\" width=\"216\">Rub\u00e9n Garc\u00eda<\/td>\n<td style=\"text-align: center; width: 24.6287%; height: 32px;\" width=\"216\">Marta Heras<\/td>\n<\/tr>\n<tr style=\"height: 48px;\">\n<td style=\"text-align: center; width: 24.7525%; height: 48px;\" width=\"216\"><strong>Altres mestres del TRAM<\/strong><\/td>\n<td style=\"text-align: center; height: 48px; width: 49.3812%;\" colspan=\"2\" width=\"648\">Alexandra Cass\u00e0, Miriam Borrego, N\u00faria Coca, N\u00faria Molero, Albert Villanueva, \u00c1ngel Collado.<\/td>\n<\/tr>\n<tr>\n<td style=\"text-align: center; width: 24.7525%;\"><strong>Personal SIEI<\/strong><\/td>\n<td style=\"text-align: center; width: 24.7525%;\">Mestra: N\u00faria Garcia<\/td>\n<td style=\"text-align: center; width: 24.6287%;\"><\/td>\n<\/tr>\n<\/tbody>\n<\/table>\n<p>&nbsp;<\/p>\n<table style=\"width: 100.032%; height: 269px;\" width=\"876\">\n<tbody>\n<tr style=\"height: 33px;\">\n<td style=\"background-color: #ff0000; text-align: center; height: 33px; width: 116.58%;\" colspan=\"4\" width=\"876\"><strong>C\u00c0RRECS DE DIRECCI\u00d3 I COORDINACI\u00d3<\/strong><\/td>\n<\/tr>\n<tr style=\"height: 33px;\">\n<td style=\"text-align: center; height: 33px; width: 33.4541%;\" width=\"309\"><strong>Equip directiu<\/strong><\/td>\n<td style=\"text-align: center; height: 33px; width: 39.2713%;\" colspan=\"2\" width=\"284\"><strong>TRAM<\/strong><\/td>\n<td style=\"text-align: center; height: 33px; width: 43.8547%;\" width=\"284\"><strong>TAC<\/strong><\/td>\n<\/tr>\n<tr style=\"height: 137px;\">\n<td style=\"text-align: center; height: 137px; width: 33.4541%;\" width=\"309\">Rosa Caballero (Directora)<\/p>\n<p>Alexandra Cass\u00e0 (Cap d\u2019estudis)<\/p>\n<p>\u00c1ngel Collado (Secretari)<\/td>\n<td style=\"text-align: center; height: 137px; width: 39.2713%;\" colspan=\"2\" width=\"284\">Ver\u00f2nica Invern\u00f3n<\/p>\n<p>Pilar Fern\u00e1ndez<\/p>\n<p>N\u00faria Garcia<\/td>\n<td style=\"text-align: center; height: 137px; width: 43.8547%;\" width=\"284\">\u00c9rica Monz\u00f3n<\/td>\n<\/tr>\n<tr style=\"height: 33px;\">\n<td style=\"text-align: center; height: 33px; width: 53.9619%;\" colspan=\"2\" width=\"450\"><strong>Riscos Laborals<\/strong><\/td>\n<td style=\"text-align: center; height: 33px; width: 62.6182%;\" colspan=\"2\" width=\"425\">Rosa C\u00e1mara<\/td>\n<\/tr>\n<tr style=\"height: 33px;\">\n<td style=\"text-align: center; height: 33px; width: 53.9619%;\" colspan=\"2\" width=\"450\"><strong>LIC<\/strong><\/td>\n<td style=\"text-align: center; height: 33px; width: 62.6182%;\" colspan=\"2\" width=\"425\">Montse Carles<\/td>\n<\/tr>\n<tr>\n<td style=\"text-align: center; width: 53.9619%;\" colspan=\"2\"><strong>COCOBE<\/strong><\/td>\n<td style=\"text-align: center; width: 62.6182%;\" colspan=\"2\">M\u00f3nica Fuentes<\/td>\n<\/tr>\n<\/tbody>\n<\/table>\n<p>&nbsp;<\/p>\n<table style=\"width: 100.193%;\" width=\"876\">\n<tbody>\n<tr>\n<td style=\"background-color: #92d050; width: 92.1552%; text-align: center;\" colspan=\"2\" width=\"876\"><strong>\u00a0\u00a0 PAS<\/strong><\/td>\n<\/tr>\n<tr>\n<td style=\"text-align: center; width: 50.8591%;\" width=\"450\"><strong>Consergre<\/strong><\/td>\n<td style=\"text-align: center; width: 41.2961%;\" width=\"425\"><strong>Administrativa<\/strong><\/td>\n<\/tr>\n<tr>\n<td style=\"text-align: center; width: 50.8591%;\" width=\"450\">Xavier Vil\u00e0<\/td>\n<td style=\"text-align: center; width: 41.2961%;\" width=\"425\">Irene Egea<\/td>\n<\/tr>\n<\/tbody>\n<\/table>\n<p>&nbsp;<\/p>\n","protected":false},"excerpt":{"rendered":"<p>&nbsp;<\/p>\n<p>TRAM PETITS<\/p>\n<p>\u00a0<br \/>\nA<br \/>\nB<\/p>\n<p>I3<br \/>\n\u00c9rica Monz\u00f3n<br \/>\nVero Garrido<\/p>\n<p>I4<br \/>\nVer\u00f2nica Invern\u00f3n \/ Paula Campos<br \/>\nMontse De Alba<\/p>\n<p>I5<br \/>\nElena Ib\u00e1\u00f1ez\/Esther Mart\u00ednez<\/p>\n<p>Altres mestres del TRAM<br \/>\nRosa Caballero, M\u00edriam Borrego, N\u00faria Molero, Albert Villanueva.<\/p>\n<p>Personal SIEI<br \/>\nMestra: Mar\u00eda Prieto<br \/>\nTEE: N\u00faria Montes<\/p>\n<p>TEI<br \/>\nAna Bel\u00e9n P\u00e9rez<\/p>\n<p>Vetlladores<br \/>\nLaura<\/p>\n<p>TRAM MITJANS<\/p>\n<p>\u00a0<br \/>\nA<br \/>\nB<\/p>\n<p>1r<br \/>\nClara Granado<br \/>\nMontse Carles<\/p>\n<p>2n<br \/>\nPilar Fern\u00e1ndez<\/p>\n<p>3r<br \/>\nM\u00f3nica Fuentes<\/p>\n<p>Altres mestres del TRAM<br \/>\n\u00a0N\u00faria Molero, Miriam Borrego, Albert Villanueva, \u00c0lex Cass\u00e0,&hellip;  <a href=\"https:\/\/agora.xtec.cat\/escolacanparera\/lescola\/qui-som\/\" title=\"Read Qui som?\">Llegeix m\u00e9s\u00bb<\/a><\/p>\n","protected":false},"author":1,"featured_media":0,"parent":22,"menu_order":0,"comment_status":"closed","ping_status":"closed","template":"","meta":{"_bbp_topic_count":0,"_bbp_reply_count":0,"_bbp_total_topic_count":0,"_bbp_total_reply_count":0,"_bbp_voice_count":0,"_bbp_anonymous_reply_count":0,"_bbp_topic_count_hidden":0,"_bbp_reply_count_hidden":0,"_bbp_forum_subforum_count":0,"footnotes":""},"class_list":["post-667","page","type-page","status-publish","hentry"],"post_mailing_queue_ids":[],"_links":{"self":[{"href":"https:\/\/agora.xtec.cat\/escolacanparera\/wp-json\/wp\/v2\/pages\/667","targetHints":{"allow":["GET"]}}],"collection":[{"href":"https:\/\/agora.xtec.cat\/escolacanparera\/wp-json\/wp\/v2\/pages"}],"about":[{"href":"https:\/\/agora.xtec.cat\/escolacanparera\/wp-json\/wp\/v2\/types\/page"}],"author":[{"embeddable":true,"href":"https:\/\/agora.xtec.cat\/escolacanparera\/wp-json\/wp\/v2\/users\/1"}],"replies":[{"embeddable":true,"href":"https:\/\/agora.xtec.cat\/escolacanparera\/wp-json\/wp\/v2\/comments?post=667"}],"version-history":[{"count":6,"href":"https:\/\/agora.xtec.cat\/escolacanparera\/wp-json\/wp\/v2\/pages\/667\/revisions"}],"predecessor-version":[{"id":15765,"href":"https:\/\/agora.xtec.cat\/escolacanparera\/wp-json\/wp\/v2\/pages\/667\/revisions\/15765"}],"up":[{"embeddable":true,"href":"https:\/\/agora.xtec.cat\/escolacanparera\/wp-json\/wp\/v2\/pages\/22"}],"wp:attachment":[{"href":"https:\/\/agora.xtec.cat\/escolacanparera\/wp-json\/wp\/v2\/media?parent=667"}],"curies":[{"name":"wp","href":"https:\/\/api.w.org\/{rel}","templated":true}]}}